{"id":990,"date":"2019-05-14T08:32:59","date_gmt":"2019-05-14T05:32:59","guid":{"rendered":"http:\/\/www.catholicturku.fi\/?page_id=990"},"modified":"2024-11-20T15:54:09","modified_gmt":"2024-11-20T13:54:09","slug":"aktionsgrupper","status":"publish","type":"page","link":"https:\/\/www.catholicturku.fi\/?page_id=990&lang=sv","title":{"rendered":"<b>Aktionsgrupper<\/b>"},"content":{"rendered":"<hr \/>\n<h4><span style=\"color: #ff0000;\"><strong>Inneh\u00e5llet tillg\u00e4ngligt p\u00e5 den finskspr\u00e5kiga sidan:<\/strong><\/span><\/h4>\n<p>&nbsp;<\/p>\n<h5 style=\"padding-left: 30px;\">\u25ba\u00a0\u00a0<span style=\"color: #000000;\"><a style=\"color: #000000;\" href=\"https:\/\/www.catholicturku.fi\/?page_id=669&amp;lang=fi\"><strong>Toimintaryhm\u00e4t<\/strong><\/a><\/span><\/h5>\n<p>&nbsp;<\/p>\n<hr \/>\n<h5>\u25ba\u00a0\u00a0<a href=\"https:\/\/www.catholicturku.fi\/?lang=sv\"><strong><span style=\"color: #000000;\">HUVUDMENYN<\/span><\/strong><\/a><br \/>\n\u25ba\u00a0 <a href=\"https:\/\/www.catholicturku.fi\/?page_id=925&amp;lang=sv\"><strong><span style=\"color: #000000;\">F\u00d6RSTASIDAN<\/span><\/strong><\/a><\/h5>\n<hr \/>\n<h6 style=\"text-align: center;\"><strong>Webmaster<\/strong><\/h6>\n<h6 style=\"text-align: center;\"><span style=\"color: #000000;\"><a style=\"color: #000000;\" href=\"mailto:webmaster@romanos.fi\">webmaster (at) romanos.fi<\/a><\/span><\/h6>\n","protected":false},"excerpt":{"rendered":"<p>Inneh\u00e5llet tillg\u00e4ngligt p\u00e5 den finskspr\u00e5kiga sidan: &nbsp; \u25ba\u00a0\u00a0Toimintaryhm\u00e4t &nbsp; \u25ba\u00a0\u00a0HUVUDMENYN \u25ba\u00a0 F\u00d6RSTASIDAN Webmaster webmaster (at) romanos.fi<\/p>\n","protected":false},"author":1,"featured_media":0,"parent":0,"menu_order":55,"comment_status":"closed","ping_status":"closed","template":"","meta":{"footnotes":""},"class_list":["post-990","page","type-page","status-publish","hentry"],"_links":{"self":[{"href":"https:\/\/www.catholicturku.fi\/index.php?rest_route=\/wp\/v2\/pages\/990","targetHints":{"allow":["GET"]}}],"collection":[{"href":"https:\/\/www.catholicturku.fi\/index.php?rest_route=\/wp\/v2\/pages"}],"about":[{"href":"https:\/\/www.catholicturku.fi\/index.php?rest_route=\/wp\/v2\/types\/page"}],"author":[{"embeddable":true,"href":"https:\/\/www.catholicturku.fi\/index.php?rest_route=\/wp\/v2\/users\/1"}],"replies":[{"embeddable":true,"href":"https:\/\/www.catholicturku.fi\/index.php?rest_route=%2Fwp%2Fv2%2Fcomments&post=990"}],"version-history":[{"count":16,"href":"https:\/\/www.catholicturku.fi\/index.php?rest_route=\/wp\/v2\/pages\/990\/revisions"}],"predecessor-version":[{"id":62880,"href":"https:\/\/www.catholicturku.fi\/index.php?rest_route=\/wp\/v2\/pages\/990\/revisions\/62880"}],"wp:attachment":[{"href":"https:\/\/www.catholicturku.fi\/index.php?rest_route=%2Fwp%2Fv2%2Fmedia&parent=990"}],"curies":[{"name":"wp","href":"https:\/\/api.w.org\/{rel}","templated":true}]}}