{"id":982,"date":"2019-05-14T08:21:35","date_gmt":"2019-05-14T05:21:35","guid":{"rendered":"http:\/\/www.catholicturku.fi\/?page_id=982"},"modified":"2024-11-20T16:41:51","modified_gmt":"2024-11-20T14:41:51","slug":"medlemsavgift","status":"publish","type":"page","link":"https:\/\/www.catholicturku.fi\/?page_id=982&lang=sv","title":{"rendered":"<b>Medlemsavgift och kollekt<\/b>"},"content":{"rendered":"<hr \/>\n<h4><span style=\"color: #ff0000;\"><strong>MEDLEMSAVGIFT<\/strong><\/span><\/h4>\n<h6><span style=\"color: #ffffff;\">\u00b7<\/span><\/h6>\n<h6><strong>B\u00e4sta medlemmar av Helsingfors stift!<\/strong><\/h6>\n<h6><span style=\"color: #ffffff;\">\u00b7<\/span><\/h6>\n<h6>Den senaste tidens ekonomiska f\u00f6r\u00e4ndringar bl.a. l\u00f6nerna till v\u00e5rt pr\u00e4sterskap, har lett till m\u00e5nga obesvarade fr\u00e5gor bland medlemmarna i v\u00e5rt stift. \u00c5 andra sidan har den nya situationen \u00e4ven v\u00e4ckt intresse f\u00f6r hur kyrkan under de nya betingelserna ekonomiskt klarar sig. D\u00e4rf\u00f6r vill jag klarg\u00f6ra hur medlemmarna i v\u00e5rt stift ekonomiskt kan st\u00f6da kyrkan och samtidigt lyfta fram deras plikt i denna fr\u00e5ga.\u00a0Varje medlem i den katolska kyrkan, varje f\u00f6rsamlingsmedlem, har en plikt att enligt sina m\u00f6jligheter ocks\u00e5 st\u00f6da sin egen kyrka och verksamheten i sin f\u00f6rsamling. I Helsingfors katolska stift kommer detta att ske p\u00e5 f\u00f6ljande s\u00e4tt fr\u00e5n och med b\u00f6rjan av 2018.<\/h6>\n<h6><span style=\"color: #ffffff;\">\u00b7<\/span><\/h6>\n<h6><strong>Varje fullvuxen katolik har som plikt att betala 1,5 % av sin beskattningsbara inkomst till sin egen f\u00f6rsamling.<\/strong><\/h6>\n<h6><span style=\"color: #ffffff;\">\u00b7<\/span><\/h6>\n<h6><span style=\"color: #000000;\">\u25ba \u00a0<\/span><a href=\"https:\/\/katolinen.fi\/jasenmaksu\/\" target=\"_blank\" rel=\"noopener noreferrer\"><strong><span style=\"color: #000000;\">L\u00c4S MERA H\u00c4R<\/span><\/strong><\/a><\/h6>\n<h6><span style=\"color: #ffffff;\">\u00b7<\/span><\/h6>\n<h6>Betalningen sker p\u00e5 f\u00f6rsamlingens medlemskonto. De kyrkans medlemmar som har betydande ekonomiska sv\u00e5righeter m\u00e5ste givetvis inte betala summan till fullo. Rekommendationen \u00e4r att man automatiskt m\u00e5natligen betalar via bankgiro summan p\u00e5 f\u00f6rsamlingens medlemskonto.\u00a0F\u00f6rsamlingarna \u00f6verf\u00f6r regelbundet 10 % av det insamlade beloppet till stiftet. Stiftet beh\u00f6ver dessa medel f\u00f6r att uppr\u00e4tth\u00e5lla gemensamma verksamheter. En del g\u00e5r \u00e4ven som \u00f6verf\u00f6ringar till de f\u00f6rsamlingar vilka inte \u00e4r solida.<\/h6>\n<h6><span style=\"color: #ffffff;\">\u00b7<\/span><\/h6>\n<h6><strong>Denna best\u00e4mmelse omintetg\u00f6r alla tidigare direktiv g\u00e4llande s\u00e4tt hur man st\u00f6der kyrkan ekonomiskt.<\/strong><\/h6>\n<h6><span style=\"color: #ffffff;\">\u00b7<\/span><\/h6>\n<h6>Man kan, s\u00e5som tidigare, fortfarande st\u00f6da stiftet direkt. Man b\u00f6r, s\u00e5som tidigare, \u00e5rligen betala f\u00f6r stiftets tidning FIDES. Jag vill tacka alla som redan nu st\u00f6der kyrkan!<\/h6>\n<h6><span style=\"color: #ffffff;\">\u00b7<\/span><\/h6>\n<h6>Helsingfors 8.1.2018<\/h6>\n<h6><span style=\"color: #ffffff;\">\u00b7<\/span><\/h6>\n<h6><span style=\"color: #0000ff;\"><strong>+ Teemu Sippo SCJ<\/strong><\/span><br \/>\nBiskop av Helsingfors<\/h6>\n<p>&nbsp;<\/p>\n<hr \/>\n<h4><span style=\"color: #ff0000;\"><b>F\u00d6RSAMLINGENS KONTO<\/b><\/span><\/h4>\n<h6 style=\"padding-left: 30px;\">FI40 1547 3000 0005 98<br \/>\nNDEAFIHH<br \/>\n<span style=\"color: #ffffff;\">\u00b7<\/span><br \/>\nMedlemsavgiftets referensnummer <strong>90010<\/strong><\/h6>\n<h6><span style=\"color: #ffffff;\">\u00b7<\/span><\/h6>\n<h4><span style=\"color: #ff0000;\"><b>BEGRAVNINGSPLATSFONDENS KONTO<\/b><\/span><\/h4>\n<h6 style=\"padding-left: 30px;\">FI48 1547 3000 1007 52<br \/>\nNDEAFIHH<br \/>\n<span style=\"color: #ffffff;\">\u00b7<\/span><br \/>\nEn av de tv\u00e5 katolska\u00a0<span style=\"color: #000000;\"><a style=\"color: #000000;\" href=\"https:\/\/www.catholicturku.fi\/?page_id=994&amp;lang=sv\"><strong>begravningsplatser<\/strong><\/a><\/span>\u00a0i Finland befinner sig i \u00c5bo. Man h\u00e5ller den i gott skick med frivilliga krafter, men pengar beh\u00f6vs ocks\u00e5.<\/h6>\n<p>&nbsp;<\/p>\n<hr \/>\n<h4><span style=\"color: #ff0000;\"><strong>KOLLEKT \u2013 MOBILEPAY 89652<\/strong><\/span><\/h4>\n<h6><span style=\"color: #ffffff;\">\u00b7<\/span><\/h6>\n<h6>Kollekten kan nu ocks\u00e5 ges med smarttelefon, genom att anv\u00e4nda MobilePay-applikationen. MobilePay motsvarar kontantbetalning och kan d\u00e4rf\u00f6r beh\u00e4ndigt anv\u00e4ndas till exempel f\u00f6r att ge kollekt d\u00e5 l\u00e4mpliga kontanter inte finns tillg\u00e4ngliga. Applikationen kan laddas ner fr\u00e5n appbutiken. Den vanligaste appbutiken f\u00f6r Android-telefoner heter Google Play och f\u00f6r Apple-telefoner heter den App Store.<\/h6>\n<h6><img loading=\"lazy\" decoding=\"async\" class=\"size-medium wp-image-54138 aligncenter\" src=\"https:\/\/www.catholicturku.fi\/wp-content\/uploads\/mobilepay-300x225.jpg\" alt=\"\" width=\"300\" height=\"225\" srcset=\"https:\/\/www.catholicturku.fi\/wp-content\/uploads\/mobilepay-300x225.jpg 300w, https:\/\/www.catholicturku.fi\/wp-content\/uploads\/mobilepay-150x113.jpg 150w, https:\/\/www.catholicturku.fi\/wp-content\/uploads\/mobilepay-768x576.jpg 768w, https:\/\/www.catholicturku.fi\/wp-content\/uploads\/mobilepay.jpg 866w\" sizes=\"auto, (max-width: 300px) 100vw, 300px\" \/><\/h6>\n<h6>F\u00f6rsamlingens MobilePay-nummer \u00e4r <strong>89652<\/strong>. Du kommer att se texten <em>\u201dTurun katolinen seurakunta\u201d<\/em> och en liten bild av v\u00e5r kyrka p\u00e5 telefonens sk\u00e4rm. Genom att klicka p\u00e5 bilden kommer du \u00e5t att betala. V\u00e4lj ett belopp som du l\u00e4gger i kollekten.\u00a0Beloppet tas fr\u00e5n ditt bankkonto och \u00f6verf\u00f6rs till f\u00f6rsamlingens bankkonto, och p\u00e5 kontoutdraget st\u00e5r namnet p\u00e5 den som betalat.<\/h6>\n<p>&nbsp;<\/p>\n<hr \/>\n<h5>\u25ba\u00a0\u00a0<span style=\"color: #000000;\"><a style=\"color: #000000;\" href=\"https:\/\/www.catholicturku.fi\/?lang=sv\"><strong>HUVUDMENYN<\/strong><\/a><\/span><br \/>\n\u25ba\u00a0 <span style=\"color: #000000;\"><a style=\"color: #000000;\" href=\"https:\/\/www.catholicturku.fi\/?page_id=925&amp;lang=sv\"><strong>F\u00d6RSTASIDAN<\/strong><\/a><\/span><\/h5>\n<hr \/>\n<h6 style=\"text-align: center;\"><strong>Webmaster<\/strong><\/h6>\n<h6 style=\"text-align: center;\"><span style=\"color: #000000;\"><a style=\"color: #000000;\" href=\"mailto:webmaster@romanos.fi\">webmaster (at) romanos.fi<\/a><\/span><\/h6>\n","protected":false},"excerpt":{"rendered":"<p>MEDLEMSAVGIFT \u00b7 B\u00e4sta medlemmar av Helsingfors stift! \u00b7 Den senaste tidens ekonomiska f\u00f6r\u00e4ndringar bl.a. l\u00f6nerna till v\u00e5rt pr\u00e4sterskap, har lett till m\u00e5nga obesvarade fr\u00e5gor bland medlemmarna i v\u00e5rt stift. \u00c5 andra sidan har den nya situationen \u00e4ven v\u00e4ckt intresse f\u00f6r hur kyrkan under de nya betingelserna ekonomiskt klarar sig. D\u00e4rf\u00f6r vill jag klarg\u00f6ra hur medlemmarna [&hellip;]<\/p>\n","protected":false},"author":1,"featured_media":0,"parent":0,"menu_order":59,"comment_status":"closed","ping_status":"closed","template":"","meta":{"footnotes":""},"class_list":["post-982","page","type-page","status-publish","hentry"],"_links":{"self":[{"href":"https:\/\/www.catholicturku.fi\/index.php?rest_route=\/wp\/v2\/pages\/982","targetHints":{"allow":["GET"]}}],"collection":[{"href":"https:\/\/www.catholicturku.fi\/index.php?rest_route=\/wp\/v2\/pages"}],"about":[{"href":"https:\/\/www.catholicturku.fi\/index.php?rest_route=\/wp\/v2\/types\/page"}],"author":[{"embeddable":true,"href":"https:\/\/www.catholicturku.fi\/index.php?rest_route=\/wp\/v2\/users\/1"}],"replies":[{"embeddable":true,"href":"https:\/\/www.catholicturku.fi\/index.php?rest_route=%2Fwp%2Fv2%2Fcomments&post=982"}],"version-history":[{"count":47,"href":"https:\/\/www.catholicturku.fi\/index.php?rest_route=\/wp\/v2\/pages\/982\/revisions"}],"predecessor-version":[{"id":62929,"href":"https:\/\/www.catholicturku.fi\/index.php?rest_route=\/wp\/v2\/pages\/982\/revisions\/62929"}],"wp:attachment":[{"href":"https:\/\/www.catholicturku.fi\/index.php?rest_route=%2Fwp%2Fv2%2Fmedia&parent=982"}],"curies":[{"name":"wp","href":"https:\/\/api.w.org\/{rel}","templated":true}]}}