{"id":978,"date":"2019-05-14T08:17:55","date_gmt":"2019-05-14T05:17:55","guid":{"rendered":"http:\/\/www.catholicturku.fi\/?page_id=978"},"modified":"2024-11-20T15:45:35","modified_gmt":"2024-11-20T13:45:35","slug":"prasterskapet","status":"publish","type":"page","link":"https:\/\/www.catholicturku.fi\/?page_id=978&lang=sv","title":{"rendered":"<b>Pr\u00e4sterskapet<\/b>"},"content":{"rendered":"<hr \/>\n<p>&nbsp;<\/p>\n<p><img loading=\"lazy\" decoding=\"async\" class=\" wp-image-46436 aligncenter\" src=\"https:\/\/www.catholicturku.fi\/wp-content\/uploads\/SCJ-300x214.jpeg\" alt=\"\" width=\"534\" height=\"381\" srcset=\"https:\/\/www.catholicturku.fi\/wp-content\/uploads\/SCJ-300x214.jpeg 300w, https:\/\/www.catholicturku.fi\/wp-content\/uploads\/SCJ-1024x729.jpeg 1024w, https:\/\/www.catholicturku.fi\/wp-content\/uploads\/SCJ-150x107.jpeg 150w, https:\/\/www.catholicturku.fi\/wp-content\/uploads\/SCJ-768x547.jpeg 768w, https:\/\/www.catholicturku.fi\/wp-content\/uploads\/SCJ-1536x1094.jpeg 1536w, https:\/\/www.catholicturku.fi\/wp-content\/uploads\/SCJ-2048x1459.jpeg 2048w\" sizes=\"auto, (max-width: 534px) 100vw, 534px\" \/><\/p>\n<p>&nbsp;<\/p>\n<hr \/>\n<h4><span style=\"color: #ff0000;\"><strong>KYRKOHERDE<br \/>\n<\/strong><\/span><\/h4>\n<h6><img loading=\"lazy\" decoding=\"async\" class=\"size-full wp-image-622 alignleft\" src=\"http:\/\/www.catholicturku.fi\/wp-content\/uploads\/father-peter.jpg.1322834756577.jpg\" alt=\"\" width=\"158\" height=\"174\" data-wp-pid=\"622\" srcset=\"https:\/\/www.catholicturku.fi\/wp-content\/uploads\/father-peter.jpg.1322834756577.jpg 158w, https:\/\/www.catholicturku.fi\/wp-content\/uploads\/father-peter.jpg.1322834756577-136x150.jpg 136w\" sizes=\"auto, (max-width: 158px) 100vw, 158px\" \/>V\u00e5r f\u00f6rsamlings kyrkoherde, fader <strong>Peter G\u0119bara (SCJ)<\/strong>, \u00e4r f\u00f6dd den 10 maj 1958 i Chorz\u00f3w som \u00e4r bel\u00e4gen i Schlesien i sydv\u00e4stra Polen. Han \u00e4r det sj\u00e4tte barnet i en barnskara av 10. Han gick i grundskolan och gymnasium i sin hemstad och efter detta p\u00e5b\u00f6rjade han sitt novitiat i Jesu Heliga Hj\u00e4rtas br\u00f6draskap (SCJ) i Pliszczyn n\u00e4ra Lublin.\u00a0Han fortsatte efter ett \u00e5rs novitiat med filosofi och teologi studier i Stadniki n\u00e4ra Krak\u00f3w. Han tog sin magisterexamen i moralteologi. Han blev pr\u00e4stvigd i juni 1986. Hans f\u00f6rsta f\u00f6rsamling var W\u0119gl\u00f3wka f\u00f6rsamling i s\u00f6dra Polens bergtrakter. D\u00e4rifr\u00e5n flyttades han till Chmiel\u00f3ws f\u00f6rsamling i mellersta Polen. Som pr\u00e4st har han framf\u00f6r allt arbetat med barn och ungdomar.<br \/>\n<span style=\"color: #ffffff;\">\u00b7<\/span><br \/>\nTill Finland anl\u00e4nde fader Peter den 21 juli 1991. Han b\u00f6rjade som assistent i Heliga Korsets f\u00f6rsamling i Tammerfors. I Tammerfors b\u00f6rjade han ocks\u00e5 sina studier i finska spr\u00e5ket och bekantade sig med finska kulturen och samh\u00e4llet. Han blev tillf\u00f6rordnad bitr\u00e4dande kyrkoherde i Tammerfors omfattande f\u00f6rsamling och blev senare kyrkoherde. Han blev utsedd till kyrkoherde i Heliga Birgittas och den salige Hemmings f\u00f6rsamling i \u00c5bo den 1 januari 2003. Fader Peter \u00e4r fortvarande v\u00e5r aktiva och energiska samt glada kyrkoherde.<br \/>\n<span style=\"color: #ffffff;\">\u00b7<\/span><br \/>\n\u260f 0400 458128<br \/>\n\u260f +358 400 458128<br \/>\n\u2709\u00a0<span style=\"color: #000000;\"><strong><a style=\"color: #000000;\" href=\"mailto:peter.gebara@katolinen.fi\" target=\"_blank\" rel=\"noopener noreferrer\">peter.gebara (at) katolinen.fi<\/a><\/strong><\/span><\/h6>\n<p>&nbsp;<\/p>\n<hr \/>\n<h4><span style=\"color: #ff0000;\"><strong>KAPLAN<\/strong><\/span><\/h4>\n<h6><img loading=\"lazy\" decoding=\"async\" class=\" wp-image-9300 alignright\" src=\"http:\/\/www.catholicturku.fi\/wp-content\/uploads\/stanzawilowicz15-300x300.jpg\" alt=\"\" width=\"156\" height=\"156\" data-wp-pid=\"9300\" srcset=\"https:\/\/www.catholicturku.fi\/wp-content\/uploads\/stanzawilowicz15-300x300.jpg 300w, https:\/\/www.catholicturku.fi\/wp-content\/uploads\/stanzawilowicz15-1024x1024.jpg 1024w, https:\/\/www.catholicturku.fi\/wp-content\/uploads\/stanzawilowicz15-150x150.jpg 150w, https:\/\/www.catholicturku.fi\/wp-content\/uploads\/stanzawilowicz15-768x768.jpg 768w, https:\/\/www.catholicturku.fi\/wp-content\/uploads\/stanzawilowicz15-800x800.jpg 800w, https:\/\/www.catholicturku.fi\/wp-content\/uploads\/stanzawilowicz15-1200x1200-cropped.jpg 1200w, https:\/\/www.catholicturku.fi\/wp-content\/uploads\/stanzawilowicz15.jpg 1363w\" sizes=\"auto, (max-width: 156px) 100vw, 156px\" \/>F\u00f6rsamlingens kaplan, fader <strong>Stanis\u0142aw Zawi\u0142owicz (SCJ)<\/strong>, \u00e4r f\u00f6dd den 15 april 1984 i Krynica-Gorska i s\u00f6dra Polen, och blev pr\u00e4stvigd den 23 mai 2010 i Stadniki n\u00e4ra Krak\u00f3w. Till Finland anl\u00e4nde han den 28 augusti 2012.<br \/>\n<span style=\"color: #ffffff;\">\u00b7<\/span><br \/>\n\u260f 045 8407191<br \/>\n\u260f +358 45 8407191<br \/>\n\u2709\u00a0<span style=\"color: #000000;\"><strong><a style=\"color: #000000;\" href=\"mailto:stanislaw.zawilowicz@katolinen.fi\" target=\"_blank\" rel=\"noopener noreferrer\">stanislaw.zawilowicz (at) katolinen.fi<\/a><\/strong><\/span><\/h6>\n<p>&nbsp;<\/p>\n<hr \/>\n<h5>\u25ba\u00a0\u00a0<span style=\"color: #000000;\"><a style=\"color: #000000;\" href=\"https:\/\/www.catholicturku.fi\/?lang=sv\"><strong>HUVUDMENYN<\/strong><\/a><\/span><br \/>\n\u25ba\u00a0 <span style=\"color: #000000;\"><a style=\"color: #000000;\" href=\"https:\/\/www.catholicturku.fi\/?page_id=925&amp;lang=sv\"><strong>F\u00d6RSTASIDAN<\/strong><\/a><\/span><\/h5>\n<hr \/>\n<h6 style=\"text-align: center;\"><strong>Webmaster<\/strong><\/h6>\n<h6 style=\"text-align: center;\"><span style=\"color: #000000;\"><a style=\"color: #000000;\" href=\"mailto:webmaster@romanos.fi\">webmaster (at) romanos.fi<\/a><\/span><\/h6>\n","protected":false},"excerpt":{"rendered":"<p>&nbsp; &nbsp; KYRKOHERDE V\u00e5r f\u00f6rsamlings kyrkoherde, fader Peter G\u0119bara (SCJ), \u00e4r f\u00f6dd den 10 maj 1958 i Chorz\u00f3w som \u00e4r bel\u00e4gen i Schlesien i sydv\u00e4stra Polen. Han \u00e4r det sj\u00e4tte barnet i en barnskara av 10. Han gick i grundskolan och gymnasium i sin hemstad och efter detta p\u00e5b\u00f6rjade han sitt novitiat i Jesu Heliga [&hellip;]<\/p>\n","protected":false},"author":1,"featured_media":0,"parent":0,"menu_order":54,"comment_status":"closed","ping_status":"closed","template":"","meta":{"footnotes":""},"class_list":["post-978","page","type-page","status-publish","hentry"],"_links":{"self":[{"href":"https:\/\/www.catholicturku.fi\/index.php?rest_route=\/wp\/v2\/pages\/978","targetHints":{"allow":["GET"]}}],"collection":[{"href":"https:\/\/www.catholicturku.fi\/index.php?rest_route=\/wp\/v2\/pages"}],"about":[{"href":"https:\/\/www.catholicturku.fi\/index.php?rest_route=\/wp\/v2\/types\/page"}],"author":[{"embeddable":true,"href":"https:\/\/www.catholicturku.fi\/index.php?rest_route=\/wp\/v2\/users\/1"}],"replies":[{"embeddable":true,"href":"https:\/\/www.catholicturku.fi\/index.php?rest_route=%2Fwp%2Fv2%2Fcomments&post=978"}],"version-history":[{"count":40,"href":"https:\/\/www.catholicturku.fi\/index.php?rest_route=\/wp\/v2\/pages\/978\/revisions"}],"predecessor-version":[{"id":62868,"href":"https:\/\/www.catholicturku.fi\/index.php?rest_route=\/wp\/v2\/pages\/978\/revisions\/62868"}],"wp:attachment":[{"href":"https:\/\/www.catholicturku.fi\/index.php?rest_route=%2Fwp%2Fv2%2Fmedia&parent=978"}],"curies":[{"name":"wp","href":"https:\/\/api.w.org\/{rel}","templated":true}]}}