{"id":677,"date":"2019-05-13T23:04:08","date_gmt":"2019-05-13T20:04:08","guid":{"rendered":"http:\/\/www.catholicturku.fi\/?page_id=677"},"modified":"2026-04-05T14:00:29","modified_gmt":"2026-04-05T11:00:29","slug":"tapahtumia","status":"publish","type":"page","link":"https:\/\/www.catholicturku.fi\/?page_id=677&lang=fi","title":{"rendered":"<b>Tapahtumia<\/b>"},"content":{"rendered":"<hr \/>\n<p>&nbsp;<\/p>\n<h1 style=\"text-align: center;\"><span style=\"color: #ff0000;\"><strong>\u00b7 HUHTIKUU 2026 \u00b7<\/strong><\/span><\/h1>\n<p>&nbsp;<\/p>\n<hr \/>\n<h4><span style=\"color: #0000ff;\"><strong>TIISTAINA 7.4.2026<\/strong><\/span><\/h4>\n<h6><span style=\"color: #0000ff;\"><strong>Birgittalaissisarten yst\u00e4v\u00e4t ry<\/strong><\/span><\/h6>\n<h6><span style=\"color: #ffffff;\">\u00b7<\/span><\/h6>\n<ul>\n<li>\n<h6><strong>Aika: klo 19.00<\/strong><\/h6>\n<\/li>\n<li>\n<h6>Paikka: Birgitta-sali<\/h6>\n<\/li>\n<li>\n<h6>Lemmikki Louhimies, YTL:<br \/>\nPYH\u00c4 ERIK JA PYH\u00c4 HENRIK KASTEREISSULLA; OLIKO MIEKAT?<br \/>\nEsitelm\u00f6itsij\u00e4 kertoo historiallisesta romaanistaan Pyh\u00e4n Henrikin taivaskorvat. Jospa sen kastereissun tapahtumapaikkoja olivat Koroinen ja Ravattulan Ristim\u00e4ki?<\/h6>\n<\/li>\n<\/ul>\n<p>&nbsp;<\/p>\n<h6><em>Yhteyshenkil\u00f6t:<\/em><\/h6>\n<h6><span style=\"color: #ffffff;\">\u00b7<\/span><\/h6>\n<h6><strong><em>Puheenjohtaja<\/em><\/strong><img loading=\"lazy\" decoding=\"async\" class=\"wp-image-616 alignright\" src=\"http:\/\/www.catholicturku.fi\/wp-content\/uploads\/cropped-300px-Heliga_Birgitta_p\u00e5_ett_altarsk\u00e5p_i_Salems_kyrka_retouched-830x1024-243x300.png\" alt=\"\" width=\"161\" height=\"199\" data-wp-pid=\"616\" srcset=\"https:\/\/www.catholicturku.fi\/wp-content\/uploads\/cropped-300px-Heliga_Birgitta_p\u00e5_ett_altarsk\u00e5p_i_Salems_kyrka_retouched-830x1024-243x300.png 243w, https:\/\/www.catholicturku.fi\/wp-content\/uploads\/cropped-300px-Heliga_Birgitta_p\u00e5_ett_altarsk\u00e5p_i_Salems_kyrka_retouched-830x1024-122x150.png 122w, https:\/\/www.catholicturku.fi\/wp-content\/uploads\/cropped-300px-Heliga_Birgitta_p\u00e5_ett_altarsk\u00e5p_i_Salems_kyrka_retouched-830x1024-768x948.png 768w, https:\/\/www.catholicturku.fi\/wp-content\/uploads\/cropped-300px-Heliga_Birgitta_p\u00e5_ett_altarsk\u00e5p_i_Salems_kyrka_retouched-830x1024.png 830w, https:\/\/www.catholicturku.fi\/wp-content\/uploads\/cropped-300px-Heliga_Birgitta_p\u00e5_ett_altarsk\u00e5p_i_Salems_kyrka_retouched-830x1024-800x987.png 800w, https:\/\/www.catholicturku.fi\/wp-content\/uploads\/cropped-300px-Heliga_Birgitta_p\u00e5_ett_altarsk\u00e5p_i_Salems_kyrka_retouched-830x1024-600x740.png 600w\" sizes=\"auto, (max-width: 161px) 100vw, 161px\" \/><br \/>\n<em><strong>Leena Casagrande<br \/>\n<\/strong><em>\u260f 050 5417862<\/em><br \/>\n<em>\u260f +358 50 5417862<\/em><br \/>\n<em>\u2709 <strong><a href=\"mailto:leecas@utu.fi\" target=\"_blank\" rel=\"noopener noreferrer\">leecas (at) utu.fi<\/a><\/strong><\/em><\/em><\/h6>\n<h6><span style=\"color: #ffffff;\">\u00b7<\/span><\/h6>\n<h6><strong><em>Sihteeri<\/em><\/strong><br \/>\n<em><strong>Markku V\u00e4h\u00e4talo<\/strong><\/em><br \/>\n<em>\u260f 045 6726300<\/em><br \/>\n<em>\u260f +358 45 6726300<\/em><br \/>\n<em>\u2709 <strong><a href=\"mailto:vahatalo@iki.fi\" target=\"_blank\" rel=\"noopener noreferrer\">vahatalo (at) iki.fi<\/a><\/strong><\/em><\/h6>\n<h6><span style=\"color: #ffffff;\">\u00b7<\/span><\/h6>\n<h6><img decoding=\"async\" src=\"https:\/\/img.icons8.com\/windows\/16\/000000\/home.png\" \/> <a href=\"https:\/\/www.katolinen.net\/birgittalaissisarten-ystaumlvaumlt.html\" target=\"_blank\" rel=\"noopener\"><em><strong>https:\/\/www.katolinen.net\/birgittalaissisarten-ystaumlvaumlt.html<\/strong><\/em><\/a><\/h6>\n<p>&nbsp;<\/p>\n<hr \/>\n<h4><span style=\"color: #0000ff;\"><strong>TIISTAINA 14.4.2026<\/strong><\/span><\/h4>\n<h6><span style=\"color: #0000ff;\"><strong>Teologinen opintopiiri<\/strong><\/span><\/h6>\n<h6><span style=\"color: #ffffff;\">\u00b7<\/span><\/h6>\n<ul>\n<li>\n<h6><strong>Aika: heti iltamessun j\u00e4lkeen noin klo 18.45<\/strong><\/h6>\n<\/li>\n<li>\n<h6>Paikka: seurakuntasali<\/h6>\n<\/li>\n<\/ul>\n<p>&nbsp;<\/p>\n<h6>Yhteyshenkil\u00f6:<br \/>\n<strong>Kirkkoherra Peter G\u0119bara<\/strong><img loading=\"lazy\" decoding=\"async\" class=\" wp-image-622 alignright\" src=\"http:\/\/www.catholicturku.fi\/wp-content\/uploads\/father-peter.jpg.1322834756577.jpg\" sizes=\"auto, (max-width: 62px) 100vw, 62px\" srcset=\"https:\/\/www.catholicturku.fi\/wp-content\/uploads\/father-peter.jpg.1322834756577.jpg 158w, https:\/\/www.catholicturku.fi\/wp-content\/uploads\/father-peter.jpg.1322834756577-136x150.jpg 136w\" alt=\"\" width=\"62\" height=\"68\" data-wp-pid=\"622\" \/><br \/>\n<strong>(SCJ)<\/strong><br \/>\n\u260f 0400 458128<br \/>\n\u260f +358 400 458128<br \/>\n\u2709\u00a0<span style=\"color: #000000;\"><strong><a style=\"color: #000000;\" href=\"mailto:peter.gebara@katolinen.fi\" target=\"_blank\" rel=\"noopener noreferrer\">peter.gebara (at) katolinen.fi<\/a><\/strong><\/span><\/h6>\n<p>&nbsp;<\/p>\n<hr \/>\n<h4><span style=\"color: #0000ff;\"><strong>KESKIVIIKKONA 15.4.2026<\/strong><\/span><\/h4>\n<h6><span style=\"color: #0000ff;\"><strong>Naisten piiri<\/strong><\/span><\/h6>\n<h6><span style=\"color: #ffffff;\">\u00b7<\/span><\/h6>\n<ul>\n<li>\n<h6><strong>Aika: klo 17.30<\/strong><\/h6>\n<\/li>\n<li>\n<h6>Paikka: seurakuntasali<\/h6>\n<\/li>\n<li>\n<h6>Aihe: Jumalalle pyhitetty el\u00e4m\u00e4 (Florence Schmitt)<\/h6>\n<\/li>\n<\/ul>\n<p>&nbsp;<\/p>\n<h6>Yhteyshenkil\u00f6:<\/h6>\n<h6><strong>Heidi Leminen<br \/>\n<\/strong>\u260f 050 5304350<br \/>\n\u260f +358 50 5304350<br \/>\n<span style=\"color: #000000;\">\u2709\u00a0<strong><a style=\"color: #000000;\" href=\"mailto:heidijleminen@gmail.com\" target=\"_blank\" rel=\"noopener noreferrer\">heidijleminen (at) gmail.com<\/a><\/strong><\/span><\/h6>\n<p>&nbsp;<\/p>\n<hr \/>\n<h4><span style=\"color: #0000ff;\"><strong>TIISTAINA 21.4.2026<\/strong><\/span><\/h4>\n<h6><span style=\"color: #0000ff;\"><strong>Informaatiokurssi<\/strong><\/span><\/h6>\n<h6><span style=\"color: #ffffff;\">\u00b7<\/span><\/h6>\n<ul>\n<li>\n<h6><strong>Aika: heti iltamessun j\u00e4lkeen noin klo 18.45<\/strong><\/h6>\n<\/li>\n<li>\n<h6>Paikka: seurakuntasali<\/h6>\n<\/li>\n<\/ul>\n<p>&nbsp;<\/p>\n<h6>Yhteyshenkil\u00f6:<br \/>\n<strong>Kirkkoherra Peter G\u0119bara<\/strong><img loading=\"lazy\" decoding=\"async\" class=\" wp-image-622 alignright\" src=\"http:\/\/www.catholicturku.fi\/wp-content\/uploads\/father-peter.jpg.1322834756577.jpg\" sizes=\"auto, (max-width: 62px) 100vw, 62px\" srcset=\"https:\/\/www.catholicturku.fi\/wp-content\/uploads\/father-peter.jpg.1322834756577.jpg 158w, https:\/\/www.catholicturku.fi\/wp-content\/uploads\/father-peter.jpg.1322834756577-136x150.jpg 136w\" alt=\"\" width=\"62\" height=\"68\" data-wp-pid=\"622\" \/><br \/>\n<strong>(SCJ)<\/strong><br \/>\n\u260f 0400 458128<br \/>\n\u260f +358 400 458128<br \/>\n<span style=\"color: #000000;\"><strong>\u2709\u00a0<a style=\"color: #000000;\" href=\"mailto:peter.gebara@katolinen.fi\" target=\"_blank\" rel=\"noopener noreferrer\">peter.gebara (at) katolinen.fi<\/a><\/strong><\/span><\/h6>\n<p>&nbsp;<\/p>\n<hr \/>\n<h4><span style=\"color: #0000ff;\"><strong>TIISTAINA 28.4.2026<\/strong><\/span><\/h4>\n<h6><span style=\"color: #0000ff;\"><strong>SCJ-maallikot<\/strong><\/span><\/h6>\n<h6><span style=\"color: #ffffff;\">\u00b7<\/span><\/h6>\n<ul>\n<li>\n<h6><strong>Aika: heti iltamessun j\u00e4lkeen noin klo 18.45<\/strong><\/h6>\n<\/li>\n<li>\n<h6>Paikka: sakramenttikappeli\/seurakuntasali<\/h6>\n<\/li>\n<\/ul>\n<p>&nbsp;<\/p>\n<h6>Yhteyshenkil\u00f6:<br \/>\n<strong>Florence Schmitt<\/strong><br \/>\n\u260f 040 7633053<br \/>\n\u260f +358 40 7633053<br \/>\n<strong>\u2709 <span style=\"color: #000000;\"><a style=\"color: #000000;\" href=\"mailto:florenceschmitt56@gmail.com\" target=\"_blank\" rel=\"noopener\">florenceschmitt56 (at) gmail.com<\/a><\/span><br \/>\n<img decoding=\"async\" src=\"https:\/\/img.icons8.com\/windows\/16\/000000\/home.png\" \/> <span style=\"color: #000000;\"><a style=\"color: #000000;\" href=\"https:\/\/scj.fi\/index.php\/maallikkodehoniaaniksi\/\" target=\"_blank\" rel=\"noopener\">https:\/\/scj.fi\/index.php\/maallikkodehoniaaniksi\/<\/a><\/span><\/strong><\/h6>\n<p>&nbsp;<\/p>\n<hr \/>\n<p>&nbsp;<\/p>\n<h1 style=\"text-align: center;\"><span style=\"color: #ff0000;\"><strong>\u00b7 TOUKOKUU 2026 \u00b7<\/strong><\/span><\/h1>\n<p>&nbsp;<\/p>\n<hr \/>\n<h4><span style=\"color: #0000ff;\"><strong>TORSTAINA 7.5.2026<\/strong><\/span><\/h4>\n<h6><span style=\"color: #0000ff;\"><strong>Birgittalaissisarten yst\u00e4v\u00e4t ry<\/strong><\/span><\/h6>\n<h6><span style=\"color: #ffffff;\">\u00b7<\/span><\/h6>\n<ul>\n<li>\n<h6><strong>Aika: klo 18.00<\/strong><\/h6>\n<\/li>\n<li>\n<h6>Paikka: Birgitta-sali<\/h6>\n<\/li>\n<li>\n<h6>Yhdistyksen vuosikokous<\/h6>\n<h6><span style=\"color: #ffffff;\">\u00b7<\/span><\/h6>\n<\/li>\n<\/ul>\n<ul>\n<li>\n<h6><strong>Aika: klo 19.00<\/strong><\/h6>\n<\/li>\n<li>\n<h6>Paikka: Birgitta-sali<br \/>\nPsykoterapeutti Florence Schmitt, FT:<br \/>\nSIVEYS EI OLE MEDIASEKSIK\u00c4ST\u00c4<br \/>\nEsitelm\u00e4 pohjautuu Trondheimin katolisen piispan Erik Vardenin kirjaan \u201d Chastity- Reconciliation of the senses\u201d, Bloomsbury Editions, Dublin 2023.\u00a0Piispa Erik Varden on syntynyt Norjassa 14.5.1974 ja on ollut Trondheimin piispa vuodesta 2020. Siin\u00e4 v\u00e4liss\u00e4 h\u00e4n oli el\u00e4nyt sirtesialaisena munkkina Iso-Britanniassa. H\u00e4n pohdiskelee kirjassaan &#8221;siveytt\u00e4&#8221;. K\u00e4site on eritt\u00e4in hankala suomeksi, ja luennolla selvitet\u00e4\u00e4n k\u00e4sitteen k\u00e4ytt\u00f6\u00e4, k\u00e4yt\u00f6n tapoja, mutta ennen kaikkea piispan Vardenin sille antamia rikkaita sis\u00e4lt\u00f6j\u00e4. K\u00e4sitteen sis\u00e4ll\u00f6n rikkauden tutkiminen tuntuu erityisen t\u00e4rke\u00e4lt\u00e4 yhteiskunnassamme, joka on pornografian kyll\u00e4st\u00e4m\u00e4.<\/h6>\n<\/li>\n<\/ul>\n<p>&nbsp;<\/p>\n<h6><em>Yhteyshenkil\u00f6t:<\/em><\/h6>\n<h6><span style=\"color: #ffffff;\">\u00b7<\/span><\/h6>\n<h6><strong><em>Puheenjohtaja<\/em><\/strong><img loading=\"lazy\" decoding=\"async\" class=\"wp-image-616 alignright\" src=\"http:\/\/www.catholicturku.fi\/wp-content\/uploads\/cropped-300px-Heliga_Birgitta_p\u00e5_ett_altarsk\u00e5p_i_Salems_kyrka_retouched-830x1024-243x300.png\" alt=\"\" width=\"161\" height=\"199\" data-wp-pid=\"616\" srcset=\"https:\/\/www.catholicturku.fi\/wp-content\/uploads\/cropped-300px-Heliga_Birgitta_p\u00e5_ett_altarsk\u00e5p_i_Salems_kyrka_retouched-830x1024-243x300.png 243w, https:\/\/www.catholicturku.fi\/wp-content\/uploads\/cropped-300px-Heliga_Birgitta_p\u00e5_ett_altarsk\u00e5p_i_Salems_kyrka_retouched-830x1024-122x150.png 122w, https:\/\/www.catholicturku.fi\/wp-content\/uploads\/cropped-300px-Heliga_Birgitta_p\u00e5_ett_altarsk\u00e5p_i_Salems_kyrka_retouched-830x1024-768x948.png 768w, https:\/\/www.catholicturku.fi\/wp-content\/uploads\/cropped-300px-Heliga_Birgitta_p\u00e5_ett_altarsk\u00e5p_i_Salems_kyrka_retouched-830x1024.png 830w, https:\/\/www.catholicturku.fi\/wp-content\/uploads\/cropped-300px-Heliga_Birgitta_p\u00e5_ett_altarsk\u00e5p_i_Salems_kyrka_retouched-830x1024-800x987.png 800w, https:\/\/www.catholicturku.fi\/wp-content\/uploads\/cropped-300px-Heliga_Birgitta_p\u00e5_ett_altarsk\u00e5p_i_Salems_kyrka_retouched-830x1024-600x740.png 600w\" sizes=\"auto, (max-width: 161px) 100vw, 161px\" \/><br \/>\n<em><strong>Leena Casagrande<br \/>\n<\/strong><em>\u260f 050 5417862<\/em><br \/>\n<em>\u260f +358 50 5417862<\/em><br \/>\n<em>\u2709 <strong><a href=\"mailto:leecas@utu.fi\" target=\"_blank\" rel=\"noopener noreferrer\">leecas (at) utu.fi<\/a><\/strong><\/em><\/em><\/h6>\n<h6><span style=\"color: #ffffff;\">\u00b7<\/span><\/h6>\n<h6><strong><em>Sihteeri<\/em><\/strong><br \/>\n<em><strong>Markku V\u00e4h\u00e4talo<\/strong><\/em><br \/>\n<em>\u260f 045 6726300<\/em><br \/>\n<em>\u260f +358 45 6726300<\/em><br \/>\n<em>\u2709 <strong><a href=\"mailto:vahatalo@iki.fi\" target=\"_blank\" rel=\"noopener noreferrer\">vahatalo (at) iki.fi<\/a><\/strong><\/em><\/h6>\n<h6><span style=\"color: #ffffff;\">\u00b7<\/span><\/h6>\n<h6><img decoding=\"async\" src=\"https:\/\/img.icons8.com\/windows\/16\/000000\/home.png\" \/> <a href=\"https:\/\/www.katolinen.net\/birgittalaissisarten-ystaumlvaumlt.html\" target=\"_blank\" rel=\"noopener\"><em><strong>https:\/\/www.katolinen.net\/birgittalaissisarten-ystaumlvaumlt.html<\/strong><\/em><\/a><\/h6>\n<p>&nbsp;<\/p>\n<hr \/>\n<h4><span style=\"color: #0000ff;\"><strong>TIISTAINA 12.5.2026<\/strong><\/span><\/h4>\n<h6><span style=\"color: #0000ff;\"><strong>Teologinen opintopiiri<\/strong><\/span><\/h6>\n<h6><span style=\"color: #ffffff;\">\u00b7<\/span><\/h6>\n<ul>\n<li>\n<h6><strong>Aika: heti iltamessun j\u00e4lkeen noin klo 18.45<\/strong><\/h6>\n<\/li>\n<li>\n<h6>Paikka: seurakuntasali<\/h6>\n<\/li>\n<\/ul>\n<p>&nbsp;<\/p>\n<h6>Yhteyshenkil\u00f6:<br \/>\n<strong>Kirkkoherra Peter G\u0119bara<\/strong><img loading=\"lazy\" decoding=\"async\" class=\" wp-image-622 alignright\" src=\"http:\/\/www.catholicturku.fi\/wp-content\/uploads\/father-peter.jpg.1322834756577.jpg\" sizes=\"auto, (max-width: 62px) 100vw, 62px\" srcset=\"https:\/\/www.catholicturku.fi\/wp-content\/uploads\/father-peter.jpg.1322834756577.jpg 158w, https:\/\/www.catholicturku.fi\/wp-content\/uploads\/father-peter.jpg.1322834756577-136x150.jpg 136w\" alt=\"\" width=\"62\" height=\"68\" data-wp-pid=\"622\" \/><br \/>\n<strong>(SCJ)<\/strong><br \/>\n\u260f 0400 458128<br \/>\n\u260f +358 400 458128<br \/>\n\u2709\u00a0<span style=\"color: #000000;\"><strong><a style=\"color: #000000;\" href=\"mailto:peter.gebara@katolinen.fi\" target=\"_blank\" rel=\"noopener noreferrer\">peter.gebara (at) katolinen.fi<\/a><\/strong><\/span><\/h6>\n<p>&nbsp;<\/p>\n<hr \/>\n<h4><span style=\"color: #0000ff;\"><strong>TIISTAINA 19.5.2026<\/strong><\/span><\/h4>\n<h6><span style=\"color: #0000ff;\"><strong>Informaatiokurssi<\/strong><\/span><\/h6>\n<h6><span style=\"color: #ffffff;\">\u00b7<\/span><\/h6>\n<ul>\n<li>\n<h6><strong>Aika: heti iltamessun j\u00e4lkeen noin klo 18.45<\/strong><\/h6>\n<\/li>\n<li>\n<h6>Paikka: seurakuntasali<\/h6>\n<\/li>\n<\/ul>\n<p>&nbsp;<\/p>\n<h6>Yhteyshenkil\u00f6:<br \/>\n<strong>Kirkkoherra Peter G\u0119bara<\/strong><img loading=\"lazy\" decoding=\"async\" class=\" wp-image-622 alignright\" src=\"http:\/\/www.catholicturku.fi\/wp-content\/uploads\/father-peter.jpg.1322834756577.jpg\" sizes=\"auto, (max-width: 62px) 100vw, 62px\" srcset=\"https:\/\/www.catholicturku.fi\/wp-content\/uploads\/father-peter.jpg.1322834756577.jpg 158w, https:\/\/www.catholicturku.fi\/wp-content\/uploads\/father-peter.jpg.1322834756577-136x150.jpg 136w\" alt=\"\" width=\"62\" height=\"68\" data-wp-pid=\"622\" \/><br \/>\n<strong>(SCJ)<\/strong><br \/>\n\u260f 0400 458128<br \/>\n\u260f +358 400 458128<br \/>\n<span style=\"color: #000000;\"><strong>\u2709\u00a0<a style=\"color: #000000;\" href=\"mailto:peter.gebara@katolinen.fi\" target=\"_blank\" rel=\"noopener noreferrer\">peter.gebara (at) katolinen.fi<\/a><\/strong><\/span><\/h6>\n<p>&nbsp;<\/p>\n<hr \/>\n<h4><span style=\"color: #0000ff;\"><strong>TIISTAINA 26.5.2026<\/strong><\/span><\/h4>\n<h6><span style=\"color: #0000ff;\"><strong>SCJ-maallikot<\/strong><\/span><\/h6>\n<h6><span style=\"color: #ffffff;\">\u00b7<\/span><\/h6>\n<ul>\n<li>\n<h6><strong>Aika: heti iltamessun j\u00e4lkeen noin klo 18.45<\/strong><\/h6>\n<\/li>\n<li>\n<h6>Paikka: sakramenttikappeli\/seurakuntasali<\/h6>\n<\/li>\n<\/ul>\n<p>&nbsp;<\/p>\n<h6>Yhteyshenkil\u00f6:<br \/>\n<strong>Florence Schmitt<\/strong><br \/>\n\u260f 040 7633053<br \/>\n\u260f +358 40 7633053<br \/>\n<strong>\u2709 <span style=\"color: #000000;\"><a style=\"color: #000000;\" href=\"mailto:florenceschmitt56@gmail.com\" target=\"_blank\" rel=\"noopener\">florenceschmitt56 (at) gmail.com<\/a><\/span><br \/>\n<img decoding=\"async\" src=\"https:\/\/img.icons8.com\/windows\/16\/000000\/home.png\" \/> <span style=\"color: #000000;\"><a style=\"color: #000000;\" href=\"https:\/\/scj.fi\/index.php\/maallikkodehoniaaniksi\/\" target=\"_blank\" rel=\"noopener\">https:\/\/scj.fi\/index.php\/maallikkodehoniaaniksi\/<\/a><\/span><\/strong><\/h6>\n<p>&nbsp;<\/p>\n<hr \/>\n<h4><span style=\"color: #0000ff;\"><strong>KESKIVIIKKONA 27.5.2026<\/strong><\/span><\/h4>\n<h6><span style=\"color: #0000ff;\"><strong>Naisten piiri<\/strong><\/span><\/h6>\n<h6><span style=\"color: #ffffff;\">\u00b7<\/span><\/h6>\n<ul>\n<li>\n<h6><strong>Aika: klo 17.30<\/strong><\/h6>\n<\/li>\n<li>\n<h6>Paikka: seurakuntasali<\/h6>\n<\/li>\n<li>\n<h6>Aihe: Kutsumus (is\u00e4 Stanis\u0142aw Zawi\u0142owicz)<\/h6>\n<\/li>\n<\/ul>\n<p>&nbsp;<\/p>\n<h6>Yhteyshenkil\u00f6:<\/h6>\n<h6><strong>Heidi Leminen<br \/>\n<\/strong>\u260f 050 5304350<br \/>\n\u260f +358 50 5304350<br \/>\n<span style=\"color: #000000;\">\u2709\u00a0<strong><a style=\"color: #000000;\" href=\"mailto:heidijleminen@gmail.com\" target=\"_blank\" rel=\"noopener noreferrer\">heidijleminen (at) gmail.com<\/a><\/strong><\/span><\/h6>\n<p>&nbsp;<\/p>\n<hr \/>\n<p>&nbsp;<\/p>\n<h1 style=\"text-align: center;\"><span style=\"color: #ff0000;\"><strong>\u00b7 KES\u00c4KUU 2026 \u00b7<\/strong><\/span><\/h1>\n<p>&nbsp;<\/p>\n<hr \/>\n<p>&nbsp;<\/p>\n<h6 style=\"text-align: left;\"><strong>EI TIETOJA<\/strong><\/h6>\n<p>&nbsp;<\/p>\n<hr \/>\n<p>&nbsp;<\/p>\n<h1 style=\"text-align: center;\"><span style=\"color: #ff0000;\"><strong>\u00b7 HEIN\u00c4KUU 2026 \u00b7<\/strong><\/span><\/h1>\n<p>&nbsp;<\/p>\n<hr \/>\n<p>&nbsp;<\/p>\n<h6 style=\"text-align: left;\"><strong>EI TIETOJA<\/strong><\/h6>\n<p>&nbsp;<\/p>\n<hr \/>\n<p>&nbsp;<\/p>\n<h1 style=\"text-align: center;\"><span style=\"color: #ff0000;\"><strong>\u00b7 ELOKUU 2026 \u00b7<\/strong><\/span><\/h1>\n<p>&nbsp;<\/p>\n<hr \/>\n<p>&nbsp;<\/p>\n<h6 style=\"text-align: left;\"><strong>EI TIETOJA<\/strong><\/h6>\n<p>&nbsp;<\/p>\n<hr \/>\n<p>&nbsp;<\/p>\n<h1 style=\"text-align: center;\"><span style=\"color: #ff0000;\"><strong>\u00b7 SYYSKUU 2026 \u00b7<\/strong><\/span><\/h1>\n<p>&nbsp;<\/p>\n<hr \/>\n<p>&nbsp;<\/p>\n<h6 style=\"text-align: left;\"><strong>EI TIETOJA<\/strong><\/h6>\n<p>&nbsp;<\/p>\n<hr \/>\n<p>&nbsp;<\/p>\n<h1 style=\"text-align: center;\"><span style=\"color: #ff0000;\"><strong>\u00b7 LOKAKUU 2026 \u00b7<\/strong><\/span><\/h1>\n<p>&nbsp;<\/p>\n<hr \/>\n<p>&nbsp;<\/p>\n<h6 style=\"text-align: left;\"><strong>EI TIETOJA<\/strong><\/h6>\n<p>&nbsp;<\/p>\n<hr \/>\n<p>&nbsp;<\/p>\n<h1 style=\"text-align: center;\"><span style=\"color: #ff0000;\"><strong>\u00b7 MARRASKUU 2026 \u00b7<\/strong><\/span><\/h1>\n<p>&nbsp;<\/p>\n<hr \/>\n<p>&nbsp;<\/p>\n<h6 style=\"text-align: left;\"><strong>EI TIETOJA<\/strong><\/h6>\n<p>&nbsp;<\/p>\n<hr \/>\n<p>&nbsp;<\/p>\n<h1 style=\"text-align: center;\"><span style=\"color: #ff0000;\"><strong>\u00b7 JOULUKUU 2026 \u00b7<\/strong><\/span><\/h1>\n<p>&nbsp;<\/p>\n<hr \/>\n<p>&nbsp;<\/p>\n<h6 style=\"text-align: left;\"><strong>EI TIETOJA<\/strong><\/h6>\n<p>&nbsp;<\/p>\n<hr \/>\n<h5>\u25ba\u00a0\u00a0<span style=\"color: #000000;\"><a style=\"color: #000000;\" href=\"https:\/\/www.catholicturku.fi\/?lang=fi\"><strong>P\u00c4\u00c4VALIKKO<\/strong><\/a><\/span><br \/>\n\u25ba\u00a0 <a href=\"https:\/\/www.catholicturku.fi\/?page_id=253&amp;lang=fi\"><strong><span style=\"color: #000000;\">ETUSIVU<\/span><\/strong><\/a><\/h5>\n<hr \/>\n<h6 style=\"text-align: center;\"><strong>Webmaster<\/strong><\/h6>\n<h6 style=\"text-align: center;\"><span style=\"color: #000000;\"><a style=\"color: #000000;\" href=\"mailto:webmaster@romanos.fi\">webmaster (at) romanos.fi<\/a><\/span><\/h6>\n","protected":false},"excerpt":{"rendered":"<p>&nbsp; \u00b7 HUHTIKUU 2026 \u00b7 &nbsp; TIISTAINA 7.4.2026 Birgittalaissisarten yst\u00e4v\u00e4t ry \u00b7 Aika: klo 19.00 Paikka: Birgitta-sali Lemmikki Louhimies, YTL: PYH\u00c4 ERIK JA PYH\u00c4 HENRIK KASTEREISSULLA; OLIKO MIEKAT? Esitelm\u00f6itsij\u00e4 kertoo historiallisesta romaanistaan Pyh\u00e4n Henrikin taivaskorvat. Jospa sen kastereissun tapahtumapaikkoja olivat Koroinen ja Ravattulan Ristim\u00e4ki? &nbsp; Yhteyshenkil\u00f6t: \u00b7 Puheenjohtaja Leena Casagrande \u260f 050 5417862 \u260f +358 [&hellip;]<\/p>\n","protected":false},"author":1,"featured_media":0,"parent":0,"menu_order":7,"comment_status":"closed","ping_status":"closed","template":"","meta":{"footnotes":""},"class_list":["post-677","page","type-page","status-publish","hentry"],"_links":{"self":[{"href":"https:\/\/www.catholicturku.fi\/index.php?rest_route=\/wp\/v2\/pages\/677","targetHints":{"allow":["GET"]}}],"collection":[{"href":"https:\/\/www.catholicturku.fi\/index.php?rest_route=\/wp\/v2\/pages"}],"about":[{"href":"https:\/\/www.catholicturku.fi\/index.php?rest_route=\/wp\/v2\/types\/page"}],"author":[{"embeddable":true,"href":"https:\/\/www.catholicturku.fi\/index.php?rest_route=\/wp\/v2\/users\/1"}],"replies":[{"embeddable":true,"href":"https:\/\/www.catholicturku.fi\/index.php?rest_route=%2Fwp%2Fv2%2Fcomments&post=677"}],"version-history":[{"count":847,"href":"https:\/\/www.catholicturku.fi\/index.php?rest_route=\/wp\/v2\/pages\/677\/revisions"}],"predecessor-version":[{"id":74951,"href":"https:\/\/www.catholicturku.fi\/index.php?rest_route=\/wp\/v2\/pages\/677\/revisions\/74951"}],"wp:attachment":[{"href":"https:\/\/www.catholicturku.fi\/index.php?rest_route=%2Fwp%2Fv2%2Fmedia&parent=677"}],"curies":[{"name":"wp","href":"https:\/\/api.w.org\/{rel}","templated":true}]}}