{"id":671,"date":"2019-05-13T22:54:05","date_gmt":"2019-05-13T19:54:05","guid":{"rendered":"http:\/\/www.catholicturku.fi\/?page_id=671"},"modified":"2024-11-20T16:49:15","modified_gmt":"2024-11-20T14:49:15","slug":"uskomme","status":"publish","type":"page","link":"https:\/\/www.catholicturku.fi\/?page_id=671&lang=fi","title":{"rendered":"<b>Uskomme<\/b>"},"content":{"rendered":"<hr \/>\n<h4><strong><span style=\"color: #ff0000;\">PYH\u00c4 RAAMATTU<\/span><img loading=\"lazy\" decoding=\"async\" class=\"size-full wp-image-600 alignright\" src=\"http:\/\/www.catholicturku.fi\/wp-content\/uploads\/bible.jpg\" alt=\"\" width=\"276\" height=\"182\" data-wp-pid=\"600\" srcset=\"https:\/\/www.catholicturku.fi\/wp-content\/uploads\/bible.jpg 276w, https:\/\/www.catholicturku.fi\/wp-content\/uploads\/bible-150x99.jpg 150w\" sizes=\"auto, (max-width: 276px) 100vw, 276px\" \/><\/strong><\/h4>\n<ul>\n<li>\n<h6><span style=\"color: #000000;\"><a style=\"color: #000000;\" href=\"https:\/\/www.wordproject.org\/bibles\/fi\/index.htm\" target=\"_blank\" rel=\"noopener noreferrer\"><strong>SUOMEKSI<\/strong><\/a><\/span><\/h6>\n<\/li>\n<li>\n<h6><span style=\"color: #000000;\"><a style=\"color: #000000;\" href=\"https:\/\/www.wordproject.org\/bibles\/ar\/\" target=\"_blank\" rel=\"noopener noreferrer\">Arabiaksi<\/a><\/span><\/h6>\n<\/li>\n<li>\n<h6><span style=\"color: #000000;\"><a style=\"color: #000000;\" href=\"http:\/\/www.vatican.va\/archive\/ENG0839\/_INDEX.HTM\" target=\"_blank\" rel=\"noopener noreferrer\">Englanniksi<\/a><\/span><\/h6>\n<\/li>\n<li>\n<h6><span style=\"color: #000000;\"><a style=\"color: #000000;\" href=\"http:\/\/www.vatican.va\/archive\/ESL0506\/_INDEX.HTM\" target=\"_blank\" rel=\"noopener noreferrer\">Espanjaksi<\/a><\/span><\/h6>\n<\/li>\n<li>\n<h6><span style=\"color: #000000;\"><a style=\"color: #000000;\" href=\"https:\/\/www.wordproject.org\/bibles\/he\/index.htm\" target=\"_blank\" rel=\"noopener\">Hepreaksi<\/a><\/span><\/h6>\n<\/li>\n<li>\n<h6><span style=\"color: #000000;\"><a style=\"color: #000000;\" href=\"http:\/\/www.vatican.va\/archive\/ITA0001\/_INDEX.HTM\" target=\"_blank\" rel=\"noopener noreferrer\">Italiaksi<\/a><\/span><\/h6>\n<\/li>\n<li>\n<h6><span style=\"color: #000000;\"><a style=\"color: #000000;\" href=\"http:\/\/www.vatican.va\/chinese\/bibbia.htm\" target=\"_blank\" rel=\"noopener noreferrer\">Kiinaksi<\/a><\/span><\/h6>\n<\/li>\n<li>\n<h6><span style=\"color: #000000;\"><a style=\"color: #000000;\" href=\"https:\/\/pomog.org\/bible-church-slavonic\/\" target=\"_blank\" rel=\"noopener\">Kirkkoslaaviksi<\/a><\/span><\/h6>\n<\/li>\n<li>\n<h6><span style=\"color: #000000;\"><a style=\"color: #000000;\" href=\"http:\/\/www.myriobiblos.gr\/bible\/default.asp\" target=\"_blank\" rel=\"noopener noreferrer\">Kreikaksi<\/a><\/span><\/h6>\n<\/li>\n<li>\n<h6><span style=\"color: #000000;\"><a style=\"color: #000000;\" href=\"http:\/\/www.vatican.va\/archive\/bible\/nova_vulgata\/documents\/nova-vulgata_index_lt.html\" target=\"_blank\" rel=\"noopener noreferrer\">Latinaksi (NovaVulgata)<\/a><\/span><\/h6>\n<\/li>\n<li>\n<h6><span style=\"color: #000000;\"><a style=\"color: #000000;\" href=\"https:\/\/www.wordproject.org\/bibles\/po\/index.htm\" target=\"_blank\" rel=\"noopener noreferrer\">Portugaliksi<\/a><\/span><\/h6>\n<\/li>\n<li>\n<h6><span style=\"color: #000000;\"><a style=\"color: #000000;\" href=\"https:\/\/www.wordproject.org\/bibles\/pl\/index.htm\" target=\"_blank\" rel=\"noopener noreferrer\">Puolaksi<\/a><\/span><\/h6>\n<\/li>\n<li>\n<h6><span style=\"color: #000000;\"><a style=\"color: #000000;\" href=\"https:\/\/www.wordproject.org\/bibles\/fr\/index.htm\" target=\"_blank\" rel=\"noopener noreferrer\">Ranskaksi<\/a><\/span><\/h6>\n<\/li>\n<li>\n<h6><span style=\"color: #000000;\"><a style=\"color: #000000;\" href=\"https:\/\/www.wordproject.org\/bibles\/se\/index.htm\" target=\"_blank\" rel=\"noopener noreferrer\">Ruotsiksi<\/a><\/span><\/h6>\n<\/li>\n<li>\n<h6><span style=\"color: #000000;\"><a style=\"color: #000000;\" href=\"https:\/\/www.wordproject.org\/bibles\/de\/index.htm\" target=\"_blank\" rel=\"noopener noreferrer\">Saksaksi<\/a><\/span><\/h6>\n<\/li>\n<li>\n<h6><span style=\"color: #000000;\"><a style=\"color: #000000;\" href=\"https:\/\/wordproject.org\/bibles\/tl\/\" target=\"_blank\" rel=\"noopener noreferrer\">Tagalogiksi<\/a><\/span><\/h6>\n<\/li>\n<li>\n<h6><span style=\"color: #000000;\"><a style=\"color: #000000;\" href=\"https:\/\/www.wordproject.org\/bibles\/uk\/index.htm\" target=\"_blank\" rel=\"noopener noreferrer\">Ukrainaksi<\/a><\/span><\/h6>\n<\/li>\n<li>\n<h6><span style=\"color: #000000;\"><a style=\"color: #000000;\" href=\"https:\/\/www.wordproject.org\/bibles\/ru\/index.htm\" target=\"_blank\" rel=\"noopener noreferrer\">Ven\u00e4j\u00e4ksi<\/a><\/span><\/h6>\n<\/li>\n<li>\n<h6><span style=\"color: #000000;\"><a style=\"color: #000000;\" href=\"https:\/\/www.wordproject.org\/bibles\/vt\/index.htm\" target=\"_blank\" rel=\"noopener\">Vietnamiksi<\/a><\/span><\/h6>\n<\/li>\n<li>\n<h6><span style=\"color: #000000;\"><a style=\"color: #000000;\" href=\"https:\/\/www.wordproject.org\/bibles\/et\/index.htm\" target=\"_blank\" rel=\"noopener\">Viroksi<\/a><\/span><\/h6>\n<\/li>\n<\/ul>\n<p>&nbsp;<\/p>\n<ul>\n<li>\n<h6><span style=\"color: #000000;\"><a style=\"color: #000000;\" href=\"https:\/\/www.wordproject.org\/bibles\/\" target=\"_blank\" rel=\"noopener noreferrer\">Raamattu eri kielill\u00e4<\/a><\/span><\/h6>\n<\/li>\n<li>\n<h6><span style=\"color: #000000;\"><strong><a style=\"color: #000000;\" href=\"https:\/\/www.ecatholic2000.com\/haydock\/title.shtml\" target=\"_blank\" rel=\"noopener noreferrer\">Haydock Catholic Bible Commentary<\/a><\/strong><\/span><\/h6>\n<\/li>\n<\/ul>\n<p>&nbsp;<\/p>\n<hr \/>\n<h4><span style=\"color: #ff0000;\"><strong>KATOLINEN KATEKISMUS<\/strong><\/span><\/h4>\n<ul>\n<li>\n<h6><span style=\"color: #000000;\"><a style=\"color: #000000;\" href=\"https:\/\/katolinen.fi\/katolisen-kirkon-katekismus\/\" target=\"_blank\" rel=\"noopener noreferrer\"><strong>SUOMEKSI<\/strong><\/a><\/span><\/h6>\n<\/li>\n<li>\n<h6><span style=\"color: #000000;\"><a style=\"color: #000000;\" href=\"http:\/\/www.vatican.va\/archive\/ENG0015\/_INDEX.HTM\" target=\"_blank\" rel=\"noopener noreferrer\">Englanniksi<\/a><img loading=\"lazy\" decoding=\"async\" class=\" wp-image-57141 alignright\" src=\"https:\/\/www.catholicturku.fi\/wp-content\/uploads\/katekismus-300x300.jpg\" alt=\"\" width=\"140\" height=\"140\" srcset=\"https:\/\/www.catholicturku.fi\/wp-content\/uploads\/katekismus-300x300.jpg 300w, https:\/\/www.catholicturku.fi\/wp-content\/uploads\/katekismus-150x150.jpg 150w, https:\/\/www.catholicturku.fi\/wp-content\/uploads\/katekismus.jpg 500w\" sizes=\"auto, (max-width: 140px) 100vw, 140px\" \/><\/span><\/h6>\n<\/li>\n<li>\n<h6><span style=\"color: #000000;\"><a style=\"color: #000000;\" href=\"http:\/\/www.vatican.va\/archive\/catechism_sp\/index_sp.html\" target=\"_blank\" rel=\"noopener noreferrer\">Espanjaksi<\/a><\/span><\/h6>\n<\/li>\n<li>\n<h6><span style=\"color: #000000;\"><a style=\"color: #000000;\" href=\"http:\/\/www.vatican.va\/archive\/ccc_it\/ccc-it_index_it.html\" target=\"_blank\" rel=\"noopener noreferrer\">Italiaksi<\/a><\/span><\/h6>\n<\/li>\n<li>\n<h6><span style=\"color: #000000;\"><a style=\"color: #000000;\" href=\"http:\/\/www.vatican.va\/chinese\/ccc_zh.htm\" target=\"_blank\" rel=\"noopener noreferrer\">Kiinaksi<\/a><\/span><\/h6>\n<\/li>\n<li>\n<h6><span style=\"color: #000000;\"><a style=\"color: #000000;\" href=\"http:\/\/www.vatican.va\/archive\/catechism_lt\/index_lt.htm\" target=\"_blank\" rel=\"noopener noreferrer\">Latinaksi<\/a><\/span><\/h6>\n<\/li>\n<li>\n<h6><span style=\"color: #000000;\"><a style=\"color: #000000;\" href=\"http:\/\/www.vatican.va\/archive\/cathechism_po\/index_new\/prima-pagina-cic_po.html\" target=\"_blank\" rel=\"noopener noreferrer\">Portugaliksi<\/a><\/span><\/h6>\n<\/li>\n<li>\n<h6><span style=\"color: #000000;\"><a style=\"color: #000000;\" href=\"http:\/\/www.katechizm.opoka.org.pl\/\" target=\"_blank\" rel=\"noopener noreferrer\">Puolaksi<\/a><\/span><\/h6>\n<\/li>\n<li>\n<h6><span style=\"color: #000000;\"><a style=\"color: #000000;\" href=\"http:\/\/www.vatican.va\/archive\/FRA0013\/_INDEX.HTM\" target=\"_blank\" rel=\"noopener noreferrer\">Ranskaksi<\/a><\/span><\/h6>\n<\/li>\n<li>\n<h6><span style=\"color: #000000;\"><a style=\"color: #000000;\" href=\"http:\/\/www.katekesen.se\/\" target=\"_blank\" rel=\"noopener noreferrer\">Ruotsiksi<\/a><\/span><\/h6>\n<\/li>\n<li>\n<h6><span style=\"color: #000000;\"><a style=\"color: #000000;\" href=\"http:\/\/www.vatican.va\/archive\/DEU0035\/_INDEX.HTM\" target=\"_blank\" rel=\"noopener noreferrer\">Saksaksi<\/a><\/span><\/h6>\n<\/li>\n<li>\n<h6><span style=\"color: #000000;\"><a style=\"color: #000000;\" href=\"https:\/\/drive.google.com\/file\/d\/16DkJMt33xfu5LRHvnr0ZFWBNABW23vOK\/view?fbclid=IwAR1j1DbukmEjPWlJST-rC6yqQGkm8i8e6-ioXkETesQlvIJeMxT6g2-uL18\" target=\"_blank\" rel=\"noopener\">Tagalogiksi<\/a><\/span><\/h6>\n<\/li>\n<li>\n<h6><span style=\"color: #000000;\"><a style=\"color: #000000;\" href=\"https:\/\/rkc.org.ua\/vchennya-czerkvy\/katehyzm\/\" target=\"_blank\" rel=\"noopener\">Ukrainaksi<\/a><\/span><\/h6>\n<\/li>\n<li>\n<h6><span style=\"color: #000000;\"><a style=\"color: #000000;\" href=\"http:\/\/www.vatican.va\/archive\/compendium_ccc\/documents\/archive_compendium-ccc_ru.pdf\" target=\"_blank\" rel=\"noopener noreferrer\">Ven\u00e4j\u00e4ksi<\/a><\/span><\/h6>\n<\/li>\n<li>\n<h6><span style=\"color: #000000;\"><a style=\"color: #000000;\" href=\"https:\/\/augustino.net\/giao-ly-cong-giao\/\" target=\"_blank\" rel=\"noopener\">Vietnamiksi<\/a><\/span><\/h6>\n<\/li>\n<\/ul>\n<p>&nbsp;<\/p>\n<hr \/>\n<h4><span style=\"color: #ff0000;\"><strong>SAKRAMENTIT<\/strong><\/span><\/h4>\n<ul>\n<li>\n<h6><span style=\"color: #000000;\"><a style=\"color: #000000;\" href=\"https:\/\/katolinen.fi\/sakramentit\/kasteen-sakramentti\/\" target=\"_blank\" rel=\"noopener\">Kaste<\/a><img loading=\"lazy\" decoding=\"async\" class=\" wp-image-57100 alignright\" src=\"https:\/\/www.catholicturku.fi\/wp-content\/uploads\/baptism-300x300.jpg\" alt=\"\" width=\"175\" height=\"175\" srcset=\"https:\/\/www.catholicturku.fi\/wp-content\/uploads\/baptism-300x300.jpg 300w, https:\/\/www.catholicturku.fi\/wp-content\/uploads\/baptism-1024x1024.jpg 1024w, https:\/\/www.catholicturku.fi\/wp-content\/uploads\/baptism-150x150.jpg 150w, https:\/\/www.catholicturku.fi\/wp-content\/uploads\/baptism-768x768.jpg 768w, https:\/\/www.catholicturku.fi\/wp-content\/uploads\/baptism-1536x1536.jpg 1536w, https:\/\/www.catholicturku.fi\/wp-content\/uploads\/baptism.jpg 1920w\" sizes=\"auto, (max-width: 175px) 100vw, 175px\" \/><\/span><\/h6>\n<\/li>\n<li>\n<h6><span style=\"color: #000000;\"><a style=\"color: #000000;\" href=\"https:\/\/katolinen.fi\/sakramentit\/vahvistuksen-sakramentti\/\" target=\"_blank\" rel=\"noopener\">Vahvistus<\/a><\/span><\/h6>\n<\/li>\n<li>\n<h6><span style=\"color: #000000;\"><a style=\"color: #000000;\" href=\"https:\/\/katolinen.fi\/sakramentit\/eukaristian-sakramentti\/\" target=\"_blank\" rel=\"noopener\">Eukaristia<\/a><\/span><\/h6>\n<\/li>\n<li>\n<h6><span style=\"color: #000000;\"><a style=\"color: #000000;\" href=\"https:\/\/katolinen.fi\/sakramentit\/parannuksen-sakramentti-rippi\/\" target=\"_blank\" rel=\"noopener\">Parannus (rippi)<\/a><\/span><\/h6>\n<\/li>\n<li>\n<h6><span style=\"color: #000000;\"><a style=\"color: #000000;\" href=\"https:\/\/katolinen.fi\/sakramentit\/sairaiden-voitelun-sakramentti\/\" target=\"_blank\" rel=\"noopener\">Sairaiden voitelu<\/a><\/span><\/h6>\n<\/li>\n<li>\n<h6><span style=\"color: #000000;\"><a style=\"color: #000000;\" href=\"https:\/\/katolinen.fi\/sakramentit\/vihkimyksen-sakramentti\/\" target=\"_blank\" rel=\"noopener\">Vihkimys<\/a><\/span><\/h6>\n<\/li>\n<li>\n<h6><span style=\"color: #000000;\"><a style=\"color: #000000;\" href=\"https:\/\/katolinen.fi\/sakramentit\/avioliiton-sakramentti\/\" target=\"_blank\" rel=\"noopener\">Avioliitto<\/a><\/span><\/h6>\n<\/li>\n<\/ul>\n<h6><span style=\"color: #ffffff;\">\u00b7<\/span><\/h6>\n<ul>\n<li>\n<h6><span style=\"color: #000000;\"><a style=\"color: #000000;\" href=\"https:\/\/www.youtube.com\/playlist?list=PLPpQeOKJQktRTEUmXjT49v_Il_ynsAIud\" target=\"_blank\" rel=\"noopener\">Sakramenttisarja (YouTube)<\/a><\/span><\/h6>\n<\/li>\n<\/ul>\n<p>&nbsp;<\/p>\n<hr \/>\n<h4><span style=\"color: #ff0000;\"><strong>USKONNONOPETUS<\/strong><\/span><\/h4>\n<h5><span style=\"color: #ffffff;\">\u00b7<\/span><\/h5>\n<h5><strong>Opetusosasto<\/strong><\/h5>\n<h6><span style=\"color: #000000;\"><a style=\"color: #000000;\" href=\"https:\/\/www.google.fi\/maps\/place\/Kuusitie+6,+00270+Helsinki\/@60.1944102,24.8952311,16.25z\/data=!4m5!3m4!1s0x469209f621ac181f:0xcf44d83f44483b94!8m2!3d60.1948492!4d24.8996264\" target=\"_blank\" rel=\"noopener noreferrer\">Kuusitie 6<\/a><\/span><br \/>\n00270 \u00a0HELSINKI<\/h6>\n<p>&nbsp;<\/p>\n<h6>\u2709 <span style=\"color: #000000;\"><a style=\"color: #000000;\" href=\"mailto:opetus@katolinen.fi\" target=\"_blank\" rel=\"noopener noreferrer\">opetus (at) katolinen.fi<\/a><\/span><br \/>\n<img decoding=\"async\" src=\"https:\/\/img.icons8.com\/windows\/16\/000000\/home.png\" \/> <span style=\"color: #000000;\"><a style=\"color: #000000;\" href=\"http:\/\/opetus.katolinen.fi\/\" target=\"_blank\" rel=\"noopener noreferrer\">opetus.katolinen.fi<\/a><\/span><\/h6>\n<p>&nbsp;<\/p>\n<h6>Johtaja <strong>Osmo Vartiainen<\/strong><br \/>\n\u260f 050 5440871<br \/>\n\u260f +358 50 5440871<br \/>\n\u2709\u00a0<span style=\"color: #000000;\"><a style=\"color: #000000;\" href=\"mailto:osmo.vartiainen@katolinen.fi\" target=\"_blank\" rel=\"noopener noreferrer\">osmo.vartiainen (at) katolinen.fi<\/a><\/span><\/h6>\n<p>&nbsp;<\/p>\n<hr \/>\n<h4><span style=\"color: #ff0000;\"><strong>KIRKKOON LIITTYMINEN<\/strong><\/span><\/h4>\n<ul>\n<li>\n<h6>Lis\u00e4tietoja <span style=\"color: #000000;\"><a style=\"color: #000000;\" href=\"https:\/\/katolinen.fi\/liity-kirkkoon\/\" target=\"_blank\" rel=\"noopener\"><strong>t\u00e4\u00e4ll\u00e4<\/strong><\/a><\/span><\/h6>\n<\/li>\n<li>\n<h6><span style=\"color: #000000;\"><a style=\"color: #000000;\" href=\"https:\/\/www.youtube.com\/watch?v=4gMZgQFogz4\" target=\"_blank\" rel=\"noopener\">Miten voin liitty\u00e4 katoliseen kirkkoon? (YouTube)<\/a><\/span><\/h6>\n<\/li>\n<\/ul>\n<p>&nbsp;<\/p>\n<hr \/>\n<h4><span style=\"color: #ff0000;\"><b>LIS\u00c4KSI<\/b><\/span><\/h4>\n<ul>\n<li>\n<h6><span style=\"color: #000000;\"><a style=\"color: #000000;\" href=\"https:\/\/ursula.katolinen.fi\/johdantokurssi-katoliseen-uskoon\/\" target=\"_blank\" rel=\"noopener\">Pyh\u00e4n Ursulan seurakunnan johdantokurssi<\/a><\/span><\/h6>\n<\/li>\n<li>\n<h6><span style=\"color: #000000;\"><a style=\"color: #000000;\" href=\"https:\/\/www.youtube.com\/@kysykatolilaiselta1407\" target=\"_blank\" rel=\"noopener\">Kysy katolilaiselta (YouTube)<\/a><\/span><\/h6>\n<\/li>\n<\/ul>\n<p>&nbsp;<\/p>\n<ul>\n<li>\n<h6><span style=\"color: #000000;\"><a style=\"color: #000000;\" href=\"https:\/\/bioetiikka.wordpress.com\/\" target=\"_blank\" rel=\"noopener noreferrer\">Bioetiikka &#8211; ihmisel\u00e4m\u00e4n suuruus<\/a><\/span><\/h6>\n<\/li>\n<li>\n<h6><span style=\"color: #000000;\"><a style=\"color: #000000;\" href=\"https:\/\/cvsuomi.wordpress.com\/\" target=\"_blank\" rel=\"noopener noreferrer\">Catholic Voices Suomi &#8211; artikkeleita ja blogikirjoituksia<\/a><\/span><\/h6>\n<\/li>\n<li>\n<h6><span style=\"color: #000000;\"><a style=\"color: #000000;\" href=\"http:\/\/www.agapebiblestudy.com\/How%20To%20Study%20Scripture.htm\" target=\"_blank\" rel=\"noopener noreferrer\">Guide for the Study of Sacred Scripture<\/a><\/span><\/h6>\n<\/li>\n<li>\n<h6><span style=\"color: #000000;\"><a style=\"color: #000000;\" href=\"https:\/\/hapatusta.net\/\" target=\"_blank\" rel=\"noopener noreferrer\">Hapatusta.net &#8211; katolisten teologien blogi<\/a><\/span><\/h6>\n<\/li>\n<li>\n<h6><span style=\"color: #000000;\"><a style=\"color: #000000;\" href=\"http:\/\/hyviauutisia.wordpress.com\/\" target=\"_blank\" rel=\"nofollow noopener noreferrer\">Hyvi\u00e4 uutisia &#8211; katolista apologetiikkaa<\/a><\/span><\/h6>\n<\/li>\n<li>\n<h6><span style=\"color: #000000;\"><a style=\"color: #000000;\" href=\"https:\/\/katolinen.wordpress.com\/\" target=\"_blank\" rel=\"noopener noreferrer\">Katolisesta uskosta<\/a><\/span><\/h6>\n<\/li>\n<li>\n<h6><span style=\"color: #000000;\"><a style=\"color: #000000;\" href=\"https:\/\/www.sacredspace.ie\/\" target=\"_blank\" rel=\"noopener noreferrer\">Pyh\u00e4 tila &#8211; p\u00e4ivitt\u00e4inen rukous verkossa<\/a><\/span><\/h6>\n<\/li>\n<li>\n<h6><span style=\"color: #000000;\"><a style=\"color: #000000;\" href=\"https:\/\/ruusukko.wordpress.com\/\" target=\"_blank\" rel=\"noopener noreferrer\">Ruusukko &#8211; tikapuut taivaaseen<\/a><\/span><\/h6>\n<\/li>\n<\/ul>\n<p>&nbsp;<\/p>\n<hr \/>\n<h5>\u25ba\u00a0\u00a0<span style=\"color: #000000;\"><a style=\"color: #000000;\" href=\"https:\/\/www.catholicturku.fi\/?lang=fi\"><strong>P\u00c4\u00c4VALIKKO<\/strong><\/a><\/span><br \/>\n\u25ba\u00a0 <span style=\"color: #000000;\"><a style=\"color: #000000;\" href=\"https:\/\/www.catholicturku.fi\/?page_id=253&amp;lang=fi\"><strong>ETUSIVU<\/strong><\/a><\/span><\/h5>\n<hr \/>\n<h6 style=\"text-align: center;\"><strong>Webmaster<\/strong><\/h6>\n<h6 style=\"text-align: center;\"><span style=\"color: #000000;\"><a style=\"color: #000000;\" href=\"mailto:webmaster@romanos.fi\">webmaster (at) romanos.fi<\/a><\/span><\/h6>\n","protected":false},"excerpt":{"rendered":"<p>PYH\u00c4 RAAMATTU SUOMEKSI Arabiaksi Englanniksi Espanjaksi Hepreaksi Italiaksi Kiinaksi Kirkkoslaaviksi Kreikaksi Latinaksi (NovaVulgata) Portugaliksi Puolaksi Ranskaksi Ruotsiksi Saksaksi Tagalogiksi Ukrainaksi Ven\u00e4j\u00e4ksi Vietnamiksi Viroksi &nbsp; Raamattu eri kielill\u00e4 Haydock Catholic Bible Commentary &nbsp; KATOLINEN KATEKISMUS SUOMEKSI Englanniksi Espanjaksi Italiaksi Kiinaksi Latinaksi Portugaliksi Puolaksi Ranskaksi Ruotsiksi Saksaksi Tagalogiksi Ukrainaksi Ven\u00e4j\u00e4ksi Vietnamiksi &nbsp; SAKRAMENTIT Kaste Vahvistus Eukaristia Parannus [&hellip;]<\/p>\n","protected":false},"author":1,"featured_media":0,"parent":0,"menu_order":11,"comment_status":"closed","ping_status":"closed","template":"","meta":{"footnotes":""},"class_list":["post-671","page","type-page","status-publish","hentry"],"_links":{"self":[{"href":"https:\/\/www.catholicturku.fi\/index.php?rest_route=\/wp\/v2\/pages\/671","targetHints":{"allow":["GET"]}}],"collection":[{"href":"https:\/\/www.catholicturku.fi\/index.php?rest_route=\/wp\/v2\/pages"}],"about":[{"href":"https:\/\/www.catholicturku.fi\/index.php?rest_route=\/wp\/v2\/types\/page"}],"author":[{"embeddable":true,"href":"https:\/\/www.catholicturku.fi\/index.php?rest_route=\/wp\/v2\/users\/1"}],"replies":[{"embeddable":true,"href":"https:\/\/www.catholicturku.fi\/index.php?rest_route=%2Fwp%2Fv2%2Fcomments&post=671"}],"version-history":[{"count":68,"href":"https:\/\/www.catholicturku.fi\/index.php?rest_route=\/wp\/v2\/pages\/671\/revisions"}],"predecessor-version":[{"id":62952,"href":"https:\/\/www.catholicturku.fi\/index.php?rest_route=\/wp\/v2\/pages\/671\/revisions\/62952"}],"wp:attachment":[{"href":"https:\/\/www.catholicturku.fi\/index.php?rest_route=%2Fwp%2Fv2%2Fmedia&parent=671"}],"curies":[{"name":"wp","href":"https:\/\/api.w.org\/{rel}","templated":true}]}}