{"id":669,"date":"2019-05-13T22:51:14","date_gmt":"2019-05-13T19:51:14","guid":{"rendered":"http:\/\/www.catholicturku.fi\/?page_id=669"},"modified":"2026-04-15T23:49:12","modified_gmt":"2026-04-15T20:49:12","slug":"toimintaryhmat","status":"publish","type":"page","link":"https:\/\/www.catholicturku.fi\/?page_id=669&lang=fi","title":{"rendered":"<b>Toimintaryhm\u00e4t<\/b>"},"content":{"rendered":"<hr \/>\n<h4><span style=\"color: #ff0000;\"><strong>BIRGITTALAISS\u00c4\u00c4NT\u00d6KUNNAN MAALLIKKO-OBLAATIT<\/strong><\/span><\/h4>\n<ul>\n<li>\n<h6>Maallikko-oblaatit ovat ihmisi\u00e4, joita birgittalaiss\u00e4\u00e4nt\u00f6kunta ja sen hengellisyys erityisesti kiinnostaa ja jotka haluavat pit\u00e4\u00e4 l\u00e4heist\u00e4 yhteytt\u00e4 s\u00e4\u00e4nt\u00f6kunnan luostareihin ja auttaa niit\u00e4 niiden toiminnassa.<\/h6>\n<\/li>\n<li>\n<h6>Kokoontuminen joka toinen kuukausi maanantaisin klo 16.00.<\/h6>\n<\/li>\n<li>\n<h6>Seuraavat kokoontumiset:<span style=\"color: #0000ff;\"><strong><br \/>\nEI TIEDOSSA<\/strong><\/span><\/h6>\n<\/li>\n<li>\n<h6>Ks. \u25ba <span style=\"color: #000000;\"><a style=\"color: #000000;\" href=\"https:\/\/www.catholicturku.fi\/?page_id=677&amp;lang=fi\"><strong>Tapahtumia<\/strong><\/a><\/span><\/h6>\n<\/li>\n<\/ul>\n<h6><span style=\"color: #ffffff;\">\u00b7<\/span><\/h6>\n<h6>Yhteyshenkil\u00f6:<\/h6>\n<h6><strong>Markku V\u00e4h\u00e4talo<\/strong><br \/>\n\u260f 045 6726300<br \/>\n\u260f +358 45 6726300<br \/>\n<strong><span style=\"color: #000000;\">\u2709 <a style=\"color: #000000;\" href=\"mailto:vahatalo@iki.fi\" target=\"_blank\" rel=\"noopener noreferrer\">vahatalo (at)<\/a><a style=\"color: #000000;\" href=\"mailto:vahatalo@iki.fi\" target=\"_blank\" rel=\"noopener noreferrer\"> iki.fi<\/a><\/span><\/strong><\/h6>\n<h6><strong><img decoding=\"async\" src=\"https:\/\/img.icons8.com\/windows\/16\/000000\/home.png\" \/> <span style=\"color: #000000;\"><a style=\"color: #000000;\" href=\"https:\/\/www.birgittalaissisaret.fi\/oblaatit.html\" target=\"_blank\" rel=\"noopener\">https:\/\/www.birgittalaissisaret.fi\/oblaatit.html<\/a><\/span><\/strong><\/h6>\n<p>&nbsp;<\/p>\n<hr \/>\n<h4><span style=\"color: #ff0000;\"><strong>INFORMAATIOKURSSI<\/strong><\/span><\/h4>\n<ul>\n<li>\n<h6>Informaatiokurssi on tarkoitettu kirkkoon liittyville tukemaan heid\u00e4n katekeettista opastustaan, sek\u00e4 kaikille niille jo kirkossa oleville, jotka haluavat kerrata tai parantaa tietojaan uskonnostaan ja kirkostamme.<\/h6>\n<\/li>\n<li>\n<h6>Kokoontuminen heti iltamessun j\u00e4lkeen eli noin klo 18.45 kuukauden kolmantena tiistaina.<\/h6>\n<\/li>\n<li>\n<h6>Seuraavat kokoontumiset:<span style=\"color: #0000ff;\"><strong><br \/>\n21.4.2026<br \/>\n19.5.2026<\/strong><\/span><\/h6>\n<\/li>\n<li>\n<h6>Ks. \u25ba <span style=\"color: #000000;\"><a style=\"color: #000000;\" href=\"https:\/\/www.catholicturku.fi\/?page_id=677&amp;lang=fi\"><strong>Tapahtumia<\/strong><\/a><\/span><\/h6>\n<\/li>\n<\/ul>\n<h6><span style=\"color: #ffffff;\">\u00b7<\/span><\/h6>\n<h6>Yhteyshenkil\u00f6:<br \/>\n<strong>Kirkkoherra Peter G\u0119bara<\/strong><img loading=\"lazy\" decoding=\"async\" class=\" wp-image-622 alignright\" src=\"http:\/\/www.catholicturku.fi\/wp-content\/uploads\/father-peter.jpg.1322834756577.jpg\" sizes=\"auto, (max-width: 62px) 100vw, 62px\" srcset=\"https:\/\/www.catholicturku.fi\/wp-content\/uploads\/father-peter.jpg.1322834756577.jpg 158w, https:\/\/www.catholicturku.fi\/wp-content\/uploads\/father-peter.jpg.1322834756577-136x150.jpg 136w\" alt=\"\" width=\"62\" height=\"68\" data-wp-pid=\"622\" \/><br \/>\n<strong>(SCJ)<\/strong><br \/>\n\u260f 0400 458128<br \/>\n\u260f +358 400 458128<br \/>\n<strong>\u2709\u00a0<span style=\"color: #000000;\"><a style=\"color: #000000;\" href=\"mailto:peter.gebara@katolinen.fi\" target=\"_blank\" rel=\"noopener noreferrer\">peter.gebara (at) katolinen.fi<\/a><\/span><\/strong><\/h6>\n<p>&nbsp;<\/p>\n<hr \/>\n<h4><span style=\"color: #ff0000;\"><strong>KARITATIIVINEN TY\u00d6RYHM\u00c4<\/strong><\/span><\/h4>\n<ul>\n<li>\n<h6>Karitatiivisen ty\u00f6n pyrkimyksen\u00e4 on tavoittaa kaikki, jotka toivovat yhteytt\u00e4 seurakuntaamme. Ty\u00f6ryhm\u00e4n j\u00e4seniin voi olla yhteydess\u00e4, mik\u00e4li haluaa yhteydenottoa tai osallistua auttamiseen.<\/h6>\n<\/li>\n<\/ul>\n<h6><span style=\"color: #ffffff;\">\u00b7<\/span><\/h6>\n<h6>Yhteyshenkil\u00f6t:<br \/>\n<strong>Kirkkoherra Peter G\u0119bara<\/strong><img loading=\"lazy\" decoding=\"async\" class=\" wp-image-622 alignright\" src=\"http:\/\/www.catholicturku.fi\/wp-content\/uploads\/father-peter.jpg.1322834756577.jpg\" sizes=\"auto, (max-width: 62px) 100vw, 62px\" srcset=\"https:\/\/www.catholicturku.fi\/wp-content\/uploads\/father-peter.jpg.1322834756577.jpg 158w, https:\/\/www.catholicturku.fi\/wp-content\/uploads\/father-peter.jpg.1322834756577-136x150.jpg 136w\" alt=\"\" width=\"62\" height=\"68\" data-wp-pid=\"622\" \/><br \/>\n<strong>(SCJ)<\/strong><br \/>\n\u260f 0400 458128<br \/>\n\u260f +358 400 458128<br \/>\n<strong>\u2709\u00a0<span style=\"color: #000000;\"><a style=\"color: #000000;\" href=\"mailto:peter.gebara@katolinen.fi\" target=\"_blank\" rel=\"noopener noreferrer\">peter.gebara (at) katolinen.fi<\/a><\/span><\/strong><br \/>\n<span style=\"color: #ffffff;\">\u00b7<\/span><br \/>\n<strong>Liisa Aatelo<br \/>\n<\/strong>\u260f 040 5348174<br \/>\n\u260f +358 40 5348174<br \/>\n<span style=\"color: #ffffff;\">\u00b7<\/span><br \/>\n<strong>Fortun\u00e9e Bucyana<br \/>\n<\/strong>\u260f 040 8306815<br \/>\n\u260f +358 40 8306815<br \/>\n<span style=\"color: #ffffff;\">\u00b7<\/span><br \/>\n<strong>Heidi Leminen<br \/>\n<\/strong>\u260f 050 5304350<br \/>\n\u260f +358 50 5304350<br \/>\n<strong>\u2709 <span style=\"color: #000000;\"><a style=\"color: #000000;\" href=\"mailto:heidijleminen@gmail.com\" target=\"_blank\" rel=\"noopener noreferrer\">heidijleminen (at) gmail.com<\/a><\/span><\/strong><\/h6>\n<p>&nbsp;<\/p>\n<hr \/>\n<h4><strong><span style=\"color: #ff0000;\">LASTEN KERHO<\/span><\/strong><\/h4>\n<ul>\n<li>\n<h6>Kokoontuminen sopimuksen mukaan.<\/h6>\n<\/li>\n<\/ul>\n<h6><span style=\"color: #ffffff;\">\u00b7<\/span><\/h6>\n<h6>Yhteyshenkil\u00f6:<br \/>\n<strong>Kirkkoherra Peter G\u0119bara<\/strong><img loading=\"lazy\" decoding=\"async\" class=\" wp-image-622 alignright\" src=\"http:\/\/www.catholicturku.fi\/wp-content\/uploads\/father-peter.jpg.1322834756577.jpg\" sizes=\"auto, (max-width: 62px) 100vw, 62px\" srcset=\"https:\/\/www.catholicturku.fi\/wp-content\/uploads\/father-peter.jpg.1322834756577.jpg 158w, https:\/\/www.catholicturku.fi\/wp-content\/uploads\/father-peter.jpg.1322834756577-136x150.jpg 136w\" alt=\"\" width=\"62\" height=\"68\" data-wp-pid=\"622\" \/><br \/>\n<strong>(SCJ)<\/strong><br \/>\n\u260f 0400 458128<br \/>\n\u260f +358 400 458128<br \/>\n<strong>\u2709\u00a0<span style=\"color: #000000;\"><a style=\"color: #000000;\" href=\"mailto:peter.gebara@katolinen.fi\" target=\"_blank\" rel=\"noopener noreferrer\">peter.gebara (at) katolinen.fi<\/a><\/span><\/strong><\/h6>\n<p>&nbsp;<\/p>\n<hr \/>\n<h4><span style=\"color: #ff0000;\"><strong>MESSUPALVELIJAT<\/strong><\/span><\/h4>\n<ul>\n<li>\n<h6>Kokoontuminen sopimuksen mukaan.<\/h6>\n<\/li>\n<\/ul>\n<h6><span style=\"color: #ffffff;\">\u00b7<\/span><\/h6>\n<h6>Yhteyshenkil\u00f6:<br \/>\n<strong>Kirkkoherra Peter G\u0119bara<\/strong><img loading=\"lazy\" decoding=\"async\" class=\" wp-image-622 alignright\" src=\"http:\/\/www.catholicturku.fi\/wp-content\/uploads\/father-peter.jpg.1322834756577.jpg\" sizes=\"auto, (max-width: 62px) 100vw, 62px\" srcset=\"https:\/\/www.catholicturku.fi\/wp-content\/uploads\/father-peter.jpg.1322834756577.jpg 158w, https:\/\/www.catholicturku.fi\/wp-content\/uploads\/father-peter.jpg.1322834756577-136x150.jpg 136w\" alt=\"\" width=\"62\" height=\"68\" data-wp-pid=\"622\" \/><br \/>\n<strong>(SCJ)<\/strong><br \/>\n\u260f 0400 458128<br \/>\n\u260f +358 400 458128<br \/>\n<strong>\u2709\u00a0<span style=\"color: #000000;\"><a style=\"color: #000000;\" href=\"mailto:peter.gebara@katolinen.fi\" target=\"_blank\" rel=\"noopener noreferrer\">peter.gebara (at) katolinen.fi<\/a><\/span><\/strong><\/h6>\n<p>&nbsp;<\/p>\n<hr \/>\n<h4><span style=\"color: #ff0000;\"><strong>MIESTEN PIIRI<\/strong><\/span><\/h4>\n<ul>\n<li>\n<h6>Kokoontuminen heti iltamessun j\u00e4lkeen eli noin klo 18.45 kuukauden ensimm\u00e4isen\u00e4 tiistaina.<\/h6>\n<\/li>\n<li>\n<h6>Seuraavat kokoontumiset:<span style=\"color: #0000ff;\"><strong><br \/>\nEI TIEDOSSA<\/strong><\/span><\/h6>\n<\/li>\n<li>\n<h6>Ks. \u25ba <span style=\"color: #000000;\"><a style=\"color: #000000;\" href=\"https:\/\/www.catholicturku.fi\/?page_id=677&amp;lang=fi\"><strong>Tapahtumia<\/strong><\/a><\/span><\/h6>\n<\/li>\n<\/ul>\n<h6><span style=\"color: #ffffff;\">\u00b7<\/span><\/h6>\n<h6>Yhteyshenkil\u00f6:<br \/>\n<strong>Kirkkoherra Peter G\u0119bara<\/strong><img loading=\"lazy\" decoding=\"async\" class=\" wp-image-622 alignright\" src=\"http:\/\/www.catholicturku.fi\/wp-content\/uploads\/father-peter.jpg.1322834756577.jpg\" sizes=\"auto, (max-width: 62px) 100vw, 62px\" srcset=\"https:\/\/www.catholicturku.fi\/wp-content\/uploads\/father-peter.jpg.1322834756577.jpg 158w, https:\/\/www.catholicturku.fi\/wp-content\/uploads\/father-peter.jpg.1322834756577-136x150.jpg 136w\" alt=\"\" width=\"62\" height=\"68\" data-wp-pid=\"622\" \/><br \/>\n<strong>(SCJ)<\/strong><br \/>\n\u260f 0400 458128<br \/>\n\u260f +358 400 458128<br \/>\n<strong>\u2709\u00a0<span style=\"color: #000000;\"><a style=\"color: #000000;\" href=\"mailto:peter.gebara@katolinen.fi\" target=\"_blank\" rel=\"noopener noreferrer\">peter.gebara (at) katolinen.fi<\/a><\/span><\/strong><\/h6>\n<p>&nbsp;<\/p>\n<hr \/>\n<h4><strong><span style=\"color: #ff0000;\">NAISTEN PIIRI<\/span><\/strong><\/h4>\n<ul>\n<li>\n<h6>Kokoontuminen klo 17.30 kuukauden kolmantena keskiviikkona.<\/h6>\n<\/li>\n<li>\n<h6>Seuraavat kokoontumiset:<span style=\"color: #0000ff;\"><strong><br \/>\n27.5.2026<\/strong><\/span><\/h6>\n<\/li>\n<li>\n<h6>Ks. \u25ba <a href=\"https:\/\/www.catholicturku.fi\/?page_id=677&amp;lang=fi\"><strong><span style=\"color: #000000;\">Tapahtumia<\/span><\/strong><\/a><\/h6>\n<\/li>\n<\/ul>\n<h6><span style=\"color: #ffffff;\">\u00b7<\/span><\/h6>\n<h6>Yhteyshenkil\u00f6:<\/h6>\n<h6><strong>Heidi Leminen<br \/>\n<\/strong>\u260f 050 5304350<br \/>\n\u260f +358 50 5304350<br \/>\n<strong>\u2709 <span style=\"color: #000000;\"><a style=\"color: #000000;\" href=\"mailto:heidijleminen@gmail.com\" target=\"_blank\" rel=\"noopener noreferrer\">heidijleminen (at) gmail.com<\/a><\/span><\/strong><\/h6>\n<p>&nbsp;<\/p>\n<hr \/>\n<h4><span style=\"color: #ff0000;\"><strong>NUORTEN PIIRI<\/strong><\/span><\/h4>\n<ul>\n<li>\n<h6>Kokoontuminen sopimuksen mukaan.<\/h6>\n<\/li>\n<li>\n<h6>Seuraavat kokoontumiset:<br \/>\n<span style=\"color: #0000ff;\"><strong>EI TIEDOSSA<\/strong><\/span><\/h6>\n<\/li>\n<\/ul>\n<h6><span style=\"color: #ffffff;\">\u00b7<\/span><\/h6>\n<h6>Yhteyshenkil\u00f6:<br \/>\n<strong>Kirkkoherra Peter G\u0119bara<\/strong><img loading=\"lazy\" decoding=\"async\" class=\" wp-image-622 alignright\" src=\"http:\/\/www.catholicturku.fi\/wp-content\/uploads\/father-peter.jpg.1322834756577.jpg\" sizes=\"auto, (max-width: 62px) 100vw, 62px\" srcset=\"https:\/\/www.catholicturku.fi\/wp-content\/uploads\/father-peter.jpg.1322834756577.jpg 158w, https:\/\/www.catholicturku.fi\/wp-content\/uploads\/father-peter.jpg.1322834756577-136x150.jpg 136w\" alt=\"\" width=\"62\" height=\"68\" data-wp-pid=\"622\" \/><br \/>\n<strong>(SCJ)<\/strong><br \/>\n\u260f 0400 458128<br \/>\n\u260f +358 400 458128<br \/>\n<strong>\u2709\u00a0<span style=\"color: #000000;\"><a style=\"color: #000000;\" href=\"mailto:peter.gebara@katolinen.fi\" target=\"_blank\" rel=\"noopener noreferrer\">peter.gebara (at) katolinen.fi<\/a><\/span><\/strong><\/h6>\n<p>&nbsp;<\/p>\n<hr \/>\n<h4><span style=\"color: #ff0000;\"><strong>RAAMATTUPIIRI<\/strong><\/span><\/h4>\n<ul>\n<li>\n<h6>Kokoontuminen heti iltamessun j\u00e4lkeen eli noin klo 18.45 tiistaisin.<\/h6>\n<\/li>\n<li>\n<h6>Seuraavat kokoontumiset:<span style=\"color: #0000ff;\"><strong><br \/>\nEI TIEDOSSA<\/strong><\/span><\/h6>\n<\/li>\n<li>\n<h6>Ks. \u25ba <span style=\"color: #000000;\"><a style=\"color: #000000;\" href=\"https:\/\/www.catholicturku.fi\/?page_id=677&amp;lang=fi\"><strong>Tapahtumia<\/strong><\/a><\/span><\/h6>\n<\/li>\n<\/ul>\n<h6><span style=\"color: #ffffff;\">\u00b7<\/span><\/h6>\n<h6>Yhteyshenkil\u00f6:<br \/>\n<strong>Juho Sankamo<\/strong><br \/>\n\u260f 040 6712 145<br \/>\n\u260f +358 40 6712 145<br \/>\n<span style=\"color: #000000;\"><strong>\u2709\u00a0<a style=\"color: #000000;\" href=\"mailto:juho.sankamo@gmail.com\" target=\"_blank\" rel=\"noopener\">juho.sankamo (at) gmail.com<\/a><\/strong><\/span><\/h6>\n<p>&nbsp;<\/p>\n<p>&nbsp;<\/p>\n<hr \/>\n<h4><span style=\"color: #ff0000;\"><strong>SCJ-MAALLIKOT<\/strong><\/span><\/h4>\n<ul>\n<li>\n<h6>Kokoontuminen heti iltamessun j\u00e4lkeen eli noin klo 18.45 kuukauden nelj\u00e4nten\u00e4 tiistaina.<\/h6>\n<\/li>\n<li>\n<h6>Seuraavat kokoontumiset:<span style=\"color: #0000ff;\"><strong><br \/>\n28.4.2026<br \/>\n26.5.2026<\/strong><\/span><\/h6>\n<\/li>\n<li>\n<h6>Ks. \u25ba <span style=\"color: #000000;\"><a style=\"color: #000000;\" href=\"https:\/\/www.catholicturku.fi\/?page_id=677&amp;lang=fi\"><strong>Tapahtumia<\/strong><\/a><\/span><\/h6>\n<\/li>\n<\/ul>\n<h6><span style=\"color: #ffffff;\">\u00b7<\/span><\/h6>\n<h6>Yhteyshenkil\u00f6:<br \/>\n<strong>Florence Schmitt<\/strong><br \/>\n\u260f 040 7633053<br \/>\n\u260f +358 40 7633053<br \/>\n<strong>\u2709 <span style=\"color: #000000;\"><a style=\"color: #000000;\" href=\"mailto:florenceschmitt56@gmail.com\" target=\"_blank\" rel=\"noopener\">florenceschmitt56 (at) gmail.com<\/a><\/span><br \/>\n<img decoding=\"async\" src=\"https:\/\/img.icons8.com\/windows\/16\/000000\/home.png\" \/> <span style=\"color: #000000;\"><a style=\"color: #000000;\" href=\"https:\/\/scj.fi\/index.php\/maallikkodehoniaaniksi\/\" target=\"_blank\" rel=\"noopener\">https:\/\/scj.fi\/index.php\/maallikkodehoniaaniksi\/<\/a><\/span><br \/>\n<\/strong><\/h6>\n<p>&nbsp;<\/p>\n<hr \/>\n<h4><span style=\"color: #ff0000;\"><strong>TEOLOGINEN OPINTOPIIRI<\/strong><\/span><\/h4>\n<ul>\n<li>\n<h6>Kokoontuminen heti iltamessun j\u00e4lkeen eli noin klo 18.45 kuukauden toisena tiistaina.<\/h6>\n<\/li>\n<li>\n<h6>Seuraavat kokoontumiset:<span style=\"color: #0000ff;\"><strong><br \/>\n12.5.2026<\/strong><\/span><\/h6>\n<\/li>\n<li>\n<h6>Ks. \u25ba <span style=\"color: #000000;\"><a style=\"color: #000000;\" href=\"https:\/\/www.catholicturku.fi\/?page_id=677&amp;lang=fi\"><strong>Tapahtumia<\/strong><\/a><\/span><\/h6>\n<\/li>\n<\/ul>\n<h6><span style=\"color: #ffffff;\">\u00b7<\/span><\/h6>\n<h6>Yhteyshenkil\u00f6:<br \/>\n<strong>Kirkkoherra Peter G\u0119bara<\/strong><img loading=\"lazy\" decoding=\"async\" class=\" wp-image-622 alignright\" src=\"http:\/\/www.catholicturku.fi\/wp-content\/uploads\/father-peter.jpg.1322834756577.jpg\" sizes=\"auto, (max-width: 62px) 100vw, 62px\" srcset=\"https:\/\/www.catholicturku.fi\/wp-content\/uploads\/father-peter.jpg.1322834756577.jpg 158w, https:\/\/www.catholicturku.fi\/wp-content\/uploads\/father-peter.jpg.1322834756577-136x150.jpg 136w\" alt=\"\" width=\"62\" height=\"68\" data-wp-pid=\"622\" \/><br \/>\n<strong>(SCJ)<\/strong><br \/>\n\u260f 0400 458128<br \/>\n\u260f +358 400 458128<br \/>\n<strong>\u2709\u00a0<span style=\"color: #000000;\"><a style=\"color: #000000;\" href=\"mailto:peter.gebara@katolinen.fi\" target=\"_blank\" rel=\"noopener noreferrer\">peter.gebara (at) katolinen.fi<\/a><\/span><\/strong><\/h6>\n<p>&nbsp;<\/p>\n<hr \/>\n<p>&nbsp;<\/p>\n<p style=\"text-align: center;\">\u2605 \u2605 \u2605 \u2605 \u2605<\/p>\n<p>&nbsp;<\/p>\n<hr \/>\n<h4><em><span style=\"color: #ff0000;\"><strong>BIRGITTALAISSISARTEN YST\u00c4V\u00c4T RY<\/strong><\/span><\/em><\/h4>\n<ul>\n<li>\n<h6><em>Yhdistys auttaa birgittalaissisaria ja levitt\u00e4\u00e4 tietoa pyh\u00e4st\u00e4 Birgitasta ja birgittalaisuudesta muun muassa j\u00e4rjest\u00e4m\u00e4ll\u00e4 esitelmi\u00e4, hartauksia ja retki\u00e4.<\/em><\/h6>\n<\/li>\n<li>\n<h6><em>Seuraavat kokoontumiset:<\/em><span style=\"color: #0000ff;\"><b><i><br \/>\n7.5.2026 klo 18.00<\/i><\/b><\/span><\/h6>\n<\/li>\n<li>\n<h6><em>Ks. \u25ba <span style=\"color: #000000;\"><a style=\"color: #000000;\" href=\"https:\/\/www.catholicturku.fi\/?page_id=677&amp;lang=fi\"><strong>Tapahtumia<\/strong><\/a><\/span><\/em><\/h6>\n<\/li>\n<\/ul>\n<h6><span style=\"color: #ffffff;\">\u00b7<\/span><\/h6>\n<h6><em>Yhteyshenkil\u00f6t:<\/em><\/h6>\n<h6><span style=\"color: #ffffff;\">\u00b7<\/span><\/h6>\n<h6><strong><em>Puheenjohtaja<\/em><\/strong><img loading=\"lazy\" decoding=\"async\" class=\"wp-image-616 alignright\" src=\"http:\/\/www.catholicturku.fi\/wp-content\/uploads\/cropped-300px-Heliga_Birgitta_p\u00e5_ett_altarsk\u00e5p_i_Salems_kyrka_retouched-830x1024-243x300.png\" alt=\"\" width=\"161\" height=\"199\" data-wp-pid=\"616\" srcset=\"https:\/\/www.catholicturku.fi\/wp-content\/uploads\/cropped-300px-Heliga_Birgitta_p\u00e5_ett_altarsk\u00e5p_i_Salems_kyrka_retouched-830x1024-243x300.png 243w, https:\/\/www.catholicturku.fi\/wp-content\/uploads\/cropped-300px-Heliga_Birgitta_p\u00e5_ett_altarsk\u00e5p_i_Salems_kyrka_retouched-830x1024-122x150.png 122w, https:\/\/www.catholicturku.fi\/wp-content\/uploads\/cropped-300px-Heliga_Birgitta_p\u00e5_ett_altarsk\u00e5p_i_Salems_kyrka_retouched-830x1024-768x948.png 768w, https:\/\/www.catholicturku.fi\/wp-content\/uploads\/cropped-300px-Heliga_Birgitta_p\u00e5_ett_altarsk\u00e5p_i_Salems_kyrka_retouched-830x1024.png 830w, https:\/\/www.catholicturku.fi\/wp-content\/uploads\/cropped-300px-Heliga_Birgitta_p\u00e5_ett_altarsk\u00e5p_i_Salems_kyrka_retouched-830x1024-800x987.png 800w, https:\/\/www.catholicturku.fi\/wp-content\/uploads\/cropped-300px-Heliga_Birgitta_p\u00e5_ett_altarsk\u00e5p_i_Salems_kyrka_retouched-830x1024-600x740.png 600w\" sizes=\"auto, (max-width: 161px) 100vw, 161px\" \/><br \/>\n<em><strong>Leena Casagrande<br \/>\n<\/strong><em>\u260f 050 5417862<\/em><br \/>\n<em>\u260f +358 50 5417862<\/em><br \/>\n<strong><em>\u2709 <span style=\"color: #000000;\"><a style=\"color: #000000;\" href=\"mailto:leecas@utu.fi\" target=\"_blank\" rel=\"noopener noreferrer\">leecas (at) utu.fi<\/a><\/span><\/em><\/strong><\/em><\/h6>\n<h6><span style=\"color: #ffffff;\">\u00b7<\/span><\/h6>\n<h6><strong><em>Sihteeri<\/em><\/strong><br \/>\n<em><strong>Markku V\u00e4h\u00e4talo<\/strong><\/em><br \/>\n<em>\u260f 045 6726300<\/em><br \/>\n<em>\u260f +358 45 6726300<\/em><br \/>\n<strong><em>\u2709 <span style=\"color: #000000;\"><a style=\"color: #000000;\" href=\"mailto:vahatalo@iki.fi\" target=\"_blank\" rel=\"noopener noreferrer\">vahatalo (at) iki.fi<\/a><\/span><\/em><\/strong><\/h6>\n<h6><span style=\"color: #ffffff;\">\u00b7<\/span><\/h6>\n<h6><strong><img decoding=\"async\" src=\"https:\/\/img.icons8.com\/windows\/16\/000000\/home.png\" \/> <span style=\"color: #000000;\"><a style=\"color: #000000;\" href=\"https:\/\/www.katolinen.net\/birgittalaissisarten-ystaumlvaumlt.html\" target=\"_blank\" rel=\"noopener\"><em>https:\/\/www.katolinen.net\/birgittalaissisarten-ystaumlvaumlt.html<\/em><\/a><\/span><\/strong><\/h6>\n<p>&nbsp;<\/p>\n<hr \/>\n<h5>\u25ba\u00a0\u00a0<span style=\"color: #000000;\"><a style=\"color: #000000;\" href=\"https:\/\/www.catholicturku.fi\/?lang=fi\"><strong>P\u00c4\u00c4VALIKKO<\/strong><\/a><\/span><br \/>\n\u25ba\u00a0 <span style=\"color: #000000;\"><a style=\"color: #000000;\" href=\"https:\/\/www.catholicturku.fi\/?page_id=253&amp;lang=fi\"><strong>ETUSIVU<\/strong><\/a><\/span><\/h5>\n<hr \/>\n<h6 style=\"text-align: center;\"><strong>Webmaster<\/strong><\/h6>\n<h6 style=\"text-align: center;\"><span style=\"color: #000000;\"><a style=\"color: #000000;\" href=\"mailto:webmaster@romanos.fi\">webmaster (at) romanos.fi<\/a><\/span><\/h6>\n","protected":false},"excerpt":{"rendered":"<p>BIRGITTALAISS\u00c4\u00c4NT\u00d6KUNNAN MAALLIKKO-OBLAATIT Maallikko-oblaatit ovat ihmisi\u00e4, joita birgittalaiss\u00e4\u00e4nt\u00f6kunta ja sen hengellisyys erityisesti kiinnostaa ja jotka haluavat pit\u00e4\u00e4 l\u00e4heist\u00e4 yhteytt\u00e4 s\u00e4\u00e4nt\u00f6kunnan luostareihin ja auttaa niit\u00e4 niiden toiminnassa. Kokoontuminen joka toinen kuukausi maanantaisin klo 16.00. Seuraavat kokoontumiset: EI TIEDOSSA Ks. \u25ba Tapahtumia \u00b7 Yhteyshenkil\u00f6: Markku V\u00e4h\u00e4talo \u260f 045 6726300 \u260f +358 45 6726300 \u2709 vahatalo (at) iki.fi https:\/\/www.birgittalaissisaret.fi\/oblaatit.html [&hellip;]<\/p>\n","protected":false},"author":1,"featured_media":0,"parent":0,"menu_order":5,"comment_status":"closed","ping_status":"closed","template":"","meta":{"footnotes":""},"class_list":["post-669","page","type-page","status-publish","hentry"],"_links":{"self":[{"href":"https:\/\/www.catholicturku.fi\/index.php?rest_route=\/wp\/v2\/pages\/669","targetHints":{"allow":["GET"]}}],"collection":[{"href":"https:\/\/www.catholicturku.fi\/index.php?rest_route=\/wp\/v2\/pages"}],"about":[{"href":"https:\/\/www.catholicturku.fi\/index.php?rest_route=\/wp\/v2\/types\/page"}],"author":[{"embeddable":true,"href":"https:\/\/www.catholicturku.fi\/index.php?rest_route=\/wp\/v2\/users\/1"}],"replies":[{"embeddable":true,"href":"https:\/\/www.catholicturku.fi\/index.php?rest_route=%2Fwp%2Fv2%2Fcomments&post=669"}],"version-history":[{"count":384,"href":"https:\/\/www.catholicturku.fi\/index.php?rest_route=\/wp\/v2\/pages\/669\/revisions"}],"predecessor-version":[{"id":75114,"href":"https:\/\/www.catholicturku.fi\/index.php?rest_route=\/wp\/v2\/pages\/669\/revisions\/75114"}],"wp:attachment":[{"href":"https:\/\/www.catholicturku.fi\/index.php?rest_route=%2Fwp%2Fv2%2Fmedia&parent=669"}],"curies":[{"name":"wp","href":"https:\/\/api.w.org\/{rel}","templated":true}]}}