{"id":665,"date":"2019-05-13T22:45:14","date_gmt":"2019-05-13T19:45:14","guid":{"rendered":"http:\/\/www.catholicturku.fi\/?page_id=665"},"modified":"2024-11-20T16:41:37","modified_gmt":"2024-11-20T14:41:37","slug":"jasenmaksu","status":"publish","type":"page","link":"https:\/\/www.catholicturku.fi\/?page_id=665&lang=fi","title":{"rendered":"<b>J\u00e4senmaksu ja kolehti<\/b>"},"content":{"rendered":"<hr \/>\n<h4><span style=\"color: #ff0000;\"><strong>J\u00c4SENMAKSU<\/strong><\/span><\/h4>\n<h6><span style=\"color: #ffffff;\">\u00b7<\/span><\/h6>\n<h6><strong>Hyv\u00e4t hiippakuntalaiset!<\/strong><\/h6>\n<h6><span style=\"color: #ffffff;\">\u00b7<\/span><\/h6>\n<h6>Viime aikojen taloudelliset muutokset, muun muassa pappien palkkaus, ovat aiheuttaneet hiippakuntalaisten keskuudessa paljon kysymyksi\u00e4, mutta my\u00f6s mielenkiintoa sit\u00e4 kohtaan, miten kirkko uusissa olosuhteissa tulee taloudellisesti toimeen. Siksi haluan selvitt\u00e4\u00e4 sit\u00e4, miten hiippakuntalaiset voivat tukea taloudellisesti kirkkoa ja samalla haluan tuoda esiin my\u00f6s heid\u00e4n velvollisuutensa t\u00e4ss\u00e4 asiassa. Katolisessa kirkossa jokainen kirkon j\u00e4sen, jokainen seurakuntalainen, on velvoitettu tukemaan mahdollisuuksiensa mukaan my\u00f6s taloudellisesti oman kirkkonsa ja seurakuntansa toimintaa. Helsingin katolisessa hiippakunnassa t\u00e4m\u00e4 tapahtuu vuoden 2018 alusta l\u00e4htien seuraavalla tavalla:<\/h6>\n<h6><span style=\"color: #ffffff;\">\u00b7<\/span><\/h6>\n<h6><b>Jokaisella t\u00e4ysi-ik\u00e4isell\u00e4 katolilaisella on velvollisuus maksaa 1,5 % verotettavista ansiotuloistaan oman seurakuntansa j\u00e4senmaksutilille.<br \/>\n<\/b><br \/>\n<span style=\"color: #000000;\">\u25ba \u00a0<a style=\"color: #000000;\" href=\"https:\/\/katolinen.fi\/jasenmaksu\/\" target=\"_blank\" rel=\"noopener noreferrer\"><strong>LUE LIS\u00c4\u00c4 T\u00c4\u00c4LT\u00c4<\/strong><\/a><\/span><\/h6>\n<h6><span style=\"color: #ffffff;\">\u00b7<\/span><\/h6>\n<h6>N\u00e4in ei tietenk\u00e4\u00e4n tarvitse tehd\u00e4, ainakaan t\u00e4ysim\u00e4\u00e4r\u00e4isesti, mik\u00e4li kirkon j\u00e4senell\u00e4 on suuria taloudellisia haasteita. Suositeltavin tapa on tehd\u00e4 automaattinen kuukausittainen pankkisiirto seurakunnan j\u00e4senmaksutilille.\u00a0Seurakunnat luovuttavat s\u00e4\u00e4nn\u00f6llisesti noin 10 % ker\u00e4\u00e4mist\u00e4\u00e4n tuloista hiippakunnan k\u00e4ytt\u00f6\u00f6n. Hiippakunta tarvitsee n\u00e4it\u00e4 tuloja yhteisten toimintojen yll\u00e4pit\u00e4miseen sek\u00e4 mm. niiden seurakuntien tukemiseen, jotka eiv\u00e4t ole omavaraisia.<\/h6>\n<h6><span style=\"color: #ffffff;\">\u00b7<\/span><\/h6>\n<h6><b>T\u00e4m\u00e4 ohje kumoaa kaikki aikaisemmat kirkon taloudellista tukemista koskevat ohjeet.<\/b><\/h6>\n<h6><span style=\"color: #ffffff;\">\u00b7<\/span><\/h6>\n<h6>Hiippakuntaa voi kuitenkin edelleen tukea my\u00f6s suoraan kuten t\u00e4h\u00e4nkin asti, samoin jokaiseen katoliseen kotiin l\u00e4hetett\u00e4v\u00e4n Fides-lehden tilausmaksu tulee edelleen maksaa vuosittain.\u00a0Kiitos kaikille teille, jotka jo nyt tuette kirkkoa!<\/h6>\n<h6><span style=\"color: #ffffff;\">\u00b7<\/span><\/h6>\n<h6>Helsingiss\u00e4 8.1.2018<\/h6>\n<h6><span style=\"color: #ffffff;\">\u00b7<\/span><\/h6>\n<h6><span style=\"color: #0000ff;\"><strong>+ Teemu Sippo SCJ<\/strong><\/span><br \/>\nHelsingin piispa<\/h6>\n<p>&nbsp;<\/p>\n<hr \/>\n<h4><strong><span style=\"color: #ff0000;\">SEURAKUNNAN TILI<\/span><\/strong><\/h4>\n<h6 style=\"padding-left: 30px;\">FI40 1547 3000 0005 98<br \/>\nNDEAFIHH<br \/>\n<span style=\"color: #ffffff;\">\u00b7<\/span><br \/>\nJ\u00e4senmaksun viitenro <strong>90010<\/strong><\/h6>\n<h6><span style=\"color: #ffffff;\">\u00b7<\/span><\/h6>\n<h4><span style=\"color: #ff0000;\"><b>HAUTAUSMAARAHASTON TILI<\/b><\/span><\/h4>\n<h6 style=\"padding-left: 30px;\">FI48 1547 3000 1007 52<br \/>\nNDEAFIHH<br \/>\n<span style=\"color: #ffffff;\">\u00b7<\/span><br \/>\n<span style=\"color: #333333;\">Toinen Suomen katolisista <span style=\"color: #000000;\"><a style=\"color: #000000;\" href=\"https:\/\/www.catholicturku.fi\/?page_id=663&amp;lang=fi\"><strong>hautausmaista<\/strong><\/a><\/span> sijaitsee Turussa. Sen kuntoa yll\u00e4pidet\u00e4\u00e4n p\u00e4\u00e4asiassa vapaaehtoisty\u00f6ll\u00e4, mutta yll\u00e4pito vaatii my\u00f6s rahaa.<\/span><\/h6>\n<p>&nbsp;<\/p>\n<hr \/>\n<h4><span style=\"color: #ff0000;\"><strong>KOLEHTI \u2013 MOBILEPAY 89652<\/strong><\/span><\/h4>\n<h6><span style=\"color: #ffffff;\">\u00b7<\/span><\/h6>\n<h6>Kolehdin voi nyt antaa my\u00f6s \u00e4lypuhelimella MobilePay-sovelluksen kautta. MobilePay on k\u00e4teisen rahan vastine ja siksi k\u00e4tev\u00e4 k\u00e4ytt\u00e4\u00e4 juuri kolehtia maksettaessa, jos sopivaa k\u00e4teissummaa ei ole k\u00e4ytett\u00e4viss\u00e4. \u00c4lypuhelimissa k\u00e4ytett\u00e4v\u00e4n MobilePay-sovelluksen saa ladattua sovelluskaupasta. Android-puhelinten tavallisin sovelluskauppa on Google Play ja Apple-puhelinten App Store.<span style=\"color: #ffffff;\">\u00b7<\/span><\/h6>\n<h6><img loading=\"lazy\" decoding=\"async\" class=\"size-medium wp-image-54138 aligncenter\" src=\"https:\/\/www.catholicturku.fi\/wp-content\/uploads\/mobilepay-300x225.jpg\" alt=\"\" width=\"300\" height=\"225\" srcset=\"https:\/\/www.catholicturku.fi\/wp-content\/uploads\/mobilepay-300x225.jpg 300w, https:\/\/www.catholicturku.fi\/wp-content\/uploads\/mobilepay-150x113.jpg 150w, https:\/\/www.catholicturku.fi\/wp-content\/uploads\/mobilepay-768x576.jpg 768w, https:\/\/www.catholicturku.fi\/wp-content\/uploads\/mobilepay.jpg 866w\" sizes=\"auto, (max-width: 300px) 100vw, 300px\" \/><\/h6>\n<h6>Seurakunnan MobilePay-numero on <strong>89652<\/strong>. Klikkaa puhelimeen tulevaa kirkon kuvaa, jossa lukee <em>\u201cTurun katolinen seurakunta\u201d<\/em>.\u00a0Valitse kolehdin m\u00e4\u00e4r\u00e4.\u00a0Valitsemasi summa siirtyy omalta pankkitililt\u00e4si seurakunnan pankkitilille, ja sen tiliotteesta ilmenee kuka on kyseisen summan l\u00e4hett\u00e4j\u00e4.<\/h6>\n<p>&nbsp;<\/p>\n<hr \/>\n<h5>\u25ba\u00a0\u00a0<a href=\"https:\/\/www.catholicturku.fi\/?lang=fi\"><strong><span style=\"color: #000000;\">P\u00c4\u00c4VALIKKO<\/span><\/strong><\/a><br \/>\n\u25ba\u00a0 <span style=\"color: #000000;\"><a style=\"color: #000000;\" href=\"https:\/\/www.catholicturku.fi\/?page_id=253&amp;lang=fi\"><strong>ETUSIVU<\/strong><\/a><\/span><\/h5>\n<hr \/>\n<h6 style=\"text-align: center;\"><strong>Webmaster<\/strong><\/h6>\n<h6 style=\"text-align: center;\"><span style=\"color: #000000;\"><a style=\"color: #000000;\" href=\"mailto:webmaster@romanos.fi\">webmaster (at) romanos.fi<\/a><\/span><\/h6>\n","protected":false},"excerpt":{"rendered":"<p>J\u00c4SENMAKSU \u00b7 Hyv\u00e4t hiippakuntalaiset! \u00b7 Viime aikojen taloudelliset muutokset, muun muassa pappien palkkaus, ovat aiheuttaneet hiippakuntalaisten keskuudessa paljon kysymyksi\u00e4, mutta my\u00f6s mielenkiintoa sit\u00e4 kohtaan, miten kirkko uusissa olosuhteissa tulee taloudellisesti toimeen. Siksi haluan selvitt\u00e4\u00e4 sit\u00e4, miten hiippakuntalaiset voivat tukea taloudellisesti kirkkoa ja samalla haluan tuoda esiin my\u00f6s heid\u00e4n velvollisuutensa t\u00e4ss\u00e4 asiassa. Katolisessa kirkossa jokainen kirkon [&hellip;]<\/p>\n","protected":false},"author":1,"featured_media":0,"parent":0,"menu_order":9,"comment_status":"closed","ping_status":"closed","template":"","meta":{"footnotes":""},"class_list":["post-665","page","type-page","status-publish","hentry"],"_links":{"self":[{"href":"https:\/\/www.catholicturku.fi\/index.php?rest_route=\/wp\/v2\/pages\/665","targetHints":{"allow":["GET"]}}],"collection":[{"href":"https:\/\/www.catholicturku.fi\/index.php?rest_route=\/wp\/v2\/pages"}],"about":[{"href":"https:\/\/www.catholicturku.fi\/index.php?rest_route=\/wp\/v2\/types\/page"}],"author":[{"embeddable":true,"href":"https:\/\/www.catholicturku.fi\/index.php?rest_route=\/wp\/v2\/users\/1"}],"replies":[{"embeddable":true,"href":"https:\/\/www.catholicturku.fi\/index.php?rest_route=%2Fwp%2Fv2%2Fcomments&post=665"}],"version-history":[{"count":57,"href":"https:\/\/www.catholicturku.fi\/index.php?rest_route=\/wp\/v2\/pages\/665\/revisions"}],"predecessor-version":[{"id":62928,"href":"https:\/\/www.catholicturku.fi\/index.php?rest_route=\/wp\/v2\/pages\/665\/revisions\/62928"}],"wp:attachment":[{"href":"https:\/\/www.catholicturku.fi\/index.php?rest_route=%2Fwp%2Fv2%2Fmedia&parent=665"}],"curies":[{"name":"wp","href":"https:\/\/api.w.org\/{rel}","templated":true}]}}