{"id":663,"date":"2019-05-13T22:40:22","date_gmt":"2019-05-13T19:40:22","guid":{"rendered":"http:\/\/www.catholicturku.fi\/?page_id=663"},"modified":"2024-11-20T16:45:08","modified_gmt":"2024-11-20T14:45:08","slug":"hautausmaa","status":"publish","type":"page","link":"https:\/\/www.catholicturku.fi\/?page_id=663&lang=fi","title":{"rendered":"<b>Hautausmaa<\/b>"},"content":{"rendered":"<hr \/>\n<h4><span style=\"color: #ff0000;\"><b>HAUTAUSMAARAHASTON TILI<\/b><\/span><\/h4>\n<h6 style=\"padding-left: 30px;\">FI48 1547 3000 1007 52<br \/>\nNDEAFIHH<br \/>\n<span style=\"color: #ffffff;\">\u00b7<\/span><br \/>\nToinen Suomen katolisista hautausmaista sijaitsee Turussa. Sen kuntoa yll\u00e4pidet\u00e4\u00e4n p\u00e4\u00e4asiassa vapaaehtoisty\u00f6ll\u00e4, mutta yll\u00e4pito vaatii my\u00f6s rahaa.<\/h6>\n<p><span style=\"color: #ffffff;\">\u00b7<\/span><\/p>\n<hr \/>\n<p><span style=\"color: #ffffff;\">\u00b7<\/span><\/p>\n<h5><span style=\"color: #000000;\">\u25ba \u00a0<a style=\"color: #000000;\" href=\"https:\/\/www.google.com\/maps\/place\/Katolinen+hautausmaa\/@60.4306926,22.3018664,15z\/data=!4m5!3m4!1s0x468c7728c12f53dd:0xb9548759f305086f!8m2!3d60.430956!4d22.3073902?hl=fi\" target=\"_blank\" rel=\"noopener noreferrer\"><strong>Hautausmaan yleiskartta<\/strong><\/a><\/span><\/h5>\n<p>&nbsp;<\/p>\n<hr \/>\n<h4><strong><span style=\"color: #ff0000;\">AJO-OHJE (9):<\/span><br \/>\n<span style=\"color: #ffffff;\">\u00b7<\/span><br \/>\n<img loading=\"lazy\" decoding=\"async\" class=\"alignnone wp-image-549\" src=\"http:\/\/www.catholicturku.fi\/wp-content\/uploads\/Hautausmaa-300x170.jpg\" alt=\"\" width=\"588\" height=\"333\" data-wp-pid=\"549\" srcset=\"https:\/\/www.catholicturku.fi\/wp-content\/uploads\/Hautausmaa-300x170.jpg 300w, https:\/\/www.catholicturku.fi\/wp-content\/uploads\/Hautausmaa-150x85.jpg 150w, https:\/\/www.catholicturku.fi\/wp-content\/uploads\/Hautausmaa-768x434.jpg 768w, https:\/\/www.catholicturku.fi\/wp-content\/uploads\/Hautausmaa.jpg 1024w, https:\/\/www.catholicturku.fi\/wp-content\/uploads\/Hautausmaa-800x452.jpg 800w, https:\/\/www.catholicturku.fi\/wp-content\/uploads\/Hautausmaa-600x339.jpg 600w\" sizes=\"auto, (max-width: 588px) 100vw, 588px\" \/><\/strong><\/h4>\n<p>&nbsp;<\/p>\n<hr \/>\n<h5>\u25ba\u00a0\u00a0<span style=\"color: #000000;\"><a style=\"color: #000000;\" href=\"https:\/\/www.catholicturku.fi\/?lang=fi\"><strong>P\u00c4\u00c4VALIKKO<\/strong><\/a><\/span><br \/>\n\u25ba\u00a0 <span style=\"color: #000000;\"><a style=\"color: #000000;\" href=\"https:\/\/www.catholicturku.fi\/?page_id=253&amp;lang=fi\"><strong>ETUSIVU<\/strong><\/a><\/span><\/h5>\n<hr \/>\n<h6 style=\"text-align: center;\"><strong>Webmaster<\/strong><\/h6>\n<h6 style=\"text-align: center;\"><span style=\"color: #000000;\"><a style=\"color: #000000;\" href=\"mailto:webmaster@romanos.fi\">webmaster (at) romanos.fi<\/a><\/span><\/h6>\n","protected":false},"excerpt":{"rendered":"<p>HAUTAUSMAARAHASTON TILI FI48 1547 3000 1007 52 NDEAFIHH \u00b7 Toinen Suomen katolisista hautausmaista sijaitsee Turussa. Sen kuntoa yll\u00e4pidet\u00e4\u00e4n p\u00e4\u00e4asiassa vapaaehtoisty\u00f6ll\u00e4, mutta yll\u00e4pito vaatii my\u00f6s rahaa. \u00b7 \u00b7 \u25ba \u00a0Hautausmaan yleiskartta &nbsp; AJO-OHJE (9): \u00b7 &nbsp; \u25ba\u00a0\u00a0P\u00c4\u00c4VALIKKO \u25ba\u00a0 ETUSIVU Webmaster webmaster (at) romanos.fi<\/p>\n","protected":false},"author":1,"featured_media":0,"parent":0,"menu_order":10,"comment_status":"closed","ping_status":"closed","template":"","meta":{"footnotes":""},"class_list":["post-663","page","type-page","status-publish","hentry"],"_links":{"self":[{"href":"https:\/\/www.catholicturku.fi\/index.php?rest_route=\/wp\/v2\/pages\/663","targetHints":{"allow":["GET"]}}],"collection":[{"href":"https:\/\/www.catholicturku.fi\/index.php?rest_route=\/wp\/v2\/pages"}],"about":[{"href":"https:\/\/www.catholicturku.fi\/index.php?rest_route=\/wp\/v2\/types\/page"}],"author":[{"embeddable":true,"href":"https:\/\/www.catholicturku.fi\/index.php?rest_route=\/wp\/v2\/users\/1"}],"replies":[{"embeddable":true,"href":"https:\/\/www.catholicturku.fi\/index.php?rest_route=%2Fwp%2Fv2%2Fcomments&post=663"}],"version-history":[{"count":34,"href":"https:\/\/www.catholicturku.fi\/index.php?rest_route=\/wp\/v2\/pages\/663\/revisions"}],"predecessor-version":[{"id":62940,"href":"https:\/\/www.catholicturku.fi\/index.php?rest_route=\/wp\/v2\/pages\/663\/revisions\/62940"}],"wp:attachment":[{"href":"https:\/\/www.catholicturku.fi\/index.php?rest_route=%2Fwp%2Fv2%2Fmedia&parent=663"}],"curies":[{"name":"wp","href":"https:\/\/api.w.org\/{rel}","templated":true}]}}