{"id":41514,"date":"2022-08-28T03:44:30","date_gmt":"2022-08-28T00:44:30","guid":{"rendered":"https:\/\/www.catholicturku.fi\/?page_id=41514"},"modified":"2026-02-20T04:03:16","modified_gmt":"2026-02-20T02:03:16","slug":"%d0%bb%d1%96%d1%82%d1%83%d1%80%d0%b3%d1%96%d0%b9%d0%bd%d0%b8%d0%b9-%d0%ba%d0%b0%d0%bb%d0%b5%d0%bd%d0%b4%d0%b0%d1%80","status":"publish","type":"page","link":"https:\/\/www.catholicturku.fi\/?page_id=41514&lang=uk","title":{"rendered":"<b>\u041b\u0456\u0442\u0443\u0440\u0433\u0456\u0439\u043d\u0438\u0439 \u043a\u0430\u043b\u0435\u043d\u0434\u0430\u0440<\/b>"},"content":{"rendered":"<hr \/>\n<p>&nbsp;<\/p>\n<h6><img loading=\"lazy\" decoding=\"async\" class=\"size-medium wp-image-43741 aligncenter\" src=\"https:\/\/www.catholicturku.fi\/wp-content\/uploads\/Liturgical-Calendar-1-300x300.png\" alt=\"\" width=\"300\" height=\"300\" srcset=\"https:\/\/www.catholicturku.fi\/wp-content\/uploads\/Liturgical-Calendar-1-300x300.png 300w, https:\/\/www.catholicturku.fi\/wp-content\/uploads\/Liturgical-Calendar-1-1024x1024.png 1024w, https:\/\/www.catholicturku.fi\/wp-content\/uploads\/Liturgical-Calendar-1-150x150.png 150w, https:\/\/www.catholicturku.fi\/wp-content\/uploads\/Liturgical-Calendar-1-768x768.png 768w, https:\/\/www.catholicturku.fi\/wp-content\/uploads\/Liturgical-Calendar-1.png 1080w\" sizes=\"auto, (max-width: 300px) 100vw, 300px\" \/><\/h6>\n<p>&nbsp;<\/p>\n<h6><span style=\"color: #ff0000;\"><strong>\u0424\u0456\u043d\u0441\u044c\u043a\u043e\u044e \u043c\u043e\u0432\u043e\u044e:<br \/>\n<\/strong><\/span><\/h6>\n<h6 style=\"padding-left: 30px;\"><span style=\"color: #000000;\"><a style=\"color: #000000;\" href=\"https:\/\/katolinen.fi\/liturginen-kalenteri\/\" target=\"_blank\" rel=\"noopener\"><strong>Katolinen.fi \u00b7 Liturginen kalenteri<\/strong><\/a><\/span><\/h6>\n<p>&nbsp;<\/p>\n<h6><span style=\"color: #000000;\">\u00a0\u0410\u043d\u0433\u043b\u0456\u0439\u0441\u044c\u043a\u043e\u044e \u043c\u043e\u0432\u043e\u044e:<\/span><\/h6>\n<h6 style=\"padding-left: 30px;\"><span style=\"color: #000000;\"><a style=\"color: #000000;\" href=\"https:\/\/www.liturgyoffice.org.uk\/Calendar\/2026\/index.shtml\" target=\"_blank\" rel=\"noopener\"><strong>Liturgy Office England &amp; Wales<\/strong><\/a><\/span><br \/>\n<span style=\"color: #000000;\"><a style=\"color: #000000;\" href=\"https:\/\/gcatholic.org\/calendar\/2026\/General-A-en\" target=\"_blank\" rel=\"noopener\"><strong>GCatholic.org \u00b7 Liturgical Calendar<\/strong><\/a><\/span><\/h6>\n<p>&nbsp;<\/p>\n<h6><span style=\"color: #000000;\">\u0412\u2019\u0454\u0442\u043d\u0430\u043c\u0441\u044c\u043a\u043e\u044e \u043c\u043e\u0432\u043e\u044e:<\/span><\/h6>\n<h6 style=\"padding-left: 30px;\"><span style=\"color: #000000;\"><a style=\"color: #000000;\" href=\"http:\/\/www.cgvdt.vn\/lich-cong-giao\" target=\"_blank\" rel=\"noopener noreferrer\"><b>L\u1ecbch\u00a0<strong>C\u00f4ng Gi\u00e1o<\/strong><\/b><\/a><\/span><\/h6>\n<p>&nbsp;<\/p>\n<h6><span style=\"color: #000000;\">\u0413\u043e\u043b\u043b\u0430\u043d\u0434\u0441\u044c\u043a\u043e\u044e \u043c\u043e\u0432\u043e\u044e:<\/span><\/h6>\n<h6 style=\"padding-left: 30px;\"><span style=\"color: #000000;\"><a style=\"color: #000000;\" href=\"https:\/\/www.otheo.be\/icl\/liturgische-kalender\" target=\"_blank\" rel=\"noopener\"><strong>Otheo.be \u00b7 Liturgische kalender<\/strong><\/a><\/span><\/h6>\n<p>&nbsp;<\/p>\n<h6><span style=\"color: #000000;\">I\u0441\u043f\u0430\u043d\u0441\u044c\u043a\u043e\u044e \u043c\u043e\u0432\u043e\u044e:<\/span><\/h6>\n<h6 style=\"padding-left: 30px;\"><span style=\"color: #000000;\"><a style=\"color: #000000;\" href=\"https:\/\/www.conferenciaepiscopal.es\/wp-content\/uploads\/2026\/01\/Calendario-Liturgico-CEE-2026.pdf\" target=\"_blank\" rel=\"noopener\"><strong>Conferencia Episcopal Espa\u00f1ola<\/strong><\/a><\/span><br \/>\n<span style=\"color: #000000;\"><a style=\"color: #000000;\" href=\"https:\/\/gcatholic.org\/calendar\/2026\/General-A-es\" target=\"_blank\" rel=\"noopener\"><strong>GCatholic.org \u00b7 Calend\u00e1rio Lit\u00fargico<\/strong><\/a><\/span><\/h6>\n<p>&nbsp;<\/p>\n<h6><span style=\"color: #000000;\">I\u0442\u0430\u043b\u0456\u0439\u0441\u044c\u043a\u043e\u044e \u043c\u043e\u0432\u043e\u044e:<\/span><\/h6>\n<h6 style=\"padding-left: 30px;\"><span style=\"color: #000000;\"><a style=\"color: #000000;\" href=\"https:\/\/www.lachiesa.it\/liturgia\/cal_romano.html\" target=\"_blank\" rel=\"noopener\"><strong>Calendario Romano<\/strong><\/a><\/span><br \/>\n<span style=\"color: #000000;\"><a style=\"color: #000000;\" href=\"https:\/\/gcatholic.org\/calendar\/2026\/General-A-it\" target=\"_blank\" rel=\"noopener\"><strong>GCatholic.org \u00b7 Calendario Liturgico<\/strong><\/a><\/span><\/h6>\n<p>&nbsp;<\/p>\n<h6><span style=\"color: #000000;\">\u041a\u0438\u0442\u0430\u0439\u0441\u044c\u043a\u043e\u044e \u043c\u043e\u0432\u043e\u044e:<\/span><\/h6>\n<h6 style=\"padding-left: 30px;\"><span style=\"color: #000000;\"><a style=\"color: #000000;\" href=\"https:\/\/gcatholic.org\/calendar\/2026\/General-A-zt\" target=\"_blank\" rel=\"noopener\"><strong>GCatholic.org \u00b7 \u79ae\u5100\u5e74\u66c6<\/strong><\/a><\/span><\/h6>\n<p>&nbsp;<\/p>\n<h6><span style=\"color: #000000;\">\u041b\u0430\u0442\u0438\u043d\u0441\u044c\u043a\u043e\u044e \u043c\u043e\u0432\u043e\u044e:<\/span><\/h6>\n<h6 style=\"padding-left: 30px;\"><span style=\"color: #000000;\"><a style=\"color: #000000;\" href=\"https:\/\/www.ocist.org\/ocist\/images\/pdf\/Directori2026.pdf\" target=\"_blank\" rel=\"noopener\"><strong>Directorium officii divini<\/strong><\/a><\/span><br \/>\n<span style=\"color: #000000;\"><a style=\"color: #000000;\" href=\"https:\/\/gcatholic.org\/calendar\/2026\/General-A-la\" target=\"_blank\" rel=\"noopener\"><strong>GCatholic.org \u00b7 Calendarium Liturgicum<\/strong><\/a><\/span><\/h6>\n<p>&nbsp;<\/p>\n<h6><span style=\"color: #000000;\">\u041d\u0456\u043c\u0435\u0446\u044c\u043a\u043e\u044e \u043c\u043e\u0432\u043e\u044e:<\/span><\/h6>\n<h6 style=\"padding-left: 30px;\"><span style=\"color: #000000;\"><a style=\"color: #000000;\" href=\"https:\/\/www.eucharistiefeier.de\/lk\/api\/lko0000.html\" target=\"_blank\" rel=\"noopener noreferrer\"><strong>Liturgischer Kalender<\/strong><\/a><\/span><br \/>\n<span style=\"color: #000000;\"><a style=\"color: #000000;\" href=\"https:\/\/gcatholic.org\/calendar\/2026\/General-A-de\" target=\"_blank\" rel=\"noopener\"><strong>GCatholic.org \u00b7 Liturgischer Kalender<\/strong><\/a><\/span><\/h6>\n<p>&nbsp;<\/p>\n<h6><span style=\"color: #000000;\">\u041f\u043e\u043b\u044c\u0441\u044c\u043a\u043e\u044e \u043c\u043e\u0432\u043e\u044e:<\/span><\/h6>\n<h6 style=\"padding-left: 30px;\"><span style=\"color: #000000;\"><a style=\"color: #000000;\" href=\"http:\/\/niezbednik.niedziela.pl\/liturgia\" target=\"_blank\" rel=\"noopener noreferrer\"><strong>Kalendarz liturgiczny<\/strong><\/a><\/span><br \/>\n<span style=\"color: #000000;\"><a style=\"color: #000000;\" href=\"https:\/\/gcatholic.org\/calendar\/2026\/PL-en\" target=\"_blank\" rel=\"noopener\"><strong>GCatholic.org \u00b7 Kalendarz liturgiczny<\/strong><\/a><\/span><\/h6>\n<p>&nbsp;<\/p>\n<h6><span style=\"color: #000000;\">\u041f\u043e\u0440\u0442\u0443\u0433\u0430\u043b\u044c\u0441\u044c\u043a\u043e\u044e \u043c\u043e\u0432\u043e\u044e:<\/span><\/h6>\n<h6 style=\"padding-left: 30px;\"><span style=\"color: #000000;\"><a style=\"color: #000000;\" href=\"https:\/\/gcatholic.org\/calendar\/2026\/General-A-pt\" target=\"_blank\" rel=\"noopener\"><strong>GCatholic.org \u00b7 Calend\u00e1rio Lit\u00fargico<\/strong><\/a><\/span><\/h6>\n<p>&nbsp;<\/p>\n<h6><span style=\"color: #000000;\">\u0420\u043e\u0441\u0456\u0439\u0441\u044c\u043a\u043e\u044e \u043c\u043e\u0432\u043e\u044e:<\/span><\/h6>\n<h6 style=\"padding-left: 30px;\"><span style=\"color: #000000;\"><a style=\"color: #000000;\" href=\"http:\/\/www.claret.ru\/liturgy\/calendar.htm\" target=\"_blank\" rel=\"noopener noreferrer\"><b>\u041a\u0430\u043b\u0435\u043d\u0434\u0430\u0440 \u0434\u043b\u044f \u0420\u043e\u0441\u0441\u0438\u0439\u0441\u043a\u0438\u0445 \u043b\u0430\u0442\u0438\u043d\u0441\u043a\u0438\u0445 \u0435\u043f\u0430\u0440\u0445\u0438\u0439<\/b><\/a><\/span><\/h6>\n<p>&nbsp;<\/p>\n<h6><span style=\"color: #000000;\">\u0422\u0430\u0491\u0430\u043b\u044c\u0441\u044c\u043a\u043e\u044e \u043c\u043e\u0432\u043e\u044e:<\/span><\/h6>\n<h6 style=\"padding-left: 30px;\"><span style=\"color: #000000;\"><a style=\"color: #000000;\" href=\"http:\/\/www.awitatpapuri.com\/\" target=\"_blank\" rel=\"noopener noreferrer\"><strong>Awit at Papuri<\/strong><\/a><\/span><\/h6>\n<p>&nbsp;<\/p>\n<h6><span style=\"color: #ff0000;\"><strong>\u0423\u043a\u0440\u0430\u0457\u043d\u0441\u044c\u043a\u043e\u044e \u043c\u043e\u0432\u043e\u044e:<\/strong><\/span><\/h6>\n<h6 style=\"padding-left: 30px;\"><span style=\"color: #000000;\"><a style=\"color: #000000;\" href=\"http:\/\/munkacs-diocese.org\/ua\/kalendar-mukachivskoyi-diyetseziyi\/\" target=\"_blank\" rel=\"noopener noreferrer\"><strong>\u041a\u0430\u043b\u0435\u043d\u0434\u0430\u0440 \u041c\u0443\u043a\u0430\u0447i\u0432\u0441\u044c\u043a\u043e\u00ef \u0414i\u0454\u0446\u0435\u0437i\u00ef<br \/>\n\u0420\u0438\u043c\u0441\u044c\u043a\u043e-\u041a\u0430\u0442\u043e\u043b\u0438\u0446\u044c\u043a\u043e\u00ef \u0426\u0435\u0440\u043a\u0432\u0438<\/strong><\/a><\/span><\/h6>\n<p>&nbsp;<\/p>\n<h6><span style=\"color: #000000;\">\u0424\u0440\u0430\u043d\u0446\u0443\u0437\u044c\u043a\u043e\u044e \u043c\u043e\u0432\u043e\u044e:<\/span><\/h6>\n<h6 style=\"padding-left: 30px;\"><span style=\"color: #000000;\"><a style=\"color: #000000;\" href=\"https:\/\/www.aelf.org\/calendrier\/france\/2026\/02\" target=\"_blank\" rel=\"noopener\"><strong>AELF.org<\/strong><\/a><\/span><br \/>\n<span style=\"color: #000000;\"><a style=\"color: #000000;\" href=\"https:\/\/gcatholic.org\/calendar\/2026\/General-A-fr\" target=\"_blank\" rel=\"noopener\"><strong>GCatholic.org \u00b7 Calendrier Liturgique<\/strong><\/a><\/span><\/h6>\n<p>&nbsp;<\/p>\n<h6><span style=\"color: #000000;\">\u0425\u043e\u0440\u0432\u0430\u0442\u0441\u044c\u043a\u043e\u044e \u043c\u043e\u0432\u043e\u044e:<\/span><\/h6>\n<h6 style=\"padding-left: 30px;\"><span style=\"color: #000000;\"><a style=\"color: #000000;\" href=\"https:\/\/gcatholic.org\/calendar\/2026\/HR-hr\" target=\"_blank\" rel=\"noopener\"><strong>GCatholic.org \u00b7 Liturgijski kalendar<\/strong><\/a><\/span><\/h6>\n<p>&nbsp;<\/p>\n<h6><span style=\"color: #000000;\">\u0428\u0432\u0435\u0434\u0441\u044c\u043a\u043e\u044e \u043c\u043e\u0432\u043e\u044e:<\/span><\/h6>\n<h6 style=\"padding-left: 30px;\"><span style=\"color: #000000;\"><a style=\"color: #000000;\" href=\"https:\/\/www.katolskakyrkan.se\/media\/7705\/ordo2025-2026_lowresnew.pdf\" target=\"_blank\" rel=\"noopener\"><strong>ORDO 2025\u20132026<\/strong><\/a><\/span><\/h6>\n<p>&nbsp;<\/p>\n<hr \/>\n<h4><span style=\"color: #ff0000;\"><strong>\u0413\u0420\u0415\u041a\u041e-\u041a\u0410\u0422\u041e\u041b\u0418\u0426\u042c\u041a\u0406<\/strong><\/span><\/h4>\n<h6 style=\"text-align: center;\"><span style=\"color: #ffffff;\">\u00b7<\/span><\/h6>\n<h6><span style=\"color: #000000;\">\u0423\u0433\u043e\u0440\u0441\u044c\u043a\u043e\u044e \u043c\u043e\u0432\u043e\u044e:<\/span><\/h6>\n<h6 style=\"padding-left: 30px;\"><span style=\"color: #000000;\"><strong><a style=\"color: #000000;\" href=\"http:\/\/hd.gorogkatolikus.hu\/hirek-esemenynaptar\" target=\"_blank\" rel=\"noopener noreferrer\">Napt\u00e1r (Hajd\u00fadorogi F\u0151egyh\u00e1zmegye)<\/a><\/strong><\/span><\/h6>\n<p>&nbsp;<\/p>\n<h6><span style=\"color: #000000;\">\u0423\u043a\u0440\u0430\u0457\u043d\u0441\u044c\u043a\u043e\u044e \u043c\u043e\u0432\u043e\u044e:<\/span><\/h6>\n<h6 style=\"padding-left: 30px;\"><span style=\"color: #000000;\"><a style=\"color: #000000;\" href=\"https:\/\/ugcc.ua\/data\/tserkovnyy-kalendar-ugkts-na-2026-rik-8059\/\" target=\"_blank\" rel=\"noopener\"><strong>\u0426\u0435\u0440\u043a\u043e\u0432\u043d\u0438\u0439 \u043a\u0430\u043b\u0435\u043d\u0434\u0430\u0440 \u0423\u0413\u041a\u0426 (\u0414\u0438\u0432\u0435\u043d\u0421\u0432i\u0442)<\/strong><\/a><\/span><\/h6>\n<p>&nbsp;<\/p>\n<hr \/>\n<h5>\u25ba\u00a0 <span style=\"color: #000000;\"><a style=\"color: #000000;\" href=\"https:\/\/www.catholicturku.fi\/?lang=uk\"><strong>\u0413\u041e\u041b\u041e\u0412\u041d\u0415 \u041c\u0415\u041d\u042e<\/strong><\/a><\/span><br \/>\n\u25ba\u00a0 <span style=\"color: #000000;\"><a style=\"color: #000000;\" href=\"https:\/\/www.catholicturku.fi\/?page_id=41412&amp;lang=uk\"><strong>\u0422\u0418\u0422\u0423\u041b\u042c\u041d\u0410 \u0421\u0422\u041e\u0420I\u041d\u041a\u0410<\/strong><\/a><\/span><\/h5>\n<hr \/>\n<h6 style=\"text-align: center;\"><strong>\u0412\u0435\u0431-\u043c\u0430\u0439\u0441\u0442\u0435\u0440<\/strong><\/h6>\n<h6 style=\"text-align: center;\"><span style=\"color: #000000;\"><a style=\"color: #000000;\" href=\"mailto:webmaster@romanos.fi\">webmaster (at) romanos.fi<\/a><\/span><\/h6>\n","protected":false},"excerpt":{"rendered":"<p>&nbsp; &nbsp; \u0424\u0456\u043d\u0441\u044c\u043a\u043e\u044e \u043c\u043e\u0432\u043e\u044e: Katolinen.fi \u00b7 Liturginen kalenteri &nbsp; \u00a0\u0410\u043d\u0433\u043b\u0456\u0439\u0441\u044c\u043a\u043e\u044e \u043c\u043e\u0432\u043e\u044e: Liturgy Office England &amp; Wales GCatholic.org \u00b7 Liturgical Calendar &nbsp; \u0412\u2019\u0454\u0442\u043d\u0430\u043c\u0441\u044c\u043a\u043e\u044e \u043c\u043e\u0432\u043e\u044e: L\u1ecbch\u00a0C\u00f4ng Gi\u00e1o &nbsp; \u0413\u043e\u043b\u043b\u0430\u043d\u0434\u0441\u044c\u043a\u043e\u044e \u043c\u043e\u0432\u043e\u044e: Otheo.be \u00b7 Liturgische kalender &nbsp; I\u0441\u043f\u0430\u043d\u0441\u044c\u043a\u043e\u044e \u043c\u043e\u0432\u043e\u044e: Conferencia Episcopal Espa\u00f1ola GCatholic.org \u00b7 Calend\u00e1rio Lit\u00fargico &nbsp; I\u0442\u0430\u043b\u0456\u0439\u0441\u044c\u043a\u043e\u044e \u043c\u043e\u0432\u043e\u044e: Calendario Romano GCatholic.org \u00b7 Calendario Liturgico &nbsp; \u041a\u0438\u0442\u0430\u0439\u0441\u044c\u043a\u043e\u044e \u043c\u043e\u0432\u043e\u044e: GCatholic.org [&hellip;]<\/p>\n","protected":false},"author":1,"featured_media":0,"parent":0,"menu_order":563,"comment_status":"closed","ping_status":"closed","template":"","meta":{"footnotes":""},"class_list":["post-41514","page","type-page","status-publish","hentry"],"_links":{"self":[{"href":"https:\/\/www.catholicturku.fi\/index.php?rest_route=\/wp\/v2\/pages\/41514","targetHints":{"allow":["GET"]}}],"collection":[{"href":"https:\/\/www.catholicturku.fi\/index.php?rest_route=\/wp\/v2\/pages"}],"about":[{"href":"https:\/\/www.catholicturku.fi\/index.php?rest_route=\/wp\/v2\/types\/page"}],"author":[{"embeddable":true,"href":"https:\/\/www.catholicturku.fi\/index.php?rest_route=\/wp\/v2\/users\/1"}],"replies":[{"embeddable":true,"href":"https:\/\/www.catholicturku.fi\/index.php?rest_route=%2Fwp%2Fv2%2Fcomments&post=41514"}],"version-history":[{"count":13,"href":"https:\/\/www.catholicturku.fi\/index.php?rest_route=\/wp\/v2\/pages\/41514\/revisions"}],"predecessor-version":[{"id":73882,"href":"https:\/\/www.catholicturku.fi\/index.php?rest_route=\/wp\/v2\/pages\/41514\/revisions\/73882"}],"wp:attachment":[{"href":"https:\/\/www.catholicturku.fi\/index.php?rest_route=%2Fwp%2Fv2%2Fmedia&parent=41514"}],"curies":[{"name":"wp","href":"https:\/\/api.w.org\/{rel}","templated":true}]}}