{"id":253,"date":"2019-05-12T11:56:46","date_gmt":"2019-05-12T08:56:46","guid":{"rendered":"http:\/\/www.catholicturku.fi\/?page_id=253"},"modified":"2026-05-11T00:27:59","modified_gmt":"2026-05-10T21:27:59","slug":"253-2","status":"publish","type":"page","link":"https:\/\/www.catholicturku.fi\/?page_id=253&lang=fi","title":{"rendered":"<b>\u00b7 ETUSIVU \u00b7<\/b>"},"content":{"rendered":"<hr \/>\n<p>&nbsp;<\/p>\n<h1 style=\"text-align: center;\"><span style=\"color: #0000ff;\"><strong>PYH\u00c4N BIRGITAN JA<\/strong><\/span><\/h1>\n<h1 style=\"text-align: center;\"><span style=\"color: #0000ff;\"><strong>AUTUAAN HEMMINGIN<\/strong><\/span><\/h1>\n<h4 style=\"text-align: center;\"><span style=\"color: #0000ff;\"><strong>katolinen seurakunta Turussa<\/strong><\/span><\/h4>\n<p>&nbsp;<\/p>\n<p><img loading=\"lazy\" decoding=\"async\" class=\" wp-image-19337 aligncenter\" src=\"https:\/\/www.catholicturku.fi\/wp-content\/uploads\/turku-300x256.jpg\" alt=\"\" width=\"380\" height=\"324\" data-wp-pid=\"19337\" srcset=\"https:\/\/www.catholicturku.fi\/wp-content\/uploads\/turku-300x256.jpg 300w, https:\/\/www.catholicturku.fi\/wp-content\/uploads\/turku-150x128.jpg 150w, https:\/\/www.catholicturku.fi\/wp-content\/uploads\/turku.jpg 600w\" sizes=\"auto, (max-width: 380px) 100vw, 380px\" \/><\/p>\n<p>&nbsp;<\/p>\n<h1 style=\"text-align: center;\"><span style=\"color: #0000ff;\"><strong>CHRISTUS RESURREXIT!<\/strong><\/span><\/h1>\n<h4 style=\"text-align: center;\"><span style=\"color: #0000ff;\"><strong>Kristus nousi kuolleista!<\/strong><\/span><\/h4>\n<p>&nbsp;<\/p>\n<hr \/>\n<h6><span style=\"color: #ffffff;\">\u00b7<\/span><\/h6>\n<h1 style=\"text-align: center;\"><span style=\"color: #ff0000;\"><strong>AJANKOHTAISTA<\/strong><\/span><\/h1>\n<h6><span style=\"color: #ffffff;\">\u00b7<\/span><\/h6>\n<h5 style=\"text-align: center;\"><span style=\"color: #000000;\"><strong><a style=\"color: #000000;\" href=\"https:\/\/www.catholicturku.fi\/?cat=217&amp;lang=fi\">Viikko-ohjelma<\/a><\/strong><\/span><strong><br \/>\n<\/strong><span style=\"color: #000000;\"><strong><a style=\"color: #000000;\" href=\"https:\/\/www.catholicturku.fi\/?cat=237&amp;lang=fi\">Sunnuntait ja poikkeukset<\/a><\/strong><\/span><strong><br \/>\n<\/strong><span style=\"color: #000000;\"><strong><a style=\"color: #000000;\" href=\"https:\/\/calendar.google.com\/calendar\/embed?src=turunkatolinensrk%40gmail.com&amp;ctz=Europe%2FHelsinki\" target=\"_blank\" rel=\"noopener noreferrer\">GOOGLE-kalenteri<\/a><\/strong><\/span><\/h5>\n<h6><span style=\"color: #ffffff;\">\u00b7<\/span><\/h6>\n<hr \/>\n<h6 style=\"text-align: center;\"><span style=\"color: #ffffff;\">\u00b7<\/span><\/h6>\n<h3><strong>TIISTAINA 12.5.2026<\/strong><\/h3>\n<ul>\n<li>\n<h6>18.00\u00a0 \u00a0P\u00e4\u00e4si\u00e4isajan messu suomeksi<\/h6>\n<\/li>\n<li>\n<h6><span style=\"color: #000000;\">18.45\u00a0 \u00a0<a style=\"color: #000000;\" href=\"https:\/\/www.catholicturku.fi\/?page_id=677&amp;lang=fi\">Teologinen opintopiiri<\/a><\/span><\/h6>\n<\/li>\n<\/ul>\n<p>&nbsp;<\/p>\n<h3><strong>KESKIVIIKKONA 13.5.2026<\/strong><\/h3>\n<h6><strong>Fatiman Neitsyt Maria<\/strong><\/h6>\n<ul>\n<li>\n<h6><em>07.30\u00a0 \u00a0EI MESSUA<\/em><\/h6>\n<\/li>\n<li>\n<h6><span style=\"color: #0000ff;\"><strong>18.00\u00a0 \u00a0Messu suomeksi &amp; novena<\/strong><\/span><\/h6>\n<\/li>\n<\/ul>\n<p>&nbsp;<\/p>\n<h3><span style=\"color: #ff0000;\"><strong>TORSTAINA 14.5.2026<\/strong><\/span><\/h3>\n<h6><span style=\"color: #ff0000;\"><strong>Herran taivaaseenastuminen \u00b7 Helatorstai<br \/>\n<\/strong><\/span><strong>Velvoittava juhlapyh\u00e4 \u2605<\/strong><span style=\"color: #ff0000;\"><strong><br \/>\n<\/strong><\/span><\/h6>\n<ul>\n<li>\n<h6><span style=\"color: #0000ff;\"><strong>10.30\u00a0 \u00a0Juhlamessu &amp; novena<\/strong><\/span><\/h6>\n<\/li>\n<li>\n<h6><em>17.30\u00a0 \u00a0EI ADORAATIOTA<\/em><\/h6>\n<\/li>\n<li>\n<h6><span style=\"color: #0000ff;\"><strong>18.00\u00a0 \u00a0Messu englanniksi<\/strong><\/span><\/h6>\n<\/li>\n<\/ul>\n<p>&nbsp;<\/p>\n<h3><strong>PERJANTAINA 15.5.2026<\/strong><\/h3>\n<ul>\n<li>\n<h6><em>07.30\u00a0 \u00a0EI MESSUA<\/em><\/h6>\n<\/li>\n<li>\n<h6><span style=\"color: #0000ff;\"><strong>18.00\u00a0 \u00a0P\u00e4\u00e4si\u00e4isajan messu suomeksi &amp; novena<\/strong><\/span><\/h6>\n<\/li>\n<\/ul>\n<p>&nbsp;<\/p>\n<h3><strong>LAUANTAINA 16.5.2026<\/strong><\/h3>\n<ul>\n<li>\n<h6><em>07.30\u00a0 \u00a0EI MESSUA<\/em><\/h6>\n<\/li>\n<li>\n<h6><em>MESSU RAUMALLA KLO 13.30 ON PERUTTU<\/em><\/h6>\n<\/li>\n<li>\n<h6><span style=\"color: #0000ff;\"><strong>18.00\u00a0 \u00a0Piispanmessu &amp; novena<\/strong><\/span><\/h6>\n<\/li>\n<\/ul>\n<p>&nbsp;<\/p>\n<h3><span style=\"color: #ff0000;\"><strong>SUNNUNTAINA 17.5.2026<\/strong><\/span><\/h3>\n<h6><span style=\"color: #ff0000;\"><strong>P\u00e4\u00e4si\u00e4isen seitsem\u00e4s sunnuntai<\/strong><\/span><\/h6>\n<ul>\n<li>\n<h6>09.00\u00a0 \u00a0Messu latinaksi<\/h6>\n<\/li>\n<li>\n<h6>10.00\u00a0 \u00a0Ruusukko<\/h6>\n<\/li>\n<li>\n<h6><span style=\"color: #0000ff;\"><strong>10.30\u00a0 \u00a0Piispanmessu &amp; novena<\/strong><\/span><\/h6>\n<\/li>\n<li>\n<h6>12.30\u00a0 \u00a0Messu tagalogiksi<\/h6>\n<\/li>\n<li>\n<h6><span style=\"color: #0000ff;\"><strong>17.00\u00a0 \u00a0Rukouspalvelus<\/strong><\/span><\/h6>\n<\/li>\n<li>\n<h6>18.00\u00a0 \u00a0Messu englanniksi<\/h6>\n<\/li>\n<\/ul>\n<p>&nbsp;<\/p>\n<hr \/>\n<h6><span style=\"color: #ffffff;\">\u00b7<\/span><\/h6>\n<h1 style=\"text-align: center;\"><span style=\"color: #ff0000;\"><strong>PYH\u00c4T MESSUT<\/strong><\/span><\/h1>\n<h4 style=\"text-align: center;\"><span style=\"color: #ff0000;\"><strong>\u00b7 TURKU \u00b7<\/strong><\/span><\/h4>\n<h6><span style=\"color: #ffffff;\">\u00b7<\/span><\/h6>\n<hr \/>\n<h6 style=\"text-align: center;\"><span style=\"color: #ffffff;\">\u00b7<\/span><\/h6>\n<h6><span style=\"color: #ffffff;\">\u00b7<\/span><\/h6>\n<h3><strong>SUNNUNTAISIN<\/strong><\/h3>\n<ul>\n<li>\n<h6>09.00\u00a0 \u00a0Messu ruotsiksi\u00a0 |<br \/>\n<span style=\"color: #ffffff;\">09.00<\/span>\u00a0 \u00a0Messu latinaksi<\/h6>\n<\/li>\n<li>\n<h6>10.00\u00a0 \u00a0Ruusukko<\/h6>\n<\/li>\n<li>\n<h6><strong><strong>10.30\u00a0 \u00a0P\u00e4\u00e4messu<\/strong><\/strong><\/h6>\n<\/li>\n<li>\n<h6>12.30\u00a0 \u00a0Messu puolaksi\u00a0 |<br \/>\n<span style=\"color: #ffffff;\">12.30\u00a0<\/span>\u00a0 Messu vietnamiksi\u00a0 |<br \/>\n<span style=\"color: #ffffff;\">12.30<\/span>\u00a0 \u00a0Messu tagalogiksi\u00a0 |<br \/>\n<span style=\"color: #ffffff;\">12.30<\/span>\u00a0 \u00a0Ei messua<\/h6>\n<\/li>\n<li>\n<h6>18.00\u00a0 \u00a0Messu englanniksi<\/h6>\n<\/li>\n<\/ul>\n<h6><span style=\"color: #ffffff;\">\u00b7<\/span><\/h6>\n<h3><strong>MAANANTAISIN<\/strong><\/h3>\n<ul>\n<li>\n<h6>07.30\u00a0 \u00a0Messu suomeksi<\/h6>\n<\/li>\n<\/ul>\n<h6><span style=\"color: #ffffff;\">\u00b7<\/span><\/h6>\n<h3><strong>TIISTAISIN<\/strong><\/h3>\n<ul>\n<li>\n<h6>18.00\u00a0 \u00a0Messu suomeksi<\/h6>\n<\/li>\n<\/ul>\n<h6><span style=\"color: #ffffff;\">\u00b7<\/span><\/h6>\n<h3><strong>KESKIVIIKKOISIN<\/strong><\/h3>\n<ul>\n<li>\n<h6>07.30\u00a0 \u00a0Messu suomeksi<\/h6>\n<\/li>\n<\/ul>\n<h6><span style=\"color: #ffffff;\">\u00b7<\/span><\/h6>\n<h3><strong>TORSTAISIN<\/strong><\/h3>\n<ul>\n<li>\n<h6>17.30\u00a0 \u00a0Adoraatio\u00a0 |<br \/>\n<span style=\"color: #ffffff;\">17.30<\/span>\u00a0 \u00a0Ristintien hartaus<\/h6>\n<\/li>\n<li>\n<h6>18.00\u00a0 \u00a0Messu suomeksi<\/h6>\n<\/li>\n<\/ul>\n<h6><span style=\"color: #ffffff;\">\u00b7<\/span><\/h6>\n<h3><strong>PERJANTAISIN<\/strong><\/h3>\n<ul>\n<li>\n<h6>07.30\u00a0 \u00a0Messu suomeksi<\/h6>\n<\/li>\n<\/ul>\n<h6><span style=\"color: #ffffff;\">\u00b7<\/span><\/h6>\n<h3><strong>LAUANTAISIN<\/strong><\/h3>\n<ul>\n<li>\n<h6>07.30\u00a0 \u00a0Messu suomeksi<\/h6>\n<\/li>\n<\/ul>\n<h6 style=\"text-align: center;\"><span style=\"color: #ffffff;\">\u00b7<\/span><\/h6>\n<p style=\"text-align: center;\">\u2500\u2500<\/p>\n<h6 style=\"text-align: center;\"><span style=\"color: #ffffff;\">\u00b7<\/span><\/h6>\n<h3><strong>Birgittalaissisaret p\u00e4ivitt\u00e4in<\/strong><\/h3>\n<ul>\n<li>\n<h6>06.10\u00a0 \u00a0Officium lectionis ja laudes<\/h6>\n<\/li>\n<li>\n<h6>16.00\u00a0 \u00a0Ruusukko ja vesper<\/h6>\n<\/li>\n<\/ul>\n<p>&nbsp;<\/p>\n<hr \/>\n<h6><span style=\"color: #ffffff;\">\u00b7<\/span><\/h6>\n<h1 style=\"text-align: center;\"><span style=\"color: #ff0000;\"><strong>PYH\u00c4T MESSUT<\/strong><\/span><\/h1>\n<h4 style=\"text-align: center;\"><span style=\"color: #ff0000;\"><strong>\u00b7 DIASPORA \u00b7<\/strong><\/span><\/h4>\n<h6 style=\"text-align: center;\"><span style=\"color: #ffffff;\">\u00b7<\/span><\/h6>\n<hr \/>\n<h6><span style=\"color: #ffffff;\">\u00b7<\/span><\/h6>\n<h3><strong>Ahvenanmaa<\/strong><\/h3>\n<h2><span style=\"color: #008000;\"><strong>K\u00d6KAR<\/strong><\/span><\/h2>\n<h6><span style=\"color: #008000;\"><strong>Messut ruotsiksi<\/strong><\/span><\/h6>\n<h6><span style=\"color: #ffffff;\">\u00b7<\/span><\/h6>\n<h6><strong><span style=\"color: #000000;\">\u21d2\u00a0 S:TA ANNAS LUTHERSKA KYRKA<br \/>\n<\/span><\/strong><\/h6>\n<h6><strong><span style=\"color: #000000;\"><span style=\"color: #ffffff;\">\u21d2<\/span>\u00a0 Pyh\u00e4n Annan luterilainen kirkko<\/span><\/strong><\/h6>\n<h6><strong><span style=\"color: #000000;\"><span style=\"color: #ffffff;\">\u21d2<\/span>\u00a0 <\/span><\/strong><span style=\"color: #000000;\"><strong><a style=\"color: #000000;\" href=\"https:\/\/www.google.fi\/maps\/place\/K%C3%B6karin+kirkko\/@59.9419393,20.87769,12.92z\/data=!4m6!3m5!1s0x468b392d6ea60e73:0xc0788a60e7f63136!8m2!3d59.9475354!4d20.8786971!16s%2Fg%2F122fpt10?entry=ttu\" target=\"_blank\" rel=\"noopener\">Hamn\u00f6 \u00b7 K\u00f6kar<\/a><\/strong><\/span><\/h6>\n<ul>\n<li>\n<h6><\/h6>\n<\/li>\n<\/ul>\n<p>&nbsp;<\/p>\n<hr \/>\n<h6><span style=\"color: #ffffff;\">\u00b7<\/span><\/h6>\n<h3><strong>Ahvenanmaa<\/strong><\/h3>\n<h2><span style=\"color: #008000;\"><strong>MAARIANHAMINA<\/strong><\/span><\/h2>\n<h6><span style=\"color: #008000;\"><strong>Messut ruotsiksi<\/strong><\/span><\/h6>\n<h6><span style=\"color: #000000;\"><span style=\"color: #ffffff;\">\u00b7<\/span><br \/>\n<\/span><\/h6>\n<h6><strong><span style=\"color: #000000;\">\u21d2\u00a0 S:T G\u00d6RANS LUTHERSKA KYRKA<br \/>\n<\/span><span style=\"color: #000000;\"><span style=\"color: #ffffff;\">\u21d2<\/span>\u00a0 Pyh\u00e4n Yrj\u00f6n luterilainen kirkko<\/span><\/strong><\/h6>\n<h6><strong><span style=\"color: #000000;\"><span style=\"color: #ffffff;\">\u21d2\u00a0<\/span>\u00a0<\/span><\/strong><span style=\"color: #000000;\"><strong><a style=\"color: #000000;\" href=\"https:\/\/www.google.com\/maps\/place\/Pyh%C3%A4n+Yrj%C3%B6n+kirkko\/@60.0972392,19.9348252,16z\/data=!3m1!4b1!4m6!3m5!1s0x468ac40b345d8cef:0xd2eebba6fff12956!8m2!3d60.0972392!4d19.9348252!16s%2Fg%2F11b6bgbz0w?entry=ttu&amp;g_ep=EgoyMDI1MDEwMS4wIKXMDSoASAFQAw%3D%3D\" target=\"_blank\" rel=\"noopener\">\u00d6stra Esplanadgatan 6 \u00b7 Mariehamn<\/a><\/strong><\/span><\/h6>\n<ul>\n<li>\n<h6>lauantaina 23.5.2026 klo 10.00<\/h6>\n<\/li>\n<li>\n<h6><\/h6>\n<\/li>\n<\/ul>\n<p>&nbsp;<\/p>\n<hr \/>\n<h6><span style=\"color: #ffffff;\">\u00b7<\/span><\/h6>\n<h2><span style=\"color: #008000;\"><strong>EURAJOKI<\/strong><\/span><\/h2>\n<h6><span style=\"color: #008000;\"><strong>Messut suomeksi<\/strong><\/span><\/h6>\n<h6><span style=\"color: #000000;\"><span style=\"color: #ffffff;\">\u00b7<\/span><br \/>\n<strong>\u21d2\u00a0 KUSTAA AADOLFIN LUTERILAINEN KIRKKO<\/strong><\/span><\/h6>\n<h6><span style=\"color: #000000;\"><strong><span style=\"color: #ffffff;\">\u21d2<\/span>\u00a0\u00a0<a style=\"color: #000000;\" href=\"https:\/\/www.google.fi\/maps\/place\/Eurajoen+kirkko\/@61.2023265,21.7293437,593m\/data=!3m1!1e3!4m6!3m5!1s0x46897b3e7a31e23f:0x91880614d7c50c3!8m2!3d61.2022464!4d21.7314036!16s%2Fg%2F122kclk_?entry=ttu&amp;g_ep=EgoyMDI2MDEwNy4wIKXMDSoASAFQAw%3D%3D\" target=\"_blank\" rel=\"noopener\">Kirkkotie 8 \u00b7 Eurajoki<\/a><\/strong><\/span><\/h6>\n<ul>\n<li>\n<h6>sunnuntaina 24.5.2026 klo 15.00<\/h6>\n<\/li>\n<li>\n<h6>sunnuntaina 14.6.2026 klo 15.00<\/h6>\n<\/li>\n<li>\n<h6>sunnuntaina 28.6.2026 klo 15.00<\/h6>\n<\/li>\n<li>\n<h6><\/h6>\n<\/li>\n<\/ul>\n<p>&nbsp;<\/p>\n<hr \/>\n<h6><span style=\"color: #ffffff;\">\u00b7<\/span><\/h6>\n<h2><span style=\"color: #008000;\"><strong>PORI<\/strong><\/span><\/h2>\n<h6><span style=\"color: #008000;\"><strong>Messut suomeksi<\/strong><\/span><\/h6>\n<h6><span style=\"color: #000000;\"><span style=\"color: #ffffff;\">\u00b7<\/span><br \/>\n<strong>\u21d2\u00a0 PYH\u00c4N JOHANNES TEOLOGIN ORTODOKSINEN KIRKKO<\/strong><\/span><\/h6>\n<h6><strong><span style=\"color: #000000;\"><span style=\"color: #ffffff;\">\u21d2<\/span>\u00a0\u00a0<\/span><span style=\"color: #000000;\"><a style=\"color: #000000;\" href=\"https:\/\/www.google.com\/maps\/place\/Apostoli+Johannes+Teologin+kirkko\/@61.4857677,21.7585103,17z\/data=!3m1!4b1!4m6!3m5!1s0x46890adfe53e3a3f:0x3cf0ca76d6b0d30f!8m2!3d61.4857677!4d21.7610852!16s%2Fg%2F121vxlv4?hl=fi&amp;entry=ttu\" target=\"_blank\" rel=\"noopener\">Maantiekatu 46 \u00b7 Pori<\/a><\/span><\/strong><\/h6>\n<ul>\n<li>\n<h6><\/h6>\n<\/li>\n<\/ul>\n<p>&nbsp;<\/p>\n<hr \/>\n<h6><span style=\"color: #ffffff;\">\u00b7<\/span><\/h6>\n<h2><span style=\"color: #008000;\"><strong>RAUMA<\/strong><\/span><\/h2>\n<h6><span style=\"color: #008000;\"><strong>Messut tagalogiksi<\/strong><\/span><\/h6>\n<h6><span style=\"color: #000000;\"><span style=\"color: #ffffff;\">\u00b7<\/span><br \/>\n<\/span><\/h6>\n<h6><strong><span style=\"color: #000000;\">\u21d2\u00a0 NUORTENTALO<\/span><\/strong><\/h6>\n<h6><strong><span style=\"color: #000000;\"><span style=\"color: #ffffff;\">\u21d2\u00a0<\/span>\u00a0<\/span><span style=\"color: #000000;\"><a style=\"color: #000000;\" href=\"https:\/\/www.google.fi\/maps\/place\/Hallikatu+12,+26100+Rauma\/@61.1295963,21.496425,17z\/data=!3m1!4b1!4m6!3m5!1s0x46897e0e3c233317:0x91d7873be4771097!8m2!3d61.1295937!4d21.4989999!16s%2Fg%2F11kq0f8jk7?entry=ttu\" target=\"_blank\" rel=\"noopener\">Hallikatu 12 \u00b7 Rauma<\/a><\/span><\/strong><\/h6>\n<ul>\n<li>\n<h6>lauantaina 20.6.2026 klo 13.30<\/h6>\n<\/li>\n<li>\n<h6>lauantaina 18.7.2026 klo 13.30<\/h6>\n<\/li>\n<li>\n<h6>lauantaina 15.8.2026 klo 13.30<\/h6>\n<\/li>\n<li>\n<h6>lauantaina 19.9.2026 klo 13.30<\/h6>\n<\/li>\n<li>\n<h6>lauantaina 17.10.2026 klo 13.30<\/h6>\n<\/li>\n<li>\n<h6>lauantaina 21.11.2026 klo 13.30<\/h6>\n<\/li>\n<li>\n<h6>lauantaina 19.12.2026 klo 13.30<\/h6>\n<\/li>\n<li>\n<h6><\/h6>\n<\/li>\n<\/ul>\n<h6><span style=\"color: #ffffff;\">\u00b7<\/span><\/h6>\n<hr \/>\n<h6><span style=\"color: #ffffff;\">\u00b7<\/span><\/h6>\n<h1 style=\"text-align: center;\"><span style=\"color: #ff0000;\"><strong>RIPPITILAISUUS<\/strong><\/span><\/h1>\n<h6 style=\"text-align: center;\"><span style=\"color: #ffffff;\">\u00b7<\/span><\/h6>\n<h6>Puoli tuntia ennen messua ja sopimuksen mukaan.<\/h6>\n<h6 style=\"text-align: center;\"><span style=\"color: #ffffff;\">\u00b7<\/span><\/h6>\n<h5><span style=\"color: #000000;\">\u25ba \u00a0<a style=\"color: #000000;\" href=\"https:\/\/www.catholicturku.fi\/?page_id=541&amp;lang=fi\"><strong>YHTEYSTIEDOT<\/strong><\/a><\/span><\/h5>\n<p>&nbsp;<\/p>\n<hr \/>\n<h6><span style=\"color: #ffffff;\">\u00b7<\/span><\/h6>\n<h1 style=\"text-align: center;\"><span style=\"color: #ff0000;\"><strong>SIJAINTI<\/strong><\/span><\/h1>\n<h6 style=\"text-align: center;\"><span style=\"color: #ffffff;\">\u00b7<\/span><\/h6>\n<h5 style=\"text-align: center;\"><span style=\"color: #000000;\"><strong><a style=\"color: #000000;\" href=\"https:\/\/www.google.fi\/maps\/place\/Ursininkatu+15a,+20100+Turku\/@60.4492818,22.2482722,16z\/data=!4m5!3m4!1s0x468c76ff5e84a73b:0x68bf8f971e74a137!8m2!3d60.4499851!4d22.2546002\" target=\"_blank\" rel=\"noopener noreferrer\">Ursininkatu 15 a<br \/>\nTURKU<\/a><\/strong><\/span><\/h5>\n<h6 style=\"text-align: center;\"><span style=\"color: #ffffff;\">\u00b7<\/span><\/h6>\n<h6 style=\"text-align: center;\"><span style=\"color: #000000;\"><a style=\"color: #000000;\" href=\"https:\/\/www.ilmatieteenlaitos.fi\/saa\/turku\" target=\"_blank\" rel=\"noopener\"><strong>S\u00e4\u00e4 Turussa<\/strong><\/a><\/span><\/h6>\n<h6 style=\"text-align: center;\"><span style=\"color: #ffffff;\">\u00b7<\/span><\/h6>\n<p><a href=\"https:\/\/www.google.fi\/maps\/place\/Ursininkatu+15a,+20100+Turku\/@60.4492818,22.2482722,16z\/data=!4m5!3m4!1s0x468c76ff5e84a73b:0x68bf8f971e74a137!8m2!3d60.4499851!4d22.2546002\" target=\"_blank\" rel=\"noopener noreferrer\"><img loading=\"lazy\" decoding=\"async\" class=\"aligncenter\" src=\"http:\/\/www.catholicturku.fi\/wp-content\/uploads\/churchmap-1024x619.png\" alt=\"\" width=\"1024\" height=\"619\" \/><\/a><\/p>\n<h6><\/h6>\n<p><a href=\"https:\/\/www.google.com\/maps\/d\/viewer?ll=60.50710096676241%2C21.450805476562437&amp;spn=6.939149%2C18.676758&amp;hl=en&amp;msa=0&amp;source=embed&amp;ie=UTF8&amp;mid=1awM3YtpuKoUoUdVAodvYK1x2k0s&amp;z=8\" target=\"_blank\" rel=\"noopener noreferrer\"><img loading=\"lazy\" decoding=\"async\" class=\"aligncenter wp-image-16585\" src=\"https:\/\/www.catholicturku.fi\/wp-content\/uploads\/map-300x241.png\" alt=\"\" width=\"585\" height=\"470\" data-wp-pid=\"16585\" srcset=\"https:\/\/www.catholicturku.fi\/wp-content\/uploads\/map-300x241.png 300w, https:\/\/www.catholicturku.fi\/wp-content\/uploads\/map-150x121.png 150w, https:\/\/www.catholicturku.fi\/wp-content\/uploads\/map.png 523w\" sizes=\"auto, (max-width: 585px) 100vw, 585px\" \/><\/a><\/p>\n<h6><span style=\"color: #ffffff;\">\u00b7<\/span><\/h6>\n<hr \/>\n<h5>\u25ba\u00a0\u00a0<span style=\"color: #000000;\"><a style=\"color: #000000;\" href=\"https:\/\/www.catholicturku.fi\/?lang=fi\"><strong>P\u00c4\u00c4VALIKKO<\/strong><\/a><\/span><\/h5>\n<hr \/>\n<h6 style=\"text-align: center;\"><strong>Webmaster<\/strong><\/h6>\n<h6 style=\"text-align: center;\"><span style=\"color: #000000;\"><a style=\"color: #000000;\" href=\"mailto:webmaster@romanos.fi\">webmaster (at) romanos.fi<\/a><\/span><\/h6>\n","protected":false},"excerpt":{"rendered":"<p>&nbsp; PYH\u00c4N BIRGITAN JA AUTUAAN HEMMINGIN katolinen seurakunta Turussa &nbsp; &nbsp; CHRISTUS RESURREXIT! Kristus nousi kuolleista! &nbsp; \u00b7 AJANKOHTAISTA \u00b7 Viikko-ohjelma Sunnuntait ja poikkeukset GOOGLE-kalenteri \u00b7 \u00b7 TIISTAINA 12.5.2026 18.00\u00a0 \u00a0P\u00e4\u00e4si\u00e4isajan messu suomeksi 18.45\u00a0 \u00a0Teologinen opintopiiri &nbsp; KESKIVIIKKONA 13.5.2026 Fatiman Neitsyt Maria 07.30\u00a0 \u00a0EI MESSUA 18.00\u00a0 \u00a0Messu suomeksi &amp; novena &nbsp; TORSTAINA 14.5.2026 Herran taivaaseenastuminen [&hellip;]<\/p>\n","protected":false},"author":1,"featured_media":0,"parent":0,"menu_order":2,"comment_status":"closed","ping_status":"closed","template":"","meta":{"footnotes":""},"class_list":["post-253","page","type-page","status-publish","hentry"],"_links":{"self":[{"href":"https:\/\/www.catholicturku.fi\/index.php?rest_route=\/wp\/v2\/pages\/253","targetHints":{"allow":["GET"]}}],"collection":[{"href":"https:\/\/www.catholicturku.fi\/index.php?rest_route=\/wp\/v2\/pages"}],"about":[{"href":"https:\/\/www.catholicturku.fi\/index.php?rest_route=\/wp\/v2\/types\/page"}],"author":[{"embeddable":true,"href":"https:\/\/www.catholicturku.fi\/index.php?rest_route=\/wp\/v2\/users\/1"}],"replies":[{"embeddable":true,"href":"https:\/\/www.catholicturku.fi\/index.php?rest_route=%2Fwp%2Fv2%2Fcomments&post=253"}],"version-history":[{"count":2818,"href":"https:\/\/www.catholicturku.fi\/index.php?rest_route=\/wp\/v2\/pages\/253\/revisions"}],"predecessor-version":[{"id":75724,"href":"https:\/\/www.catholicturku.fi\/index.php?rest_route=\/wp\/v2\/pages\/253\/revisions\/75724"}],"wp:attachment":[{"href":"https:\/\/www.catholicturku.fi\/index.php?rest_route=%2Fwp%2Fv2%2Fmedia&parent=253"}],"curies":[{"name":"wp","href":"https:\/\/api.w.org\/{rel}","templated":true}]}}