{"id":22833,"date":"2020-11-21T22:45:44","date_gmt":"2020-11-21T20:45:44","guid":{"rendered":"https:\/\/www.catholicturku.fi\/?page_id=22833"},"modified":"2024-11-20T16:48:45","modified_gmt":"2024-11-20T14:48:45","slug":"22833-2","status":"publish","type":"page","link":"https:\/\/www.catholicturku.fi\/?page_id=22833&lang=pt","title":{"rendered":"<b>Cemit\u00e9rio<\/b>"},"content":{"rendered":"<hr \/>\n<h4><span style=\"color: #ff0000;\"><strong>CONTA DO FUNDO DO CEMIT\u00c9RIO<\/strong><\/span><\/h4>\n<h6 style=\"padding-left: 30px;\">FI48 1547 3000 1007 52<br \/>\nNDEAFIHH<br \/>\n<span style=\"color: #ffffff;\">\u00b7<\/span><br \/>\nO outro cemit\u00e9rio cat\u00f3lico da Finl\u00e2ndia fica em Turku. O trabalho volunt\u00e1rio \u00e9 a principal forma de manter as condi\u00e7\u00f5es do cemit\u00e9rio, mas tamb\u00e9m \u00e9 preciso dinheiro.<\/h6>\n<p><span style=\"color: #ffffff;\">\u00b7<\/span><\/p>\n<hr \/>\n<p><span style=\"color: #ffffff;\">\u00b7<\/span><\/p>\n<h5><span style=\"color: #000000;\">\u25ba \u00a0<a style=\"color: #000000;\" href=\"https:\/\/www.google.com\/maps\/place\/Katolinen+hautausmaa\/@60.4306926,22.3018664,15z\/data=!4m5!3m4!1s0x468c7728c12f53dd:0xb9548759f305086f!8m2!3d60.430956!4d22.3073902?hl=fi\" target=\"_blank\" rel=\"noopener noreferrer\"><strong>Mapa geral do cemit\u00e9rio<\/strong><\/a><\/span><\/h5>\n<p>&nbsp;<\/p>\n<hr \/>\n<h4><span style=\"color: #ff0000;\"><strong>INSTRU\u00c7\u00c3O DE DIRE\u00c7\u00c3O (9):<\/strong><\/span><br \/>\n<span style=\"color: #ffffff;\">\u00b7<\/span><br \/>\n<img loading=\"lazy\" decoding=\"async\" class=\"alignnone wp-image-549\" src=\"http:\/\/www.catholicturku.fi\/wp-content\/uploads\/Hautausmaa-300x170.jpg\" alt=\"\" width=\"588\" height=\"333\" data-wp-pid=\"549\" srcset=\"https:\/\/www.catholicturku.fi\/wp-content\/uploads\/Hautausmaa-300x170.jpg 300w, https:\/\/www.catholicturku.fi\/wp-content\/uploads\/Hautausmaa-150x85.jpg 150w, https:\/\/www.catholicturku.fi\/wp-content\/uploads\/Hautausmaa-768x434.jpg 768w, https:\/\/www.catholicturku.fi\/wp-content\/uploads\/Hautausmaa.jpg 1024w, https:\/\/www.catholicturku.fi\/wp-content\/uploads\/Hautausmaa-800x452.jpg 800w, https:\/\/www.catholicturku.fi\/wp-content\/uploads\/Hautausmaa-600x339.jpg 600w\" sizes=\"auto, (max-width: 588px) 100vw, 588px\" \/><\/h4>\n<p>&nbsp;<\/p>\n<hr \/>\n<h5>\u25ba\u00a0\u00a0<span style=\"color: #000000;\"><a style=\"color: #000000;\" href=\"https:\/\/www.catholicturku.fi\/?lang=pt\"><strong>MENU PRINCIPAL<\/strong><\/a><\/span><\/h5>\n<h5>\u25ba\u00a0 <span style=\"color: #000000;\"><strong><a style=\"color: #000000;\" href=\"https:\/\/www.catholicturku.fi\/?page_id=22794&amp;lang=pt\">IN\u00cdCIO<\/a><\/strong><\/span><\/h5>\n<hr \/>\n<h6 style=\"text-align: center;\"><strong>Webmaster<\/strong><\/h6>\n<h6 style=\"text-align: center;\"><span style=\"color: #000000;\"><a style=\"color: #000000;\" href=\"mailto:webmaster@romanos.fi\">webmaster (at) romanos.fi<\/a><\/span><\/h6>\n","protected":false},"excerpt":{"rendered":"<p>CONTA DO FUNDO DO CEMIT\u00c9RIO FI48 1547 3000 1007 52 NDEAFIHH \u00b7 O outro cemit\u00e9rio cat\u00f3lico da Finl\u00e2ndia fica em Turku. O trabalho volunt\u00e1rio \u00e9 a principal forma de manter as condi\u00e7\u00f5es do cemit\u00e9rio, mas tamb\u00e9m \u00e9 preciso dinheiro. \u00b7 \u00b7 \u25ba \u00a0Mapa geral do cemit\u00e9rio &nbsp; INSTRU\u00c7\u00c3O DE DIRE\u00c7\u00c3O (9): \u00b7 &nbsp; \u25ba\u00a0\u00a0MENU PRINCIPAL [&hellip;]<\/p>\n","protected":false},"author":1,"featured_media":0,"parent":0,"menu_order":510,"comment_status":"closed","ping_status":"closed","template":"","meta":{"footnotes":""},"class_list":["post-22833","page","type-page","status-publish","hentry"],"_links":{"self":[{"href":"https:\/\/www.catholicturku.fi\/index.php?rest_route=\/wp\/v2\/pages\/22833","targetHints":{"allow":["GET"]}}],"collection":[{"href":"https:\/\/www.catholicturku.fi\/index.php?rest_route=\/wp\/v2\/pages"}],"about":[{"href":"https:\/\/www.catholicturku.fi\/index.php?rest_route=\/wp\/v2\/types\/page"}],"author":[{"embeddable":true,"href":"https:\/\/www.catholicturku.fi\/index.php?rest_route=\/wp\/v2\/users\/1"}],"replies":[{"embeddable":true,"href":"https:\/\/www.catholicturku.fi\/index.php?rest_route=%2Fwp%2Fv2%2Fcomments&post=22833"}],"version-history":[{"count":10,"href":"https:\/\/www.catholicturku.fi\/index.php?rest_route=\/wp\/v2\/pages\/22833\/revisions"}],"predecessor-version":[{"id":62950,"href":"https:\/\/www.catholicturku.fi\/index.php?rest_route=\/wp\/v2\/pages\/22833\/revisions\/62950"}],"wp:attachment":[{"href":"https:\/\/www.catholicturku.fi\/index.php?rest_route=%2Fwp%2Fv2%2Fmedia&parent=22833"}],"curies":[{"name":"wp","href":"https:\/\/api.w.org\/{rel}","templated":true}]}}