{"id":22831,"date":"2020-11-21T22:45:26","date_gmt":"2020-11-21T20:45:26","guid":{"rendered":"https:\/\/www.catholicturku.fi\/?page_id=22831"},"modified":"2024-11-20T16:44:13","modified_gmt":"2024-11-20T14:44:13","slug":"22831-2","status":"publish","type":"page","link":"https:\/\/www.catholicturku.fi\/?page_id=22831&lang=pt","title":{"rendered":"<b>Taxa de ades\u00e3o e na coleta<\/b>"},"content":{"rendered":"<hr \/>\n<h4><span style=\"color: #ff0000;\"><strong>TAXA DE ADES\u00c3O<\/strong><\/span><\/h4>\n<h6><span style=\"color: #ffffff;\">\u00b7<\/span><\/h6>\n<h6><strong>Caros membros da Diocese!<\/strong><\/h6>\n<h6><span style=\"color: #ffffff;\">\u00b7<\/span><\/h6>\n<h6>Mudan\u00e7as econ\u00f4micas recentes, incluindo novas regras sobre sal\u00e1rios de sacerdotes, levantaram muitas quest\u00f5es entre os membros de nossa diocese. As pessoas podem se perguntar em particular como a Igreja na Finl\u00e2ndia sobreviver\u00e1 nas novas circunst\u00e2ncias. Portanto, desejo esclarecer como os membros da diocese podem sustentar financeiramente a Igreja. Ao mesmo tempo, tamb\u00e9m quero sublinhar a sua obriga\u00e7\u00e3o nesta mat\u00e9ria. Na Igreja Cat\u00f3lica, cada paroquiano \u00e9 obrigado a apoiar a Igreja e a par\u00f3quia, tamb\u00e9m financeiramente, de acordo com a sua capacidade. Na Diocese Cat\u00f3lica de Helsinki, a partir do in\u00edcio de 2018, \u00e9 implementado da seguinte forma:<\/h6>\n<h6><span style=\"color: #ffffff;\">\u00b7<\/span><\/h6>\n<h6><strong>Todo cat\u00f3lico com mais de 18 anos deve pagar 1,5% de sua renda tribut\u00e1vel \u00e0 conta banc\u00e1ria da taxa de filia\u00e7\u00e3o de sua pr\u00f3pria par\u00f3quia. <\/strong><\/h6>\n<h6><span style=\"color: #ffffff;\">\u00b7<\/span><\/h6>\n<h6><span style=\"color: #000000;\">\u25ba \u00a0<a style=\"color: #000000;\" href=\"https:\/\/katolinen.fi\/jasenmaksu\/\" target=\"_blank\" rel=\"noopener noreferrer\"><strong>LER MAIS AQUI<\/strong><\/a><\/span><\/h6>\n<h6><span style=\"color: #ffffff;\">\u00b7<\/span><\/h6>\n<h6>Obviamente, n\u00e3o \u00e9 necess\u00e1rio pagar, pelo menos o valor total, se estiver em uma situa\u00e7\u00e3o financeira dif\u00edcil. O m\u00e9todo de pagamento recomendado \u00e9 uma transfer\u00eancia autom\u00e1tica mensal para a conta da taxa de ades\u00e3o da par\u00f3quia. Cada par\u00f3quia distribui regularmente cerca de 10% da receita que arrecadou para o uso da diocese. A diocese precisa dessa renda para a manuten\u00e7\u00e3o de fun\u00e7\u00f5es comuns, incluindo, entre outras coisas, o apoio a par\u00f3quias que n\u00e3o s\u00e3o financeiramente independentes.<\/h6>\n<h6><span style=\"color: #ffffff;\">\u00b7<\/span><\/h6>\n<h6><strong>Este guia remove todas as instru\u00e7\u00f5es anteriores sobre apoio financeiro para a Igreja. <\/strong><\/h6>\n<h6><span style=\"color: #ffffff;\">\u00b7<\/span><\/h6>\n<h6>No entanto, tamb\u00e9m se pode apoiar a diocese diretamente, como antes. Al\u00e9m disso, os membros da diocese s\u00e3o obrigados a pagar a assinatura anual do jornal diocesano Fides, que \u00e9 enviado a todas as casas cat\u00f3licas. Obrigado a todos aqueles que j\u00e1 apoiam a Igreja!<\/h6>\n<h6><span style=\"color: #ffffff;\">\u00b7<\/span><\/h6>\n<h6>Helsinki 8.1.2018<\/h6>\n<h6><span style=\"color: #ffffff;\">\u00b7<\/span><\/h6>\n<h6><span style=\"color: #0000ff;\"><strong>+ Teemu Sippo SCJ<\/strong><\/span><br \/>\nBispo de Helsinki<\/h6>\n<p>&nbsp;<\/p>\n<hr \/>\n<h4><span style=\"color: #ff0000;\"><strong>CONTA DA PAR\u00d3QUIA<\/strong><\/span><\/h4>\n<h6 style=\"padding-left: 30px;\">FI40 1547 3000 0005 98<br \/>\nNDEAFIHH<br \/>\n<span style=\"color: #ffffff;\">\u00b7<\/span><br \/>\nN\u00famero de refer\u00eancia para<br \/>\ntaxa de ades\u00e3o <strong>90010<\/strong><\/h6>\n<h6><span style=\"color: #ffffff;\">\u00b7<\/span><\/h6>\n<h4><span style=\"color: #ff0000;\"><strong>CONTA DO FUNDO DO CEMIT\u00c9RIO<\/strong><\/span><\/h4>\n<h6 style=\"padding-left: 30px;\">FI48 1547 3000 1007 52<br \/>\nNDEAFIHH<br \/>\n<span style=\"color: #ffffff;\">\u00b7<\/span><br \/>\nO outro <span style=\"color: #000000;\"><a style=\"color: #000000;\" href=\"https:\/\/www.catholicturku.fi\/?page_id=22833&amp;lang=pt\"><strong>cemit\u00e9rio<\/strong><\/a><\/span> cat\u00f3lico da Finl\u00e2ndia fica em Turku. O trabalho volunt\u00e1rio \u00e9 a principal forma de manter as condi\u00e7\u00f5es do cemit\u00e9rio, mas tamb\u00e9m \u00e9 preciso dinheiro.<\/h6>\n<p>&nbsp;<\/p>\n<hr \/>\n<h4><span style=\"color: #ff0000;\"><strong>NA COLETA \u2013 MOBILEPAY 89652<\/strong><\/span><\/h4>\n<h6><span style=\"color: #ffffff;\">\u00b7<\/span><\/h6>\n<h6>Agora voc\u00ea pode dar sua contribui\u00e7\u00e3o da coleta atrav\u00e9s do aplicativo MobilePay usando seu smartphone. MobilePay \u00e9 como dinheiro. \u00c9 muito conveniente usar um smartphone para pagar a coleta do ofert\u00f3rio hoje em dia, quando o dinheiro n\u00e3o \u00e9 usado com tanta frequ\u00eancia como antes. Para fazer isso, voc\u00ea precisa baixar o aplicativo MobilePay na loja de aplicativos do seu smartphone. A loja de aplicativos mais comum para telefones Android \u00e9 o Google Play e para telefones Apple \u00e9 chamada de App Store.<\/h6>\n<h6><img loading=\"lazy\" decoding=\"async\" class=\"size-medium wp-image-54138 aligncenter\" src=\"https:\/\/www.catholicturku.fi\/wp-content\/uploads\/mobilepay-300x225.jpg\" alt=\"\" width=\"300\" height=\"225\" srcset=\"https:\/\/www.catholicturku.fi\/wp-content\/uploads\/mobilepay-300x225.jpg 300w, https:\/\/www.catholicturku.fi\/wp-content\/uploads\/mobilepay-150x113.jpg 150w, https:\/\/www.catholicturku.fi\/wp-content\/uploads\/mobilepay-768x576.jpg 768w, https:\/\/www.catholicturku.fi\/wp-content\/uploads\/mobilepay.jpg 866w\" sizes=\"auto, (max-width: 300px) 100vw, 300px\" \/><\/h6>\n<h6>O n\u00famero MobilePay da nossa par\u00f3quia \u00e9 <strong>89652<\/strong>. Voc\u00ea ver\u00e1 uma foto do pr\u00e9dio da nossa igreja e o texto <em>\u201cTurun katolinen seurakunta\u201d<\/em>. Clique na imagem e digite o valor que voc\u00ea deseja contribuir. O\u00a0valor que escolheu ser\u00e1 transferido da sua conta banc\u00e1ria para a conta banc\u00e1ria da freguesia. O extrato mostra o nome do remetente e o valor.<\/h6>\n<p>&nbsp;<\/p>\n<hr \/>\n<h5>\u25ba\u00a0\u00a0<span style=\"color: #000000;\"><a style=\"color: #000000;\" href=\"https:\/\/www.catholicturku.fi\/?lang=pt\"><strong>MENU PRINCIPAL<\/strong><\/a><\/span><\/h5>\n<h5>\u25ba\u00a0 <span style=\"color: #000000;\"><strong><a style=\"color: #000000;\" href=\"https:\/\/www.catholicturku.fi\/?page_id=22794&amp;lang=pt\">IN\u00cdCIO<\/a><\/strong><\/span><\/h5>\n<hr \/>\n<h6 style=\"text-align: center;\"><strong>Webmaster<\/strong><\/h6>\n<h6 style=\"text-align: center;\"><span style=\"color: #000000;\"><a style=\"color: #000000;\" href=\"mailto:webmaster@romanos.fi\">webmaster (at) romanos.fi<\/a><\/span><\/h6>\n","protected":false},"excerpt":{"rendered":"<p>TAXA DE ADES\u00c3O \u00b7 Caros membros da Diocese! \u00b7 Mudan\u00e7as econ\u00f4micas recentes, incluindo novas regras sobre sal\u00e1rios de sacerdotes, levantaram muitas quest\u00f5es entre os membros de nossa diocese. As pessoas podem se perguntar em particular como a Igreja na Finl\u00e2ndia sobreviver\u00e1 nas novas circunst\u00e2ncias. Portanto, desejo esclarecer como os membros da diocese podem sustentar financeiramente [&hellip;]<\/p>\n","protected":false},"author":1,"featured_media":0,"parent":0,"menu_order":509,"comment_status":"closed","ping_status":"closed","template":"","meta":{"footnotes":""},"class_list":["post-22831","page","type-page","status-publish","hentry"],"_links":{"self":[{"href":"https:\/\/www.catholicturku.fi\/index.php?rest_route=\/wp\/v2\/pages\/22831","targetHints":{"allow":["GET"]}}],"collection":[{"href":"https:\/\/www.catholicturku.fi\/index.php?rest_route=\/wp\/v2\/pages"}],"about":[{"href":"https:\/\/www.catholicturku.fi\/index.php?rest_route=\/wp\/v2\/types\/page"}],"author":[{"embeddable":true,"href":"https:\/\/www.catholicturku.fi\/index.php?rest_route=\/wp\/v2\/users\/1"}],"replies":[{"embeddable":true,"href":"https:\/\/www.catholicturku.fi\/index.php?rest_route=%2Fwp%2Fv2%2Fcomments&post=22831"}],"version-history":[{"count":25,"href":"https:\/\/www.catholicturku.fi\/index.php?rest_route=\/wp\/v2\/pages\/22831\/revisions"}],"predecessor-version":[{"id":62938,"href":"https:\/\/www.catholicturku.fi\/index.php?rest_route=\/wp\/v2\/pages\/22831\/revisions\/62938"}],"wp:attachment":[{"href":"https:\/\/www.catholicturku.fi\/index.php?rest_route=%2Fwp%2Fv2%2Fmedia&parent=22831"}],"curies":[{"name":"wp","href":"https:\/\/api.w.org\/{rel}","templated":true}]}}