{"id":22829,"date":"2020-11-21T22:44:57","date_gmt":"2020-11-21T20:44:57","guid":{"rendered":"https:\/\/www.catholicturku.fi\/?page_id=22829"},"modified":"2024-11-20T16:39:09","modified_gmt":"2024-11-20T14:39:09","slug":"22829-2","status":"publish","type":"page","link":"https:\/\/www.catholicturku.fi\/?page_id=22829&lang=pt","title":{"rendered":"<b>R\u00e1dio e televis\u00e3o<\/b>"},"content":{"rendered":"<hr \/>\n<h4><strong><span style=\"color: #ff0000;\">Conte\u00fado dispon\u00edvel na p\u00e1gina em finland\u00eas<\/span><\/strong><\/h4>\n<p>&nbsp;<\/p>\n<h5 style=\"padding-left: 30px;\"><strong>\u25ba <span style=\"color: #000000;\"><a style=\"color: #000000;\" href=\"https:\/\/www.catholicturku.fi\/?page_id=729&amp;lang=fi\">Radio ja TV<\/a><\/span><\/strong><\/h5>\n<p>&nbsp;<\/p>\n<hr \/>\n<h5>\u25ba\u00a0\u00a0<span style=\"color: #000000;\"><a style=\"color: #000000;\" href=\"https:\/\/www.catholicturku.fi\/?lang=pt\"><strong>MENU PRINCIPAL<\/strong><\/a><\/span><\/h5>\n<h5>\u25ba\u00a0 <span style=\"color: #000000;\"><strong><a style=\"color: #000000;\" href=\"https:\/\/www.catholicturku.fi\/?page_id=22794&amp;lang=pt\">IN\u00cdCIO<\/a><\/strong><\/span><\/h5>\n<hr \/>\n<h6 style=\"text-align: center;\"><strong>Webmaster<\/strong><\/h6>\n<h6 style=\"text-align: center;\"><span style=\"color: #000000;\"><a style=\"color: #000000;\" href=\"mailto:webmaster@romanos.fi\">webmaster (at) romanos.fi<\/a><\/span><\/h6>\n","protected":false},"excerpt":{"rendered":"<p>Conte\u00fado dispon\u00edvel na p\u00e1gina em finland\u00eas &nbsp; \u25ba Radio ja TV &nbsp; \u25ba\u00a0\u00a0MENU PRINCIPAL \u25ba\u00a0 IN\u00cdCIO Webmaster webmaster (at) romanos.fi<\/p>\n","protected":false},"author":1,"featured_media":0,"parent":0,"menu_order":508,"comment_status":"closed","ping_status":"closed","template":"","meta":{"footnotes":""},"class_list":["post-22829","page","type-page","status-publish","hentry"],"_links":{"self":[{"href":"https:\/\/www.catholicturku.fi\/index.php?rest_route=\/wp\/v2\/pages\/22829","targetHints":{"allow":["GET"]}}],"collection":[{"href":"https:\/\/www.catholicturku.fi\/index.php?rest_route=\/wp\/v2\/pages"}],"about":[{"href":"https:\/\/www.catholicturku.fi\/index.php?rest_route=\/wp\/v2\/types\/page"}],"author":[{"embeddable":true,"href":"https:\/\/www.catholicturku.fi\/index.php?rest_route=\/wp\/v2\/users\/1"}],"replies":[{"embeddable":true,"href":"https:\/\/www.catholicturku.fi\/index.php?rest_route=%2Fwp%2Fv2%2Fcomments&post=22829"}],"version-history":[{"count":10,"href":"https:\/\/www.catholicturku.fi\/index.php?rest_route=\/wp\/v2\/pages\/22829\/revisions"}],"predecessor-version":[{"id":62926,"href":"https:\/\/www.catholicturku.fi\/index.php?rest_route=\/wp\/v2\/pages\/22829\/revisions\/62926"}],"wp:attachment":[{"href":"https:\/\/www.catholicturku.fi\/index.php?rest_route=%2Fwp%2Fv2%2Fmedia&parent=22829"}],"curies":[{"name":"wp","href":"https:\/\/api.w.org\/{rel}","templated":true}]}}