{"id":1602,"date":"2019-05-15T10:46:26","date_gmt":"2019-05-15T07:46:26","guid":{"rendered":"http:\/\/www.catholicturku.fi\/?page_id=1602"},"modified":"2026-02-20T02:08:18","modified_gmt":"2026-02-20T00:08:18","slug":"calendrier-liturgique","status":"publish","type":"page","link":"https:\/\/www.catholicturku.fi\/?page_id=1602&lang=fr","title":{"rendered":"<b>Calendrier liturgique<\/b>"},"content":{"rendered":"<hr \/>\n<p>&nbsp;<\/p>\n<h6><img loading=\"lazy\" decoding=\"async\" class=\"size-medium wp-image-43741 aligncenter\" src=\"https:\/\/www.catholicturku.fi\/wp-content\/uploads\/Liturgical-Calendar-1-300x300.png\" alt=\"\" width=\"300\" height=\"300\" srcset=\"https:\/\/www.catholicturku.fi\/wp-content\/uploads\/Liturgical-Calendar-1-300x300.png 300w, https:\/\/www.catholicturku.fi\/wp-content\/uploads\/Liturgical-Calendar-1-1024x1024.png 1024w, https:\/\/www.catholicturku.fi\/wp-content\/uploads\/Liturgical-Calendar-1-150x150.png 150w, https:\/\/www.catholicturku.fi\/wp-content\/uploads\/Liturgical-Calendar-1-768x768.png 768w, https:\/\/www.catholicturku.fi\/wp-content\/uploads\/Liturgical-Calendar-1.png 1080w\" sizes=\"auto, (max-width: 300px) 100vw, 300px\" \/><\/h6>\n<p>&nbsp;<\/p>\n<h6><span style=\"color: #ff0000;\"><strong>En finnois:<br \/>\n<\/strong><\/span><\/h6>\n<h6 style=\"padding-left: 30px;\"><span style=\"color: #000000;\"><a style=\"color: #000000;\" href=\"https:\/\/katolinen.fi\/liturginen-kalenteri\/\" target=\"_blank\" rel=\"noopener\"><strong>Katolinen.fi \u00b7 Liturginen kalenteri<\/strong><\/a><\/span><\/h6>\n<p>&nbsp;<\/p>\n<h6><span style=\"color: #000000;\">En allemand:<\/span><\/h6>\n<h6 style=\"padding-left: 30px;\"><span style=\"color: #000000;\"><a style=\"color: #000000;\" href=\"https:\/\/www.eucharistiefeier.de\/lk\/api\/lko0000.html\" target=\"_blank\" rel=\"noopener noreferrer\"><strong>Liturgischer Kalender<\/strong><\/a><\/span><br \/>\n<span style=\"color: #000000;\"><a style=\"color: #000000;\" href=\"https:\/\/gcatholic.org\/calendar\/2026\/General-A-de\" target=\"_blank\" rel=\"noopener\"><strong>GCatholic.org \u00b7 Liturgischer Kalender<\/strong><\/a><\/span><\/h6>\n<p>&nbsp;<\/p>\n<h6><span style=\"color: #000000;\">En anglais:<\/span><\/h6>\n<h6 style=\"padding-left: 30px;\"><span style=\"color: #000000;\"><a style=\"color: #000000;\" href=\"https:\/\/www.liturgyoffice.org.uk\/Calendar\/2026\/index.shtml\" target=\"_blank\" rel=\"noopener\"><strong>Liturgy Office England &amp; Wales<\/strong><\/a><\/span><br \/>\n<span style=\"color: #000000;\"><a style=\"color: #000000;\" href=\"https:\/\/gcatholic.org\/calendar\/2026\/General-A-en\" target=\"_blank\" rel=\"noopener\"><strong>GCatholic.org \u00b7 Liturgical Calendar<\/strong><\/a><\/span><\/h6>\n<p>&nbsp;<\/p>\n<h6><span style=\"color: #000000;\">En chinois:<\/span><\/h6>\n<h6 style=\"padding-left: 30px;\"><span style=\"color: #000000;\"><a style=\"color: #000000;\" href=\"https:\/\/gcatholic.org\/calendar\/2026\/General-A-zt\" target=\"_blank\" rel=\"noopener\"><strong>GCatholic.org \u00b7 \u79ae\u5100\u5e74\u66c6<\/strong><\/a><\/span><\/h6>\n<p>&nbsp;<\/p>\n<h6><span style=\"color: #000000;\">En croate:<\/span><\/h6>\n<h6 style=\"padding-left: 30px;\"><span style=\"color: #000000;\"><a style=\"color: #000000;\" href=\"https:\/\/gcatholic.org\/calendar\/2026\/HR-hr\" target=\"_blank\" rel=\"noopener\"><strong>GCatholic.org \u00b7 Liturgijski kalendar<\/strong><\/a><\/span><\/h6>\n<p>&nbsp;<\/p>\n<h6><span style=\"color: #000000;\">En espagnol:<\/span><\/h6>\n<h6 style=\"padding-left: 30px;\"><span style=\"color: #000000;\"><a style=\"color: #000000;\" href=\"https:\/\/www.conferenciaepiscopal.es\/wp-content\/uploads\/2026\/01\/Calendario-Liturgico-CEE-2026.pdf\" target=\"_blank\" rel=\"noopener\"><strong>Conferencia Episcopal Espa\u00f1ola<\/strong><\/a><\/span><br \/>\n<span style=\"color: #000000;\"><a style=\"color: #000000;\" href=\"https:\/\/gcatholic.org\/calendar\/2026\/General-A-es\" target=\"_blank\" rel=\"noopener\"><strong>GCatholic.org \u00b7 Calend\u00e1rio Lit\u00fargico<\/strong><\/a><\/span><\/h6>\n<p>&nbsp;<\/p>\n<h6><span style=\"color: #ff0000;\"><strong>En fran\u00e7ais:<\/strong><\/span><\/h6>\n<h6 style=\"padding-left: 30px;\"><span style=\"color: #000000;\"><a style=\"color: #000000;\" href=\"https:\/\/www.aelf.org\/calendrier\/france\/2026\/02\" target=\"_blank\" rel=\"noopener\"><strong>AELF.org<\/strong><\/a><\/span><br \/>\n<span style=\"color: #000000;\"><a style=\"color: #000000;\" href=\"https:\/\/gcatholic.org\/calendar\/2026\/General-A-fr\" target=\"_blank\" rel=\"noopener\"><strong>GCatholic.org \u00b7 Calendrier Liturgique<\/strong><\/a><\/span><\/h6>\n<p>&nbsp;<\/p>\n<h6><span style=\"color: #000000;\">En italien:<\/span><\/h6>\n<h6 style=\"padding-left: 30px;\"><span style=\"color: #000000;\"><a style=\"color: #000000;\" href=\"https:\/\/www.lachiesa.it\/liturgia\/cal_romano.html\" target=\"_blank\" rel=\"noopener\"><strong>Calendario Romano<\/strong><\/a><br \/>\n<a style=\"color: #000000;\" href=\"https:\/\/gcatholic.org\/calendar\/2026\/General-A-it\" target=\"_blank\" rel=\"noopener\"><strong>GCatholic.org \u00b7 Calendario Liturgico<\/strong><\/a><\/span><\/h6>\n<p>&nbsp;<\/p>\n<h6><span style=\"color: #000000;\">En latin:<\/span><\/h6>\n<h6 style=\"padding-left: 30px;\"><span style=\"color: #000000;\"><a style=\"color: #000000;\" href=\"https:\/\/www.ocist.org\/ocist\/images\/pdf\/Directori2026.pdf\" target=\"_blank\" rel=\"noopener\"><strong>Directorium officii divini<\/strong><\/a><\/span><br \/>\n<span style=\"color: #000000;\"><a style=\"color: #000000;\" href=\"https:\/\/gcatholic.org\/calendar\/2026\/General-A-la\" target=\"_blank\" rel=\"noopener\"><strong>GCatholic.org \u00b7 Calendarium Liturgicum<\/strong><\/a><\/span><\/h6>\n<p>&nbsp;<\/p>\n<h6><span style=\"color: #000000;\">En n\u00e9erlandais:<\/span><\/h6>\n<h6 style=\"padding-left: 30px;\"><span style=\"color: #000000;\"><a style=\"color: #000000;\" href=\"https:\/\/www.otheo.be\/icl\/liturgische-kalender\" target=\"_blank\" rel=\"noopener\"><strong>Otheo.be \u00b7 Liturgische kalender<\/strong><\/a><\/span><\/h6>\n<p>&nbsp;<\/p>\n<h6><span style=\"color: #000000;\">En polonais:<\/span><\/h6>\n<h6 style=\"padding-left: 30px;\"><span style=\"color: #000000;\"><a style=\"color: #000000;\" href=\"http:\/\/niezbednik.niedziela.pl\/liturgia\" target=\"_blank\" rel=\"noopener noreferrer\"><strong>Kalendarz liturgiczny<\/strong><\/a><\/span><br \/>\n<span style=\"color: #000000;\"><a style=\"color: #000000;\" href=\"https:\/\/gcatholic.org\/calendar\/2026\/PL-en\" target=\"_blank\" rel=\"noopener\"><strong>GCatholic.org \u00b7 Kalendarz liturgiczny<\/strong><\/a><\/span><\/h6>\n<p>&nbsp;<\/p>\n<h6><span style=\"color: #000000;\">En portugais:<\/span><\/h6>\n<h6 style=\"padding-left: 30px;\"><span style=\"color: #000000;\"><a style=\"color: #000000;\" href=\"https:\/\/gcatholic.org\/calendar\/2026\/General-A-pt\" target=\"_blank\" rel=\"noopener\"><strong>GCatholic.org \u00b7 Calend\u00e1rio Lit\u00fargico<\/strong><\/a><\/span><\/h6>\n<p>&nbsp;<\/p>\n<h6><span style=\"color: #000000;\">En russe:<\/span><\/h6>\n<h6 style=\"padding-left: 30px;\"><span style=\"color: #000000;\"><a style=\"color: #000000;\" href=\"http:\/\/www.claret.ru\/liturgy\/calendar.htm\" target=\"_blank\" rel=\"noopener noreferrer\"><b>\u041a\u0430\u043b\u0435\u043d\u0434\u0430\u0440 \u0434\u043b\u044f \u0420\u043e\u0441\u0441\u0438\u0439\u0441\u043a\u0438\u0445 \u043b\u0430\u0442\u0438\u043d\u0441\u043a\u0438\u0445 \u0435\u043f\u0430\u0440\u0445\u0438\u0439<\/b><\/a><\/span><\/h6>\n<p>&nbsp;<\/p>\n<h6><span style=\"color: #000000;\">En su\u00e9dois:<\/span><\/h6>\n<h6 style=\"padding-left: 30px;\"><span style=\"color: #000000;\"><a style=\"color: #000000;\" href=\"https:\/\/www.katolskakyrkan.se\/media\/7705\/ordo2025-2026_lowresnew.pdf\" target=\"_blank\" rel=\"noopener\"><strong>ORDO 2025\u20132026<\/strong><\/a><\/span><\/h6>\n<p>&nbsp;<\/p>\n<h6><span style=\"color: #000000;\">En tagalog:<\/span><\/h6>\n<h6 style=\"padding-left: 30px;\"><span style=\"color: #000000;\"><a style=\"color: #000000;\" href=\"http:\/\/www.awitatpapuri.com\/\" target=\"_blank\" rel=\"noopener noreferrer\"><strong>Awit at Papuri<\/strong><\/a><\/span><\/h6>\n<p>&nbsp;<\/p>\n<h6><span style=\"color: #000000;\">En ukrainien:<\/span><\/h6>\n<h6 style=\"padding-left: 30px;\"><span style=\"color: #000000;\"><a style=\"color: #000000;\" href=\"http:\/\/munkacs-diocese.org\/ua\/kalendar-mukachivskoyi-diyetseziyi\/\" target=\"_blank\" rel=\"noopener noreferrer\"><strong>\u041a\u0430\u043b\u0435\u043d\u0434\u0430\u0440 \u041c\u0443\u043a\u0430\u0447i\u0432\u0441\u044c\u043a\u043e\u00ef \u0414i\u0454\u0446\u0435\u0437i\u00ef<br \/>\n\u0420\u0438\u043c\u0441\u044c\u043a\u043e-\u041a\u0430\u0442\u043e\u043b\u0438\u0446\u044c\u043a\u043e\u00ef \u0426\u0435\u0440\u043a\u0432\u0438<\/strong><\/a><\/span><\/h6>\n<p>&nbsp;<\/p>\n<h6><span style=\"color: #000000;\">En vietnamien:<\/span><\/h6>\n<h6 style=\"padding-left: 30px;\"><span style=\"color: #000000;\"><a style=\"color: #000000;\" href=\"http:\/\/www.cgvdt.vn\/lich-cong-giao\" target=\"_blank\" rel=\"noopener noreferrer\"><b>L\u1ecbch\u00a0<strong>C\u00f4ng Gi\u00e1o<\/strong><\/b><\/a><\/span><\/h6>\n<p>&nbsp;<\/p>\n<hr \/>\n<h4><span style=\"color: #ff0000;\"><strong>GR\u00c9CO-CATHOLIQUES<\/strong><\/span><\/h4>\n<h6 style=\"text-align: center;\"><span style=\"color: #ffffff;\">\u00b7<\/span><\/h6>\n<h6><span style=\"color: #000000;\">En hongrois:<\/span><\/h6>\n<h6 style=\"padding-left: 30px;\"><span style=\"color: #000000;\"><strong><a style=\"color: #000000;\" href=\"http:\/\/hd.gorogkatolikus.hu\/hirek-esemenynaptar\" target=\"_blank\" rel=\"noopener noreferrer\">Napt\u00e1r (Hajd\u00fadorogi F\u0151egyh\u00e1zmegye)<\/a><\/strong><\/span><\/h6>\n<p>&nbsp;<\/p>\n<h6><span style=\"color: #000000;\">En ukrainien:<\/span><\/h6>\n<h6 style=\"padding-left: 30px;\"><span style=\"color: #000000;\"><a style=\"color: #000000;\" href=\"https:\/\/ugcc.ua\/data\/tserkovnyy-kalendar-ugkts-na-2026-rik-8059\/\" target=\"_blank\" rel=\"noopener\"><strong>\u0426\u0435\u0440\u043a\u043e\u0432\u043d\u0438\u0439 \u043a\u0430\u043b\u0435\u043d\u0434\u0430\u0440 \u0423\u0413\u041a\u0426 (\u0414\u0438\u0432\u0435\u043d\u0421\u0432i\u0442)<\/strong><\/a><\/span><\/h6>\n<p>&nbsp;<\/p>\n<hr \/>\n<h5>\u25ba\u00a0\u00a0<span style=\"color: #000000;\"><a style=\"color: #000000;\" href=\"https:\/\/www.catholicturku.fi\/?lang=fr\"><strong>MENU PRINCIPAL<\/strong><\/a><\/span><br \/>\n\u25ba\u00a0\u00a0<span style=\"color: #000000;\"><a style=\"color: #000000;\" href=\"https:\/\/www.catholicturku.fi\/?page_id=1324&amp;lang=fr\"><strong>PAGE D&#8217;ACCUEIL<\/strong><\/a><\/span><\/h5>\n<hr \/>\n<h6 style=\"text-align: center;\"><strong>Webmaster<\/strong><\/h6>\n<h6 style=\"text-align: center;\"><span style=\"color: #000000;\"><a style=\"color: #000000;\" href=\"mailto:webmaster@romanos.fi\">webmaster (at) romanos.fi<\/a><\/span><\/h6>\n","protected":false},"excerpt":{"rendered":"<p>&nbsp; &nbsp; En finnois: Katolinen.fi \u00b7 Liturginen kalenteri &nbsp; En allemand: Liturgischer Kalender GCatholic.org \u00b7 Liturgischer Kalender &nbsp; En anglais: Liturgy Office England &amp; Wales GCatholic.org \u00b7 Liturgical Calendar &nbsp; En chinois: GCatholic.org \u00b7 \u79ae\u5100\u5e74\u66c6 &nbsp; En croate: GCatholic.org \u00b7 Liturgijski kalendar &nbsp; En espagnol: Conferencia Episcopal Espa\u00f1ola GCatholic.org \u00b7 Calend\u00e1rio Lit\u00fargico &nbsp; En fran\u00e7ais: [&hellip;]<\/p>\n","protected":false},"author":1,"featured_media":0,"parent":0,"menu_order":463,"comment_status":"closed","ping_status":"closed","template":"","meta":{"footnotes":""},"class_list":["post-1602","page","type-page","status-publish","hentry"],"_links":{"self":[{"href":"https:\/\/www.catholicturku.fi\/index.php?rest_route=\/wp\/v2\/pages\/1602","targetHints":{"allow":["GET"]}}],"collection":[{"href":"https:\/\/www.catholicturku.fi\/index.php?rest_route=\/wp\/v2\/pages"}],"about":[{"href":"https:\/\/www.catholicturku.fi\/index.php?rest_route=\/wp\/v2\/types\/page"}],"author":[{"embeddable":true,"href":"https:\/\/www.catholicturku.fi\/index.php?rest_route=\/wp\/v2\/users\/1"}],"replies":[{"embeddable":true,"href":"https:\/\/www.catholicturku.fi\/index.php?rest_route=%2Fwp%2Fv2%2Fcomments&post=1602"}],"version-history":[{"count":52,"href":"https:\/\/www.catholicturku.fi\/index.php?rest_route=\/wp\/v2\/pages\/1602\/revisions"}],"predecessor-version":[{"id":73878,"href":"https:\/\/www.catholicturku.fi\/index.php?rest_route=\/wp\/v2\/pages\/1602\/revisions\/73878"}],"wp:attachment":[{"href":"https:\/\/www.catholicturku.fi\/index.php?rest_route=%2Fwp%2Fv2%2Fmedia&parent=1602"}],"curies":[{"name":"wp","href":"https:\/\/api.w.org\/{rel}","templated":true}]}}