{"id":1596,"date":"2019-05-15T10:43:43","date_gmt":"2019-05-15T07:43:43","guid":{"rendered":"http:\/\/www.catholicturku.fi\/?page_id=1596"},"modified":"2024-11-20T16:48:32","modified_gmt":"2024-11-20T14:48:32","slug":"cimetiere","status":"publish","type":"page","link":"https:\/\/www.catholicturku.fi\/?page_id=1596&lang=fr","title":{"rendered":"<b>Cimeti\u00e8re<\/b>"},"content":{"rendered":"<hr \/>\n<h4><span style=\"color: #ff0000;\"><b>COMPTE DU FONDS DU CIMETI\u00c8RE<\/b><\/span><\/h4>\n<h6 style=\"padding-left: 30px;\">FI48 1547 3000 1007 52<br \/>\nNDEAFIHH<br \/>\n<span style=\"color: #ffffff;\">\u00b7<\/span><br \/>\nL\u2019un des deux\u00a0cimeti\u00e8res\u00a0catholiques de Finlande est situ\u00e9 \u00e0 Turku. Le travail b\u00e9n\u00e9vole est le principal moyen de maintenir l\u2019\u00e9tat du cimeti\u00e8re, mais il faut aussi de l\u2019argent.<\/h6>\n<p><span style=\"color: #ffffff;\">\u00b7<\/span><\/p>\n<hr \/>\n<p><span style=\"color: #ffffff;\">\u00b7<\/span><\/p>\n<h5><span style=\"color: #000000;\">\u25ba \u00a0<a style=\"color: #000000;\" href=\"https:\/\/www.google.com\/maps\/place\/Katolinen+hautausmaa\/@60.4306926,22.3018664,15z\/data=!4m5!3m4!1s0x468c7728c12f53dd:0xb9548759f305086f!8m2!3d60.430956!4d22.3073902?hl=fi\" target=\"_blank\" rel=\"noopener noreferrer\"><strong>Carte g\u00e9n\u00e9rale du cimeti\u00e8re<\/strong><\/a><\/span><\/h5>\n<p>&nbsp;<\/p>\n<hr \/>\n<h4><strong><span style=\"color: #ff0000;\">GUIDE DE CONDUITE (9):<\/span><br \/>\n<span style=\"color: #ffffff;\">\u00b7<\/span><br \/>\n<img loading=\"lazy\" decoding=\"async\" class=\"alignnone wp-image-549\" src=\"http:\/\/www.catholicturku.fi\/wp-content\/uploads\/Hautausmaa-300x170.jpg\" alt=\"\" width=\"588\" height=\"333\" data-wp-pid=\"549\" srcset=\"https:\/\/www.catholicturku.fi\/wp-content\/uploads\/Hautausmaa-300x170.jpg 300w, https:\/\/www.catholicturku.fi\/wp-content\/uploads\/Hautausmaa-150x85.jpg 150w, https:\/\/www.catholicturku.fi\/wp-content\/uploads\/Hautausmaa-768x434.jpg 768w, https:\/\/www.catholicturku.fi\/wp-content\/uploads\/Hautausmaa.jpg 1024w, https:\/\/www.catholicturku.fi\/wp-content\/uploads\/Hautausmaa-800x452.jpg 800w, https:\/\/www.catholicturku.fi\/wp-content\/uploads\/Hautausmaa-600x339.jpg 600w\" sizes=\"auto, (max-width: 588px) 100vw, 588px\" \/><\/strong><\/h4>\n<p>&nbsp;<\/p>\n<hr \/>\n<h5>\u25ba\u00a0\u00a0<span style=\"color: #000000;\"><a style=\"color: #000000;\" href=\"https:\/\/www.catholicturku.fi\/?lang=fr\"><strong>MENU PRINCIPAL<\/strong><\/a><\/span><br \/>\n\u25ba\u00a0\u00a0<a href=\"https:\/\/www.catholicturku.fi\/?page_id=1324&amp;lang=fr\"><strong><span style=\"color: #000000;\">PAGE D&#8217;ACCUEIL<\/span><\/strong><\/a><\/h5>\n<hr \/>\n<h6 style=\"text-align: center;\"><strong>Webmaster<\/strong><\/h6>\n<h6 style=\"text-align: center;\"><span style=\"color: #000000;\"><a style=\"color: #000000;\" href=\"mailto:webmaster@romanos.fi\">webmaster (at) romanos.fi<\/a><\/span><\/h6>\n","protected":false},"excerpt":{"rendered":"<p>COMPTE DU FONDS DU CIMETI\u00c8RE FI48 1547 3000 1007 52 NDEAFIHH \u00b7 L\u2019un des deux\u00a0cimeti\u00e8res\u00a0catholiques de Finlande est situ\u00e9 \u00e0 Turku. Le travail b\u00e9n\u00e9vole est le principal moyen de maintenir l\u2019\u00e9tat du cimeti\u00e8re, mais il faut aussi de l\u2019argent. \u00b7 \u00b7 \u25ba \u00a0Carte g\u00e9n\u00e9rale du cimeti\u00e8re &nbsp; GUIDE DE CONDUITE (9): \u00b7 &nbsp; \u25ba\u00a0\u00a0MENU PRINCIPAL [&hellip;]<\/p>\n","protected":false},"author":1,"featured_media":0,"parent":0,"menu_order":460,"comment_status":"closed","ping_status":"closed","template":"","meta":{"footnotes":""},"class_list":["post-1596","page","type-page","status-publish","hentry"],"_links":{"self":[{"href":"https:\/\/www.catholicturku.fi\/index.php?rest_route=\/wp\/v2\/pages\/1596","targetHints":{"allow":["GET"]}}],"collection":[{"href":"https:\/\/www.catholicturku.fi\/index.php?rest_route=\/wp\/v2\/pages"}],"about":[{"href":"https:\/\/www.catholicturku.fi\/index.php?rest_route=\/wp\/v2\/types\/page"}],"author":[{"embeddable":true,"href":"https:\/\/www.catholicturku.fi\/index.php?rest_route=\/wp\/v2\/users\/1"}],"replies":[{"embeddable":true,"href":"https:\/\/www.catholicturku.fi\/index.php?rest_route=%2Fwp%2Fv2%2Fcomments&post=1596"}],"version-history":[{"count":25,"href":"https:\/\/www.catholicturku.fi\/index.php?rest_route=\/wp\/v2\/pages\/1596\/revisions"}],"predecessor-version":[{"id":62949,"href":"https:\/\/www.catholicturku.fi\/index.php?rest_route=\/wp\/v2\/pages\/1596\/revisions\/62949"}],"wp:attachment":[{"href":"https:\/\/www.catholicturku.fi\/index.php?rest_route=%2Fwp%2Fv2%2Fmedia&parent=1596"}],"curies":[{"name":"wp","href":"https:\/\/api.w.org\/{rel}","templated":true}]}}