{"id":1576,"date":"2019-05-15T10:31:21","date_gmt":"2019-05-15T07:31:21","guid":{"rendered":"http:\/\/www.catholicturku.fi\/?page_id=1576"},"modified":"2024-11-20T16:43:42","modified_gmt":"2024-11-20T14:43:42","slug":"quota-associativa","status":"publish","type":"page","link":"https:\/\/www.catholicturku.fi\/?page_id=1576&lang=it","title":{"rendered":"<b>Quota associativa e la colletta<\/b>"},"content":{"rendered":"<hr \/>\n<h4><span style=\"color: #ff0000;\"><strong>QUOTA ASSOCIATIVA<\/strong><\/span><\/h4>\n<h6><span style=\"color: #ffffff;\">\u00b7<\/span><\/h6>\n<h6><strong>Cari membri della diocesi!<\/strong><\/h6>\n<h6><span style=\"color: #ffffff;\">\u00b7<\/span><\/h6>\n<h6>I recenti cambiamenti economici, comprese le nuove regole sui salari dei sacerdoti, hanno provocato molte\u00a0domande tra i membri della nostra diocesi. Le persone possono in particolare chiedersi come sopravviver\u00e0\u00a0la Chiesa in Finlandia nelle nuove circostanze. Pertanto, desidero chiarire in che modo i membri della diocesi\u00a0possono sostenere finanziariamente la Chiesa. Allo stesso tempo, voglio anche sottolineare il loro obbligo in\u00a0questa materia. Nella Chiesa cattolica, ogni parrocchiano \u00e8 obbligato a sostenere la Chiesa e la parrocchia,\u00a0anche finanziariamente, secondo le sue capacit\u00e0. Nella diocesi cattolica di Helsinki, a partire dall&#8217;inizio del\u00a02018, questo \u00e8 implementato come segue:<\/h6>\n<h6><span style=\"color: #ffffff;\">\u00b7<\/span><\/h6>\n<h6><strong>Ogni cattolico di et\u00e0 superiore a 18 anni ha l&#8217;obbligo di pagare l&#8217;1,5% del suo reddito imponibile al conto\u00a0<\/strong><strong>bancario della quota associativa della propria parrocchia.<\/strong><\/h6>\n<h6><span style=\"color: #ffffff;\">\u00b7<\/span><\/h6>\n<h6><span style=\"color: #000000;\">\u25ba \u00a0<a style=\"color: #000000;\" href=\"https:\/\/katolinen.fi\/jasenmaksu\/\" target=\"_blank\" rel=\"noopener noreferrer\"><strong>LEGGI DI PI\u00d9 QUI<\/strong><\/a><\/span><\/h6>\n<h6><span style=\"color: #ffffff;\">\u00b7<\/span><\/h6>\n<h6>Ovviamente, non \u00e8 necessario pagare, almeno l&#8217;intero ammontare, se in gravi difficolt\u00e0 economiche. Il\u00a0metodo di pagamento consigliato \u00e8 un trasferimento automatico mensile al conto della quota associativa\u00a0della parrocchia. Ogni parrocchia fornisce regolarmente circa il 10% del reddito raccolto per l&#8217;utilizzo della\u00a0diocesi. La diocesi ha bisogno di queste entrate per il mantenimento di funzioni comuni, tra cui, tra l&#8217;altro,\u00a0sostenere quelle parrocchie che non sono finanziariamente indipendenti.<\/h6>\n<h6><span style=\"color: #ffffff;\">\u00b7<\/span><\/h6>\n<h6><strong>Questa linea guida elimina tutte le precedenti indicazioni sul sostegno finanziario per la Chiesa.<\/strong><\/h6>\n<h6><span style=\"color: #ffffff;\">\u00b7<\/span><\/h6>\n<h6>Tuttavia, si pu\u00f2 ancora sostenere direttamente la diocesi, proprio come prima. Inoltre, i membri della\u00a0diocesi sono ancora obbligati a pagare la quota annuale di abbonamento al giornale diocesano Fides, che\u00a0viene inviato a tutte le case cattoliche. Grazie a tutti quelli che gi\u00e0 sostengono la Chiesa!<\/h6>\n<h6><span style=\"color: #ffffff;\">\u00b7<\/span><\/h6>\n<h6>Helsinki 8.1.2018<\/h6>\n<h6><span style=\"color: #ffffff;\">\u00b7<\/span><\/h6>\n<h6><span style=\"color: #0000ff;\"><strong>+ Teemu Sippo SCJ<\/strong><\/span><br \/>\nVescovo di Helsinki<\/h6>\n<p>&nbsp;<\/p>\n<hr \/>\n<h4><span style=\"color: #ff0000;\"><strong>CONTO DELLA PARROCCHIA<\/strong><\/span><\/h4>\n<h6 style=\"padding-left: 30px;\">FI40 1547 3000 0005 98<br \/>\nNDEAFIHH<br \/>\n<span style=\"color: #ffffff;\">\u00b7<\/span><br \/>\nNumero di riferimento per<br \/>\nquota associativa<strong> 90010<\/strong><\/h6>\n<h6><span style=\"color: #ffffff;\">\u00b7<\/span><\/h6>\n<h4><span style=\"color: #ff0000;\"><b>CONTO DEL FONDO CIMITERIALE<\/b><\/span><\/h4>\n<h6 style=\"padding-left: 30px;\">FI48 1547 3000 1007 52<br \/>\nNDEAFIHH<br \/>\n<span style=\"color: #ffffff;\">\u00b7<\/span><br \/>\n<span style=\"color: #333333;\">Uno dei due <span style=\"color: #000000;\"><strong><a style=\"color: #000000;\" href=\"https:\/\/www.catholicturku.fi\/?page_id=1578&amp;lang=it\">cimiteri<\/a><\/strong><\/span>\u00a0cattolici in Finlandia si trova a Turku. Il volontariato \u00e8 il modo principale per mantenere\u00a0le condizioni del cimitero, ma anche i soldi sono necessari.<\/span><\/h6>\n<p>&nbsp;<\/p>\n<hr \/>\n<h4><span style=\"color: #ff0000;\"><strong>LA COLLETTA \u2013 MOBILEPAY 89652<\/strong><\/span><\/h4>\n<h6><span style=\"color: #ffffff;\">\u00b7<\/span><\/h6>\n<h6>Adesso puoi donare la tua colletta tramite l&#8217;app MobilePay utilizzando il tuo smartphone. MobilePay \u00e8 come i contanti. Al giorno d&#8217;oggi, quando il contante non viene utilizzato cos\u00ec frequentemente come in passato, \u00e8 molto comodo utilizzare uno smartphone per pagare la colletta dell&#8217;offertorio. Per fare ci\u00f2 devi scaricare l&#8217;app MobilePay dall&#8217;app store del tuo smartphone. L&#8217;app store pi\u00f9 comune per i telefoni Android \u00e8 Google Play mentre per i telefoni Apple si chiama App Store.<\/h6>\n<h6><img loading=\"lazy\" decoding=\"async\" class=\"size-medium wp-image-54138 aligncenter\" src=\"https:\/\/www.catholicturku.fi\/wp-content\/uploads\/mobilepay-300x225.jpg\" alt=\"\" width=\"300\" height=\"225\" srcset=\"https:\/\/www.catholicturku.fi\/wp-content\/uploads\/mobilepay-300x225.jpg 300w, https:\/\/www.catholicturku.fi\/wp-content\/uploads\/mobilepay-150x113.jpg 150w, https:\/\/www.catholicturku.fi\/wp-content\/uploads\/mobilepay-768x576.jpg 768w, https:\/\/www.catholicturku.fi\/wp-content\/uploads\/mobilepay.jpg 866w\" sizes=\"auto, (max-width: 300px) 100vw, 300px\" \/><\/h6>\n<h6>Il numero MobilePay della nostra parrocchia \u00e8 <strong>89652<\/strong>. Vedrai un&#8217;immagine della nostra chiesa e il testo <em>&#8221;Turun katolinen seurakunta&#8221;<\/em>. Clicca sull&#8217;immagine e inserisci l&#8217;importo che desideri contribuire.<\/h6>\n<h6>L&#8217;importo che hai scelto verr\u00e0 trasferito dal tuo conto bancario al conto bancario della parrocchia. L&#8217;estratto conto riporta il nome del mittente e l&#8217;importo.<\/h6>\n<p>&nbsp;<\/p>\n<hr \/>\n<h5>\u25ba\u00a0\u00a0<span style=\"color: #000000;\"><a style=\"color: #000000;\" href=\"https:\/\/www.catholicturku.fi\/?lang=it\"><strong>INDICE<\/strong><\/a><\/span><br \/>\n\u25ba\u00a0\u00a0<span style=\"color: #000000;\"><a style=\"color: #000000;\" href=\"https:\/\/www.catholicturku.fi\/?page_id=1299&amp;lang=it\"><strong>PAGINA INIZIALE<\/strong><\/a><\/span><\/h5>\n<hr \/>\n<h6 style=\"text-align: center;\"><strong>Webmaster<\/strong><\/h6>\n<h6 style=\"text-align: center;\"><span style=\"color: #000000;\"><a style=\"color: #000000;\" href=\"mailto:webmaster@romanos.fi\">webmaster (at) romanos.fi<\/a><\/span><\/h6>\n","protected":false},"excerpt":{"rendered":"<p>QUOTA ASSOCIATIVA \u00b7 Cari membri della diocesi! \u00b7 I recenti cambiamenti economici, comprese le nuove regole sui salari dei sacerdoti, hanno provocato molte\u00a0domande tra i membri della nostra diocesi. Le persone possono in particolare chiedersi come sopravviver\u00e0\u00a0la Chiesa in Finlandia nelle nuove circostanze. Pertanto, desidero chiarire in che modo i membri della diocesi\u00a0possono sostenere finanziariamente [&hellip;]<\/p>\n","protected":false},"author":1,"featured_media":0,"parent":0,"menu_order":409,"comment_status":"closed","ping_status":"closed","template":"","meta":{"footnotes":""},"class_list":["post-1576","page","type-page","status-publish","hentry"],"_links":{"self":[{"href":"https:\/\/www.catholicturku.fi\/index.php?rest_route=\/wp\/v2\/pages\/1576","targetHints":{"allow":["GET"]}}],"collection":[{"href":"https:\/\/www.catholicturku.fi\/index.php?rest_route=\/wp\/v2\/pages"}],"about":[{"href":"https:\/\/www.catholicturku.fi\/index.php?rest_route=\/wp\/v2\/types\/page"}],"author":[{"embeddable":true,"href":"https:\/\/www.catholicturku.fi\/index.php?rest_route=\/wp\/v2\/users\/1"}],"replies":[{"embeddable":true,"href":"https:\/\/www.catholicturku.fi\/index.php?rest_route=%2Fwp%2Fv2%2Fcomments&post=1576"}],"version-history":[{"count":43,"href":"https:\/\/www.catholicturku.fi\/index.php?rest_route=\/wp\/v2\/pages\/1576\/revisions"}],"predecessor-version":[{"id":62936,"href":"https:\/\/www.catholicturku.fi\/index.php?rest_route=\/wp\/v2\/pages\/1576\/revisions\/62936"}],"wp:attachment":[{"href":"https:\/\/www.catholicturku.fi\/index.php?rest_route=%2Fwp%2Fv2%2Fmedia&parent=1576"}],"curies":[{"name":"wp","href":"https:\/\/api.w.org\/{rel}","templated":true}]}}