{"id":1572,"date":"2019-05-15T10:23:26","date_gmt":"2019-05-15T07:23:26","guid":{"rendered":"http:\/\/www.catholicturku.fi\/?page_id=1572"},"modified":"2024-11-20T15:52:25","modified_gmt":"2024-11-20T13:52:25","slug":"clero","status":"publish","type":"page","link":"https:\/\/www.catholicturku.fi\/?page_id=1572&lang=it","title":{"rendered":"<b>Clero<\/b>"},"content":{"rendered":"<hr \/>\n<p>&nbsp;<\/p>\n<p><img loading=\"lazy\" decoding=\"async\" class=\" wp-image-46436 aligncenter\" src=\"https:\/\/www.catholicturku.fi\/wp-content\/uploads\/SCJ-300x214.jpeg\" alt=\"\" width=\"534\" height=\"381\" srcset=\"https:\/\/www.catholicturku.fi\/wp-content\/uploads\/SCJ-300x214.jpeg 300w, https:\/\/www.catholicturku.fi\/wp-content\/uploads\/SCJ-1024x729.jpeg 1024w, https:\/\/www.catholicturku.fi\/wp-content\/uploads\/SCJ-150x107.jpeg 150w, https:\/\/www.catholicturku.fi\/wp-content\/uploads\/SCJ-768x547.jpeg 768w, https:\/\/www.catholicturku.fi\/wp-content\/uploads\/SCJ-1536x1094.jpeg 1536w, https:\/\/www.catholicturku.fi\/wp-content\/uploads\/SCJ-2048x1459.jpeg 2048w\" sizes=\"auto, (max-width: 534px) 100vw, 534px\" \/><\/p>\n<p>&nbsp;<\/p>\n<hr \/>\n<h4><span style=\"color: #ff0000;\"><strong>PARROCO<br \/>\n<\/strong><\/span><\/h4>\n<h6><img loading=\"lazy\" decoding=\"async\" class=\"size-full wp-image-622 alignleft\" src=\"http:\/\/www.catholicturku.fi\/wp-content\/uploads\/father-peter.jpg.1322834756577.jpg\" alt=\"\" width=\"158\" height=\"174\" data-wp-pid=\"622\" srcset=\"https:\/\/www.catholicturku.fi\/wp-content\/uploads\/father-peter.jpg.1322834756577.jpg 158w, https:\/\/www.catholicturku.fi\/wp-content\/uploads\/father-peter.jpg.1322834756577-136x150.jpg 136w\" sizes=\"auto, (max-width: 158px) 100vw, 158px\" \/>Il nostro parroco, padre <strong>Peter G\u0119bara (SCJ),<\/strong> \u00e8 nato il 10 maggio 1958 a Chorz\u00f3w, in Slesia, nel sud-ovest della Polonia. \u00c8 il sesto figlio di una famiglia di dieci figli. Ha frequentato la scuola dell\u00b4obbligo e il liceo della sua citt\u00e0 natale, dopo di che ha iniziato il suo noviziato nella comunit\u00e0 religiosa di sacerdoti e fratelli del sacro cuore di Ges\u00f9 (SCJ) a Pliszczyn, vicino a Lublino.\u00a0Dopo un anno come novizio ha continuato a studiare filosofia e teologia a Stadniki vicino a Cracovia. Ha conseguito il master in teologia morale. Fu ordinato sacerdote nel giugno 1986. La sua prima parrocchia fu la parrocchia di W\u0119gl\u00f3wka nella regione montuosa della Polonia meridionale. Da l\u00ec \u00e8 stato trasferito nella parrocchia di\u00a0Chmiel\u00f3w, nella Polonia centrale. Come sacerdote ha principalmente lavorato con bambini e adolescenti.<br \/>\n<span style=\"color: #ffffff;\">\u00b7<\/span><br \/>\nPadre Peter arriv\u00f2 in Finlandia il 21 luglio 1991. Ha iniziato come assistente sacerdote alla parrocchia della Santa Croce di Tampere dove ha anche iniziato i suoi studi in lingua finlandese e ha conosciuto la cultura e la societ\u00e0 finlandesi. Dopo un breve periodo, lui divenne parroco della vasta parrocchia della Santa Croce. \u00c8 stato assegnato dal vescovo come parroco della parrocchia di Santa Birgitta e del Beato Hemming a Turku il 1 gennaio 2003. Padre Peter \u00e8 conosciuto come un sacerdote impegnato, attivo, energico e allegro.<br \/>\n<span style=\"color: #ffffff;\">\u00b7<\/span><br \/>\n\u260f 0400 458128<br \/>\n\u260f +358 400 458128<br \/>\n\u2709\u00a0<span style=\"color: #000000;\"><strong><a style=\"color: #000000;\" href=\"mailto:peter.gebara@katolinen.fi\" target=\"_blank\" rel=\"noopener noreferrer\">peter.gebara (at) katolinen.fi<\/a><\/strong><\/span><\/h6>\n<p>&nbsp;<\/p>\n<hr \/>\n<h4><span style=\"color: #ff0000;\"><strong>VICARIO PARROCHIALE<\/strong><\/span><\/h4>\n<h6><img loading=\"lazy\" decoding=\"async\" class=\" wp-image-9300 alignright\" src=\"http:\/\/www.catholicturku.fi\/wp-content\/uploads\/stanzawilowicz15-300x300.jpg\" alt=\"\" width=\"156\" height=\"156\" data-wp-pid=\"9300\" srcset=\"https:\/\/www.catholicturku.fi\/wp-content\/uploads\/stanzawilowicz15-300x300.jpg 300w, https:\/\/www.catholicturku.fi\/wp-content\/uploads\/stanzawilowicz15-1024x1024.jpg 1024w, https:\/\/www.catholicturku.fi\/wp-content\/uploads\/stanzawilowicz15-150x150.jpg 150w, https:\/\/www.catholicturku.fi\/wp-content\/uploads\/stanzawilowicz15-768x768.jpg 768w, https:\/\/www.catholicturku.fi\/wp-content\/uploads\/stanzawilowicz15-800x800.jpg 800w, https:\/\/www.catholicturku.fi\/wp-content\/uploads\/stanzawilowicz15-1200x1200-cropped.jpg 1200w, https:\/\/www.catholicturku.fi\/wp-content\/uploads\/stanzawilowicz15.jpg 1363w\" sizes=\"auto, (max-width: 156px) 100vw, 156px\" \/>Il nostro vicario, padre <strong>Stanis\u0142aw Zawi\u0142owicz (SCJ)<\/strong>, \u00e8 nato il 15 aprile 1984 a Krynica-Gorska, nel sud della Polonia, e ordinato sacerdote il 23 maggio 2010 a Stadniki, vicino a Cracovia. \u00c8 arrivato in Finlandia il 28 agosto 2012.<br \/>\n<span style=\"color: #ffffff;\">\u00b7<\/span><br \/>\n\u260f 045 8407191<br \/>\n\u260f +358 45 8407191<br \/>\n\u2709\u00a0<span style=\"color: #000000;\"><strong><a style=\"color: #000000;\" href=\"mailto:stanislaw.zawilowicz@katolinen.fi\" target=\"_blank\" rel=\"noopener noreferrer\">stanislaw.zawilowicz (at) katolinen.fi<\/a><\/strong><\/span><\/h6>\n<p>&nbsp;<\/p>\n<hr \/>\n<h5>\u25ba\u00a0<span style=\"color: #000000;\">\u00a0<a style=\"color: #000000;\" href=\"https:\/\/www.catholicturku.fi\/?lang=it\"><strong>INDICE<\/strong><\/a><\/span><br \/>\n\u25ba\u00a0\u00a0<span style=\"color: #000000;\"><a style=\"color: #000000;\" href=\"https:\/\/www.catholicturku.fi\/?page_id=1299&amp;lang=it\"><strong>PAGINA INIZIALE<\/strong><\/a><\/span><\/h5>\n<hr \/>\n<h6 style=\"text-align: center;\"><strong>Webmaster<\/strong><\/h6>\n<h6 style=\"text-align: center;\"><span style=\"color: #000000;\"><a style=\"color: #000000;\" href=\"mailto:webmaster@romanos.fi\">webmaster (at) romanos.fi<\/a><\/span><\/h6>\n","protected":false},"excerpt":{"rendered":"<p>&nbsp; &nbsp; PARROCO Il nostro parroco, padre Peter G\u0119bara (SCJ), \u00e8 nato il 10 maggio 1958 a Chorz\u00f3w, in Slesia, nel sud-ovest della Polonia. \u00c8 il sesto figlio di una famiglia di dieci figli. Ha frequentato la scuola dell\u00b4obbligo e il liceo della sua citt\u00e0 natale, dopo di che ha iniziato il suo noviziato nella [&hellip;]<\/p>\n","protected":false},"author":1,"featured_media":0,"parent":0,"menu_order":404,"comment_status":"closed","ping_status":"closed","template":"","meta":{"footnotes":""},"class_list":["post-1572","page","type-page","status-publish","hentry"],"_links":{"self":[{"href":"https:\/\/www.catholicturku.fi\/index.php?rest_route=\/wp\/v2\/pages\/1572","targetHints":{"allow":["GET"]}}],"collection":[{"href":"https:\/\/www.catholicturku.fi\/index.php?rest_route=\/wp\/v2\/pages"}],"about":[{"href":"https:\/\/www.catholicturku.fi\/index.php?rest_route=\/wp\/v2\/types\/page"}],"author":[{"embeddable":true,"href":"https:\/\/www.catholicturku.fi\/index.php?rest_route=\/wp\/v2\/users\/1"}],"replies":[{"embeddable":true,"href":"https:\/\/www.catholicturku.fi\/index.php?rest_route=%2Fwp%2Fv2%2Fcomments&post=1572"}],"version-history":[{"count":37,"href":"https:\/\/www.catholicturku.fi\/index.php?rest_route=\/wp\/v2\/pages\/1572\/revisions"}],"predecessor-version":[{"id":62875,"href":"https:\/\/www.catholicturku.fi\/index.php?rest_route=\/wp\/v2\/pages\/1572\/revisions\/62875"}],"wp:attachment":[{"href":"https:\/\/www.catholicturku.fi\/index.php?rest_route=%2Fwp%2Fv2%2Fmedia&parent=1572"}],"curies":[{"name":"wp","href":"https:\/\/api.w.org\/{rel}","templated":true}]}}