{"id":1564,"date":"2019-05-15T10:15:32","date_gmt":"2019-05-15T07:15:32","guid":{"rendered":"http:\/\/www.catholicturku.fi\/?page_id=1564"},"modified":"2024-11-20T16:52:04","modified_gmt":"2024-11-20T14:52:04","slug":"nuestra-fe","status":"publish","type":"page","link":"https:\/\/www.catholicturku.fi\/?page_id=1564&lang=es","title":{"rendered":"<b>Nuestra fe<\/b>"},"content":{"rendered":"<hr \/>\n<h4><strong><span style=\"color: #ff0000;\">SAGRADA BIBLIA<\/span><img loading=\"lazy\" decoding=\"async\" class=\"size-full wp-image-600 alignright\" src=\"http:\/\/www.catholicturku.fi\/wp-content\/uploads\/bible.jpg\" alt=\"\" width=\"276\" height=\"182\" data-wp-pid=\"600\" srcset=\"https:\/\/www.catholicturku.fi\/wp-content\/uploads\/bible.jpg 276w, https:\/\/www.catholicturku.fi\/wp-content\/uploads\/bible-150x99.jpg 150w\" sizes=\"auto, (max-width: 276px) 100vw, 276px\" \/><\/strong><\/h4>\n<ul>\n<li>\n<h6><span style=\"color: #000000;\"><a style=\"color: #000000;\" href=\"http:\/\/www.vatican.va\/archive\/ESL0506\/_INDEX.HTM\" target=\"_blank\" rel=\"noopener noreferrer\"><strong>EN ESPA\u00d1OL<\/strong><\/a><\/span><\/h6>\n<\/li>\n<li>\n<h6><span style=\"color: #000000;\"><a style=\"color: #000000;\" href=\"https:\/\/www.wordproject.org\/bibles\/de\/index.htm\" target=\"_blank\" rel=\"noopener noreferrer\">En alem\u00e1n<\/a><\/span><\/h6>\n<\/li>\n<li>\n<h6><span style=\"color: #000000;\"><a style=\"color: #000000;\" href=\"https:\/\/www.wordproject.org\/bibles\/ar\/\" target=\"_blank\" rel=\"noopener noreferrer\">En \u00e1rabe<\/a><\/span><\/h6>\n<\/li>\n<li>\n<h6><span style=\"color: #000000;\"><a style=\"color: #000000;\" href=\"http:\/\/www.vatican.va\/chinese\/bibbia.htm\" target=\"_blank\" rel=\"noopener noreferrer\">En chino<\/a><\/span><\/h6>\n<\/li>\n<li>\n<h6><span style=\"color: #000000;\"><a style=\"color: #000000;\" href=\"https:\/\/pomog.org\/bible-church-slavonic\/\" target=\"_blank\" rel=\"noopener\">En eslavo eclesi\u00e1stico<\/a><\/span><\/h6>\n<\/li>\n<li>\n<h6><span style=\"color: #000000;\"><a style=\"color: #000000;\" href=\"https:\/\/www.wordproject.org\/bibles\/et\/index.htm\" target=\"_blank\" rel=\"noopener\">En estonio<\/a><\/span><\/h6>\n<\/li>\n<li>\n<h6><span style=\"color: #000000;\"><a style=\"color: #000000;\" href=\"https:\/\/www.wordproject.org\/bibles\/fi\/index.htm\" target=\"_blank\" rel=\"noopener noreferrer\">En finland\u00e9s<\/a><\/span><\/h6>\n<\/li>\n<li>\n<h6><span style=\"color: #000000;\"><a style=\"color: #000000;\" href=\"https:\/\/www.wordproject.org\/bibles\/fr\/index.htm\" target=\"_blank\" rel=\"noopener noreferrer\">En franc\u00e9s<\/a><\/span><\/h6>\n<\/li>\n<li>\n<h6><span style=\"color: #000000;\"><a style=\"color: #000000;\" href=\"http:\/\/www.myriobiblos.gr\/bible\/default.asp\" target=\"_blank\" rel=\"noopener noreferrer\">En griego<\/a><\/span><\/h6>\n<\/li>\n<li>\n<h6><span style=\"color: #000000;\"><a style=\"color: #000000;\" href=\"https:\/\/www.wordproject.org\/bibles\/he\/index.htm\" target=\"_blank\" rel=\"noopener\">En hebreo<\/a><\/span><\/h6>\n<\/li>\n<li>\n<h6><span style=\"color: #000000;\"><a style=\"color: #000000;\" href=\"http:\/\/www.vatican.va\/archive\/ENG0839\/_INDEX.HTM\" target=\"_blank\" rel=\"noopener noreferrer\">En ingl\u00e9s<\/a><\/span><\/h6>\n<\/li>\n<li>\n<h6><span style=\"color: #000000;\"><a style=\"color: #000000;\" href=\"http:\/\/www.vatican.va\/archive\/ITA0001\/_INDEX.HTM\" target=\"_blank\" rel=\"noopener noreferrer\">En italiano<\/a><\/span><\/h6>\n<\/li>\n<li>\n<h6><span style=\"color: #000000;\"><a style=\"color: #000000;\" href=\"http:\/\/www.vatican.va\/archive\/bible\/nova_vulgata\/documents\/nova-vulgata_index_lt.html\" target=\"_blank\" rel=\"noopener noreferrer\">En lat\u00edn (NovaVulgata)<\/a><\/span><\/h6>\n<\/li>\n<li>\n<h6><span style=\"color: #000000;\"><a style=\"color: #000000;\" href=\"https:\/\/www.wordproject.org\/bibles\/pl\/index.htm\" target=\"_blank\" rel=\"noopener noreferrer\">En polaco<\/a><\/span><\/h6>\n<\/li>\n<li>\n<h6><span style=\"color: #000000;\"><a style=\"color: #000000;\" href=\"https:\/\/www.wordproject.org\/bibles\/po\/index.htm\" target=\"_blank\" rel=\"noopener noreferrer\">En portugues<\/a><\/span><\/h6>\n<\/li>\n<li>\n<h6><span style=\"color: #000000;\"><a style=\"color: #000000;\" href=\"https:\/\/www.wordproject.org\/bibles\/ru\/index.htm\" target=\"_blank\" rel=\"noopener noreferrer\">En ruso<\/a><\/span><\/h6>\n<\/li>\n<li>\n<h6><span style=\"color: #000000;\"><a style=\"color: #000000;\" href=\"https:\/\/www.wordproject.org\/bibles\/se\/index.htm\" target=\"_blank\" rel=\"noopener noreferrer\">En sueco<\/a><\/span><\/h6>\n<\/li>\n<li>\n<h6><span style=\"color: #000000;\"><a style=\"color: #000000;\" href=\"https:\/\/wordproject.org\/bibles\/tl\/\" target=\"_blank\" rel=\"noopener noreferrer\">En tagalog<\/a><\/span><\/h6>\n<\/li>\n<li>\n<h6><span style=\"color: #000000;\"><a style=\"color: #000000;\" href=\"https:\/\/www.wordproject.org\/bibles\/uk\/index.htm\" target=\"_blank\" rel=\"noopener noreferrer\">En ukraniano<\/a><\/span><\/h6>\n<\/li>\n<li>\n<h6><span style=\"color: #000000;\"><a style=\"color: #000000;\" href=\"https:\/\/www.wordproject.org\/bibles\/vt\/index.htm\" target=\"_blank\" rel=\"noopener\">En vietnamita<\/a><\/span><\/h6>\n<\/li>\n<\/ul>\n<p>&nbsp;<\/p>\n<ul>\n<li>\n<h6><span style=\"color: #000000;\"><a style=\"color: #000000;\" href=\"https:\/\/www.wordproject.org\/bibles\/\" target=\"_blank\" rel=\"noopener noreferrer\">Biblia en diferentes idiomas<\/a><\/span><\/h6>\n<\/li>\n<li>\n<h6><span style=\"color: #000000;\"><strong><a style=\"color: #000000;\" href=\"https:\/\/www.ecatholic2000.com\/haydock\/title.shtml\" target=\"_blank\" rel=\"noopener noreferrer\">Haydock Catholic Bible Commentary<\/a><\/strong><\/span><\/h6>\n<\/li>\n<\/ul>\n<p>&nbsp;<\/p>\n<hr \/>\n<h4><span style=\"color: #ff0000;\"><strong>CATECISMO CAT\u00d3LICO<\/strong><\/span><\/h4>\n<ul>\n<li>\n<h6><span style=\"color: #000000;\"><strong><a style=\"color: #000000;\" href=\"http:\/\/www.vatican.va\/archive\/catechism_sp\/index_sp.html\" target=\"_blank\" rel=\"noopener noreferrer\">EN ESPA\u00d1OL<\/a><\/strong><\/span><\/h6>\n<\/li>\n<li>\n<h6><span style=\"color: #000000;\"><a style=\"color: #000000;\" href=\"http:\/\/www.vatican.va\/archive\/DEU0035\/_INDEX.HTM\" target=\"_blank\" rel=\"noopener noreferrer\">En alem\u00e1n<\/a><\/span><\/h6>\n<\/li>\n<li>\n<h6><span style=\"color: #000000;\"><a style=\"color: #000000;\" href=\"http:\/\/www.vatican.va\/chinese\/ccc_zh.htm\" target=\"_blank\" rel=\"noopener noreferrer\">En chino<\/a><\/span><\/h6>\n<\/li>\n<li>\n<h6><span style=\"color: #000000;\"><a style=\"color: #000000;\" href=\"http:\/\/katolinen.fi\/?page_id=7279\" target=\"_blank\" rel=\"noopener noreferrer\">En finland\u00e9s<\/a><\/span><\/h6>\n<\/li>\n<li>\n<h6><span style=\"color: #000000;\"><a style=\"color: #000000;\" href=\"http:\/\/www.vatican.va\/archive\/FRA0013\/_INDEX.HTM\" target=\"_blank\" rel=\"noopener noreferrer\">En franc\u00e9s<\/a><\/span><\/h6>\n<\/li>\n<li>\n<h6><span style=\"color: #000000;\"><a style=\"color: #000000;\" href=\"http:\/\/www.vatican.va\/archive\/ENG0015\/_INDEX.HTM\" target=\"_blank\" rel=\"noopener noreferrer\">En ingl\u00e9s<\/a><img loading=\"lazy\" decoding=\"async\" class=\" wp-image-57141 alignright\" src=\"https:\/\/www.catholicturku.fi\/wp-content\/uploads\/katekismus-300x300.jpg\" alt=\"\" width=\"140\" height=\"140\" srcset=\"https:\/\/www.catholicturku.fi\/wp-content\/uploads\/katekismus-300x300.jpg 300w, https:\/\/www.catholicturku.fi\/wp-content\/uploads\/katekismus-150x150.jpg 150w, https:\/\/www.catholicturku.fi\/wp-content\/uploads\/katekismus.jpg 500w\" sizes=\"auto, (max-width: 140px) 100vw, 140px\" \/><\/span><\/h6>\n<\/li>\n<li>\n<h6><span style=\"color: #000000;\"><a style=\"color: #000000;\" href=\"http:\/\/www.vatican.va\/archive\/ccc_it\/ccc-it_index_it.html\" target=\"_blank\" rel=\"noopener noreferrer\">En italiano<\/a><\/span><\/h6>\n<\/li>\n<li>\n<h6><span style=\"color: #000000;\"><a style=\"color: #000000;\" href=\"http:\/\/www.vatican.va\/archive\/catechism_lt\/index_lt.htm\" target=\"_blank\" rel=\"noopener noreferrer\">En lat\u00edn<\/a><\/span><\/h6>\n<\/li>\n<li>\n<h6><span style=\"color: #000000;\"><a style=\"color: #000000;\" href=\"http:\/\/www.katechizm.opoka.org.pl\/\" target=\"_blank\" rel=\"noopener noreferrer\">En polaco<\/a><\/span><\/h6>\n<\/li>\n<li>\n<h6><span style=\"color: #000000;\"><a style=\"color: #000000;\" href=\"http:\/\/www.vatican.va\/archive\/cathechism_po\/index_new\/prima-pagina-cic_po.html\" target=\"_blank\" rel=\"noopener noreferrer\">En portugues<\/a><\/span><\/h6>\n<\/li>\n<li>\n<h6><span style=\"color: #000000;\"><a style=\"color: #000000;\" href=\"http:\/\/www.vatican.va\/archive\/compendium_ccc\/documents\/archive_compendium-ccc_ru.pdf\" target=\"_blank\" rel=\"noopener noreferrer\">En ruso<\/a><\/span><\/h6>\n<\/li>\n<li>\n<h6><span style=\"color: #000000;\"><a style=\"color: #000000;\" href=\"http:\/\/www.katekesen.se\/\" target=\"_blank\" rel=\"noopener noreferrer\">En sueco<\/a><\/span><\/h6>\n<\/li>\n<li>\n<h6><span style=\"color: #000000;\"><a style=\"color: #000000;\" href=\"https:\/\/drive.google.com\/file\/d\/16DkJMt33xfu5LRHvnr0ZFWBNABW23vOK\/view?fbclid=IwAR1j1DbukmEjPWlJST-rC6yqQGkm8i8e6-ioXkETesQlvIJeMxT6g2-uL18\" target=\"_blank\" rel=\"noopener\">En tagalog<\/a><\/span><\/h6>\n<\/li>\n<li>\n<h6><span style=\"color: #000000;\"><a style=\"color: #000000;\" href=\"https:\/\/rkc.org.ua\/vchennya-czerkvy\/katehyzm\/\" target=\"_blank\" rel=\"noopener\">En ukraniano<\/a><\/span><\/h6>\n<\/li>\n<li>\n<h6><span style=\"color: #000000;\"><a style=\"color: #000000;\" href=\"https:\/\/augustino.net\/giao-ly-cong-giao\/\" target=\"_blank\" rel=\"noopener\">En vietnamita<\/a><\/span><\/h6>\n<\/li>\n<\/ul>\n<p>&nbsp;<\/p>\n<hr \/>\n<h4><span style=\"color: #ff0000;\"><strong>SACRAMENTOS<\/strong><\/span><img loading=\"lazy\" decoding=\"async\" class=\" wp-image-57100 alignright\" src=\"https:\/\/www.catholicturku.fi\/wp-content\/uploads\/baptism-300x300.jpg\" alt=\"\" width=\"175\" height=\"175\" srcset=\"https:\/\/www.catholicturku.fi\/wp-content\/uploads\/baptism-300x300.jpg 300w, https:\/\/www.catholicturku.fi\/wp-content\/uploads\/baptism-1024x1024.jpg 1024w, https:\/\/www.catholicturku.fi\/wp-content\/uploads\/baptism-150x150.jpg 150w, https:\/\/www.catholicturku.fi\/wp-content\/uploads\/baptism-768x768.jpg 768w, https:\/\/www.catholicturku.fi\/wp-content\/uploads\/baptism-1536x1536.jpg 1536w, https:\/\/www.catholicturku.fi\/wp-content\/uploads\/baptism.jpg 1920w\" sizes=\"auto, (max-width: 175px) 100vw, 175px\" \/><\/h4>\n<ul>\n<li>\n<h6><span style=\"color: #000000;\"><a style=\"color: #000000;\" href=\"https:\/\/opusdei.org\/es-es\/article\/que-es-el-bautismo-sacramento\/\" target=\"_blank\" rel=\"noopener\">El Bautismo<\/a><\/span><\/h6>\n<\/li>\n<li>\n<h6><span style=\"color: #000000;\"><a style=\"color: #000000;\" href=\"https:\/\/opusdei.org\/es-es\/article\/que-es-la-confirmacion-sacramento\/\" target=\"_blank\" rel=\"noopener\">La Confirmaci\u00f3n<\/a><\/span><\/h6>\n<\/li>\n<li>\n<h6><span style=\"color: #000000;\"><a style=\"color: #000000;\" href=\"https:\/\/opusdei.org\/es-es\/article\/que-es-la-eucaristia\/\" target=\"_blank\" rel=\"noopener\">La Eucarist\u00eda<\/a><\/span><\/h6>\n<\/li>\n<li>\n<h6><span style=\"color: #000000;\"><a style=\"color: #000000;\" href=\"https:\/\/opusdei.org\/es-es\/article\/tema-22-la-penitencia\/\" target=\"_blank\" rel=\"noopener\">La Penitencia<\/a><\/span><\/h6>\n<\/li>\n<li>\n<h6><span style=\"color: #000000;\"><a style=\"color: #000000;\" href=\"https:\/\/opusdei.org\/es-es\/article\/uncion-enfermos-sacramento-iglesia-catolica\/\" target=\"_blank\" rel=\"noopener\">La Unci\u00f3n de los enfermos<\/a><\/span><\/h6>\n<\/li>\n<li>\n<h6><span style=\"color: #000000;\"><a style=\"color: #000000;\" href=\"https:\/\/opusdei.org\/es-es\/article\/preguntas-sacerdocio-sacerdote-iglesia-catolica\/\" target=\"_blank\" rel=\"noopener\">La Ordenaci\u00f3n<\/a><\/span><\/h6>\n<\/li>\n<li>\n<h6><span style=\"color: #000000;\"><a style=\"color: #000000;\" href=\"https:\/\/opusdei.org\/es-es\/article\/que-es-el-matrimonio-cristiano-preguntas-habituales\/\" target=\"_blank\" rel=\"noopener\">El Matrimonio<\/a><\/span><\/h6>\n<\/li>\n<\/ul>\n<p>&nbsp;<\/p>\n<hr \/>\n<h4><span style=\"color: #ff0000;\"><strong>EDUCACI\u00d3N CAT\u00d3LICA<\/strong><\/span><\/h4>\n<h5><span style=\"color: #ffffff;\">\u00b7<\/span><\/h5>\n<h5><strong>Departamento de Educaci\u00f3n<\/strong><\/h5>\n<h6><span style=\"color: #000000;\"><a style=\"color: #000000;\" href=\"https:\/\/www.google.fi\/maps\/place\/Kuusitie+6,+00270+Helsinki\/@60.1944102,24.8952311,16.25z\/data=!4m5!3m4!1s0x469209f621ac181f:0xcf44d83f44483b94!8m2!3d60.1948492!4d24.8996264\" target=\"_blank\" rel=\"noopener noreferrer\">Kuusitie 6<\/a><\/span><br \/>\n00270 \u00a0HELSINKI<br \/>\nFinlandia<\/h6>\n<p>&nbsp;<\/p>\n<h6>\u2709\u00a0<span style=\"color: #000000;\"><a style=\"color: #000000;\" href=\"mailto:opetus@katolinen.fi\" target=\"_blank\" rel=\"noopener noreferrer\">opetus\u00a0(at) katolinen.fi<\/a><\/span><br \/>\n<img decoding=\"async\" src=\"https:\/\/img.icons8.com\/windows\/16\/000000\/home.png\" \/> <span style=\"color: #000000;\"><a style=\"color: #000000;\" href=\"http:\/\/opetus.katolinen.fi\/\" target=\"_blank\" rel=\"noopener noreferrer\">opetus.katolinen.fi<\/a><\/span><\/h6>\n<p>&nbsp;<\/p>\n<h6>Director\u00a0<strong>Osmo Vartiainen<\/strong><br \/>\n\u260f 050 5440871<br \/>\n\u260f +358 50 5440871<br \/>\n\u2709\u00a0<span style=\"color: #000000;\"><a style=\"color: #000000;\" href=\"mailto:osmo.vartiainen@katolinen.fi\" target=\"_blank\" rel=\"noopener noreferrer\">osmo.vartiainen (at) katolinen.fi<\/a><\/span><\/h6>\n<p>&nbsp;<\/p>\n<hr \/>\n<h4><span style=\"color: #ff0000;\"><strong>ADICIONAL<\/strong><\/span><\/h4>\n<ul>\n<li>\n<h6><span style=\"color: #000000;\"><a style=\"color: #000000;\" href=\"https:\/\/www.sacredspace.ie\/\" target=\"_blank\" rel=\"noopener\">Espacio Sagrado &#8211; tu oraci\u00f3n diaria en l\u00ednea<\/a><\/span><\/h6>\n<\/li>\n<li>\n<h6><span style=\"color: #000000;\"><a style=\"color: #000000;\" href=\"http:\/\/www.agapebiblestudy.com\/How%20To%20Study%20Scripture.htm\" target=\"_blank\" rel=\"noopener noreferrer\">Guide for the Study of Sacred Scripture<\/a><\/span><\/h6>\n<\/li>\n<\/ul>\n<p>&nbsp;<\/p>\n<hr \/>\n<h5>\u25ba\u00a0\u00a0<span style=\"color: #000000;\"><a style=\"color: #000000;\" href=\"https:\/\/www.catholicturku.fi\/?lang=es\" target=\"_blank\" rel=\"noopener noreferrer\"><strong>MEN\u00da PRINCIPAL<\/strong><\/a><\/span><br \/>\n\u25ba\u00a0\u00a0<span style=\"color: #000000;\"><a style=\"color: #000000;\" href=\"https:\/\/www.catholicturku.fi\/?page_id=1277&amp;lang=es\"><strong>INICIO<\/strong><\/a><\/span><\/h5>\n<hr \/>\n<h6 style=\"text-align: center;\"><strong>Webmaster<\/strong><\/h6>\n<h6 style=\"text-align: center;\"><span style=\"color: #000000;\"><a style=\"color: #000000;\" href=\"mailto:webmaster@romanos.fi\">webmaster (at) romanos.fi<\/a><\/span><\/h6>\n","protected":false},"excerpt":{"rendered":"<p>SAGRADA BIBLIA EN ESPA\u00d1OL En alem\u00e1n En \u00e1rabe En chino En eslavo eclesi\u00e1stico En estonio En finland\u00e9s En franc\u00e9s En griego En hebreo En ingl\u00e9s En italiano En lat\u00edn (NovaVulgata) En polaco En portugues En ruso En sueco En tagalog En ukraniano En vietnamita &nbsp; Biblia en diferentes idiomas Haydock Catholic Bible Commentary &nbsp; CATECISMO [&hellip;]<\/p>\n","protected":false},"author":1,"featured_media":0,"parent":0,"menu_order":361,"comment_status":"closed","ping_status":"closed","template":"","meta":{"footnotes":""},"class_list":["post-1564","page","type-page","status-publish","hentry"],"_links":{"self":[{"href":"https:\/\/www.catholicturku.fi\/index.php?rest_route=\/wp\/v2\/pages\/1564","targetHints":{"allow":["GET"]}}],"collection":[{"href":"https:\/\/www.catholicturku.fi\/index.php?rest_route=\/wp\/v2\/pages"}],"about":[{"href":"https:\/\/www.catholicturku.fi\/index.php?rest_route=\/wp\/v2\/types\/page"}],"author":[{"embeddable":true,"href":"https:\/\/www.catholicturku.fi\/index.php?rest_route=\/wp\/v2\/users\/1"}],"replies":[{"embeddable":true,"href":"https:\/\/www.catholicturku.fi\/index.php?rest_route=%2Fwp%2Fv2%2Fcomments&post=1564"}],"version-history":[{"count":49,"href":"https:\/\/www.catholicturku.fi\/index.php?rest_route=\/wp\/v2\/pages\/1564\/revisions"}],"predecessor-version":[{"id":62959,"href":"https:\/\/www.catholicturku.fi\/index.php?rest_route=\/wp\/v2\/pages\/1564\/revisions\/62959"}],"wp:attachment":[{"href":"https:\/\/www.catholicturku.fi\/index.php?rest_route=%2Fwp%2Fv2%2Fmedia&parent=1564"}],"curies":[{"name":"wp","href":"https:\/\/api.w.org\/{rel}","templated":true}]}}