{"id":1560,"date":"2019-05-15T10:13:29","date_gmt":"2019-05-15T07:13:29","guid":{"rendered":"http:\/\/www.catholicturku.fi\/?page_id=1560"},"modified":"2024-11-20T16:43:28","modified_gmt":"2024-11-20T14:43:28","slug":"cuota-de-membresia","status":"publish","type":"page","link":"https:\/\/www.catholicturku.fi\/?page_id=1560&lang=es","title":{"rendered":"<b>Cuota de membres\u00eda y la limosna<\/b>"},"content":{"rendered":"<hr \/>\n<h4><span style=\"color: #ff0000;\"><strong>CUOTA DE MEMBRES\u00cdA<\/strong><\/span><\/h4>\n<h6><span style=\"color: #ffffff;\">\u00b7<\/span><\/h6>\n<h6><strong>\u00a1Estimados miembros de la di\u00f3cesis!<\/strong><\/h6>\n<h6><span style=\"color: #ffffff;\">\u00b7<\/span><\/h6>\n<h6>Cambios econ\u00f3micos recientes, incluidas nuevas reglas sobre los salarios de los sacerdotes, han dado lugar a muchas preguntas entre los miembros de nuestra di\u00f3cesis.\u00a0La gente puede preguntarse en particular c\u00f3mo sobrevivir\u00e1 la Iglesia en Finlandia bajo las nuevas circunstancias.\u00a0Por lo tanto, deseo aclarar c\u00f3mo los miembros de la di\u00f3cesis pueden apoyar financieramente a la Iglesia.\u00a0Al mismo tiempo, tambi\u00e9n quiero subrayar su obligaci\u00f3n en este asunto.\u00a0En la Iglesia Cat\u00f3lica, cada feligr\u00e9s est\u00e1 obligado a apoyar a la Iglesia y a la parroquia, tambi\u00e9n financieramente, de acuerdo con su capacidad.\u00a0En la Di\u00f3cesis Cat\u00f3lica de Helsinki, a partir de principios del a\u00f1o 2018, se implementa de la siguiente manera:<\/h6>\n<h6><span style=\"color: #ffffff;\">\u00b7<\/span><\/h6>\n<h6><strong>Todo cat\u00f3lico mayor de 18 a\u00f1os tiene la obligaci\u00f3n de pagar el 1,5% de sus ingresos imponibles a la cuenta bancaria de la cuota de membres\u00eda de su propia parroquia.<br \/>\n<\/strong><br \/>\n<span style=\"color: #000000;\">\u25ba \u00a0<a style=\"color: #000000;\" href=\"https:\/\/katolinen.fi\/jasenmaksu\/\" target=\"_blank\" rel=\"noopener noreferrer\"><strong>LEE M\u00c1S AQU\u00cd<\/strong><\/a><\/span><\/h6>\n<h6><span style=\"color: #ffffff;\">\u00b7<\/span><\/h6>\n<h6>Obviamente, uno no necesita pagar, al menos la cantidad total, si se encuentra bajo una grave situaci\u00f3n econ\u00f3mica.\u00a0El m\u00e9todo de pago recomendado es una transferencia autom\u00e1tica mensual a la cuenta de cuota de membres\u00eda de la parroquia.\u00a0Cada parroquia regularmente da alrededor del 10% de los ingresos que ha recaudado para el uso de la di\u00f3cesis.\u00a0La di\u00f3cesis necesita estos ingresos para el mantenimiento de las funciones comunes, que incluyen, entre otras cosas, el apoyo a las parroquias que no son financieramente independientes.<\/h6>\n<h6><span style=\"color: #ffffff;\">\u00b7<\/span><\/h6>\n<h6><strong>Esta gu\u00eda elimina todas las instrucciones previas sobre el apoyo financiero para la Iglesia.<\/strong><\/h6>\n<h6><span style=\"color: #ffffff;\">\u00b7<\/span><\/h6>\n<h6>Sin embargo, uno tambi\u00e9n puede apoyar a la di\u00f3cesis directamente, al igual que antes.\u00a0Adem\u00e1s, los miembros de la di\u00f3cesis est\u00e1n obligados a pagar la cuota anual de suscripci\u00f3n del peri\u00f3dico diocesano Fides, que se env\u00eda a todos los hogares cat\u00f3licos.\u00a0\u00a1Gracias a todos aquellos que ya apoyan a la Iglesia!<\/h6>\n<h6><span style=\"color: #ffffff;\">\u00b7<\/span><\/h6>\n<h6>Helsinki 8.1.2018<\/h6>\n<h6><span style=\"color: #ffffff;\">\u00b7<\/span><\/h6>\n<h6><span style=\"color: #0000ff;\"><strong>+ Teemu Sippo SCJ<\/strong><\/span><br \/>\nObispo de Helsinki<\/h6>\n<p>&nbsp;<\/p>\n<hr \/>\n<h4><span style=\"color: #ff0000;\"><strong>CUENTA BANCARIA<br \/>\nDE LA PARROQUIA<\/strong><\/span><\/h4>\n<h6 style=\"padding-left: 30px;\">FI40 1547 3000 0005 98<br \/>\nNDEAFIHH<br \/>\n<span style=\"color: #ffffff;\">\u00b7<\/span><br \/>\nN\u00famero de referencia para la<br \/>\ncuota de membres\u00eda <strong>90010<\/strong><\/h6>\n<h6><span style=\"color: #ffffff;\">\u00b7<\/span><\/h6>\n<h4><span style=\"color: #ff0000;\"><strong>CUENTA BANCARIA<br \/>\nDEL FONDO CEMENTERIO<\/strong><\/span><\/h4>\n<h6 style=\"padding-left: 30px;\">FI48 1547 3000 1007 52<br \/>\nNDEAFIHH<br \/>\n<span style=\"color: #ffffff;\">\u00b7<\/span><br \/>\nEl otro\u00a0<span style=\"color: #000000;\"><a style=\"color: #000000;\" href=\"https:\/\/www.catholicturku.fi\/?page_id=1562&amp;lang=es\"><strong>cementerio<\/strong><\/a><\/span> cat\u00f3lico de Finlandia se encuentra en Turku. El trabajo voluntario es la principal forma de mantener la condici\u00f3n del cementerio, pero tambi\u00e9n se necesita dinero.<\/h6>\n<p>&nbsp;<\/p>\n<hr \/>\n<h4><span style=\"color: #ff0000;\"><strong>LA LIMOSNA &#8211; MOBILEPAY 89652<\/strong><\/span><\/h4>\n<h6><span style=\"color: #ffffff;\">\u00b7<\/span><\/h6>\n<h6>Ahora puedes dar tu contribuci\u00f3n a la limosna a trav\u00e9s de la aplicaci\u00f3n MobilePay usando tu tel\u00e9fono inteligente. MobilePay es como efectivo. Es muy conveniente usar un tel\u00e9fono inteligente para pagar la colecta del ofertorio hoy en d\u00eda cuando el efectivo no se usa con tanta frecuencia como antes. Para ello, debe descargar la aplicaci\u00f3n MobilePay desde la tienda de aplicaciones de su tel\u00e9fono inteligente. La tienda de aplicaciones m\u00e1s com\u00fan para tel\u00e9fonos Android es Google Play y para tel\u00e9fonos Apple se llama App Store.<\/h6>\n<h6><img loading=\"lazy\" decoding=\"async\" class=\"size-medium wp-image-54138 aligncenter\" src=\"https:\/\/www.catholicturku.fi\/wp-content\/uploads\/mobilepay-300x225.jpg\" alt=\"\" width=\"300\" height=\"225\" srcset=\"https:\/\/www.catholicturku.fi\/wp-content\/uploads\/mobilepay-300x225.jpg 300w, https:\/\/www.catholicturku.fi\/wp-content\/uploads\/mobilepay-150x113.jpg 150w, https:\/\/www.catholicturku.fi\/wp-content\/uploads\/mobilepay-768x576.jpg 768w, https:\/\/www.catholicturku.fi\/wp-content\/uploads\/mobilepay.jpg 866w\" sizes=\"auto, (max-width: 300px) 100vw, 300px\" \/><\/h6>\n<h6>El n\u00famero de MobilePay de nuestra parroquia es <strong>89652<\/strong>. Ver\u00e1 una imagen del edificio de nuestra iglesia y el texto <em>&#8221;Turun katolinen seurakunta&#8221;<\/em>. Haga clic en la imagen y iIngresa la suma con la que deseas contribuir. La cantidad que haya elegido se transferir\u00e1 de su propia cuenta bancaria a la cuenta bancaria de la parroquia. El estado de cuenta muestra el nombre del remitente y el monto.<\/h6>\n<p>&nbsp;<\/p>\n<hr \/>\n<h5>\u25ba\u00a0\u00a0<span style=\"color: #000000;\"><a style=\"color: #000000;\" href=\"https:\/\/www.catholicturku.fi\/?lang=es\" target=\"_blank\" rel=\"noopener noreferrer\"><strong>MEN\u00da PRINCIPAL<\/strong><\/a><\/span><br \/>\n\u25ba\u00a0\u00a0<span style=\"color: #000000;\"><a style=\"color: #000000;\" href=\"https:\/\/www.catholicturku.fi\/?page_id=1277&amp;lang=es\"><strong>INICIO<\/strong><\/a><\/span><\/h5>\n<hr \/>\n<h6 style=\"text-align: center;\"><strong>Webmaster<\/strong><\/h6>\n<h6 style=\"text-align: center;\"><span style=\"color: #000000;\"><a style=\"color: #000000;\" href=\"mailto:webmaster@romanos.fi\">webmaster (at) romanos.fi<\/a><\/span><\/h6>\n","protected":false},"excerpt":{"rendered":"<p>CUOTA DE MEMBRES\u00cdA \u00b7 \u00a1Estimados miembros de la di\u00f3cesis! \u00b7 Cambios econ\u00f3micos recientes, incluidas nuevas reglas sobre los salarios de los sacerdotes, han dado lugar a muchas preguntas entre los miembros de nuestra di\u00f3cesis.\u00a0La gente puede preguntarse en particular c\u00f3mo sobrevivir\u00e1 la Iglesia en Finlandia bajo las nuevas circunstancias.\u00a0Por lo tanto, deseo aclarar c\u00f3mo los [&hellip;]<\/p>\n","protected":false},"author":1,"featured_media":0,"parent":0,"menu_order":359,"comment_status":"closed","ping_status":"closed","template":"","meta":{"footnotes":""},"class_list":["post-1560","page","type-page","status-publish","hentry"],"_links":{"self":[{"href":"https:\/\/www.catholicturku.fi\/index.php?rest_route=\/wp\/v2\/pages\/1560","targetHints":{"allow":["GET"]}}],"collection":[{"href":"https:\/\/www.catholicturku.fi\/index.php?rest_route=\/wp\/v2\/pages"}],"about":[{"href":"https:\/\/www.catholicturku.fi\/index.php?rest_route=\/wp\/v2\/types\/page"}],"author":[{"embeddable":true,"href":"https:\/\/www.catholicturku.fi\/index.php?rest_route=\/wp\/v2\/users\/1"}],"replies":[{"embeddable":true,"href":"https:\/\/www.catholicturku.fi\/index.php?rest_route=%2Fwp%2Fv2%2Fcomments&post=1560"}],"version-history":[{"count":35,"href":"https:\/\/www.catholicturku.fi\/index.php?rest_route=\/wp\/v2\/pages\/1560\/revisions"}],"predecessor-version":[{"id":62935,"href":"https:\/\/www.catholicturku.fi\/index.php?rest_route=\/wp\/v2\/pages\/1560\/revisions\/62935"}],"wp:attachment":[{"href":"https:\/\/www.catholicturku.fi\/index.php?rest_route=%2Fwp%2Fv2%2Fmedia&parent=1560"}],"curies":[{"name":"wp","href":"https:\/\/api.w.org\/{rel}","templated":true}]}}