{"id":1556,"date":"2019-05-15T10:10:07","date_gmt":"2019-05-15T07:10:07","guid":{"rendered":"http:\/\/www.catholicturku.fi\/?page_id=1556"},"modified":"2024-11-20T15:52:03","modified_gmt":"2024-11-20T13:52:03","slug":"sacerdotes","status":"publish","type":"page","link":"https:\/\/www.catholicturku.fi\/?page_id=1556&lang=es","title":{"rendered":"<b>Sacerdotes<\/b>"},"content":{"rendered":"<hr \/>\n<p>&nbsp;<\/p>\n<p><img loading=\"lazy\" decoding=\"async\" class=\" wp-image-46436 aligncenter\" src=\"https:\/\/www.catholicturku.fi\/wp-content\/uploads\/SCJ-300x214.jpeg\" alt=\"\" width=\"534\" height=\"381\" srcset=\"https:\/\/www.catholicturku.fi\/wp-content\/uploads\/SCJ-300x214.jpeg 300w, https:\/\/www.catholicturku.fi\/wp-content\/uploads\/SCJ-1024x729.jpeg 1024w, https:\/\/www.catholicturku.fi\/wp-content\/uploads\/SCJ-150x107.jpeg 150w, https:\/\/www.catholicturku.fi\/wp-content\/uploads\/SCJ-768x547.jpeg 768w, https:\/\/www.catholicturku.fi\/wp-content\/uploads\/SCJ-1536x1094.jpeg 1536w, https:\/\/www.catholicturku.fi\/wp-content\/uploads\/SCJ-2048x1459.jpeg 2048w\" sizes=\"auto, (max-width: 534px) 100vw, 534px\" \/><\/p>\n<p>&nbsp;<\/p>\n<hr \/>\n<h4><span style=\"color: #ff0000;\"><strong>P\u00c1RROCO<br \/>\n<\/strong><\/span><\/h4>\n<h6><img loading=\"lazy\" decoding=\"async\" class=\"size-full wp-image-622 alignleft\" src=\"http:\/\/www.catholicturku.fi\/wp-content\/uploads\/father-peter.jpg.1322834756577.jpg\" alt=\"\" width=\"158\" height=\"174\" data-wp-pid=\"622\" srcset=\"https:\/\/www.catholicturku.fi\/wp-content\/uploads\/father-peter.jpg.1322834756577.jpg 158w, https:\/\/www.catholicturku.fi\/wp-content\/uploads\/father-peter.jpg.1322834756577-136x150.jpg 136w\" sizes=\"auto, (max-width: 158px) 100vw, 158px\" \/>Nuestro p\u00e1rroco, el padre <strong>Peter G\u0119bara (SCJ)<\/strong>, naci\u00f3 el 10 de mayo de 1958 en Chorz\u00f3w, en Silesia, al sudoeste de Polonia. \u00c9l es el sexto hijo en una familia de diez hijos. \u00c9l asisti\u00f3 a la escuela primaria y secundaria en su ciudad natal, despu\u00e9s de lo cual comenz\u00f3 su noviciado en la comunidad religiosa de sacerdotes y hermanos del sagrado coraz\u00f3n de Jes\u00fas (SCJ) en Pliszczyn, cerca de Lublin.\u00a0Despu\u00e9s de un a\u00f1o como novicio, continu\u00f3 estudiando filosof\u00eda y teolog\u00eda en Stadniki, cerca de Cracovia. Recibi\u00f3 su maestr\u00eda en teolog\u00eda moral. Fue ordenado en junio de 1986. Su primera parroquia fue la parroquia de W\u0119gl\u00f3wka en la regi\u00f3n monta\u00f1osa del sur de Polonia. Desde all\u00ed fue trasladado a la parroquia de Chmiel\u00f3w en el centro de Polonia. Como sacerdote, ha trabajado principalmente con ni\u00f1os y adolescentes.<br \/>\n<span style=\"color: #ffffff;\">\u00b7<\/span><br \/>\nEl padre Peter lleg\u00f3 a Finlandia el 21 de julio de 1991. Comenz\u00f3 como asistente de sacerdote en parroquia de Santa Cruz en Tampere, donde tambi\u00e9n comenz\u00f3 sus estudios en finland\u00e9s y se familiariz\u00f3 con la cultura y la sociedad finlandesa. Despu\u00e9s de un corto per\u00edodo de tiempo, \u00e9l se convirti\u00f3 en p\u00e1rroco de la amplia parroquia de Santa Cruz. El obispo le asign\u00f3 para ser el p\u00e1rroco de la parroquia de Santa Br\u00edgida y Beato Hemming en Turku el 1 de enero de 2003. El padre Peter es conocido como un sacerdote comprometido, activo, en\u00e9rgico y alegre.<br \/>\n<span style=\"color: #ffffff;\">\u00b7<\/span><br \/>\n\u260f 0400 458128<br \/>\n\u260f +358 400 458128<br \/>\n\u2709\u00a0<span style=\"color: #000000;\"><strong><a style=\"color: #000000;\" href=\"mailto:peter.gebara@katolinen.fi\" target=\"_blank\" rel=\"noopener noreferrer\">peter.gebara (at) katolinen.fi<\/a><\/strong><\/span><\/h6>\n<p>&nbsp;<\/p>\n<hr \/>\n<h4><span style=\"color: #ff0000;\"><strong>VICARIO<\/strong><\/span><\/h4>\n<h6><img loading=\"lazy\" decoding=\"async\" class=\" wp-image-9300 alignright\" src=\"http:\/\/www.catholicturku.fi\/wp-content\/uploads\/stanzawilowicz15-300x300.jpg\" alt=\"\" width=\"156\" height=\"156\" data-wp-pid=\"9300\" srcset=\"https:\/\/www.catholicturku.fi\/wp-content\/uploads\/stanzawilowicz15-300x300.jpg 300w, https:\/\/www.catholicturku.fi\/wp-content\/uploads\/stanzawilowicz15-1024x1024.jpg 1024w, https:\/\/www.catholicturku.fi\/wp-content\/uploads\/stanzawilowicz15-150x150.jpg 150w, https:\/\/www.catholicturku.fi\/wp-content\/uploads\/stanzawilowicz15-768x768.jpg 768w, https:\/\/www.catholicturku.fi\/wp-content\/uploads\/stanzawilowicz15-800x800.jpg 800w, https:\/\/www.catholicturku.fi\/wp-content\/uploads\/stanzawilowicz15-1200x1200-cropped.jpg 1200w, https:\/\/www.catholicturku.fi\/wp-content\/uploads\/stanzawilowicz15.jpg 1363w\" sizes=\"auto, (max-width: 156px) 100vw, 156px\" \/>Nuestro vicario, el padre <strong>Stanis\u0142aw Zawi\u0142owicz (SCJ)<\/strong>, naci\u00f3 el 15 de abril de 1984 en Krynica-Gorska, en el sur de Polonia, y fue ordenado sacerdote el 23 de mayo de 2010 en Stadniki, cerca de Cracovia. Lleg\u00f3 a Finlandia el 28 de agosto de 2012.<br \/>\n<span style=\"color: #ffffff;\">\u00b7<\/span><br \/>\n\u260f 045 8407191<br \/>\n\u260f +358 45 8407191<br \/>\n\u2709\u00a0<span style=\"color: #000000;\"><strong><a style=\"color: #000000;\" href=\"mailto:stanislaw.zawilowicz@katolinen.fi\" target=\"_blank\" rel=\"noopener noreferrer\">stanislaw.zawilowicz (at) katolinen.fi<\/a><\/strong><\/span><\/h6>\n<p>&nbsp;<\/p>\n<hr \/>\n<h5>\u25ba\u00a0\u00a0<span style=\"color: #000000;\"><a style=\"color: #000000;\" href=\"https:\/\/www.catholicturku.fi\/?lang=es\" target=\"_blank\" rel=\"noopener noreferrer\"><strong>MEN\u00da PRINCIPAL<\/strong><\/a><\/span><br \/>\n\u25ba\u00a0\u00a0<span style=\"color: #000000;\"><a style=\"color: #000000;\" href=\"https:\/\/www.catholicturku.fi\/?page_id=1277&amp;lang=es\"><strong>INICIO<\/strong><\/a><\/span><\/h5>\n<hr \/>\n<h6 style=\"text-align: center;\"><strong>Webmaster<\/strong><\/h6>\n<h6 style=\"text-align: center;\"><span style=\"color: #000000;\"><a style=\"color: #000000;\" href=\"mailto:webmaster@romanos.fi\">webmaster (at) romanos.fi<\/a><\/span><\/h6>\n","protected":false},"excerpt":{"rendered":"<p>&nbsp; &nbsp; P\u00c1RROCO Nuestro p\u00e1rroco, el padre Peter G\u0119bara (SCJ), naci\u00f3 el 10 de mayo de 1958 en Chorz\u00f3w, en Silesia, al sudoeste de Polonia. \u00c9l es el sexto hijo en una familia de diez hijos. \u00c9l asisti\u00f3 a la escuela primaria y secundaria en su ciudad natal, despu\u00e9s de lo cual comenz\u00f3 su noviciado [&hellip;]<\/p>\n","protected":false},"author":1,"featured_media":0,"parent":0,"menu_order":354,"comment_status":"closed","ping_status":"closed","template":"","meta":{"footnotes":""},"class_list":["post-1556","page","type-page","status-publish","hentry"],"_links":{"self":[{"href":"https:\/\/www.catholicturku.fi\/index.php?rest_route=\/wp\/v2\/pages\/1556","targetHints":{"allow":["GET"]}}],"collection":[{"href":"https:\/\/www.catholicturku.fi\/index.php?rest_route=\/wp\/v2\/pages"}],"about":[{"href":"https:\/\/www.catholicturku.fi\/index.php?rest_route=\/wp\/v2\/types\/page"}],"author":[{"embeddable":true,"href":"https:\/\/www.catholicturku.fi\/index.php?rest_route=\/wp\/v2\/users\/1"}],"replies":[{"embeddable":true,"href":"https:\/\/www.catholicturku.fi\/index.php?rest_route=%2Fwp%2Fv2%2Fcomments&post=1556"}],"version-history":[{"count":41,"href":"https:\/\/www.catholicturku.fi\/index.php?rest_route=\/wp\/v2\/pages\/1556\/revisions"}],"predecessor-version":[{"id":62874,"href":"https:\/\/www.catholicturku.fi\/index.php?rest_route=\/wp\/v2\/pages\/1556\/revisions\/62874"}],"wp:attachment":[{"href":"https:\/\/www.catholicturku.fi\/index.php?rest_route=%2Fwp%2Fv2%2Fmedia&parent=1556"}],"curies":[{"name":"wp","href":"https:\/\/api.w.org\/{rel}","templated":true}]}}