{"id":1540,"date":"2019-05-15T10:00:36","date_gmt":"2019-05-15T07:00:36","guid":{"rendered":"http:\/\/www.catholicturku.fi\/?page_id=1540"},"modified":"2024-11-20T15:51:42","modified_gmt":"2024-11-20T13:51:42","slug":"saserdote","status":"publish","type":"page","link":"https:\/\/www.catholicturku.fi\/?page_id=1540&lang=tl","title":{"rendered":"<b>Saserdote<\/b>"},"content":{"rendered":"<hr \/>\n<p>&nbsp;<\/p>\n<p><img loading=\"lazy\" decoding=\"async\" class=\" wp-image-46436 aligncenter\" src=\"https:\/\/www.catholicturku.fi\/wp-content\/uploads\/SCJ-300x214.jpeg\" alt=\"\" width=\"534\" height=\"381\" srcset=\"https:\/\/www.catholicturku.fi\/wp-content\/uploads\/SCJ-300x214.jpeg 300w, https:\/\/www.catholicturku.fi\/wp-content\/uploads\/SCJ-1024x729.jpeg 1024w, https:\/\/www.catholicturku.fi\/wp-content\/uploads\/SCJ-150x107.jpeg 150w, https:\/\/www.catholicturku.fi\/wp-content\/uploads\/SCJ-768x547.jpeg 768w, https:\/\/www.catholicturku.fi\/wp-content\/uploads\/SCJ-1536x1094.jpeg 1536w, https:\/\/www.catholicturku.fi\/wp-content\/uploads\/SCJ-2048x1459.jpeg 2048w\" sizes=\"auto, (max-width: 534px) 100vw, 534px\" \/><\/p>\n<p>&nbsp;<\/p>\n<hr \/>\n<h4><strong style=\"color: #ff0000; font-size: 18px;\">KURA PAROKO<br \/>\n<\/strong><\/h4>\n<h6><img loading=\"lazy\" decoding=\"async\" class=\"size-full wp-image-622 alignleft\" src=\"http:\/\/www.catholicturku.fi\/wp-content\/uploads\/father-peter.jpg.1322834756577.jpg\" alt=\"\" width=\"158\" height=\"174\" data-wp-pid=\"622\" srcset=\"https:\/\/www.catholicturku.fi\/wp-content\/uploads\/father-peter.jpg.1322834756577.jpg 158w, https:\/\/www.catholicturku.fi\/wp-content\/uploads\/father-peter.jpg.1322834756577-136x150.jpg 136w\" sizes=\"auto, (max-width: 158px) 100vw, 158px\" \/>Ang ating kura paroko, <strong>Padre Peter G\u0119bara (SCJ)<\/strong>, ay ipinanganak noong ika-10 ng Mayo sa 1958, sa Chorz\u00f3w, na matatagpuan sa Silesia sa timog-kanluran ng Poland. Siya ay ikaanim na anak sa sampung magkakapatid sa kanilang pamilya. Siya ay nakapagtapos ng elementarya at sekondarya sa kanyang sariling bayan. At Pagkatapos sinimulan niya ang kanyang bokasyon sa pagpapari sa Sacred hearta of Jeaua sa bayan ng Pilszcyn malapit sa Lublin.\u00a0Ipinagpatuloy niya ang kanyang pag aaral sa apilosopiya at Teologiya sa Stadniki, malapit sa Krak\u00f3w. Nakapagtapos din siya ng Masters ng Moral Teology. Siya ay naordinahan bilang pari noong Hunyo 1986. Nagsimula siyang magsilbi sa parokya ng W\u0119gl\u00f3wka sa timog ng Poland Inilipat siya sa parokya ng Chmiel\u00f3w sa sentro ng Poland. Bilanb isang Pari siya ay higit na nagtrabaho at nakipagtulungan sa mga bata at kabataan.<br \/>\n<span style=\"color: #ffffff;\">\u00b7<\/span><br \/>\nDumating si Padre Peter sa Pinlandiya noong ika-21 ng Hulyo 1991. At Nagsimula siya bilang isang katulong na pari sa parokya ng Banal na Krus sa Tampere kung saan sinimulan din niya ang kanyang pag-aaral sa wikang Finnish at naging pamilyar sa kultura at lipunan ng Pinlandiya. Pagkaraan ng isang maikling panahon ng panahon, ang ama ni padre ay naging isang parokya ng malawak na pagkalat ng parokya ng Banal na Krus. Inatasan siya ng obispo na maging parokyanong pari ng parokya ng Santa Brigida at Banal na Hemming sa Turku noong ika-1 ng Enero noong 2003. Si Padre Peter ay kilala bilang isang nakikibahagi, aktibo, masigla at masayang saserdote.<br \/>\n<span style=\"color: #ffffff;\">\u00b7<\/span><br \/>\n\u260f 0400 458128<br \/>\n\u260f +358 400 458128<br \/>\n\u2709\u00a0<span style=\"color: #000000;\"><strong><a style=\"color: #000000;\" href=\"mailto:peter.gebara@katolinen.fi\" target=\"_blank\" rel=\"noopener noreferrer\">peter.gebara (at) katolinen.fi<\/a><\/strong><\/span><\/h6>\n<p>&nbsp;<\/p>\n<hr \/>\n<h4><span style=\"color: #ff0000;\"><strong>BIKARYO NG PAROKYA<\/strong><\/span><\/h4>\n<h6><img loading=\"lazy\" decoding=\"async\" class=\" wp-image-9300 alignright\" src=\"http:\/\/www.catholicturku.fi\/wp-content\/uploads\/stanzawilowicz15-300x300.jpg\" alt=\"\" width=\"156\" height=\"156\" data-wp-pid=\"9300\" srcset=\"https:\/\/www.catholicturku.fi\/wp-content\/uploads\/stanzawilowicz15-300x300.jpg 300w, https:\/\/www.catholicturku.fi\/wp-content\/uploads\/stanzawilowicz15-1024x1024.jpg 1024w, https:\/\/www.catholicturku.fi\/wp-content\/uploads\/stanzawilowicz15-150x150.jpg 150w, https:\/\/www.catholicturku.fi\/wp-content\/uploads\/stanzawilowicz15-768x768.jpg 768w, https:\/\/www.catholicturku.fi\/wp-content\/uploads\/stanzawilowicz15-800x800.jpg 800w, https:\/\/www.catholicturku.fi\/wp-content\/uploads\/stanzawilowicz15-1200x1200-cropped.jpg 1200w, https:\/\/www.catholicturku.fi\/wp-content\/uploads\/stanzawilowicz15.jpg 1363w\" sizes=\"auto, (max-width: 156px) 100vw, 156px\" \/>Ang ating bikaryo, <strong>Padre Stanis\u0142aw Zawi\u0142owicz (SCJ)<\/strong>, ay ipinanganak noong ika-15 ng Abril 1984 sa Krynica-Gorska, timog Poland, at naordinahan siya bilang isang pari noong ika-23 ng Mayo 2010 sa Stadniki malapit sa Krak\u00f3w. Dumating siya sa Pinlandiya noong ika-28 ng Agosto 2012.<br \/>\n<span style=\"color: #ffffff;\">\u00b7<\/span><br \/>\n\u260f 045 8407191<br \/>\n\u260f +358 45 8407191<br \/>\n\u2709\u00a0<span style=\"color: #000000;\"><strong><a style=\"color: #000000;\" href=\"mailto:stanislaw.zawilowicz@katolinen.fi\" target=\"_blank\" rel=\"noopener noreferrer\">stanislaw.zawilowicz (at) katolinen.fi<\/a><\/strong><\/span><\/h6>\n<p>&nbsp;<\/p>\n<hr \/>\n<h5>\u25ba\u00a0\u00a0<span style=\"color: #000000;\"><a style=\"color: #000000;\" href=\"https:\/\/www.catholicturku.fi\/?lang=tl\"><strong>PANGUNAHIN<\/strong><\/a><\/span><br \/>\n\u25ba\u00a0\u00a0<span style=\"color: #000000;\"><a style=\"color: #000000;\" href=\"https:\/\/www.catholicturku.fi\/?page_id=1145&amp;lang=tl\"><strong>UNANG PAHINA<\/strong><\/a><\/span><\/h5>\n<hr \/>\n<h6 style=\"text-align: center;\"><strong>Webmaster<\/strong><\/h6>\n<h6 style=\"text-align: center;\"><span style=\"color: #000000;\"><a style=\"color: #000000;\" href=\"mailto:webmaster@romanos.fi\">webmaster (at) romanos.fi<\/a><\/span><\/h6>\n","protected":false},"excerpt":{"rendered":"<p>&nbsp; &nbsp; KURA PAROKO Ang ating kura paroko, Padre Peter G\u0119bara (SCJ), ay ipinanganak noong ika-10 ng Mayo sa 1958, sa Chorz\u00f3w, na matatagpuan sa Silesia sa timog-kanluran ng Poland. Siya ay ikaanim na anak sa sampung magkakapatid sa kanilang pamilya. Siya ay nakapagtapos ng elementarya at sekondarya sa kanyang sariling bayan. At Pagkatapos sinimulan [&hellip;]<\/p>\n","protected":false},"author":1,"featured_media":0,"parent":0,"menu_order":304,"comment_status":"closed","ping_status":"closed","template":"","meta":{"footnotes":""},"class_list":["post-1540","page","type-page","status-publish","hentry"],"_links":{"self":[{"href":"https:\/\/www.catholicturku.fi\/index.php?rest_route=\/wp\/v2\/pages\/1540","targetHints":{"allow":["GET"]}}],"collection":[{"href":"https:\/\/www.catholicturku.fi\/index.php?rest_route=\/wp\/v2\/pages"}],"about":[{"href":"https:\/\/www.catholicturku.fi\/index.php?rest_route=\/wp\/v2\/types\/page"}],"author":[{"embeddable":true,"href":"https:\/\/www.catholicturku.fi\/index.php?rest_route=\/wp\/v2\/users\/1"}],"replies":[{"embeddable":true,"href":"https:\/\/www.catholicturku.fi\/index.php?rest_route=%2Fwp%2Fv2%2Fcomments&post=1540"}],"version-history":[{"count":42,"href":"https:\/\/www.catholicturku.fi\/index.php?rest_route=\/wp\/v2\/pages\/1540\/revisions"}],"predecessor-version":[{"id":62873,"href":"https:\/\/www.catholicturku.fi\/index.php?rest_route=\/wp\/v2\/pages\/1540\/revisions\/62873"}],"wp:attachment":[{"href":"https:\/\/www.catholicturku.fi\/index.php?rest_route=%2Fwp%2Fv2%2Fmedia&parent=1540"}],"curies":[{"name":"wp","href":"https:\/\/api.w.org\/{rel}","templated":true}]}}