{"id":1531,"date":"2019-05-15T09:51:20","date_gmt":"2019-05-15T06:51:20","guid":{"rendered":"http:\/\/www.catholicturku.fi\/?page_id=1531"},"modified":"2024-11-20T16:51:27","modified_gmt":"2024-11-20T14:51:27","slug":"niem-tin","status":"publish","type":"page","link":"https:\/\/www.catholicturku.fi\/?page_id=1531&lang=vi","title":{"rendered":"<b>Ni\u1ec1m tin<\/b>"},"content":{"rendered":"<hr \/>\n<h4><strong><span style=\"color: #ff0000;\">TH\u00c1NH KINH<\/span><img loading=\"lazy\" decoding=\"async\" class=\"size-full wp-image-600 alignright\" src=\"http:\/\/www.catholicturku.fi\/wp-content\/uploads\/bible.jpg\" alt=\"\" width=\"276\" height=\"182\" data-wp-pid=\"600\" srcset=\"https:\/\/www.catholicturku.fi\/wp-content\/uploads\/bible.jpg 276w, https:\/\/www.catholicturku.fi\/wp-content\/uploads\/bible-150x99.jpg 150w\" sizes=\"auto, (max-width: 276px) 100vw, 276px\" \/><\/strong><\/h4>\n<ul>\n<li>\n<h6><span style=\"color: #000000;\"><a style=\"color: #000000;\" href=\"https:\/\/www.wordproject.org\/bibles\/vt\/index.htm\" target=\"_blank\" rel=\"noopener\"><strong>TI\u1ebeNG VI\u1ec6T<\/strong><\/a><\/span><\/h6>\n<\/li>\n<li>\n<h6><span style=\"color: #000000;\"><a style=\"color: #000000;\" href=\"https:\/\/www.wordproject.org\/bibles\/ar\/\" target=\"_blank\" rel=\"noopener noreferrer\">Ti\u1ebfng \u1ea2 R\u1eadp<\/a><\/span><\/h6>\n<\/li>\n<li>\n<h6><span style=\"color: #000000;\"><a style=\"color: #000000;\" href=\"http:\/\/www.vatican.va\/archive\/ENG0839\/_INDEX.HTM\" target=\"_blank\" rel=\"noopener noreferrer\">Ti\u1ebfng Anh<\/a><\/span><\/h6>\n<\/li>\n<li>\n<h6><span style=\"color: #000000;\"><a style=\"color: #000000;\" href=\"https:\/\/www.wordproject.org\/bibles\/pl\/index.htm\" target=\"_blank\" rel=\"noopener noreferrer\">Ti\u1ebfng Ba Lan<\/a><\/span><\/h6>\n<\/li>\n<li>\n<h6><span style=\"color: #000000;\"><a style=\"color: #000000;\" href=\"https:\/\/www.wordproject.org\/bibles\/po\/index.htm\" target=\"_blank\" rel=\"noopener noreferrer\">Ti\u1ebfng B\u1ed3 \u0110\u00e0o Nha<\/a><\/span><\/h6>\n<\/li>\n<li>\n<h6><span style=\"color: #000000;\"><a style=\"color: #000000;\" href=\"https:\/\/www.wordproject.org\/bibles\/he\/index.htm\" target=\"_blank\" rel=\"noopener\">Ti\u1ebfng Do Th\u00e1i<\/a><\/span><\/h6>\n<\/li>\n<li>\n<h6><span style=\"color: #000000;\"><a style=\"color: #000000;\" href=\"https:\/\/www.wordproject.org\/bibles\/de\/index.htm\" target=\"_blank\" rel=\"noopener noreferrer\">Ti\u1ebfng \u0110\u1ee9c<\/a><\/span><\/h6>\n<\/li>\n<li>\n<h6><span style=\"color: #000000;\"><a style=\"color: #000000;\" href=\"https:\/\/www.wordproject.org\/bibles\/et\/index.htm\" target=\"_blank\" rel=\"noopener\">Ti\u1ebfng Estonia<\/a><\/span><\/h6>\n<\/li>\n<li>\n<h6><span style=\"color: #000000;\"><a style=\"color: #000000;\" href=\"http:\/\/www.myriobiblos.gr\/bible\/default.asp\" target=\"_blank\" rel=\"noopener noreferrer\">Ti\u1ebfng Hy L\u1ea1p<\/a><\/span><\/h6>\n<\/li>\n<li>\n<h6><span style=\"color: #000000;\"><a style=\"color: #000000;\" href=\"http:\/\/www.vatican.va\/archive\/bible\/nova_vulgata\/documents\/nova-vulgata_index_lt.html\" target=\"_blank\" rel=\"noopener noreferrer\">Ti\u1ebfng Latinh (NovaVulgata)<\/a><\/span><\/h6>\n<\/li>\n<li>\n<h6><span style=\"color: #000000;\"><a style=\"color: #000000;\" href=\"https:\/\/pomog.org\/bible-church-slavonic\/\" target=\"_blank\" rel=\"noopener\">Ti\u1ebfng Nh\u00e0 th\u1edd Slavonic<\/a><\/span><\/h6>\n<\/li>\n<li>\n<h6><span style=\"color: #000000;\"><a style=\"color: #000000;\" href=\"https:\/\/www.wordproject.org\/bibles\/ru\/index.htm\" target=\"_blank\" rel=\"noopener noreferrer\">Ti\u1ebfng Nga<\/a><\/span><\/h6>\n<\/li>\n<li>\n<h6><span style=\"color: #000000;\"><a style=\"color: #000000;\" href=\"https:\/\/www.wordproject.org\/bibles\/fi\/index.htm\" target=\"_blank\" rel=\"noopener noreferrer\">Ti\u1ebfng Ph\u1ea7n Lan<\/a><\/span><\/h6>\n<\/li>\n<li>\n<h6><span style=\"color: #000000;\"><a style=\"color: #000000;\" href=\"https:\/\/www.wordproject.org\/bibles\/fr\/index.htm\" target=\"_blank\" rel=\"noopener noreferrer\">Ti\u1ebfng Ph\u00e1p<\/a><\/span><\/h6>\n<\/li>\n<li>\n<h6><span style=\"color: #000000;\"><a style=\"color: #000000;\" href=\"https:\/\/wordproject.org\/bibles\/tl\/\" target=\"_blank\" rel=\"noopener noreferrer\">Ti\u1ebfng Tagalog<\/a><\/span><\/h6>\n<\/li>\n<li>\n<h6><span style=\"color: #000000;\"><a style=\"color: #000000;\" href=\"http:\/\/www.vatican.va\/archive\/ESL0506\/_INDEX.HTM\" target=\"_blank\" rel=\"noopener noreferrer\">Ti\u1ebfng T\u00e2y Ban Nha<\/a><\/span><\/h6>\n<\/li>\n<li>\n<h6><span style=\"color: #000000;\"><a style=\"color: #000000;\" href=\"https:\/\/www.wordproject.org\/bibles\/se\/index.htm\" target=\"_blank\" rel=\"noopener noreferrer\">Ti\u1ebfng Th\u1ee5y \u0110i\u1ec3n<\/a><\/span><\/h6>\n<\/li>\n<li>\n<h6><span style=\"color: #000000;\"><a style=\"color: #000000;\" href=\"http:\/\/www.vatican.va\/chinese\/bibbia.htm\" target=\"_blank\" rel=\"noopener noreferrer\">Ti\u1ebfng Trung Qu\u1ed1c<\/a><\/span><\/h6>\n<\/li>\n<li>\n<h6><span style=\"color: #000000;\"><a style=\"color: #000000;\" href=\"https:\/\/www.wordproject.org\/bibles\/uk\/index.htm\" target=\"_blank\" rel=\"noopener noreferrer\">Ti\u1ebfng Ukrai<\/a><\/span><\/h6>\n<\/li>\n<li>\n<h6><a href=\"http:\/\/www.vatican.va\/archive\/ITA0001\/_INDEX.HTM\" target=\"_blank\" rel=\"noopener noreferrer\"><span style=\"color: #000000;\">Ti\u1ebfng \u00dd<\/span><\/a><\/h6>\n<\/li>\n<\/ul>\n<p>&nbsp;<\/p>\n<ul>\n<li>\n<h6><span style=\"color: #000000;\"><a style=\"color: #000000;\" href=\"https:\/\/www.wordproject.org\/bibles\/\" target=\"_blank\" rel=\"noopener noreferrer\">Kinh th\u00e1nh b\u1eb1ng c\u00e1c ng\u00f4n ng\u1eef kh\u00e1c nhau<\/a><\/span><\/h6>\n<\/li>\n<li>\n<h6><span style=\"color: #000000;\"><strong><a style=\"color: #000000;\" href=\"https:\/\/www.ecatholic2000.com\/haydock\/title.shtml\" target=\"_blank\" rel=\"noopener noreferrer\">Haydock Catholic Bible Commentary<\/a><\/strong><\/span><\/h6>\n<\/li>\n<\/ul>\n<p>&nbsp;<\/p>\n<hr \/>\n<h4><span style=\"color: #ff0000;\"><strong>GI\u00c1O L\u00dd C\u00d4NG GI\u00c1O<\/strong><\/span><\/h4>\n<ul>\n<li>\n<h6><span style=\"color: #000000;\"><a style=\"color: #000000;\" href=\"https:\/\/augustino.net\/giao-ly-cong-giao\/\" target=\"_blank\" rel=\"noopener\"><strong>TI\u1ebeNG VI\u1ec6T<\/strong><\/a><\/span><\/h6>\n<\/li>\n<li>\n<h6><span style=\"color: #000000;\"><a style=\"color: #000000;\" href=\"http:\/\/www.vatican.va\/archive\/ENG0015\/_INDEX.HTM\" target=\"_blank\" rel=\"noopener noreferrer\">Ti\u1ebfng Anh<\/a><img loading=\"lazy\" decoding=\"async\" class=\" wp-image-57141 alignright\" src=\"https:\/\/www.catholicturku.fi\/wp-content\/uploads\/katekismus-300x300.jpg\" alt=\"\" width=\"140\" height=\"140\" srcset=\"https:\/\/www.catholicturku.fi\/wp-content\/uploads\/katekismus-300x300.jpg 300w, https:\/\/www.catholicturku.fi\/wp-content\/uploads\/katekismus-150x150.jpg 150w, https:\/\/www.catholicturku.fi\/wp-content\/uploads\/katekismus.jpg 500w\" sizes=\"auto, (max-width: 140px) 100vw, 140px\" \/><\/span><\/h6>\n<\/li>\n<li>\n<h6><span style=\"color: #000000;\"><a style=\"color: #000000;\" href=\"http:\/\/www.katechizm.opoka.org.pl\/\" target=\"_blank\" rel=\"noopener noreferrer\">Ti\u1ebfng Ban Lan<\/a><\/span><\/h6>\n<\/li>\n<li>\n<h6><span style=\"color: #000000;\"><a style=\"color: #000000;\" href=\"http:\/\/www.vatican.va\/archive\/cathechism_po\/index_new\/prima-pagina-cic_po.html\" target=\"_blank\" rel=\"noopener noreferrer\">Ti\u1ebfng\u00a0B\u1ed3 \u0110\u00e0o Nha<\/a><\/span><\/h6>\n<\/li>\n<li>\n<h6><span style=\"color: #000000;\"><a style=\"color: #000000;\" href=\"http:\/\/www.vatican.va\/archive\/DEU0035\/_INDEX.HTM\" target=\"_blank\" rel=\"noopener noreferrer\">Ti\u1ebfng \u0110\u1ee9c<\/a><\/span><\/h6>\n<\/li>\n<li>\n<h6><span style=\"color: #000000;\"><a style=\"color: #000000;\" href=\"http:\/\/www.vatican.va\/archive\/catechism_lt\/index_lt.htm\" target=\"_blank\" rel=\"noopener noreferrer\">Ti\u1ebfng Latinh<\/a><\/span><\/h6>\n<\/li>\n<li>\n<h6><span style=\"color: #000000;\"><a style=\"color: #000000;\" href=\"http:\/\/www.vatican.va\/archive\/compendium_ccc\/documents\/archive_compendium-ccc_ru.pdf\" target=\"_blank\" rel=\"noopener noreferrer\">Ti\u1ebfng Nga<\/a><\/span><\/h6>\n<\/li>\n<li>\n<h6><span style=\"color: #000000;\"><a style=\"color: #000000;\" href=\"http:\/\/katolinen.fi\/?page_id=7279\" target=\"_blank\" rel=\"noopener noreferrer\">Ti\u1ebfng Ph\u1ea7n Lan<\/a><\/span><\/h6>\n<\/li>\n<li>\n<h6><span style=\"color: #000000;\"><a style=\"color: #000000;\" href=\"http:\/\/www.vatican.va\/archive\/FRA0013\/_INDEX.HTM\" target=\"_blank\" rel=\"noopener noreferrer\">Ti\u1ebfng Ph\u00e1p<\/a><\/span><\/h6>\n<\/li>\n<li>\n<h6><span style=\"color: #000000;\"><a style=\"color: #000000;\" href=\"https:\/\/drive.google.com\/file\/d\/16DkJMt33xfu5LRHvnr0ZFWBNABW23vOK\/view?fbclid=IwAR1j1DbukmEjPWlJST-rC6yqQGkm8i8e6-ioXkETesQlvIJeMxT6g2-uL18\" target=\"_blank\" rel=\"noopener\">Ti\u1ebfng Tagalog<\/a><\/span><\/h6>\n<\/li>\n<li>\n<h6><span style=\"color: #000000;\"><a style=\"color: #000000;\" href=\"http:\/\/www.vatican.va\/archive\/catechism_sp\/index_sp.html\" target=\"_blank\" rel=\"noopener noreferrer\">Ti\u1ebfng T\u00e2y Ban Nha<\/a><\/span><\/h6>\n<\/li>\n<li>\n<h6><span style=\"color: #000000;\"><a style=\"color: #000000;\" href=\"http:\/\/www.katekesen.se\/\" target=\"_blank\" rel=\"noopener noreferrer\">Ti\u1ebfng Th\u1ee5y \u0110i\u1ec3n<\/a><\/span><\/h6>\n<\/li>\n<li>\n<h6><span style=\"color: #000000;\"><a style=\"color: #000000;\" href=\"http:\/\/www.vatican.va\/chinese\/ccc_zh.htm\" target=\"_blank\" rel=\"noopener noreferrer\">Ti\u1ebfng\u00a0Trung Qu\u1ed1c<\/a><\/span><\/h6>\n<\/li>\n<li>\n<h6><span style=\"color: #000000;\"><a style=\"color: #000000;\" href=\"https:\/\/rkc.org.ua\/vchennya-czerkvy\/katehyzm\/\" target=\"_blank\" rel=\"noopener\">Ti\u1ebfng Ukrai<\/a><\/span><\/h6>\n<\/li>\n<li>\n<h6><span style=\"color: #000000;\"><a style=\"color: #000000;\" href=\"http:\/\/www.vatican.va\/archive\/ccc_it\/ccc-it_index_it.html\" target=\"_blank\" rel=\"noopener noreferrer\">Ti\u1ebfng \u00dd<\/a><\/span><\/h6>\n<\/li>\n<\/ul>\n<p>&nbsp;<\/p>\n<hr \/>\n<h4><span style=\"color: #ff0000;\"><strong>C\u00c1C B\u00cd T\u00cdCH<\/strong><\/span><img loading=\"lazy\" decoding=\"async\" class=\" wp-image-57100 alignright\" src=\"https:\/\/www.catholicturku.fi\/wp-content\/uploads\/baptism-300x300.jpg\" alt=\"\" width=\"175\" height=\"175\" srcset=\"https:\/\/www.catholicturku.fi\/wp-content\/uploads\/baptism-300x300.jpg 300w, https:\/\/www.catholicturku.fi\/wp-content\/uploads\/baptism-1024x1024.jpg 1024w, https:\/\/www.catholicturku.fi\/wp-content\/uploads\/baptism-150x150.jpg 150w, https:\/\/www.catholicturku.fi\/wp-content\/uploads\/baptism-768x768.jpg 768w, https:\/\/www.catholicturku.fi\/wp-content\/uploads\/baptism-1536x1536.jpg 1536w, https:\/\/www.catholicturku.fi\/wp-content\/uploads\/baptism.jpg 1920w\" sizes=\"auto, (max-width: 175px) 100vw, 175px\" \/><\/h4>\n<ul>\n<li>\n<h6><span style=\"color: #000000;\"><a style=\"color: #000000;\" href=\"http:\/\/www.conggiao.org\/bi-tich-rua-toi\/\" target=\"_blank\" rel=\"noopener noreferrer\">R\u1eeda T\u1ed9i<\/a><\/span><\/h6>\n<\/li>\n<li>\n<h6><span style=\"color: #000000;\"><a style=\"color: #000000;\" href=\"http:\/\/www.conggiao.org\/bi-tich-them-suc\/\" target=\"_blank\" rel=\"noopener noreferrer\">Th\u00eam S\u1ee9c<\/a><\/span><\/h6>\n<\/li>\n<li>\n<div>\n<h6><span style=\"color: #000000;\"><a style=\"color: #000000;\" href=\"http:\/\/www.conggiao.org\/bi-tich-minh-thanh-chua\/\" target=\"_blank\" rel=\"noopener noreferrer\">Th\u00e1nh Th\u1ec3<\/a><\/span><\/h6>\n<\/div>\n<\/li>\n<li>\n<h6><span style=\"color: #000000;\"><a style=\"color: #000000;\" href=\"http:\/\/www.conggiao.org\/bi-tich-giai-toi\/\" target=\"_blank\" rel=\"noopener noreferrer\">Gi\u1ea3i T\u1ed9i<\/a><\/span><\/h6>\n<\/li>\n<li>\n<h6><span style=\"color: #000000;\"><a style=\"color: #000000;\" href=\"http:\/\/www.conggiao.org\/bi-tich-xuc-dau-thanh\/\" target=\"_blank\" rel=\"noopener noreferrer\">X\u1ee9c D\u1ea7u Th\u00e1nh<\/a><\/span><\/h6>\n<\/li>\n<li>\n<h6><span style=\"color: #000000;\"><a style=\"color: #000000;\" href=\"http:\/\/www.conggiao.org\/bi-tich-truyen-chuc-thanh\/\" target=\"_blank\" rel=\"noopener noreferrer\">Truy\u1ec1n Ch\u1ee9c Th\u00e1nh<\/a><\/span><\/h6>\n<\/li>\n<li>\n<h6><span style=\"color: #000000;\"><a style=\"color: #000000;\" href=\"http:\/\/www.conggiao.org\/bi-tich-hon-phoi\/\" target=\"_blank\" rel=\"noopener noreferrer\">H\u00f4n Ph\u1ed1i<\/a><\/span><\/h6>\n<\/li>\n<\/ul>\n<p>&nbsp;<\/p>\n<hr \/>\n<h4><span style=\"color: #ff0000;\"><strong>GI\u1ea2NG D\u1ea0Y T\u00d4N GI\u00c1O<\/strong><\/span><\/h4>\n<h5><span style=\"color: #ffffff;\">\u00b7<\/span><\/h5>\n<h5><strong>Ph\u00f2ng Gi\u00e1o d\u1ee5c<\/strong><\/h5>\n<h6><span style=\"color: #000000;\"><a style=\"color: #000000;\" href=\"https:\/\/www.google.fi\/maps\/place\/Kuusitie+6,+00270+Helsinki\/@60.1944102,24.8952311,16.25z\/data=!4m5!3m4!1s0x469209f621ac181f:0xcf44d83f44483b94!8m2!3d60.1948492!4d24.8996264\" target=\"_blank\" rel=\"noopener noreferrer\">Kuusitie 6<\/a><\/span><br \/>\n00270 \u00a0HELSINKI<br \/>\nPh\u1ea7n Lan<\/h6>\n<p>&nbsp;<\/p>\n<h6>\u2709\u00a0<span style=\"color: #000000;\"><a style=\"color: #000000;\" href=\"mailto:opetus@katolinen.fi\" target=\"_blank\" rel=\"noopener noreferrer\">opetus\u00a0(at) katolinen.fi<\/a><\/span><br \/>\n<img decoding=\"async\" src=\"https:\/\/img.icons8.com\/windows\/16\/000000\/home.png\" \/>\u00a0<span style=\"color: #000000;\"><a style=\"color: #000000;\" href=\"http:\/\/opetus.katolinen.fi\/\" target=\"_blank\" rel=\"noopener noreferrer\">opetus.katolinen.fi<\/a><\/span><\/h6>\n<p>&nbsp;<\/p>\n<h6>Gi\u00e1m \u0111\u1ed1c <strong>Osmo Vartiainen<\/strong><br \/>\n\u260f 050 5440871<br \/>\n\u260f +358 50 5440871<br \/>\n\u2709\u00a0<span style=\"color: #000000;\"><a style=\"color: #000000;\" href=\"mailto:osmo.vartiainen@katolinen.fi\" target=\"_blank\" rel=\"noopener noreferrer\">osmo.vartiainen (at) katolinen.fi<\/a><\/span><\/h6>\n<p>&nbsp;<\/p>\n<hr \/>\n<h4><span style=\"color: #ff0000;\"><strong>B\u1ed4 SUNG<\/strong><\/span><\/h4>\n<ul>\n<li>\n<h6><span style=\"color: #000000;\"><a style=\"color: #000000;\" href=\"http:\/\/www.agapebiblestudy.com\/How%20To%20Study%20Scripture.htm\" target=\"_blank\" rel=\"noopener noreferrer\">Guide for the Study of Sacred Scripture<\/a><\/span><\/h6>\n<\/li>\n<li>\n<h6><span style=\"color: #000000;\"><a style=\"color: #000000;\" href=\"https:\/\/www.sacredspace.ie\/\" target=\"_blank\" rel=\"noopener\">Kh\u00f4ng gian thi\u00eang li\u00eang &#8211; l\u1eddi c\u1ea7u nguy\u1ec7n online h\u00e0ng ng\u00e0y<\/a><\/span><\/h6>\n<\/li>\n<\/ul>\n<p>&nbsp;<\/p>\n<hr \/>\n<h5>\u25ba\u00a0 <span style=\"color: #000000;\"><a style=\"color: #000000;\" href=\"https:\/\/www.catholicturku.fi\/?lang=vi\"><strong>M\u1ee4C L\u1ee4C CH\u00cdNH<\/strong><\/a><\/span><br \/>\n\u25ba\u00a0 <span style=\"color: #000000;\"><a style=\"color: #000000;\" href=\"https:\/\/www.catholicturku.fi\/?page_id=1092&amp;lang=vi\"><strong>TRANG \u0110\u1ea6U<\/strong><\/a><\/span><\/h5>\n<hr \/>\n<h6 style=\"text-align: center;\"><strong>Qu\u1ea3n tr\u1ecb m\u1ea1ng<\/strong><\/h6>\n<h6 style=\"text-align: center;\"><span style=\"color: #000000;\"><a style=\"color: #000000;\" href=\"mailto:webmaster@romanos.fi\">webmaster (at) romanos.fi<\/a><\/span><\/h6>\n","protected":false},"excerpt":{"rendered":"<p>TH\u00c1NH KINH TI\u1ebeNG VI\u1ec6T Ti\u1ebfng \u1ea2 R\u1eadp Ti\u1ebfng Anh Ti\u1ebfng Ba Lan Ti\u1ebfng B\u1ed3 \u0110\u00e0o Nha Ti\u1ebfng Do Th\u00e1i Ti\u1ebfng \u0110\u1ee9c Ti\u1ebfng Estonia Ti\u1ebfng Hy L\u1ea1p Ti\u1ebfng Latinh (NovaVulgata) Ti\u1ebfng Nh\u00e0 th\u1edd Slavonic Ti\u1ebfng Nga Ti\u1ebfng Ph\u1ea7n Lan Ti\u1ebfng Ph\u00e1p Ti\u1ebfng Tagalog Ti\u1ebfng T\u00e2y Ban Nha Ti\u1ebfng Th\u1ee5y \u0110i\u1ec3n Ti\u1ebfng Trung Qu\u1ed1c Ti\u1ebfng Ukrai Ti\u1ebfng [&hellip;]<\/p>\n","protected":false},"author":1,"featured_media":0,"parent":0,"menu_order":261,"comment_status":"closed","ping_status":"closed","template":"","meta":{"footnotes":""},"class_list":["post-1531","page","type-page","status-publish","hentry"],"_links":{"self":[{"href":"https:\/\/www.catholicturku.fi\/index.php?rest_route=\/wp\/v2\/pages\/1531","targetHints":{"allow":["GET"]}}],"collection":[{"href":"https:\/\/www.catholicturku.fi\/index.php?rest_route=\/wp\/v2\/pages"}],"about":[{"href":"https:\/\/www.catholicturku.fi\/index.php?rest_route=\/wp\/v2\/types\/page"}],"author":[{"embeddable":true,"href":"https:\/\/www.catholicturku.fi\/index.php?rest_route=\/wp\/v2\/users\/1"}],"replies":[{"embeddable":true,"href":"https:\/\/www.catholicturku.fi\/index.php?rest_route=%2Fwp%2Fv2%2Fcomments&post=1531"}],"version-history":[{"count":52,"href":"https:\/\/www.catholicturku.fi\/index.php?rest_route=\/wp\/v2\/pages\/1531\/revisions"}],"predecessor-version":[{"id":62957,"href":"https:\/\/www.catholicturku.fi\/index.php?rest_route=\/wp\/v2\/pages\/1531\/revisions\/62957"}],"wp:attachment":[{"href":"https:\/\/www.catholicturku.fi\/index.php?rest_route=%2Fwp%2Fv2%2Fmedia&parent=1531"}],"curies":[{"name":"wp","href":"https:\/\/api.w.org\/{rel}","templated":true}]}}