{"id":1527,"date":"2019-05-15T09:49:36","date_gmt":"2019-05-15T06:49:36","guid":{"rendered":"http:\/\/www.catholicturku.fi\/?page_id=1527"},"modified":"2024-11-20T16:42:57","modified_gmt":"2024-11-20T14:42:57","slug":"phi-thanh-vien","status":"publish","type":"page","link":"https:\/\/www.catholicturku.fi\/?page_id=1527&lang=vi","title":{"rendered":"<b>Ph\u00ed th\u00e0nh vi\u00ean v\u00e0 ti\u1ec1n xin r\u1ed5<\/b>"},"content":{"rendered":"<hr \/>\n<h4><span style=\"color: #ff0000;\"><strong>PH\u00cd TH\u00c0NH VI\u00caN<\/strong><\/span><\/h4>\n<h6><span style=\"color: #ffffff;\">\u00b7<\/span><\/h6>\n<h6><strong>C\u00e1c gi\u00e1o d\u00e2n th\u00e2n m\u1ebfn!<\/strong><\/h6>\n<h6><span style=\"color: #ffffff;\">\u00b7<\/span><\/h6>\n<h6>Nh\u1eefng thay \u0111\u1ed5i v\u1ec1 kinh t\u1ebf trong th\u1eddi gian g\u1ea7n \u0111\u00e2y, bao g\u1ed3m c\u1ea3 vi\u1ec7c tr\u1ea3 l\u01b0\u01a1ng linh m\u1ee5c, \u0111\u00e3 g\u00e2y ra nhi\u1ec1u c\u00e2u h\u1ecfi trong s\u1ed1 c\u00e1c gi\u00e1o d\u00e2n c\u1ee7a gi\u00e1o ph\u1eadn, nh\u01b0ng c\u0169ng quan t\u00e2m \u0111\u1ebfn vi\u1ec7c Gi\u00e1o h\u1ed9i d\u01b0\u1edbi nh\u1eefng \u0111i\u1ec1u ki\u1ec7n m\u1edbi c\u00f3 kh\u1ea3 n\u0103ng v\u1ec1 m\u1eb7t t\u00e0i ch\u00ednh nh\u01b0 th\u1ebf n\u00e0o. \u0110\u00f3 l\u00e0 l\u00fd do t\u1ea1i sao t\u00f4i mu\u1ed1n t\u00ecm hi\u1ec3u c\u00e1ch th\u1ee9c c\u00e1c gi\u00e1o ph\u1eadn c\u00f3 th\u1ec3 t\u00e0i tr\u1ee3 cho Gi\u00e1o H\u1ed9i nh\u01b0 th\u1ebf n\u00e0o v\u00e0 \u0111\u1ed3ng th\u1eddi mu\u1ed1n n\u00eau l\u00ean nh\u1eefng tr\u00e1ch nhi\u1ec7m c\u1ee7a h\u1ecd trong v\u1ea5n \u0111\u1ec1 n\u00e0y. Trong Gi\u00e1o H\u1ed9i C\u00f4ng Gi\u00e1o, m\u1ecdi th\u00e0nh vi\u00ean c\u1ee7a Gi\u00e1o H\u1ed9i, m\u1ed7i gi\u00e1o d\u00e2n, \u0111\u1ec1u c\u00f3 tr\u00e1ch nhi\u1ec7m t\u00e0i tr\u1ee3 cho c\u00e1c ho\u1ea1t \u0111\u1ed9ng c\u1ee7a nh\u00e0 th\u1edd v\u00e0 gi\u00e1o x\u1ee9 c\u1ee7a m\u00ecnh c\u00e0ng nhi\u1ec1u c\u00e0ng t\u1ed1t. Trong Gi\u00e1o ph\u1eadn C\u00f4ng gi\u00e1o Helsinki s\u1ebd b\u1eaft \u0111\u1ea7u t\u1eeb \u0111\u1ea7u n\u0103m 2018 nh\u01b0 sau:<\/h6>\n<h6><span style=\"color: #ffffff;\">\u00b7<\/span><\/h6>\n<h6 style=\"text-align: left;\"><strong>M\u1ed7i ng\u01b0\u1eddi C\u00f4ng gi\u00e1o tr\u01b0\u1edfng th\u00e0nh \u0111\u1ec1u c\u00f3 ngh\u0129a v\u1ee5 ph\u1ea3i tr\u1ea3 1,5% thu nh\u1eadp c\u1ee7a m\u00ecnh cho t\u00e0i kho\u1ea3n ph\u00ed th\u00e0nh vi\u00ean c\u1ee7a nh\u00e0 th\u1edd c\u1ee7a h\u1ecd.<\/strong><\/h6>\n<h6><span style=\"color: #ffffff;\">\u00b7<\/span><\/h6>\n<h6 style=\"text-align: left;\"><span style=\"color: #000000;\">\u25ba \u00a0<a style=\"color: #000000;\" href=\"https:\/\/katolinen.fi\/jasenmaksu\/\" target=\"_blank\" rel=\"noopener noreferrer\"><strong>\u0110O\u0323C TH\u00caM TA\u0323I \u0110\u00c2Y<\/strong><\/a><\/span><\/h6>\n<h6><span style=\"color: #ffffff;\">\u00b7<\/span><\/h6>\n<h6>T\u1ea5t nhi\u00ean, \u0111i\u1ec1u n\u00e0y kh\u00f4ng c\u1ea7n ph\u1ea3i l\u00e0m, \u00edt nh\u1ea5t l\u00e0 \u0111\u1ea7y \u0111\u1ee7, n\u1ebfu m\u1ed9t th\u00e0nh vi\u00ean c\u1ee7a Gi\u00e1o H\u1ed9i g\u1eb7p ph\u1ea3i nh\u1eefng th\u00e1ch th\u1ee9c t\u00e0i ch\u00e1nh l\u1edbn. C\u00e1ch t\u1ed1t nh\u1ea5t l\u00e0 th\u1ef1c hi\u1ec7n chuy\u1ec3n kho\u1ea3n ng\u00e2n h\u00e0ng t\u1ef1 \u0111\u1ed9ng h\u00e0ng th\u00e1ng v\u00e0o t\u00e0i kho\u1ea3n ph\u00ed th\u00e0nh vi\u00ean chi nh\u00e1nh.\u00a0C\u00e1c nh\u00e0 th\u1edd th\u01b0\u1eddng xuy\u00ean quy\u00ean g\u00f3p kho\u1ea3ng 10% thu nh\u1eadp c\u1ee7a h\u1ecd cho gi\u00e1o ph\u1eadn.\u00a0Gi\u00e1o ph\u1eadn c\u1ea7n nh\u1eefng kho\u1ea3n thu n\u00e0y \u0111\u1ec3 duy tr\u00ec c\u00e1c ch\u1ee9c n\u0103ng th\u00f4ng th\u01b0\u1eddng v\u00e0, v\u00ed d\u1ee5, \u0111\u1ec3 h\u1ed7 tr\u1ee3 c\u00e1c nh\u00e0 th\u1edd kh\u00f4ng t\u1ef1 trang tr\u1ea3i chi ph \u00ed t\u00e0i ch \u00e1nh cho m\u00ecnh.<\/h6>\n<h6><span style=\"color: #ffffff;\">\u00b7<\/span><\/h6>\n<h6 style=\"text-align: left;\"><strong>H\u01b0\u1edbng d\u1eabn n\u00e0y s\u1ebd c\u00f3 hi\u1ec7u l\u1ef1c ngay v\u00e0 thay th\u1ebf t\u1ea5t c\u1ea3 c\u00e1c h\u01b0\u1edbng d\u1eabn t\u00e0i ch\u00ednh c\u1ee7a Nh\u00e0 th\u1edd tr\u01b0\u1edbc kia.<\/strong><\/h6>\n<h6><span style=\"color: #ffffff;\">\u00b7<\/span><\/h6>\n<h6>Tuy nhi\u00ean, gi\u00e1o ph\u1eadn v\u1eabn c\u00f3 th\u1ec3 \u0111\u01b0\u1ee3c h\u1ed7 tr\u1ee3 tr\u1ef1c ti\u1ebfp nh\u01b0 n\u00f3 \u0111\u00e3 \u0111\u01b0\u1ee3c cho \u0111\u1ebfn nay, v\u00e0 th\u1ee9 t\u1ef1 cho t\u1ea1p ch\u00ed Fides g\u1eedi \u0111\u1ebfn m\u1ecdi nh\u00e0 C\u00f4ng gi\u00e1o s\u1ebd ti\u1ebfp t\u1ee5c \u0111\u01b0\u1ee3c thanh to\u00e1n h\u00e0ng n\u0103m.\u00a0C\u1ea3m \u01a1n t\u1ea5t c\u1ea3 c\u00e1c b\u1ea1n \u0111\u00e3 h\u1ed7 tr\u1ee3 H\u1ed9i Th\u00e1nh!<\/h6>\n<h6><span style=\"color: #ffffff;\">\u00b7<\/span><\/h6>\n<h6>Helsinki, ng\u00e0y 8 th\u00e1ng 1 n\u0103m 2018<\/h6>\n<h6><span style=\"color: #ffffff;\">\u00b7<\/span><\/h6>\n<h6><span style=\"color: #0000ff;\"><strong>+ Teemu Sippo SCJ<\/strong><\/span><br \/>\nGi\u00e1m m\u1ee5c c\u1ee7a Helsinki<\/h6>\n<p>&nbsp;<\/p>\n<hr \/>\n<h4><span style=\"color: #ff0000;\"><b>T\u00c0I KHO\u1ea2N NG\u00c2N H\u00c0NG<\/b><\/span><\/h4>\n<h6 style=\"padding-left: 30px;\">FI40 1547 3000 0005 98<br \/>\nNDEAFIHH<br \/>\n<span style=\"color: #ffffff;\">\u00b7<\/span><br \/>\nS\u1ed1 tham chi\u1ebfu cho ph\u00ed h\u1ed9i vi\u00ean\u00a0<strong>90010<\/strong><\/h6>\n<h6><span style=\"color: #ffffff;\">\u00b7<\/span><\/h6>\n<h4><span style=\"color: #ff0000;\"><b>T\u00c0I KHO\u1ea2N QU\u1ef8 \u0110\u1ea4T TH\u00c1NH<\/b><\/span><\/h4>\n<h6 style=\"padding-left: 30px;\">FI48 1547 3000 1007 52<br \/>\nNDEAFIHH<br \/>\n<span style=\"color: #ffffff;\">\u00b7<\/span><br \/>\n<span style=\"color: #000000;\"><a style=\"color: #000000;\" href=\"https:\/\/www.catholicturku.fi\/?page_id=1529&amp;lang=vi\"><strong>Ngh\u0129a trang<\/strong><\/a><\/span>\u00a0c\u00f4ng gi\u00e1o th\u1ee9 hai c\u1ee7a Ph\u1ea7n Lan n\u1eb1m \u1edf Turku. N\u00f3 \u0111\u01b0\u1ee3c b\u1ea3o tr\u00ec ph\u1ea7n l\u1edbn l\u00e0 nh\u1edd c\u00f4ng t\u00e1c thi\u1ec7n nguy\u1ec7n, nh\u01b0ng vi\u1ec7c g\u00ecn gi\u1eef \u0111\u00f3 c\u0169ng \u0111\u00f2i h\u1ecfi ti\u1ec1n b\u1ea1c n\u1eefa.<\/h6>\n<p>&nbsp;<\/p>\n<hr \/>\n<h4><span style=\"color: #ff0000;\"><strong>TI\u1ec0N XIN R\u1ed4 \u2013 MOBILEPAY 89652<\/strong><\/span><\/h4>\n<h6><span style=\"color: #ffffff;\">\u00b7<\/span><\/h6>\n<h6>Ti\u1ec1n xin r\u1ed5 gi\u1edd \u0111\u00e2y c\u0169ng c\u00f3 th\u1ec3 \u0111\u01b0\u1ee3c cho b\u1eb1ng \u0111i\u1ec7n tho\u1ea1i th\u00f4ng minh th\u00f4ng qua \u1ee9ng d\u1ee5ng MobilePay. MobilePay t\u01b0\u01a1ng \u0111\u01b0\u01a1ng v\u1edbi ti\u1ec1n m\u1eb7t v\u00e0 do \u0111\u00f3 r\u1ea5t thu\u1eadn ti\u1ec7n khi s\u1eed d\u1ee5ng khi thanh to\u00e1n b\u1eb1ng \u0111i\u1ec7n tho\u1ea1i di \u0111\u1ed9ng n\u1ebfu kh\u00f4ng c\u00f3 s\u1eb5n l\u01b0\u1ee3ng ti\u1ec1n m\u1eb7t ph\u00f9 h\u1ee3p. C\u00f3 th\u1ec3 t\u1ea3i xu\u1ed1ng \u1ee9ng d\u1ee5ng MobilePay d\u00e0nh cho \u0111i\u1ec7n tho\u1ea1i th\u00f4ng minh t\u1eeb c\u1eeda h\u00e0ng \u1ee9ng d\u1ee5ng. Kho \u1ee9ng d\u1ee5ng ph\u1ed5 bi\u1ebfn nh\u1ea5t d\u00e0nh cho \u0111i\u1ec7n tho\u1ea1i Android l\u00e0 Google Play v\u00e0 App Store d\u00e0nh cho \u0111i\u1ec7n tho\u1ea1i Apple.<\/h6>\n<h6><img loading=\"lazy\" decoding=\"async\" class=\"size-medium wp-image-54138 aligncenter\" src=\"https:\/\/www.catholicturku.fi\/wp-content\/uploads\/mobilepay-300x225.jpg\" alt=\"\" width=\"300\" height=\"225\" srcset=\"https:\/\/www.catholicturku.fi\/wp-content\/uploads\/mobilepay-300x225.jpg 300w, https:\/\/www.catholicturku.fi\/wp-content\/uploads\/mobilepay-150x113.jpg 150w, https:\/\/www.catholicturku.fi\/wp-content\/uploads\/mobilepay-768x576.jpg 768w, https:\/\/www.catholicturku.fi\/wp-content\/uploads\/mobilepay.jpg 866w\" sizes=\"auto, (max-width: 300px) 100vw, 300px\" \/><\/h6>\n<h6><span class=\"s1\">Ch\u1ecdn\u00a0<\/span><span class=\"s1\">s\u1ed1 MobilePay c\u1ee7a gi\u00e1o x\u1ee9 l\u00e0<strong> 89652<\/strong>. H\u00e3y nh\u1ea5p v\u00e0o h\u00ecnh \u1ea3nh nh\u00e0 th\u1edd tr\u00ean \u0111i\u1ec7n tho\u1ea1i c\u1ee7a b\u1ea1n c\u00f3 d\u00f2ng ch\u1eef <em>&#8221;Turun katolinen seurakunta&#8221;<\/em>.\u00a0<\/span><span class=\"s1\">Ch\u1ecdn s\u1ed1 ti\u1ec1n cho.\u00a0<\/span><span class=\"s1\">S\u1ed1 ti\u1ec1n b\u1ea1n ch\u1ecdn s\u1ebd \u0111\u01b0\u1ee3c chuy\u1ec3n t\u1eeb t\u00e0i kho\u1ea3n ng\u00e2n h\u00e0ng c\u1ee7a ch\u00ednh b\u1ea1n sang t\u00e0i kho\u1ea3n ng\u00e2n h\u00e0ng c\u1ee7a nh\u00e0 th\u1edd v\u00e0 sao k\u00ea t\u00e0i kho\u1ea3n s\u1ebd cho bi\u1ebft ai l\u00e0 ng\u01b0\u1eddi g\u1eedi s\u1ed1 ti\u1ec1n \u0111\u00f3.<\/span><\/h6>\n<p>&nbsp;<\/p>\n<hr \/>\n<h5>\u25ba\u00a0 <span style=\"color: #000000;\"><a style=\"color: #000000;\" href=\"https:\/\/www.catholicturku.fi\/?lang=vi\"><strong>M\u1ee4C L\u1ee4C CH\u00cdNH<\/strong><\/a><\/span><br \/>\n\u25ba\u00a0 <span style=\"color: #000000;\"><a style=\"color: #000000;\" href=\"https:\/\/www.catholicturku.fi\/?page_id=1092&amp;lang=vi\"><strong>TRANG \u0110\u1ea6U<\/strong><\/a><\/span><\/h5>\n<hr \/>\n<h6 style=\"text-align: center;\"><strong>Qu\u1ea3n tr\u1ecb m\u1ea1ng<\/strong><\/h6>\n<h6 style=\"text-align: center;\"><span style=\"color: #000000;\"><a style=\"color: #000000;\" href=\"mailto:webmaster@romanos.fi\">webmaster (at) romanos.fi<\/a><\/span><\/h6>\n","protected":false},"excerpt":{"rendered":"<p>PH\u00cd TH\u00c0NH VI\u00caN \u00b7 C\u00e1c gi\u00e1o d\u00e2n th\u00e2n m\u1ebfn! \u00b7 Nh\u1eefng thay \u0111\u1ed5i v\u1ec1 kinh t\u1ebf trong th\u1eddi gian g\u1ea7n \u0111\u00e2y, bao g\u1ed3m c\u1ea3 vi\u1ec7c tr\u1ea3 l\u01b0\u01a1ng linh m\u1ee5c, \u0111\u00e3 g\u00e2y ra nhi\u1ec1u c\u00e2u h\u1ecfi trong s\u1ed1 c\u00e1c gi\u00e1o d\u00e2n c\u1ee7a gi\u00e1o ph\u1eadn, nh\u01b0ng c\u0169ng quan t\u00e2m \u0111\u1ebfn vi\u1ec7c Gi\u00e1o h\u1ed9i d\u01b0\u1edbi nh\u1eefng \u0111i\u1ec1u ki\u1ec7n [&hellip;]<\/p>\n","protected":false},"author":1,"featured_media":0,"parent":0,"menu_order":259,"comment_status":"closed","ping_status":"closed","template":"","meta":{"footnotes":""},"class_list":["post-1527","page","type-page","status-publish","hentry"],"_links":{"self":[{"href":"https:\/\/www.catholicturku.fi\/index.php?rest_route=\/wp\/v2\/pages\/1527","targetHints":{"allow":["GET"]}}],"collection":[{"href":"https:\/\/www.catholicturku.fi\/index.php?rest_route=\/wp\/v2\/pages"}],"about":[{"href":"https:\/\/www.catholicturku.fi\/index.php?rest_route=\/wp\/v2\/types\/page"}],"author":[{"embeddable":true,"href":"https:\/\/www.catholicturku.fi\/index.php?rest_route=\/wp\/v2\/users\/1"}],"replies":[{"embeddable":true,"href":"https:\/\/www.catholicturku.fi\/index.php?rest_route=%2Fwp%2Fv2%2Fcomments&post=1527"}],"version-history":[{"count":33,"href":"https:\/\/www.catholicturku.fi\/index.php?rest_route=\/wp\/v2\/pages\/1527\/revisions"}],"predecessor-version":[{"id":62933,"href":"https:\/\/www.catholicturku.fi\/index.php?rest_route=\/wp\/v2\/pages\/1527\/revisions\/62933"}],"wp:attachment":[{"href":"https:\/\/www.catholicturku.fi\/index.php?rest_route=%2Fwp%2Fv2%2Fmedia&parent=1527"}],"curies":[{"name":"wp","href":"https:\/\/api.w.org\/{rel}","templated":true}]}}