{"id":1513,"date":"2019-05-15T09:40:18","date_gmt":"2019-05-15T06:40:18","guid":{"rendered":"http:\/\/www.catholicturku.fi\/?page_id=1513"},"modified":"2024-11-20T16:46:03","modified_gmt":"2024-11-20T14:46:03","slug":"cmentarz","status":"publish","type":"page","link":"https:\/\/www.catholicturku.fi\/?page_id=1513&lang=pl","title":{"rendered":"<b>Cmentarz<\/b>"},"content":{"rendered":"<hr \/>\n<h4><span style=\"color: #ff0000;\"><b>NUMER KONTA FUNDUSZU CMENTARNEGO<\/b><\/span><\/h4>\n<h6 style=\"padding-left: 30px;\">FI48 1547 3000 1007 52<br \/>\nNDEAFIHH<br \/>\n<span style=\"color: #ffffff;\">\u00b7<\/span><br \/>\nJeden z dw\u00f3ch cmentarzy katolickich w Finlandii znajduje si\u0119 w Turku. Praca wolontariacka jest podstawowym sposobem utrzymania stanu cmentarza, ale potrzebne s\u0105 r\u00f3wnie\u017c pieni\u0105dze.<\/h6>\n<p><span style=\"color: #ffffff;\">\u00b7<\/span><\/p>\n<hr \/>\n<p><span style=\"color: #ffffff;\">\u00b7<\/span><\/p>\n<h5><span style=\"color: #000000;\">\u25ba \u00a0<a style=\"color: #000000;\" href=\"https:\/\/www.google.com\/maps\/place\/Katolinen+hautausmaa\/@60.4306926,22.3018664,15z\/data=!4m5!3m4!1s0x468c7728c12f53dd:0xb9548759f305086f!8m2!3d60.430956!4d22.3073902?hl=fi\" target=\"_blank\" rel=\"noopener noreferrer\"><strong>Mapa og\u00f3lna cmentarza<\/strong><\/a><\/span><\/h5>\n<p>&nbsp;<\/p>\n<hr \/>\n<h5><span style=\"color: #ff0000;\"><strong>INSTRUKTA\u017b JAZDY (9):<\/strong><\/span><br \/>\n<span style=\"color: #ffffff;\">\u00b7<\/span><br \/>\n<img loading=\"lazy\" decoding=\"async\" class=\"alignnone wp-image-549\" src=\"http:\/\/www.catholicturku.fi\/wp-content\/uploads\/Hautausmaa-300x170.jpg\" alt=\"\" width=\"588\" height=\"333\" data-wp-pid=\"549\" srcset=\"https:\/\/www.catholicturku.fi\/wp-content\/uploads\/Hautausmaa-300x170.jpg 300w, https:\/\/www.catholicturku.fi\/wp-content\/uploads\/Hautausmaa-150x85.jpg 150w, https:\/\/www.catholicturku.fi\/wp-content\/uploads\/Hautausmaa-768x434.jpg 768w, https:\/\/www.catholicturku.fi\/wp-content\/uploads\/Hautausmaa.jpg 1024w, https:\/\/www.catholicturku.fi\/wp-content\/uploads\/Hautausmaa-800x452.jpg 800w, https:\/\/www.catholicturku.fi\/wp-content\/uploads\/Hautausmaa-600x339.jpg 600w\" sizes=\"auto, (max-width: 588px) 100vw, 588px\" \/><\/h5>\n<p>&nbsp;<\/p>\n<hr \/>\n<h5>\u25ba\u00a0\u00a0<span style=\"color: #000000;\"><a style=\"color: #000000;\" href=\"https:\/\/www.catholicturku.fi\/?lang=pl\"><strong>MENU G\u0141\u00d3WNE<\/strong><\/a><\/span><br \/>\n\u25ba\u00a0 <span style=\"color: #000000;\"><a style=\"color: #000000;\" href=\"https:\/\/www.catholicturku.fi\/?page_id=1050&amp;lang=pl\"><strong>STRONA G\u0141\u00d3WNA<\/strong><\/a><\/span><\/h5>\n<hr \/>\n<h6 style=\"text-align: center;\"><strong>Webmaster<\/strong><\/h6>\n<h6 style=\"text-align: center;\"><span style=\"color: #000000;\"><a style=\"color: #000000;\" href=\"mailto:webmaster@romanos.fi\">webmaster (at) romanos.fi<\/a><\/span><\/h6>\n","protected":false},"excerpt":{"rendered":"<p>NUMER KONTA FUNDUSZU CMENTARNEGO FI48 1547 3000 1007 52 NDEAFIHH \u00b7 Jeden z dw\u00f3ch cmentarzy katolickich w Finlandii znajduje si\u0119 w Turku. Praca wolontariacka jest podstawowym sposobem utrzymania stanu cmentarza, ale potrzebne s\u0105 r\u00f3wnie\u017c pieni\u0105dze. \u00b7 \u00b7 \u25ba \u00a0Mapa og\u00f3lna cmentarza &nbsp; INSTRUKTA\u017b JAZDY (9): \u00b7 &nbsp; \u25ba\u00a0\u00a0MENU G\u0141\u00d3WNE \u25ba\u00a0 STRONA G\u0141\u00d3WNA Webmaster webmaster (at) [&hellip;]<\/p>\n","protected":false},"author":1,"featured_media":0,"parent":0,"menu_order":210,"comment_status":"closed","ping_status":"closed","template":"","meta":{"footnotes":""},"class_list":["post-1513","page","type-page","status-publish","hentry"],"_links":{"self":[{"href":"https:\/\/www.catholicturku.fi\/index.php?rest_route=\/wp\/v2\/pages\/1513","targetHints":{"allow":["GET"]}}],"collection":[{"href":"https:\/\/www.catholicturku.fi\/index.php?rest_route=\/wp\/v2\/pages"}],"about":[{"href":"https:\/\/www.catholicturku.fi\/index.php?rest_route=\/wp\/v2\/types\/page"}],"author":[{"embeddable":true,"href":"https:\/\/www.catholicturku.fi\/index.php?rest_route=\/wp\/v2\/users\/1"}],"replies":[{"embeddable":true,"href":"https:\/\/www.catholicturku.fi\/index.php?rest_route=%2Fwp%2Fv2%2Fcomments&post=1513"}],"version-history":[{"count":31,"href":"https:\/\/www.catholicturku.fi\/index.php?rest_route=\/wp\/v2\/pages\/1513\/revisions"}],"predecessor-version":[{"id":62944,"href":"https:\/\/www.catholicturku.fi\/index.php?rest_route=\/wp\/v2\/pages\/1513\/revisions\/62944"}],"wp:attachment":[{"href":"https:\/\/www.catholicturku.fi\/index.php?rest_route=%2Fwp%2Fv2%2Fmedia&parent=1513"}],"curies":[{"name":"wp","href":"https:\/\/api.w.org\/{rel}","templated":true}]}}