{"id":1511,"date":"2019-05-15T09:39:16","date_gmt":"2019-05-15T06:39:16","guid":{"rendered":"http:\/\/www.catholicturku.fi\/?page_id=1511"},"modified":"2024-11-20T16:42:42","modified_gmt":"2024-11-20T14:42:42","slug":"oplata-czlonkowska","status":"publish","type":"page","link":"https:\/\/www.catholicturku.fi\/?page_id=1511&lang=pl","title":{"rendered":"<b>Op\u0142ata cz\u0142onkowska i sk\u0142adka<\/b>"},"content":{"rendered":"<hr \/>\n<h4><span style=\"color: #ff0000;\"><strong>OP\u0141ATA CZ\u0141ONKOWSKA<\/strong><\/span><\/h4>\n<h6><span style=\"color: #ffffff;\">\u00b7<\/span><\/h6>\n<h6><strong>Drodzy Diecezjanie!<\/strong><\/h6>\n<h6><span style=\"color: #ffffff;\">\u00b7<\/span><\/h6>\n<h6>Ostatnie zmiany gospodarcze, w tym nowe przepisy dotycz\u0105ce wynagrodze\u0144 ksi\u0119\u017cy, spowodowa\u0142y wiele pyta\u0144 w\u015br\u00f3d cz\u0142onk\u00f3w naszej diecezji. Ludzie mog\u0105 si\u0119 szczeg\u00f3lnie zastanawia\u0107, jak Ko\u015bci\u00f3\u0142 w Finlandii przetrwa w nowych okoliczno\u015bciach. Dlatego chcia\u0142bym wyja\u015bni\u0107, w jaki spos\u00f3b mo\u017cecie finansowo wspiera\u0107 Ko\u015bci\u00f3\u0142. Jednocze\u015bnie pragn\u0119 r\u00f3wnie\u017c podkre\u015bli\u0107, \u017ce jeste\u015bcie zobligowani w tej kwestii. W Ko\u015bciele katolickim ka\u017cdy parafian jest zobowi\u0105zany do wspierania Ko\u015bcio\u0142a i parafii, r\u00f3wnie\u017c finansowo, w miar\u0119 swoich mo\u017cliwo\u015bci. W Diecezji Katolickiej w Helsinkach, pocz\u0105wszy od pocz\u0105tku roku 2018, realizuje si\u0119 to w nast\u0119puj\u0105cy spos\u00f3b:<\/h6>\n<h6><span style=\"color: #ffffff;\">\u00b7<\/span><\/h6>\n<h6><strong>Ka\u017cdy katolik powy\u017cej 18 roku \u017cycia ma obowi\u0105zek wp\u0142aci\u0107 1,5% swojego dochodu podlegaj\u0105cego opodatkowaniu, na konto bankowe swojej w\u0142asnej parafii.<\/strong><\/h6>\n<h6><span style=\"color: #ffffff;\">\u00b7<\/span><\/h6>\n<h6><span style=\"color: #000000;\">\u25ba \u00a0<a style=\"color: #000000;\" href=\"https:\/\/katolinen.fi\/jasenmaksu\/\" target=\"_blank\" rel=\"noopener noreferrer\"><strong>CZYTAJ WI\u0118CEJ TUTAJ<\/strong><\/a><\/span><\/h6>\n<h6><span style=\"color: #ffffff;\">\u00b7<\/span><\/h6>\n<h6>Oczywi\u015bcie, nie trzeba p\u0142aci\u0107, przynajmniej pe\u0142nej kwoty, ma si\u0119 powa\u017cne trudno\u015bci ekonomiczne. Zalecan\u0105 metod\u0105 p\u0142atno\u015bci jest comiesi\u0119czny automatyczny przelew do rachunku sk\u0142adek cz\u0142onkowskich parafii. Ka\u017cda parafia regularnie daje oko\u0142o 10% dochodu, jaki zebra\u0142a na rzecz diecezji. Diecezja potrzebuje tego dochodu na utrzymanie wsp\u00f3lnych funkcji, w tym mi\u0119dzy innymi na wspieranie tych parafii, kt\u00f3re nie s\u0105 niezale\u017cne finansowo.<\/h6>\n<h6><span style=\"color: #ffffff;\">\u00b7<\/span><\/h6>\n<h6><strong>Ta wytyczna eliminuje wszystkie wcze\u015bniejsze wskaz\u00f3wki dotycz\u0105ce wsparcia finansowego dla Ko\u015bcio\u0142a.<\/strong><\/h6>\n<h6><span style=\"color: #ffffff;\">\u00b7<\/span><\/h6>\n<h6>Jednak nadal mo\u017cna wspiera\u0107 diecezj\u0119 bezpo\u015brednio, tak jak poprzednio. R\u00f3wnie\u017c cz\u0142onkowie diecezji s\u0105 nadal zobowi\u0105zani do p\u0142acenia rocznej op\u0142aty abonamentowej za gazet\u0119 diecezjaln\u0105 Fides, kt\u00f3ra jest wysy\u0142ana do ka\u017cdego domu katolickiego. Dzi\u0119kuj\u0119 wszystkim, kt\u00f3rzy ju\u017c wspieraj\u0105 Ko\u015bci\u00f3\u0142!<\/h6>\n<h6><span style=\"color: #ffffff;\">\u00b7<\/span><\/h6>\n<h6>W Helsinkach 8.1.2018<\/h6>\n<h6><span style=\"color: #ffffff;\">\u00b7<\/span><\/h6>\n<h6><span style=\"color: #0000ff;\"><strong>+ Teemu Sippo SCJ<\/strong><\/span><br \/>\nBiskup Helsinki<\/h6>\n<p>&nbsp;<\/p>\n<hr \/>\n<h4><span style=\"color: #ff0000;\"><strong>NUMER KONTA PARAFII<\/strong><\/span><\/h4>\n<h6 style=\"padding-left: 30px;\">FI40 1547 3000 0005 98<br \/>\nNDEAFIHH<br \/>\n<span style=\"color: #ffffff;\">\u00b7<\/span><br \/>\nNumer referencyjny dla<br \/>\nop\u0142aty cz\u0142onkowskiej <strong>90010<\/strong><\/h6>\n<h6><span style=\"color: #ffffff;\">\u00b7<\/span><\/h6>\n<h4><span style=\"color: #ff0000;\"><b>NUMER KONTA FUNDUSZU CMENTARNEGO<\/b><\/span><\/h4>\n<h6 style=\"padding-left: 30px;\">FI48 1547 3000 1007 52<br \/>\nNDEAFIHH<br \/>\n<span style=\"color: #ffffff;\">\u00b7<\/span><br \/>\nJeden z dw\u00f3ch <span style=\"color: #000000;\"><a style=\"color: #000000;\" href=\"https:\/\/www.catholicturku.fi\/?page_id=1513&amp;lang=pl\"><strong>cmentarzy<\/strong><\/a><\/span> katolickich w Finlandii znajduje si\u0119 w Turku. Praca wolontariacka jest podstawowym sposobem utrzymania stanu cmentarza, ale potrzebne s\u0105 r\u00f3wnie\u017c pieni\u0105dze.<\/h6>\n<p>&nbsp;<\/p>\n<hr \/>\n<h4><span style=\"color: #ff0000;\"><strong>SK\u0141ADKA I OFIARA \u2013 MOBILEPAY 89652<\/strong><\/span><\/h4>\n<h6><span style=\"color: #ffffff;\">\u00b7<\/span><\/h6>\n<h6>Ofiar\u0119 na sk\u0142adk\u0119 mo\u017cna teraz przekaza\u0107 r\u00f3wnie\u017c na smartfonie za po\u015brednictwem aplikacji MobilePay. MobilePay jest odpowiednikiem got\u00f3wki i dlatego jest wygodny w u\u017cyciu przy p\u0142aceniu telefonem kom\u00f3rkowym, je\u015bli nie jest dost\u0119pna odpowiednia ilo\u015b\u0107 got\u00f3wki. Aplikacj\u0119 MobilePay na smartfony mo\u017cna pobra\u0107 ze sklepu z aplikacjami. Najpopularniejszym sklepem z aplikacjami dla telefon\u00f3w z systemem Android jest Google Play i App Store dla telefon\u00f3w Apple.<\/h6>\n<h6><img loading=\"lazy\" decoding=\"async\" class=\"size-medium wp-image-54138 aligncenter\" src=\"https:\/\/www.catholicturku.fi\/wp-content\/uploads\/mobilepay-300x225.jpg\" alt=\"\" width=\"300\" height=\"225\" srcset=\"https:\/\/www.catholicturku.fi\/wp-content\/uploads\/mobilepay-300x225.jpg 300w, https:\/\/www.catholicturku.fi\/wp-content\/uploads\/mobilepay-150x113.jpg 150w, https:\/\/www.catholicturku.fi\/wp-content\/uploads\/mobilepay-768x576.jpg 768w, https:\/\/www.catholicturku.fi\/wp-content\/uploads\/mobilepay.jpg 866w\" sizes=\"auto, (max-width: 300px) 100vw, 300px\" \/><\/h6>\n<h6>Numer parafii MobilePay to <strong>89652<\/strong>. Kliknij na zdj\u0119cie ko\u015bcio\u0142a, kt\u00f3re pojawi si\u0119 na Twoim telefonie i wpisz <em>&#8221;Turun katolinen seurakunta\u201d<\/em>.\u00a0Wybierz kwot\u0119, kt\u00f3r\u0105 chcesz przekaza\u0107.\u00a0Wybrana przez Ciebie kwota zostanie przelana z Twojego rachunku bankowego na rachunek bankowy ko\u015bcio\u0142a, a wyci\u0105g z konta wska\u017ce, kto jest nadawc\u0105 tej kwoty.<\/h6>\n<p>&nbsp;<\/p>\n<hr \/>\n<h5>\u25ba\u00a0\u00a0<span style=\"color: #000000;\"><a style=\"color: #000000;\" href=\"https:\/\/www.catholicturku.fi\/?lang=pl\"><strong>MENU G\u0141\u00d3WNE<\/strong><\/a><\/span><br \/>\n\u25ba\u00a0 <a href=\"https:\/\/www.catholicturku.fi\/?page_id=1050&amp;lang=pl\"><strong><span style=\"color: #000000;\">STRONA G\u0141\u00d3WNA<\/span><\/strong><\/a><\/h5>\n<hr \/>\n<h6 style=\"text-align: center;\"><strong>Webmaster<\/strong><\/h6>\n<h6 style=\"text-align: center;\"><span style=\"color: #000000;\"><a style=\"color: #000000;\" href=\"mailto:webmaster@romanos.fi\">webmaster (at) romanos.fi<\/a><\/span><\/h6>\n","protected":false},"excerpt":{"rendered":"<p>OP\u0141ATA CZ\u0141ONKOWSKA \u00b7 Drodzy Diecezjanie! \u00b7 Ostatnie zmiany gospodarcze, w tym nowe przepisy dotycz\u0105ce wynagrodze\u0144 ksi\u0119\u017cy, spowodowa\u0142y wiele pyta\u0144 w\u015br\u00f3d cz\u0142onk\u00f3w naszej diecezji. Ludzie mog\u0105 si\u0119 szczeg\u00f3lnie zastanawia\u0107, jak Ko\u015bci\u00f3\u0142 w Finlandii przetrwa w nowych okoliczno\u015bciach. Dlatego chcia\u0142bym wyja\u015bni\u0107, w jaki spos\u00f3b mo\u017cecie finansowo wspiera\u0107 Ko\u015bci\u00f3\u0142. Jednocze\u015bnie pragn\u0119 r\u00f3wnie\u017c podkre\u015bli\u0107, \u017ce jeste\u015bcie zobligowani w tej [&hellip;]<\/p>\n","protected":false},"author":1,"featured_media":0,"parent":0,"menu_order":209,"comment_status":"closed","ping_status":"closed","template":"","meta":{"footnotes":""},"class_list":["post-1511","page","type-page","status-publish","hentry"],"_links":{"self":[{"href":"https:\/\/www.catholicturku.fi\/index.php?rest_route=\/wp\/v2\/pages\/1511","targetHints":{"allow":["GET"]}}],"collection":[{"href":"https:\/\/www.catholicturku.fi\/index.php?rest_route=\/wp\/v2\/pages"}],"about":[{"href":"https:\/\/www.catholicturku.fi\/index.php?rest_route=\/wp\/v2\/types\/page"}],"author":[{"embeddable":true,"href":"https:\/\/www.catholicturku.fi\/index.php?rest_route=\/wp\/v2\/users\/1"}],"replies":[{"embeddable":true,"href":"https:\/\/www.catholicturku.fi\/index.php?rest_route=%2Fwp%2Fv2%2Fcomments&post=1511"}],"version-history":[{"count":42,"href":"https:\/\/www.catholicturku.fi\/index.php?rest_route=\/wp\/v2\/pages\/1511\/revisions"}],"predecessor-version":[{"id":62932,"href":"https:\/\/www.catholicturku.fi\/index.php?rest_route=\/wp\/v2\/pages\/1511\/revisions\/62932"}],"wp:attachment":[{"href":"https:\/\/www.catholicturku.fi\/index.php?rest_route=%2Fwp%2Fv2%2Fmedia&parent=1511"}],"curies":[{"name":"wp","href":"https:\/\/api.w.org\/{rel}","templated":true}]}}