{"id":1495,"date":"2019-05-15T09:07:55","date_gmt":"2019-05-15T06:07:55","guid":{"rendered":"http:\/\/www.catholicturku.fi\/?page_id=1495"},"modified":"2024-11-20T16:42:28","modified_gmt":"2024-11-20T14:42:28","slug":"mitgliedsbeitrag","status":"publish","type":"page","link":"https:\/\/www.catholicturku.fi\/?page_id=1495&lang=de","title":{"rendered":"<b>Mitgliedsbeitrag und die Kollekte<\/b>"},"content":{"rendered":"<hr \/>\n<h4><span style=\"color: #ff0000;\"><strong>MITGLIEDSBEITRAG<\/strong><\/span><\/h4>\n<h6><span style=\"color: #ffffff;\">\u00b7<\/span><\/h6>\n<h6><strong>Liebe Mitglieder der Di\u00f6zese!<\/strong><\/h6>\n<h6><span style=\"color: #ffffff;\">\u00b7<\/span><\/h6>\n<h6>Die j\u00fcngsten wirtschaftlichen Ver\u00e4nderungen, einschlie\u00dflich neuer Regeln \u00fcber die Geh\u00e4lter der Priester, haben zu vielen Fragen unter den Mitgliedern unserer Di\u00f6zese gef\u00fchrt. Die Menschen m\u00f6gen sich besonders fragen, wie die Kirche in Finnland unter den neuen Umst\u00e4nden \u00fcberleben wird. Deshalb m\u00f6chte ich klarstellen, wie die Mitglieder der Di\u00f6zese die Kirche finanziell unterst\u00fctzen k\u00f6nnen. Gleichzeitig m\u00f6chte ich ihre Verpflichtung in dieser Angelegenheit unterstreichen. In der katholischen Kirche ist jedes Gemeindemitglied verpflichtet, die Kirche und die Pfarrei finanziell zu unterst\u00fctzen, je nach seinen F\u00e4higkeiten. In der katholischen Di\u00f6zese Helsinki wird dies ab Anfang des Jahres 2018 wie folgt umgesetzt:<\/h6>\n<h6><span style=\"color: #ffffff;\">\u00b7<\/span><\/h6>\n<h6><strong>Jeder Katholik \u00fcber 18 Jahren ist verpflichtet, 1,5 Prozent seines steuerpflichtigen Einkommens auf das Mitgliedsbeitragskonto seiner eigenen Gemeinde zu zahlen.<\/strong><\/h6>\n<h6><span style=\"color: #ffffff;\">\u00b7<\/span><\/h6>\n<h6><span style=\"color: #000000;\">\u25ba \u00a0<a style=\"color: #000000;\" href=\"https:\/\/katolinen.fi\/jasenmaksu\/\" target=\"_blank\" rel=\"noopener noreferrer\"><strong>WEITERLESEN HIER<\/strong><\/a><\/span><\/h6>\n<h6><span style=\"color: #ffffff;\">\u00b7<\/span><\/h6>\n<h6>Nat\u00fcrlich muss man nicht zahlen, zumindest nicht den vollen Betrag, wenn man\u00a0sich in einer schweren wirtschaftlichen Notlage befindet. Die \u00dcberweisung sollte m\u00f6glichst per monatlichem Dauerauftrag auf das\u00a0Mitgliedsbeitragskonto der Pfarrei erfolgen. Jede Pfarrei gibt regelm\u00e4\u00dfig etwa 10\u00a0Prozent\u00a0de<span style=\"text-decoration: line-through;\">r<\/span> gesammelten Einnahmen an die Di\u00f6zese weiter. Die Di\u00f6zese ben\u00f6tigt diese Einnahmen f\u00fcr die Aufrechterhaltung gemeinsamer Funktionen, unter anderem f\u00fcr die Unterst\u00fctzung der Gemeinden, die finanziell nicht unabh\u00e4ngig sind.<\/h6>\n<h6><span style=\"color: #ffffff;\">\u00b7<\/span><\/h6>\n<h6><strong>Diese Richtlinie hebt alle bisherigen Anweisungen zur finanziellen Unterst\u00fctzung der Kirche auf.<\/strong><\/h6>\n<h6><span style=\"color: #ffffff;\">\u00b7<\/span><\/h6>\n<h6>Allerdings kann man die Di\u00f6zese nach wie vor auch direkt unterst\u00fctzen.\u00a0Die Mitglieder der Di\u00f6zese sind ebenso weiterhin verpflichtet, die Jahresgeb\u00fchr f\u00fcr\u00a0die Di\u00f6zesanzeitung Fides zu zahlen, die an jeden katholischen Haushalt geschickt wird. Danke an alle, die die Kirche unterst\u00fctzen!<\/h6>\n<h6><span style=\"color: #ffffff;\">\u00b7<\/span><\/h6>\n<h6>In Helsinki 8.1.2018<\/h6>\n<h6><span style=\"color: #ffffff;\">\u00b7<\/span><\/h6>\n<h6><span style=\"color: #ff0000;\"><strong><span style=\"color: #0000ff;\">+ Teemu Sippo SCJ<\/span><br \/>\n<\/strong><\/span>Bischof von Helsinki<\/h6>\n<p>&nbsp;<\/p>\n<hr \/>\n<h4><span style=\"color: #ff0000;\"><strong>KONTO DER PFARREI<\/strong><\/span><\/h4>\n<h6 style=\"padding-left: 30px;\">FI40 1547 3000 0005 98<br \/>\nNDEAFIHH<br \/>\n<span style=\"color: #ffffff;\">\u00b7<\/span><br \/>\nReferenznummer f\u00fcr den<br \/>\nMitgliedsbeitrag\u00a0<strong>90010<\/strong><\/h6>\n<h6><span style=\"color: #ffffff;\">\u00b7<\/span><\/h6>\n<h4><span style=\"color: #ff0000;\"><strong>KONTO DES FRIEDHOFSFONDS<\/strong><\/span><\/h4>\n<h6 style=\"padding-left: 30px;\">FI48 1547 3000 1007 52<br \/>\nNDEAFIHH<br \/>\n<span style=\"color: #ffffff;\">\u00b7<\/span><br \/>\nDer zweite katholische <span style=\"color: #000000;\"><a style=\"color: #000000;\" href=\"https:\/\/www.catholicturku.fi\/?page_id=1497&amp;lang=de\"><strong>Friedhof<\/strong><\/a><\/span> Finnlands befindet sich in Turku. Freiwillige Arbeit ist der wichtigste Weg, um den Friedhof in einem guten Zustand zu erhalten. Zus\u00e4tzlich zu den Freiwilligen, die das Gel\u00e4nde unterhalten, brauchen wir Geld auch.<\/h6>\n<p>&nbsp;<\/p>\n<hr \/>\n<h4><span style=\"color: #ff0000;\"><strong>DIE KOLLEKTE \u2013 MOBILEPAY 89652<\/strong><\/span><\/h4>\n<h6><span style=\"color: #ffffff;\">\u00b7<\/span><\/h6>\n<h6>Sie k\u00f6nnen jetzt \u00fcber die MobilePay-Anwendung mit Ihrem Smartphone Ihren Beitrag zur Messenopfersammlung leisten. MobilePay ist wie Bargeld. Heutzutage, wo Bargeld nicht mehr so h\u00e4ufig verwendet wird wie fr\u00fcher, ist es sehr praktisch, f\u00fcr die Bezahlung der Opfergaben ein Smartphone zu verwenden. Dazu m\u00fcssen Sie die MobilePay-Anwendung aus dem App Store Ihres Smartphones herunterladen. Der g\u00e4ngigste App-Store f\u00fcr Android-Telefone ist Google Play und f\u00fcr Apple-Telefone hei\u00dft er App Store.<\/h6>\n<h6><img loading=\"lazy\" decoding=\"async\" class=\"size-medium wp-image-54138 aligncenter\" src=\"https:\/\/www.catholicturku.fi\/wp-content\/uploads\/mobilepay-300x225.jpg\" alt=\"\" width=\"300\" height=\"225\" srcset=\"https:\/\/www.catholicturku.fi\/wp-content\/uploads\/mobilepay-300x225.jpg 300w, https:\/\/www.catholicturku.fi\/wp-content\/uploads\/mobilepay-150x113.jpg 150w, https:\/\/www.catholicturku.fi\/wp-content\/uploads\/mobilepay-768x576.jpg 768w, https:\/\/www.catholicturku.fi\/wp-content\/uploads\/mobilepay.jpg 866w\" sizes=\"auto, (max-width: 300px) 100vw, 300px\" \/><\/h6>\n<h6>Die MobilePay-Nummer unserer Gemeinde lautet <strong>89652<\/strong>. Sie werden ein Bild unseres Kirchengeb\u00e4udes und den Text <em>&#8221;Turun katolinen seurakunta\u201c <\/em>sehen. Klicken Sie auf das Bild und geben Sie den Betrag ein, mit dem Sie beitragen m\u00f6chten. Der von Ihnen gew\u00e4hlte Betrag wird von Ihrem eigenen Bankkonto auf das Bankkonto der Kirchengemeinde \u00fcberwiesen. Auf dem Kontoauszug sind der Name des Absenders und der Betrag aufgef\u00fchrt.<\/h6>\n<p>&nbsp;<\/p>\n<hr \/>\n<h5>\u25ba\u00a0 <span style=\"color: #000000;\"><a style=\"color: #000000;\" href=\"https:\/\/www.catholicturku.fi\/?lang=de\"><strong>HAUPTMEN\u00dc<\/strong><\/a><\/span><br \/>\n\u25ba\u00a0 <span style=\"color: #000000;\"><a style=\"color: #000000;\" href=\"https:\/\/www.catholicturku.fi\/?page_id=1242&amp;lang=de\"><strong>STARTSEITE<\/strong><\/a><\/span><\/h5>\n<hr \/>\n<h6 style=\"text-align: center;\"><strong>Webmaster<br \/>\n<\/strong><\/h6>\n<h6 style=\"text-align: center;\"><span style=\"color: #000000;\"><a style=\"color: #000000;\" href=\"mailto:webmaster@romanos.fi\">webmaster (at) romanos.fi<\/a><\/span><\/h6>\n","protected":false},"excerpt":{"rendered":"<p>MITGLIEDSBEITRAG \u00b7 Liebe Mitglieder der Di\u00f6zese! \u00b7 Die j\u00fcngsten wirtschaftlichen Ver\u00e4nderungen, einschlie\u00dflich neuer Regeln \u00fcber die Geh\u00e4lter der Priester, haben zu vielen Fragen unter den Mitgliedern unserer Di\u00f6zese gef\u00fchrt. Die Menschen m\u00f6gen sich besonders fragen, wie die Kirche in Finnland unter den neuen Umst\u00e4nden \u00fcberleben wird. Deshalb m\u00f6chte ich klarstellen, wie die Mitglieder der Di\u00f6zese [&hellip;]<\/p>\n","protected":false},"author":1,"featured_media":0,"parent":0,"menu_order":159,"comment_status":"closed","ping_status":"closed","template":"","meta":{"footnotes":""},"class_list":["post-1495","page","type-page","status-publish","hentry"],"_links":{"self":[{"href":"https:\/\/www.catholicturku.fi\/index.php?rest_route=\/wp\/v2\/pages\/1495","targetHints":{"allow":["GET"]}}],"collection":[{"href":"https:\/\/www.catholicturku.fi\/index.php?rest_route=\/wp\/v2\/pages"}],"about":[{"href":"https:\/\/www.catholicturku.fi\/index.php?rest_route=\/wp\/v2\/types\/page"}],"author":[{"embeddable":true,"href":"https:\/\/www.catholicturku.fi\/index.php?rest_route=\/wp\/v2\/users\/1"}],"replies":[{"embeddable":true,"href":"https:\/\/www.catholicturku.fi\/index.php?rest_route=%2Fwp%2Fv2%2Fcomments&post=1495"}],"version-history":[{"count":44,"href":"https:\/\/www.catholicturku.fi\/index.php?rest_route=\/wp\/v2\/pages\/1495\/revisions"}],"predecessor-version":[{"id":62931,"href":"https:\/\/www.catholicturku.fi\/index.php?rest_route=\/wp\/v2\/pages\/1495\/revisions\/62931"}],"wp:attachment":[{"href":"https:\/\/www.catholicturku.fi\/index.php?rest_route=%2Fwp%2Fv2%2Fmedia&parent=1495"}],"curies":[{"name":"wp","href":"https:\/\/api.w.org\/{rel}","templated":true}]}}