{"id":1478,"date":"2019-05-15T08:48:17","date_gmt":"2019-05-15T05:48:17","guid":{"rendered":"http:\/\/www.catholicturku.fi\/?page_id=1478"},"modified":"2024-11-20T16:26:05","modified_gmt":"2024-11-20T14:26:05","slug":"radio%c2%b7tv-4","status":"publish","type":"page","link":"https:\/\/www.catholicturku.fi\/?page_id=1478&lang=vi","title":{"rendered":"<b>\u0110\u00e0i ph\u00e1t thanh v\u00e0 truy\u1ec1n h\u00ecnh<\/b>"},"content":{"rendered":"<hr \/>\n<h4><span style=\"color: #ff0000;\"><strong>N\u1ed9i dung \u1edf trang ti\u1ebfng Ph\u1ea7n Lan<\/strong><\/span><\/h4>\n<p>&nbsp;<\/p>\n<h5 style=\"padding-left: 30px;\"><strong>\u25ba <span style=\"color: #000000;\"><a style=\"color: #000000;\" href=\"https:\/\/www.catholicturku.fi\/?page_id=729&amp;lang=fi\">Radio ja TV<\/a><\/span><\/strong><\/h5>\n<p>&nbsp;<\/p>\n<hr \/>\n<h5>\u25ba\u00a0 <span style=\"color: #000000;\"><a style=\"color: #000000;\" href=\"https:\/\/www.catholicturku.fi\/?lang=vi\"><strong>M\u1ee4C L\u1ee4C CH\u00cdNH<\/strong><\/a><\/span><br \/>\n\u25ba\u00a0 <span style=\"color: #000000;\"><a style=\"color: #000000;\" href=\"https:\/\/www.catholicturku.fi\/?page_id=1092&amp;lang=vi\"><strong>TRANG \u0110\u1ea6U<\/strong><\/a><\/span><\/h5>\n<hr \/>\n<h6 style=\"text-align: center;\"><strong>Qu\u1ea3n tr\u1ecb m\u1ea1ng<\/strong><\/h6>\n<h6 style=\"text-align: center;\"><span style=\"color: #000000;\"><a style=\"color: #000000;\" href=\"mailto:webmaster@romanos.fi\">webmaster (at) romanos.fi<\/a><\/span><\/h6>\n","protected":false},"excerpt":{"rendered":"<p>N\u1ed9i dung \u1edf trang ti\u1ebfng Ph\u1ea7n Lan &nbsp; \u25ba Radio ja TV &nbsp; \u25ba\u00a0 M\u1ee4C L\u1ee4C CH\u00cdNH \u25ba\u00a0 TRANG \u0110\u1ea6U Qu\u1ea3n tr\u1ecb m\u1ea1ng webmaster (at) romanos.fi<\/p>\n","protected":false},"author":1,"featured_media":0,"parent":0,"menu_order":258,"comment_status":"closed","ping_status":"closed","template":"","meta":{"footnotes":""},"class_list":["post-1478","page","type-page","status-publish","hentry"],"_links":{"self":[{"href":"https:\/\/www.catholicturku.fi\/index.php?rest_route=\/wp\/v2\/pages\/1478","targetHints":{"allow":["GET"]}}],"collection":[{"href":"https:\/\/www.catholicturku.fi\/index.php?rest_route=\/wp\/v2\/pages"}],"about":[{"href":"https:\/\/www.catholicturku.fi\/index.php?rest_route=\/wp\/v2\/types\/page"}],"author":[{"embeddable":true,"href":"https:\/\/www.catholicturku.fi\/index.php?rest_route=\/wp\/v2\/users\/1"}],"replies":[{"embeddable":true,"href":"https:\/\/www.catholicturku.fi\/index.php?rest_route=%2Fwp%2Fv2%2Fcomments&post=1478"}],"version-history":[{"count":17,"href":"https:\/\/www.catholicturku.fi\/index.php?rest_route=\/wp\/v2\/pages\/1478\/revisions"}],"predecessor-version":[{"id":62921,"href":"https:\/\/www.catholicturku.fi\/index.php?rest_route=\/wp\/v2\/pages\/1478\/revisions\/62921"}],"wp:attachment":[{"href":"https:\/\/www.catholicturku.fi\/index.php?rest_route=%2Fwp%2Fv2%2Fmedia&parent=1478"}],"curies":[{"name":"wp","href":"https:\/\/api.w.org\/{rel}","templated":true}]}}