{"id":14697,"date":"2020-03-29T20:40:28","date_gmt":"2020-03-29T17:40:28","guid":{"rendered":"http:\/\/www.catholicturku.fi\/?page_id=14697"},"modified":"2025-09-27T01:48:49","modified_gmt":"2025-09-26T22:48:49","slug":"ordo-8","status":"publish","type":"page","link":"https:\/\/www.catholicturku.fi\/?page_id=14697&lang=vi","title":{"rendered":"<b>ORDO<\/b>"},"content":{"rendered":"<hr \/>\n<h4><span style=\"color: #ff0000;\"><strong>L\u1ecaCH PH\u1ee4NG V\u1ee4 V\u00c0 CH\u00da TH\u00cdCH B\u1eb0NG 12 NG\u00d4N NG\u1eee<\/strong><\/span><\/h4>\n<p>&nbsp;<\/p>\n<a href=\"https:\/\/www.catholicturku.fi\/wp-content\/uploads\/ORDO.pdf\" class=\"pdfemb-viewer\" style=\"\" data-width=\"max\" data-height=\"max\" data-toolbar=\"bottom\" data-toolbar-fixed=\"on\">ORDO<\/a>\n<p>&nbsp;<\/p>\n<h4 style=\"text-align: center;\"><span style=\"color: #0000ff;\"><strong>ORDO n\u00e0y c\u00f3 th\u1ec3 \u0111\u01b0\u1ee3c \u0111\u1eb7t d\u01b0\u1edbi<br \/>\nd\u1ea1ng PDF t\u01b0\u0300 \u0111ia\u0323 chi\u0309<\/strong><\/span><\/h4>\n<h6 style=\"text-align: center;\"><span style=\"color: #ffffff;\">\u00b7<\/span><\/h6>\n<h4 style=\"text-align: center;\"><span style=\"color: #000000;\"><a style=\"color: #000000;\" href=\"mailto:katolinen@romanos.fi\"><strong>katolinen (at) romanos.fi<\/strong><\/a><\/span><\/h4>\n<p>&nbsp;<\/p>\n<hr \/>\n<h5>\u25ba\u00a0 <span style=\"color: #000000;\"><a style=\"color: #000000;\" href=\"https:\/\/www.catholicturku.fi\/?lang=vi\"><strong>M\u1ee4C L\u1ee4C CH\u00cdNH<\/strong><\/a><\/span><br \/>\n\u25ba\u00a0 <span style=\"color: #000000;\"><a style=\"color: #000000;\" href=\"https:\/\/www.catholicturku.fi\/?page_id=1092&amp;lang=vi\"><strong>TRANG \u0110\u1ea6U<\/strong><\/a><\/span><\/h5>\n<hr \/>\n<h6 style=\"text-align: center;\"><strong>Webmaster<\/strong><\/h6>\n<h6 style=\"text-align: center;\"><span style=\"color: #000000;\"><a style=\"color: #000000;\" href=\"mailto:webmaster@romanos.fi\">webmaster (at) romanos.fi<\/a><\/span><\/h6>\n","protected":false},"excerpt":{"rendered":"<p>L\u1ecaCH PH\u1ee4NG V\u1ee4 V\u00c0 CH\u00da TH\u00cdCH B\u1eb0NG 12 NG\u00d4N NG\u1eee &nbsp; &nbsp; ORDO n\u00e0y c\u00f3 th\u1ec3 \u0111\u01b0\u1ee3c \u0111\u1eb7t d\u01b0\u1edbi d\u1ea1ng PDF t\u01b0\u0300 \u0111ia\u0323 chi\u0309 \u00b7 katolinen (at) romanos.fi &nbsp; \u25ba\u00a0 M\u1ee4C L\u1ee4C CH\u00cdNH \u25ba\u00a0 TRANG \u0110\u1ea6U Webmaster webmaster (at) romanos.fi<\/p>\n","protected":false},"author":1,"featured_media":0,"parent":0,"menu_order":264,"comment_status":"closed","ping_status":"closed","template":"","meta":{"footnotes":""},"class_list":["post-14697","page","type-page","status-publish","hentry"],"_links":{"self":[{"href":"https:\/\/www.catholicturku.fi\/index.php?rest_route=\/wp\/v2\/pages\/14697","targetHints":{"allow":["GET"]}}],"collection":[{"href":"https:\/\/www.catholicturku.fi\/index.php?rest_route=\/wp\/v2\/pages"}],"about":[{"href":"https:\/\/www.catholicturku.fi\/index.php?rest_route=\/wp\/v2\/types\/page"}],"author":[{"embeddable":true,"href":"https:\/\/www.catholicturku.fi\/index.php?rest_route=\/wp\/v2\/users\/1"}],"replies":[{"embeddable":true,"href":"https:\/\/www.catholicturku.fi\/index.php?rest_route=%2Fwp%2Fv2%2Fcomments&post=14697"}],"version-history":[{"count":68,"href":"https:\/\/www.catholicturku.fi\/index.php?rest_route=\/wp\/v2\/pages\/14697\/revisions"}],"predecessor-version":[{"id":71098,"href":"https:\/\/www.catholicturku.fi\/index.php?rest_route=\/wp\/v2\/pages\/14697\/revisions\/71098"}],"wp:attachment":[{"href":"https:\/\/www.catholicturku.fi\/index.php?rest_route=%2Fwp%2Fv2%2Fmedia&parent=14697"}],"curies":[{"name":"wp","href":"https:\/\/api.w.org\/{rel}","templated":true}]}}