{"id":14694,"date":"2020-03-29T20:38:37","date_gmt":"2020-03-29T17:38:37","guid":{"rendered":"http:\/\/www.catholicturku.fi\/?page_id=14694"},"modified":"2025-09-27T01:48:37","modified_gmt":"2025-09-26T22:48:37","slug":"ordo-7","status":"publish","type":"page","link":"https:\/\/www.catholicturku.fi\/?page_id=14694&lang=pl","title":{"rendered":"<b>ORDO<\/b>"},"content":{"rendered":"<hr \/>\n<h4><span style=\"color: #ff0000;\"><strong>KALENDARZ LITURGICZNY ORAZ TERMINY LITURGICZNE W 12 J\u0118ZYKACH<\/strong><\/span><\/h4>\n<p>&nbsp;<\/p>\n<a href=\"https:\/\/www.catholicturku.fi\/wp-content\/uploads\/ORDO.pdf\" class=\"pdfemb-viewer\" style=\"\" data-width=\"max\" data-height=\"max\" data-toolbar=\"bottom\" data-toolbar-fixed=\"on\">ORDO<\/a>\n<p>&nbsp;<\/p>\n<h4 style=\"text-align: center;\"><span style=\"color: #0000ff;\"><strong>Kalendarz ORDO mo\u017cna zam\u00f3wi\u0107<br \/>\nw formie PDF wysy\u0142aj\u0105c<br \/>\nwiadomo\u015b\u0107 na adres<\/strong><\/span><\/h4>\n<h6 style=\"text-align: center;\"><span style=\"color: #ffffff;\">\u00b7<\/span><\/h6>\n<h4 style=\"text-align: center;\"><span style=\"color: #000000;\"><a style=\"color: #000000;\" href=\"mailto:katolinen@romanos.fi\"><strong>katolinen (at) romanos.fi<\/strong><\/a><\/span><\/h4>\n<p>&nbsp;<\/p>\n<hr \/>\n<h5>\u25ba\u00a0\u00a0<span style=\"color: #000000;\"><a style=\"color: #000000;\" href=\"https:\/\/www.catholicturku.fi\/?lang=pl\"><strong>MENU G\u0141\u00d3WNE<\/strong><\/a><\/span><br \/>\n\u25ba\u00a0 <span style=\"color: #000000;\"><a style=\"color: #000000;\" href=\"https:\/\/www.catholicturku.fi\/?page_id=1050&amp;lang=pl\"><strong>STRONA G\u0141\u00d3WNA<\/strong><\/a><\/span><\/h5>\n<hr \/>\n<h6 style=\"text-align: center;\"><strong>Webmaster<\/strong><\/h6>\n<h6 style=\"text-align: center;\"><span style=\"color: #000000;\"><a style=\"color: #000000;\" href=\"mailto:webmaster@romanos.fi\">webmaster (at) romanos.fi<\/a><\/span><\/h6>\n","protected":false},"excerpt":{"rendered":"<p>KALENDARZ LITURGICZNY ORAZ TERMINY LITURGICZNE W 12 J\u0118ZYKACH &nbsp; &nbsp; Kalendarz ORDO mo\u017cna zam\u00f3wi\u0107 w formie PDF wysy\u0142aj\u0105c wiadomo\u015b\u0107 na adres \u00b7 katolinen (at) romanos.fi &nbsp; \u25ba\u00a0\u00a0MENU G\u0141\u00d3WNE \u25ba\u00a0 STRONA G\u0141\u00d3WNA Webmaster webmaster (at) romanos.fi<\/p>\n","protected":false},"author":1,"featured_media":0,"parent":0,"menu_order":214,"comment_status":"closed","ping_status":"closed","template":"","meta":{"footnotes":""},"class_list":["post-14694","page","type-page","status-publish","hentry"],"_links":{"self":[{"href":"https:\/\/www.catholicturku.fi\/index.php?rest_route=\/wp\/v2\/pages\/14694","targetHints":{"allow":["GET"]}}],"collection":[{"href":"https:\/\/www.catholicturku.fi\/index.php?rest_route=\/wp\/v2\/pages"}],"about":[{"href":"https:\/\/www.catholicturku.fi\/index.php?rest_route=\/wp\/v2\/types\/page"}],"author":[{"embeddable":true,"href":"https:\/\/www.catholicturku.fi\/index.php?rest_route=\/wp\/v2\/users\/1"}],"replies":[{"embeddable":true,"href":"https:\/\/www.catholicturku.fi\/index.php?rest_route=%2Fwp%2Fv2%2Fcomments&post=14694"}],"version-history":[{"count":70,"href":"https:\/\/www.catholicturku.fi\/index.php?rest_route=\/wp\/v2\/pages\/14694\/revisions"}],"predecessor-version":[{"id":71097,"href":"https:\/\/www.catholicturku.fi\/index.php?rest_route=\/wp\/v2\/pages\/14694\/revisions\/71097"}],"wp:attachment":[{"href":"https:\/\/www.catholicturku.fi\/index.php?rest_route=%2Fwp%2Fv2%2Fmedia&parent=14694"}],"curies":[{"name":"wp","href":"https:\/\/api.w.org\/{rel}","templated":true}]}}