{"id":14636,"date":"2020-03-29T17:43:19","date_gmt":"2020-03-29T14:43:19","guid":{"rendered":"http:\/\/www.catholicturku.fi\/?page_id=14636"},"modified":"2025-09-27T01:48:06","modified_gmt":"2025-09-26T22:48:06","slug":"ordo-3","status":"publish","type":"page","link":"https:\/\/www.catholicturku.fi\/?page_id=14636&lang=sv","title":{"rendered":"<b>ORDO<\/b>"},"content":{"rendered":"<hr \/>\n<h4><span style=\"color: #ff0000;\"><strong>LITURGISK KALENDER SAMT ORDLISTA P\u00c5 12 SPR\u00c5K<\/strong><\/span><\/h4>\n<p>&nbsp;<\/p>\n<div class=\"wp-block-pdfemb-pdf-embedder-viewer\"><a href=\"https:\/\/www.catholicturku.fi\/wp-content\/uploads\/ORDO.pdf\" class=\"pdfemb-viewer\" style=\"\" data-width=\"max\" data-height=\"max\" data-toolbar=\"bottom\" data-toolbar-fixed=\"on\">ORDO<\/a><\/div>\n<p>&nbsp;<\/p>\n<h4 style=\"text-align: center;\"><span style=\"color: #0000ff;\"><strong>PDF-fil av ORDO kan best\u00e4llas p\u00e5 adressen<\/strong><\/span><\/h4>\n<h6 style=\"text-align: center;\"><span style=\"color: #ffffff;\">\u00b7<\/span><\/h6>\n<h4 style=\"text-align: center;\"><span style=\"color: #000000;\"><a style=\"color: #000000;\" href=\"mailto:katolinen@romanos.fi\"><strong>katolinen (at) romanos.fi<\/strong><\/a><\/span><\/h4>\n<p>&nbsp;<\/p>\n<hr \/>\n<h5>\u25ba\u00a0\u00a0<span style=\"color: #000000;\"><a style=\"color: #000000;\" href=\"https:\/\/www.catholicturku.fi\/?lang=sv\"><strong>HUVUDMENYN<\/strong><\/a><\/span><br \/>\n\u25ba\u00a0 <span style=\"color: #000000;\"><a style=\"color: #000000;\" href=\"https:\/\/www.catholicturku.fi\/?page_id=925&amp;lang=sv\"><strong>F\u00d6RSTASIDAN<\/strong><\/a><\/span><\/h5>\n<hr \/>\n<h6 style=\"text-align: center;\"><strong>Webmaster<\/strong><\/h6>\n<h6 style=\"text-align: center;\"><span style=\"color: #000000;\"><a style=\"color: #000000;\" href=\"mailto:webmaster@romanos.fi\">webmaster (at) romanos.fi<\/a><\/span><\/h6>\n","protected":false},"excerpt":{"rendered":"<p>LITURGISK KALENDER SAMT ORDLISTA P\u00c5 12 SPR\u00c5K &nbsp; &nbsp; PDF-fil av ORDO kan best\u00e4llas p\u00e5 adressen \u00b7 katolinen (at) romanos.fi &nbsp; \u25ba\u00a0\u00a0HUVUDMENYN \u25ba\u00a0 F\u00d6RSTASIDAN Webmaster webmaster (at) romanos.fi<\/p>\n","protected":false},"author":1,"featured_media":0,"parent":0,"menu_order":64,"comment_status":"closed","ping_status":"closed","template":"","meta":{"footnotes":""},"class_list":["post-14636","page","type-page","status-publish","hentry"],"_links":{"self":[{"href":"https:\/\/www.catholicturku.fi\/index.php?rest_route=\/wp\/v2\/pages\/14636","targetHints":{"allow":["GET"]}}],"collection":[{"href":"https:\/\/www.catholicturku.fi\/index.php?rest_route=\/wp\/v2\/pages"}],"about":[{"href":"https:\/\/www.catholicturku.fi\/index.php?rest_route=\/wp\/v2\/types\/page"}],"author":[{"embeddable":true,"href":"https:\/\/www.catholicturku.fi\/index.php?rest_route=\/wp\/v2\/users\/1"}],"replies":[{"embeddable":true,"href":"https:\/\/www.catholicturku.fi\/index.php?rest_route=%2Fwp%2Fv2%2Fcomments&post=14636"}],"version-history":[{"count":69,"href":"https:\/\/www.catholicturku.fi\/index.php?rest_route=\/wp\/v2\/pages\/14636\/revisions"}],"predecessor-version":[{"id":71094,"href":"https:\/\/www.catholicturku.fi\/index.php?rest_route=\/wp\/v2\/pages\/14636\/revisions\/71094"}],"wp:attachment":[{"href":"https:\/\/www.catholicturku.fi\/index.php?rest_route=%2Fwp%2Fv2%2Fmedia&parent=14636"}],"curies":[{"name":"wp","href":"https:\/\/api.w.org\/{rel}","templated":true}]}}