{"id":1050,"date":"2019-05-14T10:24:04","date_gmt":"2019-05-14T07:24:04","guid":{"rendered":"http:\/\/www.catholicturku.fi\/?page_id=1050"},"modified":"2026-04-21T21:44:15","modified_gmt":"2026-04-21T18:44:15","slug":"strona-glowna","status":"publish","type":"page","link":"https:\/\/www.catholicturku.fi\/?page_id=1050&lang=pl","title":{"rendered":"<b>\u00b7 STRONA G\u0141\u00d3WNA \u00b7<\/b>"},"content":{"rendered":"<hr \/>\n<p>&nbsp;<\/p>\n<h4 style=\"text-align: center;\"><span style=\"color: #0000ff;\"><strong>Parafia katolicka pw.<\/strong><\/span><\/h4>\n<h1 style=\"text-align: center;\"><span style=\"color: #0000ff;\"><strong>\u015aWI\u0118TEJ BRYGIDY I<br \/>\nB\u0141OGOS\u0141AWIONEGO HEMMINGA<\/strong><\/span><\/h1>\n<h6 style=\"text-align: center;\"><span style=\"color: #0000ff;\">\u00b7<\/span><\/h6>\n<h3 style=\"text-align: center;\"><span style=\"color: #0000ff;\"><strong>Turku<\/strong> \ud83c\uddeb\ud83c\uddee\u00a0<strong>Finlandia<\/strong><\/span><\/h3>\n<p>&nbsp;<\/p>\n<p><img loading=\"lazy\" decoding=\"async\" class=\" wp-image-19337 aligncenter\" src=\"https:\/\/www.catholicturku.fi\/wp-content\/uploads\/turku-300x256.jpg\" alt=\"\" width=\"380\" height=\"324\" data-wp-pid=\"19337\" srcset=\"https:\/\/www.catholicturku.fi\/wp-content\/uploads\/turku-300x256.jpg 300w, https:\/\/www.catholicturku.fi\/wp-content\/uploads\/turku-150x128.jpg 150w, https:\/\/www.catholicturku.fi\/wp-content\/uploads\/turku.jpg 600w\" sizes=\"auto, (max-width: 380px) 100vw, 380px\" \/><\/p>\n<p>&nbsp;<\/p>\n<h1 style=\"text-align: center;\"><span style=\"color: #0000ff;\"><strong>CHRISTUS RESURREXIT!<\/strong><\/span><\/h1>\n<h4 style=\"text-align: center;\"><span style=\"color: #0000ff;\"><strong>Chrystus zmartwychwsta\u0142!<\/strong><\/span><\/h4>\n<p>&nbsp;<\/p>\n<hr \/>\n<h6><span style=\"color: #ffffff;\">\u00b7<\/span><\/h6>\n<h1 style=\"text-align: center;\"><span style=\"color: #ff0000;\"><strong>NADCHODZ\u0104CE<\/strong><\/span><\/h1>\n<h6 style=\"text-align: center;\"><span style=\"color: #ffffff;\">\u00b7<\/span><\/h6>\n<h5 style=\"text-align: center;\"><span style=\"color: #000000;\"><a style=\"color: #000000;\" href=\"https:\/\/www.catholicturku.fi\/?cat=225&amp;lang=pl\"><strong>Cotygodniowy program<\/strong><\/a><\/span><br \/>\n<span style=\"color: #000000;\"><strong><a style=\"color: #000000;\" href=\"https:\/\/www.catholicturku.fi\/?cat=245&amp;lang=pl\">Niedziele i wyj\u0105tki<\/a><\/strong><\/span><\/h5>\n<h5 style=\"text-align: center;\"><span style=\"color: #000000;\"><strong><a style=\"color: #000000;\" href=\"https:\/\/calendar.google.com\/calendar\/embed?src=turunkatolinensrk%40gmail.com&amp;ctz=Europe%2FHelsinki\" target=\"_blank\" rel=\"noopener noreferrer\">Kalendarz GOOGLE<\/a><\/strong><\/span><\/h5>\n<h6><span style=\"color: #ffffff;\">\u00b7<\/span><\/h6>\n<hr \/>\n<h6 style=\"text-align: center;\"><span style=\"color: #ffffff;\">\u00b7<\/span><\/h6>\n<h3><span style=\"color: #ff0000;\"><strong>W SOBOT\u0118 25.4.2026<\/strong><\/span><\/h3>\n<h6><span style=\"color: #ff0000;\"><strong>\u015awi\u0119to \u015bw. Marka, ewangelisty<\/strong><\/span><\/h6>\n<ul>\n<li>\n<h6>07.30\u00a0 \u00a0Uroczysta msza \u015bwi\u0119ta<\/h6>\n<\/li>\n<li>\n<h6><span style=\"color: #008000;\"><strong>10.00\u00a0 \u00a0Msza \u015bwi\u0119ta po szwedzku w Mariehamn<br \/>\n<\/strong><\/span><\/h6>\n<h6><span style=\"color: #008000;\"><span style=\"color: #ffffff;\"><strong>10.00<\/strong><\/span>\u00a0 \u00a0S:T G\u00d6RANS LUTHERSKA KYRKA<\/span><\/h6>\n<h6><span style=\"color: #008000;\"><span style=\"color: #ffffff;\"><strong>10.00<\/strong><\/span>\u00a0 \u00a0Ko\u015bci\u00f3\u0142 lutera\u0144ski \u015bw. Jerzego<\/span><\/h6>\n<h6><span style=\"color: #008000;\"><span style=\"color: #ffffff;\"><strong>10.00<\/strong><\/span>\u00a0 \u00a0<a style=\"color: #008000;\" href=\"https:\/\/www.google.com\/maps\/place\/Pyh%C3%A4n+Yrj%C3%B6n+kirkko\/@60.0972392,19.9348252,16z\/data=!3m1!4b1!4m6!3m5!1s0x468ac40b345d8cef:0xd2eebba6fff12956!8m2!3d60.0972392!4d19.9348252!16s%2Fg%2F11b6bgbz0w?entry=ttu&amp;g_ep=EgoyMDI1MDEwMS4wIKXMDSoASAFQAw%3D%3D\" target=\"_blank\" rel=\"noopener\">\u00d6stra Esplanadgatan 6 \u00b7 Mariehamn<\/a><\/span><\/h6>\n<\/li>\n<\/ul>\n<p>&nbsp;<\/p>\n<h3><span style=\"color: #ff0000;\"><strong>W NIEDZIEL\u0118 26.4.2026<\/strong><\/span><\/h3>\n<h6><span style=\"color: #ff0000;\"><strong>Czwarta Niedziela Wielkanocna<\/strong><\/span><\/h6>\n<ul>\n<li>\n<h6>09.00\u00a0 \u00a0Msza \u015bwi\u0119ta po szwedzku<\/h6>\n<\/li>\n<li>\n<h6>10.00\u00a0 \u00a0R\u00f3\u017caniec<\/h6>\n<\/li>\n<li>\n<h6><strong>10.30\u00a0 \u00a0G\u0142\u00f3wna msza \u015bwi\u0119ta<\/strong><\/h6>\n<\/li>\n<li>\n<h6>12.30\u00a0 \u00a0Msza \u015bwi\u0119ta po wietnamsku<\/h6>\n<\/li>\n<li>\n<h6><span style=\"color: #008000;\"><strong>15.00\u00a0 \u00a0Msza \u015bwi\u0119ta po fi\u0144sku w Eurajoki<br \/>\n<\/strong><\/span><\/h6>\n<h6><span style=\"color: #008000;\"><strong><span style=\"color: #ffffff;\">15.00<\/span>\u00a0 \u00a0<\/strong>KUSTAA AADOLFIN LUTERILAINEN KIRKKO<strong><br \/>\n<span style=\"color: #ffffff;\">15.00<\/span>\u00a0 \u00a0<\/strong>Ko\u015bci\u00f3\u0142 lutera\u0144ski Gustawa Adolfa<strong><br \/>\n<\/strong><\/span><\/h6>\n<h6><span style=\"color: #008000;\"><strong><span style=\"color: #ffffff;\">15.00<\/span>\u00a0 \u00a0<\/strong><a style=\"color: #008000;\" href=\"https:\/\/www.google.fi\/maps\/place\/Eurajoen+kirkko\/@61.2023265,21.7293437,593m\/data=!3m1!1e3!4m6!3m5!1s0x46897b3e7a31e23f:0x91880614d7c50c3!8m2!3d61.2022464!4d21.7314036!16s%2Fg%2F122kclk_?entry=ttu&amp;g_ep=EgoyMDI2MDEwNy4wIKXMDSoASAFQAw%3D%3D\" target=\"_blank\" rel=\"noopener\">Kirkkotie 8 \u00b7 Eurajoki<\/a><\/span><\/h6>\n<\/li>\n<li>\n<h6>18.00\u00a0 \u00a0Msza \u015bwi\u0119ta po angielsku<\/h6>\n<\/li>\n<\/ul>\n<p>&nbsp;<\/p>\n<h3><span style=\"color: #ff0000;\"><strong>W \u015aROD\u0118 29.4.2026<\/strong><\/span><\/h3>\n<h6><span style=\"color: #ff0000;\"><strong>\u015awi\u0119to \u015bw. Katarzyny ze Sieny, dziewicy i m\u0119czennicy<br \/>\nPatronki Europy<\/strong><\/span><\/h6>\n<ul>\n<li>\n<h6>07.30\u00a0 \u00a0Uroczysta msza \u015bwi\u0119ta<\/h6>\n<\/li>\n<\/ul>\n<p>&nbsp;<\/p>\n<h3><strong>W PI\u0104TEK 1.5.2026<\/strong><\/h3>\n<h6><strong>Wspomnienie \u015bw. J\u00f3zefa, rzemie\u015blnika<\/strong><\/h6>\n<ul>\n<li>\n<h6>07.30\u00a0 \u00a0Msza \u015bwi\u0119ta po fi\u0144sku<\/h6>\n<\/li>\n<li>\n<h6><span style=\"color: #0000ff;\"><strong>17.00\u00a0 \u00a0Adoracja<\/strong><\/span><\/h6>\n<\/li>\n<\/ul>\n<p>&nbsp;<\/p>\n<h3><span style=\"color: #ff0000;\"><strong>W NIEDZIEL\u0118 3.5.2026<\/strong><\/span><\/h3>\n<h6><span style=\"color: #ff0000;\"><strong>Pi\u0105ta Niedziela Wielkanocna<\/strong><\/span><\/h6>\n<ul>\n<li>\n<h6>09.00\u00a0 \u00a0Msza \u015bwi\u0119ta po \u0142acinie<\/h6>\n<\/li>\n<li>\n<h6>10.00\u00a0 \u00a0R\u00f3\u017caniec<\/h6>\n<\/li>\n<li>\n<h6><strong>10.30\u00a0 \u00a0G\u0142\u00f3wna msza \u015bwi\u0119ta<\/strong><\/h6>\n<\/li>\n<li>\n<h6><span style=\"color: #0000ff;\"><strong>12.30\u00a0 \u00a0Msza \u015bwi\u0119ta po polsku<\/strong><\/span><\/h6>\n<\/li>\n<li>\n<h6>18.00\u00a0 \u00a0Msza \u015bwi\u0119ta po angielsku<\/h6>\n<\/li>\n<\/ul>\n<p>&nbsp;<\/p>\n<hr \/>\n<h6><span style=\"color: #ffffff;\">\u00b7<\/span><\/h6>\n<h1 style=\"text-align: center;\"><span style=\"color: #ff0000;\"><strong>MSZE \u015aWI\u0118TE<\/strong><\/span><\/h1>\n<h4 style=\"text-align: center;\"><span style=\"color: #ff0000;\"><strong>\u00b7 TURKU \u00b7<\/strong><\/span><\/h4>\n<h6><span style=\"color: #ffffff;\">\u00b7<\/span><\/h6>\n<hr \/>\n<h6><span style=\"color: #ffffff;\">\u00b7<\/span><\/h6>\n<h3><strong>W NIEDZIEL\u0118<\/strong><\/h3>\n<ul>\n<li>\n<h6>09.00\u00a0 \u00a0Msza \u015bwi\u0119ta po szwedzku\u00a0 |<br \/>\n<span style=\"color: #ffffff;\">09.00<\/span>\u00a0 \u00a0Msza \u015bwi\u0119ta po \u0142acinie<\/h6>\n<\/li>\n<li>\n<h6>10.00\u00a0 \u00a0R\u00f3\u017caniec<\/h6>\n<\/li>\n<li>\n<h6><strong>10.30\u00a0 \u00a0G\u0142\u00f3wna msza \u015bwi\u0119ta<\/strong><\/h6>\n<\/li>\n<li>\n<h6>12.30\u00a0 \u00a0Msza \u015bwi\u0119ta po polsku\u00a0 |<br \/>\n<span style=\"color: #ffffff;\">12.30<\/span>\u00a0 \u00a0Msza \u015bwi\u0119ta po wietnamsku\u00a0 |<br \/>\n<span style=\"color: #ffffff;\">12.30<\/span>\u00a0 \u00a0Msza \u015bwi\u0119ta w j\u0119zyku tagalskim\u00a0 |<br \/>\n<span style=\"color: #ffffff;\">12.30<\/span>\u00a0 \u00a0Nie ma mszy \u015bwi\u0119tej<\/h6>\n<\/li>\n<li>\n<h6>18.00\u00a0 \u00a0Msza \u015bwi\u0119ta po angielsku<\/h6>\n<\/li>\n<\/ul>\n<h6><span style=\"color: #ffffff;\">\u00b7<\/span><\/h6>\n<h3><strong>W PONIEDZIA\u0141KI<\/strong><\/h3>\n<ul>\n<li>\n<h6>07.30\u00a0 \u00a0Msza \u015bwi\u0119ta po fi\u0144sku<\/h6>\n<\/li>\n<\/ul>\n<h6><span style=\"color: #ffffff;\">\u00b7<\/span><\/h6>\n<h3><strong>WE WTORKI<\/strong><\/h3>\n<ul>\n<li>\n<h6>18.00\u00a0 \u00a0Msza \u015bwi\u0119ta po fi\u0144sku<\/h6>\n<\/li>\n<\/ul>\n<h6><span style=\"color: #ffffff;\">\u00b7<\/span><\/h6>\n<h3><strong>W \u015aRODY<\/strong><\/h3>\n<ul>\n<li>\n<h6>07.30\u00a0 \u00a0Msza \u015bwi\u0119ta po fi\u0144sku<\/h6>\n<\/li>\n<\/ul>\n<h6><span style=\"color: #ffffff;\">\u00b7<\/span><\/h6>\n<h3><strong>W CZWARTKI<\/strong><\/h3>\n<ul>\n<li>\n<h6>17.30\u00a0 \u00a0Adoracja\u00a0 |<br \/>\n<span style=\"color: #ffffff;\">17.30<\/span>\u00a0 \u00a0Droga krzy\u017cowa<\/h6>\n<\/li>\n<li>\n<h6>18.00\u00a0 \u00a0Msza \u015bwi\u0119ta po fi\u0144sku<\/h6>\n<\/li>\n<\/ul>\n<h6><span style=\"color: #ffffff;\">\u00b7<\/span><\/h6>\n<h3><strong>W PI\u0104TKI<\/strong><\/h3>\n<ul>\n<li>\n<h6>07.30\u00a0 \u00a0Msza \u015bwi\u0119ta po fi\u0144sku<\/h6>\n<\/li>\n<\/ul>\n<h6><span style=\"color: #ffffff;\">\u00b7<\/span><\/h6>\n<h3><strong>W SOBOTY<\/strong><\/h3>\n<ul>\n<li>\n<h6>07.30\u00a0 \u00a0Msza \u015bwi\u0119ta po fi\u0144sku<\/h6>\n<\/li>\n<\/ul>\n<h6 style=\"text-align: center;\"><span style=\"color: #ffffff;\">\u00b7<\/span><\/h6>\n<p style=\"text-align: center;\">\u2500\u2500<\/p>\n<h6 style=\"text-align: center;\"><span style=\"color: #ffffff;\">\u00b7<\/span><\/h6>\n<h3><strong>Siostry Brygidki codzienny<\/strong><\/h3>\n<ul>\n<li>\n<h6>06.10\u00a0 \u00a0Officium lectionis i jutrznia<\/h6>\n<\/li>\n<li>\n<h6>16.00\u00a0 \u00a0R\u00f3\u017caniec i nieszpory<\/h6>\n<\/li>\n<\/ul>\n<p>&nbsp;<\/p>\n<hr \/>\n<h6><span style=\"color: #ffffff;\">\u00b7<\/span><\/h6>\n<h1 style=\"text-align: center;\"><span style=\"color: #ff0000;\"><strong>MSZE \u015aWI\u0118TE<\/strong><\/span><\/h1>\n<h4 style=\"text-align: center;\"><span style=\"color: #ff0000;\"><strong>\u00b7 DIASPORA \u00b7<\/strong><\/span><\/h4>\n<h6 style=\"text-align: center;\"><span style=\"color: #ffffff;\">\u00b7<\/span><\/h6>\n<hr \/>\n<h6><span style=\"color: #ffffff;\">\u00b7<\/span><\/h6>\n<h2><span style=\"color: #008000;\"><strong>EURAJOKI<\/strong><\/span><\/h2>\n<h6><span style=\"color: #000000;\"><strong><span style=\"color: #008000;\">Msza \u015bwi\u0119ta po fi\u0144sku w niedziel\u0119 o godz. 15.00:<\/span><br \/>\n<\/strong><span style=\"color: #ffffff;\">\u00b7<\/span><br \/>\n<\/span><\/h6>\n<h6><span style=\"color: #000000;\"><strong>\u21d2\u00a0 KUSTAA AADOLFIN LUTERILAINEN KIRKKO<br \/>\n<span style=\"color: #ffffff;\">\u21d2<\/span>\u00a0 Ko\u015bci\u00f3\u0142 lutera\u0144ski Gustawa Adolfa<br \/>\n<\/strong><\/span><\/h6>\n<h6><span style=\"color: #000000;\"><strong><span style=\"color: #ffffff;\">\u21d2<\/span>\u00a0\u00a0<a style=\"color: #000000;\" href=\"https:\/\/www.google.fi\/maps\/place\/Eurajoen+kirkko\/@61.2023265,21.7293437,593m\/data=!3m1!1e3!4m6!3m5!1s0x46897b3e7a31e23f:0x91880614d7c50c3!8m2!3d61.2022464!4d21.7314036!16s%2Fg%2F122kclk_?entry=ttu&amp;g_ep=EgoyMDI2MDEwNy4wIKXMDSoASAFQAw%3D%3D\" target=\"_blank\" rel=\"noopener\">Kirkkotie 8 \u00b7 Eurajoki<\/a><\/strong><\/span><\/h6>\n<ul>\n<li>\n<h6>26.4.2026<\/h6>\n<\/li>\n<li>\n<h6>10.5.2026<\/h6>\n<\/li>\n<li>\n<h6>24.5.2026<\/h6>\n<\/li>\n<li>\n<h6>14.6.2026<\/h6>\n<\/li>\n<li>\n<h6>28.6.2026<\/h6>\n<\/li>\n<li>\n<h6><\/h6>\n<\/li>\n<\/ul>\n<p>&nbsp;<\/p>\n<hr \/>\n<h6><span style=\"color: #ffffff;\">\u00b7<\/span><\/h6>\n<h2><span style=\"color: #008000;\"><strong>PORI<\/strong><\/span><\/h2>\n<h6><span style=\"color: #008000;\"><strong>Msza \u015bwi\u0119ta po fi\u0144sku w niedziel\u0119 o godz. 17.00:<\/strong><\/span><\/h6>\n<h6><span style=\"color: #000000;\"><span style=\"color: #ffffff;\">\u00b7<\/span><br \/>\n<strong>\u21d2\u00a0 PYH\u00c4N JOHANNES TEOLOGIN ORTODOKSINEN KIRKKO<\/strong><br \/>\n<strong><span style=\"color: #ffffff;\">\u21d2<\/span>\u00a0 Ko\u015bci\u00f3\u0142 prawos\u0142awny \u015bw. Jana Teologa<\/strong><\/span><span style=\"color: #000000;\"><br \/>\n<\/span><\/h6>\n<h6><strong><span style=\"color: #000000;\"><span style=\"color: #ffffff;\">\u21d2<\/span> \u00a0<a style=\"color: #000000;\" href=\"https:\/\/www.google.com\/maps\/place\/Apostoli+Johannes+Teologin+kirkko\/@61.4857677,21.7585103,17z\/data=!3m1!4b1!4m6!3m5!1s0x46890adfe53e3a3f:0x3cf0ca76d6b0d30f!8m2!3d61.4857677!4d21.7610852!16s%2Fg%2F121vxlv4?hl=fi&amp;entry=ttu\" target=\"_blank\" rel=\"noopener\">Maantiekatu 46 \u00b7 Pori<\/a><\/span><\/strong><\/h6>\n<ul>\n<li>\n<h6>10.5.2026<\/h6>\n<\/li>\n<li>\n<h6><\/h6>\n<\/li>\n<\/ul>\n<p>&nbsp;<\/p>\n<hr \/>\n<h6><span style=\"color: #ffffff;\">\u00b7<\/span><\/h6>\n<h2><span style=\"color: #008000;\"><strong>RAUMA<\/strong><\/span><\/h2>\n<h6><strong><span style=\"color: #008000;\">Msza \u015bwi\u0119ta w j\u0119zyku tagalskim w soboty o godz. 13.30:\u00a0<\/span><span style=\"color: #000000;\"><br \/>\n<\/span><\/strong><span style=\"color: #000000;\"><span style=\"color: #ffffff;\">\u00b7<\/span><br \/>\n<\/span><strong><span style=\"color: #000000;\">\u21d2\u00a0 NUORTENTALO<\/span><\/strong><br \/>\n<strong><span style=\"color: #000000;\"><span style=\"color: #ffffff;\">\u21d2\u00a0<\/span> <a style=\"color: #000000;\" href=\"https:\/\/www.google.fi\/maps\/place\/Hallikatu+12,+26100+Rauma\/@61.1295963,21.496425,17z\/data=!3m1!4b1!4m6!3m5!1s0x46897e0e3c233317:0x91d7873be4771097!8m2!3d61.1295937!4d21.4989999!16s%2Fg%2F11kq0f8jk7?entry=ttu\" target=\"_blank\" rel=\"noopener\">Hallikatu 12 \u00b7 Rauma<\/a><\/span><\/strong><\/h6>\n<ul>\n<li>\n<h6>16.5.2026<\/h6>\n<\/li>\n<li>\n<h6>20.6.2026<\/h6>\n<\/li>\n<li>\n<h6><\/h6>\n<\/li>\n<\/ul>\n<p>&nbsp;<\/p>\n<hr \/>\n<h6><span style=\"color: #ffffff;\">\u00b7<\/span><\/h6>\n<h3><strong>\u00c5land \u00b7 Ahvenanmaa<\/strong><\/h3>\n<h6><strong>Wyspy Alandzkie<\/strong><\/h6>\n<h2><span style=\"color: #008000;\"><strong>K\u00d6KAR<\/strong><\/span><\/h2>\n<h6><span style=\"color: #000000;\"><strong><span style=\"color: #008000;\">Msza \u015bwi\u0119ta\u00a0po szwedzku:<\/span><br \/>\n<\/strong><span style=\"color: #ffffff;\">\u00b7<\/span><br \/>\n<\/span><\/h6>\n<h6><strong><span style=\"color: #000000;\">\u21d2\u00a0 S:TA ANNAS LUTHERSKA KYRKA<br \/>\n<span style=\"color: #ffffff;\">\u21d2<\/span>\u00a0 Ko\u015bci\u00f3\u0142 lutera\u0144ski \u015bw. Anny<\/span><span style=\"color: #000000;\"><br \/>\n<\/span><\/strong><\/h6>\n<h6><strong><span style=\"color: #000000;\"><span style=\"color: #ffffff;\">\u21d2<\/span> \u00a0<a style=\"color: #000000;\" href=\"https:\/\/www.google.fi\/maps\/place\/K%C3%B6karin+kirkko\/@59.9419393,20.87769,12.92z\/data=!4m6!3m5!1s0x468b392d6ea60e73:0xc0788a60e7f63136!8m2!3d59.9475354!4d20.8786971!16s%2Fg%2F122fpt10?entry=ttu\" target=\"_blank\" rel=\"noopener\">Hamn\u00f6 \u00b7 K\u00f6kar<\/a><\/span><\/strong><\/h6>\n<ul>\n<li>\n<h6><\/h6>\n<\/li>\n<\/ul>\n<p>&nbsp;<\/p>\n<hr \/>\n<h6><span style=\"color: #ffffff;\">\u00b7<\/span><\/h6>\n<h3><strong>\u00c5land \u00b7 Ahvenanmaa<\/strong><\/h3>\n<h6><strong>Wyspy Alandzkie<\/strong><\/h6>\n<h2><span style=\"color: #008000;\"><strong>MARIEHAMN<\/strong><\/span><\/h2>\n<h6><span style=\"color: #008000;\"><strong>Msza \u015bwi\u0119ta po szwedzku w soboty o godz. 10.00:<\/strong><\/span><\/h6>\n<h6><span style=\"color: #ffffff;\">\u00b7<\/span><\/h6>\n<h6><strong><span style=\"color: #000000;\">\u21d2\u00a0 S:T G\u00d6RANS LUTHERSKA KYRKA<br \/>\n<\/span><\/strong><\/h6>\n<h6><strong><span style=\"color: #000000;\"><span style=\"color: #ffffff;\">\u21d2<\/span>\u00a0 Ko\u015bci\u00f3\u0142 lutera\u0144ski \u015bw. Jerzego<br \/>\n<\/span><\/strong><\/h6>\n<h6><span style=\"color: #000000;\"><strong><span style=\"color: #ffffff;\">\u21d2<\/span> \u00a0<a style=\"color: #000000;\" href=\"https:\/\/www.google.com\/maps\/place\/Pyh%C3%A4n+Yrj%C3%B6n+kirkko\/@60.0972392,19.9348252,16z\/data=!3m1!4b1!4m6!3m5!1s0x468ac40b345d8cef:0xd2eebba6fff12956!8m2!3d60.0972392!4d19.9348252!16s%2Fg%2F11b6bgbz0w?entry=ttu&amp;g_ep=EgoyMDI1MDEwMS4wIKXMDSoASAFQAw%3D%3D\" target=\"_blank\" rel=\"noopener\">\u00d6stra Esplanadgatan 6 \u00b7 Mariehamn<\/a><\/strong><\/span><\/h6>\n<ul>\n<li>\n<h6>25.4.2026<\/h6>\n<\/li>\n<li>\n<h6>9.5.2026<\/h6>\n<\/li>\n<li>\n<h6>23.5.2026<\/h6>\n<\/li>\n<\/ul>\n<p>&nbsp;<\/p>\n<hr \/>\n<h6><span style=\"color: #ffffff;\">\u00b7<\/span><\/h6>\n<h1 style=\"text-align: center;\"><span style=\"color: #ff0000;\"><strong>POKUTA<\/strong><\/span><\/h1>\n<h6 style=\"text-align: center;\"><span style=\"color: #ffffff;\">\u00b7<\/span><\/h6>\n<h6>P\u00f3\u0142 godziny przed ka\u017cd\u0105 msz\u0105, na inne terminy prosz\u0119 si\u0119 um\u00f3wi\u0107.<\/h6>\n<h6 style=\"text-align: center;\"><span style=\"color: #ffffff;\">\u00b7<\/span><\/h6>\n<h5><span style=\"color: #000000;\">\u25ba \u00a0<a style=\"color: #000000;\" href=\"https:\/\/www.catholicturku.fi\/?page_id=1077&amp;lang=pl\"><strong>INFORMACJE KONTAKTOWE<\/strong><\/a><\/span><\/h5>\n<p>&nbsp;<\/p>\n<hr \/>\n<h6><span style=\"color: #ffffff;\">\u00b7<\/span><\/h6>\n<h1 style=\"text-align: center;\"><span style=\"color: #ff0000;\"><strong>LOKALIZACJA<\/strong><\/span><\/h1>\n<h6 style=\"text-align: center;\"><span style=\"color: #ffffff;\">\u00b7<\/span><\/h6>\n<h5 style=\"text-align: center;\"><span style=\"color: #000000;\"><strong><a style=\"color: #000000;\" href=\"https:\/\/www.google.fi\/maps\/place\/Ursininkatu+15a,+20100+Turku\/@60.4492818,22.2482722,16z\/data=!4m5!3m4!1s0x468c76ff5e84a73b:0x68bf8f971e74a137!8m2!3d60.4499851!4d22.2546002\" target=\"_blank\" rel=\"noopener noreferrer\">Ursininkatu 15 a<br \/>\nTURKU \u00b7 FINLANDIA<\/a><\/strong><\/span><\/h5>\n<h6 style=\"text-align: center;\"><span style=\"color: #ffffff;\">\u00b7<\/span><\/h6>\n<h6 style=\"text-align: center;\"><span style=\"color: #000000;\"><a style=\"color: #000000;\" href=\"https:\/\/en.ilmatieteenlaitos.fi\/local-weather\/turku?forecast=daily\" target=\"_blank\" rel=\"noopener\"><strong>Pogoda w Turku<\/strong><\/a><\/span><\/h6>\n<h6 style=\"text-align: center;\"><span style=\"color: #ffffff;\">\u00b7<\/span><\/h6>\n<p><a href=\"https:\/\/www.google.fi\/maps\/place\/Ursininkatu+15a,+20100+Turku\/@60.4492818,22.2482722,16z\/data=!4m5!3m4!1s0x468c76ff5e84a73b:0x68bf8f971e74a137!8m2!3d60.4499851!4d22.2546002\" target=\"_blank\" rel=\"noopener noreferrer\"><img loading=\"lazy\" decoding=\"async\" class=\"aligncenter\" src=\"http:\/\/www.catholicturku.fi\/wp-content\/uploads\/churchmap-1024x619.png\" alt=\"\" width=\"1024\" height=\"619\" \/><\/a><\/p>\n<p>&nbsp;<\/p>\n<p><a href=\"https:\/\/www.google.com\/maps\/d\/viewer?ll=60.50710096676241%2C21.450805476562437&amp;spn=6.939149%2C18.676758&amp;hl=en&amp;msa=0&amp;source=embed&amp;ie=UTF8&amp;mid=1awM3YtpuKoUoUdVAodvYK1x2k0s&amp;z=8\" target=\"_blank\" rel=\"noopener noreferrer\"><img loading=\"lazy\" decoding=\"async\" class=\"aligncenter wp-image-16585\" src=\"https:\/\/www.catholicturku.fi\/wp-content\/uploads\/map-300x241.png\" alt=\"\" width=\"585\" height=\"470\" data-wp-pid=\"16585\" srcset=\"https:\/\/www.catholicturku.fi\/wp-content\/uploads\/map-300x241.png 300w, https:\/\/www.catholicturku.fi\/wp-content\/uploads\/map-150x121.png 150w, https:\/\/www.catholicturku.fi\/wp-content\/uploads\/map.png 523w\" sizes=\"auto, (max-width: 585px) 100vw, 585px\" \/><\/a><\/p>\n<p>&nbsp;<\/p>\n<hr \/>\n<h5>\u25ba\u00a0\u00a0<span style=\"color: #000000;\"><a style=\"color: #000000;\" href=\"https:\/\/www.catholicturku.fi\/?lang=pl\"><strong>MENU G\u0141\u00d3WNE<\/strong><\/a><\/span><\/h5>\n<hr \/>\n<h6 style=\"text-align: center;\"><strong>Webmaster<\/strong><\/h6>\n<h6 style=\"text-align: center;\"><span style=\"color: #000000;\"><a style=\"color: #000000;\" href=\"mailto:webmaster@romanos.fi\">webmaster (at) romanos.fi<\/a><\/span><\/h6>\n","protected":false},"excerpt":{"rendered":"<p>&nbsp; Parafia katolicka pw. \u015aWI\u0118TEJ BRYGIDY I B\u0141OGOS\u0141AWIONEGO HEMMINGA \u00b7 Turku \ud83c\uddeb\ud83c\uddee\u00a0Finlandia &nbsp; &nbsp; CHRISTUS RESURREXIT! Chrystus zmartwychwsta\u0142! &nbsp; \u00b7 NADCHODZ\u0104CE \u00b7 Cotygodniowy program Niedziele i wyj\u0105tki Kalendarz GOOGLE \u00b7 \u00b7 W SOBOT\u0118 25.4.2026 \u015awi\u0119to \u015bw. Marka, ewangelisty 07.30\u00a0 \u00a0Uroczysta msza \u015bwi\u0119ta 10.00\u00a0 \u00a0Msza \u015bwi\u0119ta po szwedzku w Mariehamn 10.00\u00a0 \u00a0S:T G\u00d6RANS LUTHERSKA KYRKA 10.00\u00a0 [&hellip;]<\/p>\n","protected":false},"author":1,"featured_media":0,"parent":0,"menu_order":202,"comment_status":"closed","ping_status":"closed","template":"","meta":{"footnotes":""},"class_list":["post-1050","page","type-page","status-publish","hentry"],"_links":{"self":[{"href":"https:\/\/www.catholicturku.fi\/index.php?rest_route=\/wp\/v2\/pages\/1050","targetHints":{"allow":["GET"]}}],"collection":[{"href":"https:\/\/www.catholicturku.fi\/index.php?rest_route=\/wp\/v2\/pages"}],"about":[{"href":"https:\/\/www.catholicturku.fi\/index.php?rest_route=\/wp\/v2\/types\/page"}],"author":[{"embeddable":true,"href":"https:\/\/www.catholicturku.fi\/index.php?rest_route=\/wp\/v2\/users\/1"}],"replies":[{"embeddable":true,"href":"https:\/\/www.catholicturku.fi\/index.php?rest_route=%2Fwp%2Fv2%2Fcomments&post=1050"}],"version-history":[{"count":2281,"href":"https:\/\/www.catholicturku.fi\/index.php?rest_route=\/wp\/v2\/pages\/1050\/revisions"}],"predecessor-version":[{"id":75403,"href":"https:\/\/www.catholicturku.fi\/index.php?rest_route=\/wp\/v2\/pages\/1050\/revisions\/75403"}],"wp:attachment":[{"href":"https:\/\/www.catholicturku.fi\/index.php?rest_route=%2Fwp%2Fv2%2Fmedia&parent=1050"}],"curies":[{"name":"wp","href":"https:\/\/api.w.org\/{rel}","templated":true}]}}